{"id":3453,"date":"2024-12-08T15:21:14","date_gmt":"2024-12-08T13:21:14","guid":{"rendered":"https:\/\/ort.fi\/ortturkusrk\/?page_id=3453"},"modified":"2025-01-26T09:18:25","modified_gmt":"2025-01-26T07:18:25","slug":"sosiaalinen-media","status":"publish","type":"page","link":"https:\/\/ort.fi\/turku\/sosiaalinen-media\/","title":{"rendered":"Sosiaalinen media"},"content":{"rendered":"\n<p>Turun ortodoksinen seurakunta l\u00f6ytyy <a href=\"https:\/\/www.facebook.com\/turunortodoksinen\" data-type=\"link\" data-id=\"https:\/\/www.facebook.com\/turunortodoksinen\" target=\"_blank\" rel=\"noreferrer noopener\">Facebookista<\/a>. Pian seurakunnan Facebook-julkaisuja p\u00e4\u00e4see lukemaan my\u00f6s suoraan seurakunnan uusien verkkosivujen kautta (sivujen tekninen kehitysty\u00f6 jatkuu). Kiitos k\u00e4rsiv\u00e4llisyydest\u00e4!<\/p>\n\n\n\n<p><\/p>\n","protected":false},"excerpt":{"rendered":"<p>Turun ortodoksinen seurakunta l\u00f6ytyy Facebookista. Pian seurakunnan Facebook-julkaisuja p\u00e4\u00e4see lukemaan my\u00f6s suoraan seurakunnan uusien verkkosivujen kautta (sivujen tekninen kehitysty\u00f6 jatkuu). Kiitos k\u00e4rsiv\u00e4llisyydest\u00e4!<\/p>\n","protected":false},"author":5,"featured_media":0,"parent":0,"menu_order":0,"comment_status":"closed","ping_status":"closed","template":"","meta":{"slim_seo":{"title":"Sosiaalinen media - Turun ortodoksinen seurakunta","description":"Turun ortodoksinen seurakunta l\u00f6ytyy Facebookista . Pian seurakunnan Facebook-julkaisuja p\u00e4\u00e4see lukemaan my\u00f6s suoraan seurakunnan uusien verkkosivujen kautta (s"},"footnotes":""},"class_list":["post-3453","page","type-page","status-publish"],"_links":{"self":[{"href":"https:\/\/ort.fi\/turku\/wp-json\/wp\/v2\/pages\/3453","targetHints":{"allow":["GET"]}}],"collection":[{"href":"https:\/\/ort.fi\/turku\/wp-json\/wp\/v2\/pages"}],"about":[{"href":"https:\/\/ort.fi\/turku\/wp-json\/wp\/v2\/types\/page"}],"author":[{"embeddable":true,"href":"https:\/\/ort.fi\/turku\/wp-json\/wp\/v2\/users\/5"}],"replies":[{"embeddable":true,"href":"https:\/\/ort.fi\/turku\/wp-json\/wp\/v2\/comments?post=3453"}],"version-history":[{"count":0,"href":"https:\/\/ort.fi\/turku\/wp-json\/wp\/v2\/pages\/3453\/revisions"}],"wp:attachment":[{"href":"https:\/\/ort.fi\/turku\/wp-json\/wp\/v2\/media?parent=3453"}],"curies":[{"name":"wp","href":"https:\/\/api.w.org\/{rel}","templated":true}]}}