{"id":3411,"date":"2024-12-08T08:20:23","date_gmt":"2024-12-08T06:20:23","guid":{"rendered":"https:\/\/ort.fi\/ortturkusrk\/?page_id=3411"},"modified":"2024-12-08T08:20:57","modified_gmt":"2024-12-08T06:20:57","slug":"ajutor-si-asistenta","status":"publish","type":"page","link":"https:\/\/ort.fi\/turku\/ajutor-si-asistenta\/","title":{"rendered":"Ajutor \u0219i asisten\u021b\u0103"},"content":{"rendered":"\n<p><strong>Nevoie de discu\u021bii<\/strong><\/p>\n\n\n\n<p>Pute\u021bi discuta \u00eentotdeauna cu preotul \u00een mod confiden\u021bial despre provoc\u0103rile vie\u021bii at\u00e2t spirituale, c\u00e2t \u0219i p\u0103m\u00e2nte\u0219ti, de exemplu, legate de adaptare, bun\u0103stare, \u0219omaj, substan\u021be toxice, via\u021ba de familie sau singur\u0103tatea. Suportul pentru discu\u021bii este gratuit \u0219i v\u0103 va \u00eendruma c\u0103tre alte tipuri de ajutor profesional, dac\u0103 este necesar.<\/p>\n\n\n\n<p><strong>\u00cen fa\u021ba bolii<\/strong><\/p>\n\n\n\n<p>Dac\u0103 boala dumneavoastr\u0103 v\u0103 \u00eempiedic\u0103 s\u0103 primi\u021bi Sf\u00e2nta \u00cemp\u0103rt\u0103\u0219anie, pute\u021bi \u00eentreba congrega\u021bia despre posibilitatea de a participa la sacramentul poc\u0103in\u021bei \u0219i la Euharistie acas\u0103. O persoan\u0103 grav bolnav\u0103 poate cere preotului s\u0103 administreze sacramentul ungerii fie la biseric\u0103, acas\u0103, spital sau centru de \u00eengrijire. Cei dragi pot contacta congrega\u021bia \u00een numele pacientului.<\/p>\n\n\n\n<p><strong>\u00cen cazul decesului unei persoane dragi<\/strong><\/p>\n\n\n\n<p>Somnul unei persoane dragi este profund emo\u021bionant. Fiecare \u00eenfrunt\u0103 \u0219i proceseaz\u0103 durerea \u00een felul s\u0103u \u0219i \u00een ritmul s\u0103u, dar c\u0103l\u0103toria nu trebuie f\u0103cut\u0103 singur\u0103. \u00cemp\u0103rt\u0103\u0219irea durerii cu o alt\u0103 persoan\u0103 te poate ajuta s\u0103 mergi mai departe.<\/p>\n\n\n\n<p><strong>\u00cen dificult\u0103\u021bi financiare<\/strong><\/p>\n\n\n\n<p>\u00cen cadrul situa\u021biei sale financiare, parohia distribuie, de exemplu, co\u0219uri cu alimente de Cr\u0103ciun enoria\u0219ilor cu venituri mici din zon\u0103. \u00cen plus, micul dejun \u0219i evenimentele culinare sunt organizate din c\u00e2nd \u00een c\u00e2nd la sala parohial\u0103. De asemenea, sunte\u021bi \u00eentotdeauna bineveni\u021bi s\u0103 lua\u021bi o cafea la biseric\u0103. Dac\u0103 ave\u021bi nevoie de ajutor, v\u0103 rug\u0103m s\u0103 spune\u021bi bisericii despre situa\u021bia dvs. Dac\u0103 nevoia ta de ajutor este recurent\u0103, biserica te poate sprijini \u00een clarificarea situa\u021biei generale \u0219i \u00een g\u0103sirea de solu\u021bii pe termen lung pentru a-\u021bi \u00eembun\u0103t\u0103\u021bi situa\u021bia financiar\u0103.<\/p>\n\n\n\n<p><strong>Voluntariat<\/strong><\/p>\n\n\n\n<p>Biserica Ortodox\u0103 din Turku are o gam\u0103 larg\u0103 de expertiz\u0103. Noi m\u00e2ini de ajutor sunt \u00eentotdeauna binevenite, de exemplu, pentru a face cafea la biseric\u0103 sau pentru a aranja un bazar. \u00cen plus, voluntarii conduc mai multe cercuri de operare \u0219i diverse sarcini de expertiz\u0103. Pute\u021bi lucra ca traduc\u0103tor de site-uri web, ghid bisericesc, fotograf \u0219i a\u0219a mai departe.<\/p>\n\n\n\n<p>Pute\u021bi face voluntariat conform propriului program, \u00een mod regulat sau o dat\u0103 sau de dou\u0103 ori pe an. A\u0219a c\u0103 v\u0103 rug\u0103m s\u0103 spune\u021bi bisericii despre expertiza dumneavoastr\u0103 \u2013 cu siguran\u021b\u0103 va fi necesar\u0103! De asemenea, pute\u021bi \u00eentreba de ce fel de sarcini ave\u021bi nevoie \u00een prezent \u00een parohie \u0219i ne pute\u021bi spune ce fel de munc\u0103 voluntar\u0103 a\u021bi dori s\u0103 face\u021bi \u00een parohie \u00een acest moment. Voluntariatul \u00een numeroasele sale forme joac\u0103 un rol crucial \u00een activit\u0103\u021bile congrega\u021biei, iar organizarea sa este \u00een continu\u0103 evolu\u021bie. Dac\u0103 sunte\u021bi interesat s\u0103 face\u021bi voluntariat \u00een parohia ortodox\u0103 Turku, v\u0103 rug\u0103m s\u0103 contacta\u021bi preotul: P\u0103rintele Ioannis Lampropoulos, 050 357 3675, <a href=\"mailto:ioannis.lampropoulos@ort.fi\">ioannis.lampropoulos@ort.fi<\/a>.<\/p>\n","protected":false},"excerpt":{"rendered":"<p>Nevoie de discu\u021bii Pute\u021bi discuta \u00eentotdeauna cu preotul \u00een mod confiden\u021bial despre provoc\u0103rile vie\u021bii at\u00e2t spirituale, c\u00e2t \u0219i p\u0103m\u00e2nte\u0219ti, de exemplu, legate de adaptare, bun\u0103stare, \u0219omaj, substan\u021be toxice, via\u021ba de familie sau singur\u0103tatea. Suportul pentru discu\u021bii este gratuit \u0219i v\u0103 va \u00eendruma c\u0103tre alte tipuri de ajutor profesional, dac\u0103 este necesar. \u00cen fa\u021ba bolii Dac\u0103&hellip; <a class=\"continue\" href=\"https:\/\/ort.fi\/turku\/ajutor-si-asistenta\/\">Continue Reading<span> Ajutor \u0219i asisten\u021b\u0103<\/span><\/a><\/p>\n","protected":false},"author":13,"featured_media":0,"parent":0,"menu_order":0,"comment_status":"closed","ping_status":"closed","template":"","meta":{"slim_seo":{"title":"Ajutor \u0219i asisten\u021b\u0103 - Turun ortodoksinen seurakunta","description":"Nevoie de discu\u021bii Pute\u021bi discuta \u00eentotdeauna cu preotul \u00een mod confiden\u021bial despre provoc\u0103rile vie\u021bii at\u00e2t spirituale, c\u00e2t \u0219i p\u0103m\u00e2nte\u0219ti, de exemplu, legate de"},"footnotes":""},"class_list":["post-3411","page","type-page","status-publish"],"_links":{"self":[{"href":"https:\/\/ort.fi\/turku\/wp-json\/wp\/v2\/pages\/3411","targetHints":{"allow":["GET"]}}],"collection":[{"href":"https:\/\/ort.fi\/turku\/wp-json\/wp\/v2\/pages"}],"about":[{"href":"https:\/\/ort.fi\/turku\/wp-json\/wp\/v2\/types\/page"}],"author":[{"embeddable":true,"href":"https:\/\/ort.fi\/turku\/wp-json\/wp\/v2\/users\/13"}],"replies":[{"embeddable":true,"href":"https:\/\/ort.fi\/turku\/wp-json\/wp\/v2\/comments?post=3411"}],"version-history":[{"count":0,"href":"https:\/\/ort.fi\/turku\/wp-json\/wp\/v2\/pages\/3411\/revisions"}],"wp:attachment":[{"href":"https:\/\/ort.fi\/turku\/wp-json\/wp\/v2\/media?parent=3411"}],"curies":[{"name":"wp","href":"https:\/\/api.w.org\/{rel}","templated":true}]}}