{"id":3407,"date":"2024-12-08T08:18:56","date_gmt":"2024-12-08T06:18:56","guid":{"rendered":"https:\/\/ort.fi\/ortturkusrk\/?page_id=3407"},"modified":"2024-12-08T08:18:56","modified_gmt":"2024-12-08T06:18:56","slug":"educatie-religioasa-la-scoala","status":"publish","type":"page","link":"https:\/\/ort.fi\/turku\/educatie-religioasa-la-scoala\/","title":{"rendered":"Educa\u021bie religioas\u0103 la \u0219coal\u0103"},"content":{"rendered":"\n<p>\u0218coala \u0219i ora\u0219ul\/municipalitatea sunt responsabile pentru<strong> organizarea educa\u021biei <\/strong>dac\u0103 ora\u0219ul\/municipalitatea are <strong>cel pu\u021bin trei<\/strong> elevi ortodoc\u0219i de v\u00e2rst\u0103 obligatorie de predare.<\/p>\n\n\n\n<p>Parohia poate ajuta la organizarea educa\u021biei religioase \u0219i la furnizarea de informa\u021bii despre aceasta, mai ales dac\u0103 \u0219coala sau municipalitatea noilor elevi de clasa \u00eent\u00e2i nu are deja educa\u021bie religioas\u0103 ortodox\u0103, atunci c\u00e2nd obliga\u021bia de a organiza educa\u021bia nu este \u00eendeplinit\u0103.<\/p>\n\n\n\n<p><strong>Informa\u021bii suplimentare<\/strong>: Secretarul parohial Leena Haapala-Lindholm (044 751 4423, <a href=\"mailto:turku@ort.fi\">turku@ort.fi<\/a>)<\/p>\n\n\n\n<p><strong>Informa\u021bii de baz\u0103 despre educa\u021bia religioas\u0103:<\/strong><\/p>\n\n\n\n<p>Conform Legii educa\u021biei de baz\u0103, educa\u021bia religioas\u0103 ortodox\u0103 trebuie oferit\u0103 \u00een \u0219coli dac\u0103 municipalitatea are cel pu\u021bin trei elevi apar\u021bin\u00e2nd Bisericii Ortodoxe. Cu toate acestea, exist\u0103 \u00eenc\u0103 mult loc de \u00eembun\u0103t\u0103\u021bire \u00een organizarea practic\u0103 a pred\u0103rii at\u00e2t din punctul de vedere al elevilor, c\u00e2t \u0219i al profesorilor.<\/p>\n\n\n\n<p>\u00cen cazul problemelor legate de predarea propriei religii, p\u0103rin\u021bii trebuie s\u0103 contacteze \u00een primul r\u00e2nd directorul \u0219colii responsabile cu predarea. Dac\u0103 este necesar, se ofer\u0103 \u0219i sfaturi \u0219i orice neajunsuri sunt abordate de c\u0103tre \u0219eful educa\u021biei \u0219i form\u0103rii Bisericii.<\/p>\n\n\n\n<p>Conform curriculumului de baz\u0103 al educa\u021biei de baz\u0103, cea mai important\u0103 sarcin\u0103 a educa\u021biei religioase ortodoxe este de a consolida \u0219i men\u021bine identitatea ortodox\u0103 a elevului. Scopul s\u0103u este de a furniza, prin cuno\u0219tin\u021be, abilit\u0103\u021bi \u0219i experien\u021b\u0103, materiale pentru construirea propriei viziuni asupra lumii a elevului \u0219i pentru a deveni o persoan\u0103 responsabil\u0103 din punct de vedere etic.<\/p>\n\n\n\n<p><em>Sursa: ort.fi<\/em><\/p>\n\n\n\n<p><\/p>\n","protected":false},"excerpt":{"rendered":"<p>\u0218coala \u0219i ora\u0219ul\/municipalitatea sunt responsabile pentru organizarea educa\u021biei dac\u0103 ora\u0219ul\/municipalitatea are cel pu\u021bin trei elevi ortodoc\u0219i de v\u00e2rst\u0103 obligatorie de predare. Parohia poate ajuta la organizarea educa\u021biei religioase \u0219i la furnizarea de informa\u021bii despre aceasta, mai ales dac\u0103 \u0219coala sau municipalitatea noilor elevi de clasa \u00eent\u00e2i nu are deja educa\u021bie religioas\u0103 ortodox\u0103, atunci c\u00e2nd obliga\u021bia&hellip; <a class=\"continue\" href=\"https:\/\/ort.fi\/turku\/educatie-religioasa-la-scoala\/\">Continue Reading<span> Educa\u021bie religioas\u0103 la \u0219coal\u0103<\/span><\/a><\/p>\n","protected":false},"author":13,"featured_media":0,"parent":0,"menu_order":0,"comment_status":"closed","ping_status":"closed","template":"","meta":{"slim_seo":{"title":"Educa\u021bie religioas\u0103 la \u0219coal\u0103 - Turun ortodoksinen seurakunta","description":"\u0218coala \u0219i ora\u0219ul\/municipalitatea sunt responsabile pentru organizarea educa\u021biei dac\u0103 ora\u0219ul\/municipalitatea are cel pu\u021bin trei elevi ortodoc\u0219i de v\u00e2rst\u0103 obligat"},"footnotes":""},"class_list":["post-3407","page","type-page","status-publish"],"_links":{"self":[{"href":"https:\/\/ort.fi\/turku\/wp-json\/wp\/v2\/pages\/3407","targetHints":{"allow":["GET"]}}],"collection":[{"href":"https:\/\/ort.fi\/turku\/wp-json\/wp\/v2\/pages"}],"about":[{"href":"https:\/\/ort.fi\/turku\/wp-json\/wp\/v2\/types\/page"}],"author":[{"embeddable":true,"href":"https:\/\/ort.fi\/turku\/wp-json\/wp\/v2\/users\/13"}],"replies":[{"embeddable":true,"href":"https:\/\/ort.fi\/turku\/wp-json\/wp\/v2\/comments?post=3407"}],"version-history":[{"count":0,"href":"https:\/\/ort.fi\/turku\/wp-json\/wp\/v2\/pages\/3407\/revisions"}],"wp:attachment":[{"href":"https:\/\/ort.fi\/turku\/wp-json\/wp\/v2\/media?parent=3407"}],"curies":[{"name":"wp","href":"https:\/\/api.w.org\/{rel}","templated":true}]}}