{"id":3403,"date":"2024-12-08T08:17:25","date_gmt":"2024-12-08T06:17:25","guid":{"rendered":"https:\/\/ort.fi\/ortturkusrk\/?page_id=3403"},"modified":"2024-12-31T09:28:27","modified_gmt":"2024-12-31T07:28:27","slug":"sacramente-si-servicii","status":"publish","type":"page","link":"https:\/\/ort.fi\/turku\/sacramente-si-servicii\/","title":{"rendered":"Tainele \u0219i serviciile Bisericii"},"content":{"rendered":"\n<p><strong>Ungerea rouei \u0219i smirnei<\/strong><\/p>\n\n\n\n<p>Botezul este taina de a deveni membru al Bisericii. R\u00e2nduiala botezului const\u0103 din dou\u0103 p\u0103r\u021bi. Include at\u00e2t sacramentul botezului, c\u00e2t \u0219i sacramentul ungerii smirnei. Un copil cu p\u0103rin\u021bi ortodoc\u0219i sau un copil al c\u0103rui p\u0103rinte este membru al Bisericii Ortodoxe poate fi botezat \u00een Biserica Ortodox\u0103. Botezul necesit\u0103 consim\u021b\u0103m\u00e2ntul ambilor p\u0103rin\u021bi. Dac\u0103 dori\u021bi s\u0103 v\u0103 al\u0103tura\u021bi Bisericii Ortodoxe ca adult \u0219i a\u021bi fost botezat anterior \u00een Biserica Cre\u0219tin\u0103 \u00een numele Sfintei Treimi, botezul nu va fi f\u0103cut din nou, ci doar \u00eemp\u0103rt\u0103\u0219ania ungerii smirnei va fi s\u0103v\u00e2r\u0219it\u0103 la aderare.&nbsp;<\/p>\n\n\n\n<p><strong>Sacramentul Poc\u0103in\u021bei<\/strong><\/p>\n\n\n\n<p>Scopul sacramentului poc\u0103in\u021bei este de a sprijini restaurarea vie\u021bii spirituale \u0219i suflete\u0219ti ale cuiva. \u00cemp\u0103rt\u0103\u0219ania este urmat\u0103 dup\u0103 cum este necesar, mai ales \u00een perioadele de post. La v\u00e2rsta adult\u0103, cei asocia\u021bi cu Biserica Ortodox\u0103 particip\u0103 \u00eentotdeauna la taina poc\u0103in\u021bei \u00eenainte de ungerea smirnei.<\/p>\n\n\n\n<p><strong>Comuniune<\/strong><\/p>\n\n\n\n<p>Cel mai important \u0219i central sacrament al Bisericii este sacramentul Sfintei \u00cemp\u0103rt\u0103\u0219anii. \u00cemp\u0103rt\u0103\u0219ania semnific\u0103 p\u0103rt\u0103\u0219ia cu Hristos \u0219i cu \u00eentregul s\u0103u trup (adic\u0103 Biserica) \u0219i cu to\u021bi membrii ei (adic\u0103 enoria\u0219ii). Astfel, participarea la Sf\u00e2nta \u00cemp\u0103rt\u0103\u0219anie este, de asemenea, o expresie a apartenen\u021bei \u0219i unit\u0103\u021bii \u00een Biseric\u0103. Prin urmare, \u00een Biserica Ortodox\u0103, numai membrii Bisericii Ortodoxe pot lua \u00eemp\u0103rt\u0103\u0219ania \u0219i, prin urmare, ortodoc\u0219ii nu iau \u00eemp\u0103rt\u0103\u0219anie \u00een alte comunit\u0103\u021bi cre\u0219tine. Sf\u00e2nta \u00cemp\u0103rt\u0103\u0219anie face parte din slujba euharistic\u0103 sau liturghie. P\u00e2inea \u0219i vinul sunt folosite ca \u00eemp\u0103rt\u0103\u0219anii, care, conform credin\u021bei Bisericii Ortodoxe, sunt transformate \u00een trupul \u0219i s\u00e2ngele lui Hristos.&nbsp;<\/p>\n\n\n\n<p><strong>Logodn\u0103 \u0219i ceremonie de c\u0103s\u0103torie<\/strong><\/p>\n\n\n\n<p>\u00cen Biserica Ortodox\u0103, sacramentul c\u0103s\u0103toriei este puternic asociat cu c\u0103utarea binecuv\u00e2nt\u0103rii lui Dumnezeu asupra leg\u0103m\u00e2ntului \u0219i confirmarea acestuia prin sacrament. Din acest motiv, o ceremonie de c\u0103s\u0103torie poate fi s\u0103v\u00e2r\u0219it\u0103 \u00eentr-o Biseric\u0103 Ortodox\u0103 numai dac\u0103 cel pu\u021bin una dintre persoanele care urmeaz\u0103 s\u0103 fie hirotonite apar\u021bine Bisericii Ortodoxe, iar cealalt\u0103 apar\u021bine \u0219i unui cre\u0219tin, cum ar fi Biserica Luteran\u0103 sau Catolic\u0103. Dac\u0103 unul dintre so\u021bi nu apar\u021bine unei biserici cre\u0219tine, ceremonia de c\u0103s\u0103torie se desf\u0103\u0219oar\u0103 la un oficiu de stare civil\u0103 local, de exemplu, iar c\u0103s\u0103toria poate fi binecuv\u00e2ntat\u0103 \u00eentr-o slujb\u0103 de rug\u0103ciune \u00een Biserica Ortodox\u0103.<\/p>\n\n\n\n<p><strong>Consacrarea casei<\/strong><\/p>\n\n\n\n<p>Consacrarea c\u0103minului este un serviciu de rug\u0103ciune \u00een care consacrarea apei consacrate sfin\u021be\u0219te c\u0103minul \u00een numele Tat\u0103lui, al Fiului \u0219i al Duhului Sf\u00e2nt. Preotul poart\u0103 de obicei ap\u0103 preconsacrat\u0103 cu el pentru r\u00e2nduial\u0103. Dac\u0103 nu este cazul, consacrarea casei \u00eencepe cu pu\u021bin\u0103 consacrare \u00een ap\u0103. Consacrarea casei este de obicei efectuat\u0103 atunci c\u00e2nd se mut\u0103 \u00eentr-o cas\u0103 nou\u0103. Cu toate acestea, este potrivit \u0219i pentru livrare \u00een alte momente.&nbsp;<\/p>\n\n\n\n<p><strong>Lubrifiere medical\u0103<\/strong><\/p>\n\n\n\n<p>Taina ungerii sau consacrarea untdelemnului poate fi administrat\u0103 oric\u0103rui membru al Bisericii Ortodoxe \u00een biseric\u0103, acas\u0103 sau chiar \u00eentr-un spital. Ungerea nu se \u00eenf\u0103ptuie\u0219te doar pe muribunzi sau bolnavi foarte grav, ci orice membru al Bisericii poate participa la r\u00e2nduial\u0103. Ungerea poate fi s\u0103v\u00e2r\u0219it\u0103 fie de un ortodox individual, fie de cei aduna\u021bi \u00een general pentru r\u00e2nduial\u0103. Parohia Turku a efectuat \u00een mod tradi\u021bional ungerea general\u0103 \u00een timpul Postului Mare. Ungerea general\u0103 este deschis\u0103 tuturor membrilor Bisericii Ortodoxe care simt c\u0103 au nevoie de ea.<\/p>\n\n\n\n<p><strong>Binecuv\u00e2ntarea morm\u00e2ntului \u0219i amintirea decedatului<\/strong><\/p>\n\n\n\n<p>C\u00e2nd un membru al Bisericii Ortodoxe moare, rudele contacteaz\u0103 imediat parohia de origine a decedatului. Detaliile slujbei de \u00eenmorm\u00e2ntare sunt convenite cu parohia \u0219i preotul oficiant: c\u00e2nd \u0219i unde va avea loc \u00eenmorm\u00e2ntarea \u0219i unde va fi \u00eenmorm\u00e2ntat decedatul. Dac\u0103 preotul este rugat s\u0103 fie prezent la slujba de pomenire, acest lucru trebuie convenit \u00een prealabil. Serviciul funerar \u00een sine, pe de alt\u0103 parte, este o entitate liturgic\u0103 care nu include p\u0103r\u021bi planificate separat. Se fac eforturi pentru a binecuv\u00e2nta un membru al Bisericii Ortodoxe \u00een morm\u00e2nt c\u00e2t mai cur\u00e2nd posibil. Slujba de \u00eenmorm\u00e2ntare ortodox\u0103 este, mai presus de toate, o rug\u0103ciune pentru sufletul nemuritor al decedatului.<\/p>\n\n\n\n<p>Membrii familiei pot cere, de asemenea, preotului s\u0103 conduc\u0103 o panihida, adic\u0103 o slujb\u0103 de pomenire pentru decedat. \u00cen mod tradi\u021bional, panihida se efectueaz\u0103 \u00een ziua decesului, \u00een a treia zi dup\u0103 deces, la 40 de zile dup\u0103 deces \u0219i la un an dup\u0103 deces \u0219i, ulterior, anual \u00een ziua decesului decedatului.<\/p>\n","protected":false},"excerpt":{"rendered":"<p>Ungerea rouei \u0219i smirnei Botezul este taina de a deveni membru al Bisericii. R\u00e2nduiala botezului const\u0103 din dou\u0103 p\u0103r\u021bi. Include at\u00e2t sacramentul botezului, c\u00e2t \u0219i sacramentul ungerii smirnei. Un copil cu p\u0103rin\u021bi ortodoc\u0219i sau un copil al c\u0103rui p\u0103rinte este membru al Bisericii Ortodoxe poate fi botezat \u00een Biserica Ortodox\u0103. Botezul necesit\u0103 consim\u021b\u0103m\u00e2ntul ambilor p\u0103rin\u021bi.&hellip; <a class=\"continue\" href=\"https:\/\/ort.fi\/turku\/sacramente-si-servicii\/\">Continue Reading<span> Tainele \u0219i serviciile Bisericii<\/span><\/a><\/p>\n","protected":false},"author":13,"featured_media":0,"parent":0,"menu_order":0,"comment_status":"closed","ping_status":"closed","template":"","meta":{"slim_seo":{"title":"Tainele \u0219i serviciile Bisericii - Turun ortodoksinen seurakunta","description":"Ungerea rouei \u0219i smirnei Botezul este taina de a deveni membru al Bisericii. R\u00e2nduiala botezului const\u0103 din dou\u0103 p\u0103r\u021bi. Include at\u00e2t sacramentul botezului, c\u00e2t"},"footnotes":""},"class_list":["post-3403","page","type-page","status-publish"],"_links":{"self":[{"href":"https:\/\/ort.fi\/turku\/wp-json\/wp\/v2\/pages\/3403","targetHints":{"allow":["GET"]}}],"collection":[{"href":"https:\/\/ort.fi\/turku\/wp-json\/wp\/v2\/pages"}],"about":[{"href":"https:\/\/ort.fi\/turku\/wp-json\/wp\/v2\/types\/page"}],"author":[{"embeddable":true,"href":"https:\/\/ort.fi\/turku\/wp-json\/wp\/v2\/users\/13"}],"replies":[{"embeddable":true,"href":"https:\/\/ort.fi\/turku\/wp-json\/wp\/v2\/comments?post=3403"}],"version-history":[{"count":0,"href":"https:\/\/ort.fi\/turku\/wp-json\/wp\/v2\/pages\/3403\/revisions"}],"wp:attachment":[{"href":"https:\/\/ort.fi\/turku\/wp-json\/wp\/v2\/media?parent=3403"}],"curies":[{"name":"wp","href":"https:\/\/api.w.org\/{rel}","templated":true}]}}