{"id":3395,"date":"2024-12-08T08:14:53","date_gmt":"2024-12-08T06:14:53","guid":{"rendered":"https:\/\/ort.fi\/ortturkusrk\/?page_id=3395"},"modified":"2025-02-02T17:11:39","modified_gmt":"2025-02-02T15:11:39","slug":"cercuri-grupuri-si-tabere-educationale","status":"publish","type":"page","link":"https:\/\/ort.fi\/turku\/cercuri-grupuri-si-tabere-educationale\/","title":{"rendered":"Cercuri, grupuri \u0219i tabere educa\u021bionale"},"content":{"rendered":"\n<p><strong>Cluburi de mar\u021bi<\/strong><\/p>\n\n\n\n<p>Serele sociale de mar\u021bi trateaz\u0103 multe teme legate de Ortodoxie \u0219i alte subiecte prin prelegeri, prezent\u0103ri ale enoria\u0219ilor \u0219i activit\u0103\u021bi comune.<\/p>\n\n\n\n<ul class=\"wp-block-list\">\n<li><a href=\"https:\/\/ort.fi\/turku\/turun-tiistaiseura\/\">Turku<\/a><\/li>\n\n\n\n<li><a href=\"https:\/\/ort.fi\/turku\/rauman-tiistaiseura\/\">Rauma<\/a><\/li>\n\n\n\n<li><a href=\"https:\/\/ort.fi\/turku\/salon-tiistaiseura\/\">Salo<\/a><\/li>\n<\/ul>\n\n\n\n<p><strong>Sunt ortodox?<\/strong><\/p>\n\n\n\n<p>Seria de prelegeri deschise se concentreaz\u0103 pe \u00eenchinarea \u0219i via\u021ba sacramental\u0103 a Bisericii Ortodoxe \u0219i \u00eenv\u0103\u021b\u0103tura Bisericii. O serie de prelegeri special pentru catehumeni, cei care se g\u00e2ndesc s\u0103 fie membri ai Bisericii Ortodoxe \u0219i oricine este interesat de Ortodoxie.<\/p>\n\n\n\n<p><a href=\"https:\/\/ort.fi\/turku\/minustako-ortodoksi\/\">Mai multe informa\u021bii despre date <\/a><\/p>\n\n\n\n<p><strong>Cercul Ortodox<\/strong><\/p>\n\n\n\n<p>\u00cen cercul ortodox, discut\u0103m probleme legate de Biserica Ortodox\u0103: doctrina bisericeasc\u0103, obiceiurile \u0219i via\u021ba cre\u0219tin\u0103.<\/p>\n\n\n\n<p><a href=\"https:\/\/ort.fi\/turku\/ortodoksiapiiri\/\">Mai multe informa\u021bii despre date <\/a><\/p>\n\n\n\n<p><strong>Cercul biblic<\/strong><\/p>\n\n\n\n<p>Discut\u0103m despre Biblie \u00eempreun\u0103.<\/p>\n\n\n\n<p><a href=\"https:\/\/ort.fi\/turku\/raamattupiiri\/\">Mai multe informa\u021bii despre date <\/a><\/p>\n\n\n\n<p><strong>Pictur\u0103 cu pictograme<\/strong><\/p>\n\n\n\n<p>Pictura icoanelor este un hobby iubit de mul\u021bi membri ai Bisericii care hr\u0103ne\u0219te via\u021ba de rug\u0103ciune. Pentru mul\u021bi, a fost, de asemenea, un element important \u00een c\u0103l\u0103toria lor c\u0103tre calitatea de membru al Bisericii. Grupurile de pictur\u0103 de icoane se \u00eent\u00e2lnesc \u00een sala parohial\u0103.<\/p>\n\n\n\n<p><a href=\"https:\/\/ort.fi\/turku\/ikonimaalaus\/\">Mai multe informa\u021bii despre date <\/a><\/p>\n\n\n\n<h6 class=\"wp-block-heading\"><strong>Grup de studiu \u00een limba suedez\u0103<\/strong><\/h6>\n\n\n\n<p>Cercul discut\u0103 cele mai importante subiecte ale Bisericii Ortodoxe \u00een suedez\u0103.<\/p>\n\n\n\n<p><a href=\"https:\/\/ort.fi\/turku\/svenska-diskussiongruppen\/\">Mai multe informa\u021bii despre date <\/a><\/p>\n\n\n\n<p><strong>Grup de studiu \u00een limba rus\u0103<\/strong><\/p>\n\n\n\n<p>Cercul discut\u0103 cele mai importante subiecte ale Bisericii Ortodoxe \u00een limba rus\u0103.<\/p>\n\n\n\n<p><a href=\"https:\/\/ort.fi\/turku\/%D1%80%D1%83%D1%81%D1%81%D0%BA%D0%BE%D1%8F%D0%B7%D1%8B%D1%87%D0%BD%D1%8B%D0%B9-%D0%BF%D1%80%D0%B0%D0%B2%D0%BE%D1%81%D0%BB%D0%B0%D0%B2%D0%BD%D1%8B%D0%B9-%D0%BA%D1%80%D1%83%D0%B6%D0%BE%D0%BA\/\">Mai multe informa\u021bii despre date <\/a><\/p>\n\n\n\n<p><strong>Clubul Aleksandra<\/strong><\/p>\n\n\n\n<p>Activit\u0103\u021bile sunt planificate chiar de femei. \u00cen anii preceden\u021bi, clubul a organizat excursii la atrac\u021bii din apropiere, cum ar fi muzee \u0219i gr\u0103dini botanice, s-a adunat pentru cafea sau picnicuri, a f\u0103cut preg\u0103tiri de Cr\u0103ciun \u0219i Pa\u0219te \u0219i a c\u00e2ntat \u00eempreun\u0103.<\/p>\n\n\n\n<p><a href=\"https:\/\/ort.fi\/turku\/aleksandra-club\/\">Mai multe informa\u021bii despre date <\/a><\/p>\n\n\n\n<p><strong>Corul Bisericii Ortodoxe Turku<\/strong><\/p>\n\n\n\n<p>Sarcina principal\u0103 a corului este de a participa la slujbele parohiale \u0219i la activit\u0103\u021bile biserice\u0219ti. Corul produce, de asemenea, \u00eenregistr\u0103ri \u0219i sus\u021bine concerte \u00een Finlanda \u0219i \u00een str\u0103in\u0103tate.&nbsp; O <strong>&nbsp;persoan\u0103 cu v\u00e2rste cuprinse \u00eentre 15 \u0219i 50 de ani interesat\u0103 de muzica ortodox\u0103 care a promovat un examen de canto aprobat de dirijorul corului<\/strong> poate aplica pentru a deveni membru.<\/p>\n\n\n\n<p><a href=\"https:\/\/ort.fi\/turku\/turun-ortodoksisen-kirkon-kuoro\/\">Mai multe informa\u021bii <\/a><\/p>\n\n\n\n<p><strong>Activit\u0103\u021bi de c\u00e2ntare bisericeasc\u0103 \u00een Salo \u0219i Rauma<\/strong><\/p>\n\n\n\n<p>Cantor Riikka organizeaz\u0103 repeti\u021bii de canto o dat\u0103 pe lun\u0103, mar\u021bea, \u00een Salo \u0219i Rauma. Repeti\u021biile au loc \u00een aceea\u0219i s\u0103pt\u0103m\u00e2n\u0103 cu slujbele de la altarul local.<\/p>\n\n\n\n<p><a href=\"https:\/\/ort.fi\/turku\/kirkkokuorotoiminta-raumalla-ja-salossa\/\">Mai multe informa\u021bii <\/a><\/p>\n\n\n\n<p><strong>Cor de copii<\/strong><\/p>\n\n\n\n<p>Corul de copii se adreseaz\u0103 copiilor cu v\u00e2rste cuprinse \u00eentre 7 \u0219i 12 ani care sunt interesa\u021bi de c\u00e2ntatul coral. Corul c\u00e2nt\u0103 de c\u00e2teva ori \u00een liturghiile \u0219i celebr\u0103rile congrega\u021biei.<\/p>\n\n\n\n<p><a href=\"https:\/\/ort.fi\/turku\/lapsikuoro\/\">Mai multe informa\u021bii<\/a><\/p>\n\n\n\n<p><strong>Cercul C\u00e2ntecului Bisericii<\/strong><\/p>\n\n\n\n<p>Scopul lucr\u0103rii districtului este de a \u00eenv\u0103\u021ba s\u0103 c\u00e2nte la unison, de a \u00eenv\u0103\u021ba s\u0103 citeasc\u0103 dup\u0103 metoda de c\u00e2ntare (citire recitativ\u0103) \u0219i de a face cuno\u0219tin\u021b\u0103 cu cele opt compozi\u021bii ale Bisericii Ortodoxe \u00een teorie \u0219i practic\u0103. Activit\u0103\u021bile cercului se adreseaz\u0103 tuturor celor interesa\u021bi de subiect, nu este necesar\u0103 experien\u021b\u0103 anterioar\u0103 de canto.<\/p>\n\n\n\n<p><a href=\"https:\/\/ort.fi\/turku\/2024\/09\/28\/kirkkolaulupiiri-kokoontuu-taas-ma-28-10-klo-18\/\">Mai multe informa\u021bii <\/a><\/p>\n\n\n\n<p><strong>Clubul meu +70<\/strong><\/p>\n\n\n\n<p>Clubul meu este un club pentru enoria\u0219ii de peste 70 de ani. \u00cempreun\u0103, conversa\u021bie \u0219i cafea\/ceai disponibile. \u00cent\u00e2lnirile sunt anun\u021bate \u00een revista Kupoli, \u00een calendarul de pe site-ul parohiei \u0219i pe canalele de socializare ale parohiei.<\/p>\n\n\n\n<p><a href=\"https:\/\/ort.fi\/turku\/oma-kerho-70-vuotiaille\/\">Mai multe informa\u021bii <\/a><\/p>\n\n\n\n<p><strong>Fra\u021bii Alexandrei?<\/strong><\/p>\n\n\n\n<p>Un cerc de activit\u0103\u021bi pentru b\u0103rba\u021bi de toate v\u00e2rstele! Scopul este de a se aduna pentru rug\u0103ciune \u0219i p\u0103rt\u0103\u0219ie \u0219i activit\u0103\u021bi care construiesc p\u0103rt\u0103\u0219ia cu congrega\u021bia.&nbsp;<\/p>\n\n\n\n<p><a href=\"https:\/\/ort.fi\/turku\/aleksandran-veljet\/\">Mai multe informa\u021bii <\/a><\/p>\n\n\n\n<p><strong>Clubul de familie<\/strong><\/p>\n\n\n\n<p>Bine a\u021bi venit la un club de familie pentru \u00eentreaga familie sau un adult cu copiii lor. \u00cen clubul de familie, familiile cu copii se \u00eent\u00e2lnesc pentru a face lucruri frumoase \u00eempreun\u0103, cum ar fi me\u0219te\u0219uguri, g\u0103tit \u0219i activit\u0103\u021bi \u00een aer liber.<\/p>\n\n\n\n<p><a href=\"https:\/\/ort.fi\/turku\/perhekerho\/\">Mai multe informa\u021bii<\/a><\/p>\n\n\n\n<p><strong>\u0218coala duminical\u0103<\/strong><\/p>\n\n\n\n<p>\u0218coala duminical\u0103 este pentru copiii peste 5 ani. Copiii mai mici sunt, de asemenea, bineveni\u021bi cu un p\u0103rinte sau alt adult.<\/p>\n\n\n\n<p>Adul\u021bii \u00ee\u0219i pot aduce copiii la \u0219coala duminical\u0103 \u0219i pot merge ei \u00een\u0219i\u0219i la biseric\u0103 sau pot participa ei \u00een\u0219i\u0219i la activit\u0103\u021bile \u0219colii duminicale. Instructorii vor veni cu copiii la biseric\u0103 \u00een jurul orei 10:30, dup\u0103 care copiii vor participa la Marea Procesiune \u0219i Sf\u00e2nta \u00cemp\u0103rt\u0103\u0219anie. Con\u021binutul \u0218colii Duminicale este determinat de anul bisericesc.<\/p>\n\n\n\n<p><a href=\"https:\/\/ort.fi\/turku\/pyhakoulu\/\">Mai multe informa\u021bii <\/a><\/p>\n\n\n\n<p><strong>Tinerii ortodoc\u0219i din Turku &#8211; TNO<\/strong><\/p>\n\n\n\n<p>TNO este un club cu prag sc\u0103zut pentru tinerii cu v\u00e2rste cuprinse \u00eentre 15 \u0219i 25 de ani. Scopul clubului este de a \u00eent\u0103ri comunicarea \u00eentre tinerii ortodoc\u0219i din parohia noastr\u0103 \u0219i de a veni cu lucruri distractive de f\u0103cut \u00eempreun\u0103. \u00cent\u00e2lnirile sunt relaxate, de exemplu. Coacere, jocuri, seri de film \u0219i picnicuri. Po\u021bi s\u0103 te prezin\u021bi la \u00eent\u00e2lniri atunci c\u00e2nd \u00ee\u021bi convine.<\/p>\n\n\n\n<p><a href=\"https:\/\/ort.fi\/turku\/tno\/\">Mai multe informa\u021bii <\/a><\/p>\n","protected":false},"excerpt":{"rendered":"<p>Cluburi de mar\u021bi Serele sociale de mar\u021bi trateaz\u0103 multe teme legate de Ortodoxie \u0219i alte subiecte prin prelegeri, prezent\u0103ri ale enoria\u0219ilor \u0219i activit\u0103\u021bi comune. Sunt ortodox? Seria de prelegeri deschise se concentreaz\u0103 pe \u00eenchinarea \u0219i via\u021ba sacramental\u0103 a Bisericii Ortodoxe \u0219i \u00eenv\u0103\u021b\u0103tura Bisericii. O serie de prelegeri special pentru catehumeni, cei care se g\u00e2ndesc s\u0103&hellip; <a class=\"continue\" href=\"https:\/\/ort.fi\/turku\/cercuri-grupuri-si-tabere-educationale\/\">Continue Reading<span> Cercuri, grupuri \u0219i tabere educa\u021bionale<\/span><\/a><\/p>\n","protected":false},"author":13,"featured_media":0,"parent":0,"menu_order":0,"comment_status":"closed","ping_status":"closed","template":"","meta":{"slim_seo":{"title":"Cercuri, grupuri \u0219i tabere educa\u021bionale - Turun ortodoksinen seurakunta","description":"Cluburi de mar\u021bi Serele sociale de mar\u021bi trateaz\u0103 multe teme legate de Ortodoxie \u0219i alte subiecte prin prelegeri, prezent\u0103ri ale enoria\u0219ilor \u0219i activit\u0103\u021bi comun"},"footnotes":""},"class_list":["post-3395","page","type-page","status-publish"],"_links":{"self":[{"href":"https:\/\/ort.fi\/turku\/wp-json\/wp\/v2\/pages\/3395","targetHints":{"allow":["GET"]}}],"collection":[{"href":"https:\/\/ort.fi\/turku\/wp-json\/wp\/v2\/pages"}],"about":[{"href":"https:\/\/ort.fi\/turku\/wp-json\/wp\/v2\/types\/page"}],"author":[{"embeddable":true,"href":"https:\/\/ort.fi\/turku\/wp-json\/wp\/v2\/users\/13"}],"replies":[{"embeddable":true,"href":"https:\/\/ort.fi\/turku\/wp-json\/wp\/v2\/comments?post=3395"}],"version-history":[{"count":0,"href":"https:\/\/ort.fi\/turku\/wp-json\/wp\/v2\/pages\/3395\/revisions"}],"wp:attachment":[{"href":"https:\/\/ort.fi\/turku\/wp-json\/wp\/v2\/media?parent=3395"}],"curies":[{"name":"wp","href":"https:\/\/api.w.org\/{rel}","templated":true}]}}