{"id":3379,"date":"2024-12-08T00:19:00","date_gmt":"2024-12-07T22:19:00","guid":{"rendered":"https:\/\/ort.fi\/ortturkusrk\/?page_id=3379"},"modified":"2025-02-02T17:03:09","modified_gmt":"2025-02-02T15:03:09","slug":"administratie","status":"publish","type":"page","link":"https:\/\/ort.fi\/turku\/administratie\/","title":{"rendered":"Administra\u021bie"},"content":{"rendered":"\n<p>\u00cen parohiile Bisericii Ortodoxe a Finlandei, cea mai \u00eenalt\u0103 putere decizional\u0103 este exercitat\u0103 de consiliul parohial ales pentru un mandat de patru ani. \u0218edin\u021bele consiliului parohial sunt publice.<\/p>\n\n\n\n<p>Consiliul parohial alege un consiliu parohial pe durata mandatului s\u0103u, a c\u0103rui sarcin\u0103 este de a promova via\u021ba duhovniceasc\u0103 a parohiei, care este responsabil de administrarea \u0219i gestionarea financiar\u0103 a parohiei, precum \u0219i de preg\u0103tirea, supravegherea \u0219i executarea hot\u0103r\u00e2rilor consiliului parohial. Consiliul parohial are grij\u0103 de interesele parohiei, reprezint\u0103 parohia \u0219i \u00ee\u0219i exercit\u0103 dreptul de a vorbi, cu excep\u021bia cazului \u00een care legea sau ordinul bisericesc prevede altfel.<\/p>\n\n\n\n<p>Consiliul parohial alege, de asemenea, membri ai comitetelor episcopale \u2013 din care Comitetul Imobiliar \u0219i Electoral este statutar \u2013 pentru \u00eentregul mandat de patru ani.&nbsp;<br><\/p>\n\n\n\n<p><a href=\"https:\/\/ort.fi\/turku\/tietosuojaseloste\/\">Link c\u0103tre politica de confiden\u021bialitate<\/a><\/p>\n\n\n\n<p><a href=\"https:\/\/ort.fi\/turku\/saavutettavuus\/\">Accesibilitatea linkului<\/a><\/p>\n\n\n\n<p><\/p>\n","protected":false},"excerpt":{"rendered":"<p>\u00cen parohiile Bisericii Ortodoxe a Finlandei, cea mai \u00eenalt\u0103 putere decizional\u0103 este exercitat\u0103 de consiliul parohial ales pentru un mandat de patru ani. \u0218edin\u021bele consiliului parohial sunt publice. Consiliul parohial alege un consiliu parohial pe durata mandatului s\u0103u, a c\u0103rui sarcin\u0103 este de a promova via\u021ba duhovniceasc\u0103 a parohiei, care este responsabil de administrarea \u0219i&hellip; <a class=\"continue\" href=\"https:\/\/ort.fi\/turku\/administratie\/\">Continue Reading<span> Administra\u021bie<\/span><\/a><\/p>\n","protected":false},"author":13,"featured_media":0,"parent":0,"menu_order":0,"comment_status":"closed","ping_status":"closed","template":"","meta":{"slim_seo":{"title":"Administra\u021bie - Turun ortodoksinen seurakunta","description":"\u00cen parohiile Bisericii Ortodoxe a Finlandei, cea mai \u00eenalt\u0103 putere decizional\u0103 este exercitat\u0103 de consiliul parohial ales pentru un mandat de patru ani. \u0218edin\u021be"},"footnotes":""},"class_list":["post-3379","page","type-page","status-publish"],"_links":{"self":[{"href":"https:\/\/ort.fi\/turku\/wp-json\/wp\/v2\/pages\/3379","targetHints":{"allow":["GET"]}}],"collection":[{"href":"https:\/\/ort.fi\/turku\/wp-json\/wp\/v2\/pages"}],"about":[{"href":"https:\/\/ort.fi\/turku\/wp-json\/wp\/v2\/types\/page"}],"author":[{"embeddable":true,"href":"https:\/\/ort.fi\/turku\/wp-json\/wp\/v2\/users\/13"}],"replies":[{"embeddable":true,"href":"https:\/\/ort.fi\/turku\/wp-json\/wp\/v2\/comments?post=3379"}],"version-history":[{"count":0,"href":"https:\/\/ort.fi\/turku\/wp-json\/wp\/v2\/pages\/3379\/revisions"}],"wp:attachment":[{"href":"https:\/\/ort.fi\/turku\/wp-json\/wp\/v2\/media?parent=3379"}],"curies":[{"name":"wp","href":"https:\/\/api.w.org\/{rel}","templated":true}]}}