{"id":3375,"date":"2024-12-08T00:14:05","date_gmt":"2024-12-07T22:14:05","guid":{"rendered":"https:\/\/ort.fi\/ortturkusrk\/?page_id=3375"},"modified":"2024-12-31T09:24:29","modified_gmt":"2024-12-31T07:24:29","slug":"servicii-de-inchinare","status":"publish","type":"page","link":"https:\/\/ort.fi\/turku\/servicii-de-inchinare\/","title":{"rendered":"Slujbe"},"content":{"rendered":"\n<p><strong>Slujba de \u00eemp\u0103rt\u0103\u0219anie<\/strong><br><\/p>\n\n\n\n<p>Slujba de \u00eemp\u0103rt\u0103\u0219anie, care dureaz\u0103 aproximativ 45 de minute, se \u021bine seara, cu c\u00e2teva excep\u021bii de la ciclul de \u00eenchinare al anului bisericesc \u2013 \u00een parohia ortodox\u0103 Turku, de regul\u0103, miercurea la ora 17. Serviciul de \u00eemp\u0103rt\u0103\u0219anie poate fi combinat \u0219i cu serviciul de diminea\u021b\u0103. Aceast\u0103 combina\u021bie se nume\u0219te veghe. \u00cen serile de s\u00e2mb\u0103t\u0103 \u0219i de s\u0103rb\u0103torile legale la ora 17, parohia Turku g\u0103zduie\u0219te \u00een principal un priveghi.<\/p>\n\n\n\n<p><strong>Utrenia<\/strong><\/p>\n\n\n\n<p><br>Con\u021binutul serviciului de diminea\u021b\u0103 vorbe\u0219te despre evenimentele Noului Testament \u0219i despre \u00eenvierea lui Hristos. Slujba de diminea\u021b\u0103 poate fi s\u0103v\u00e2r\u0219it\u0103 fie diminea\u021ba, fie seara, ca parte a priveghiului, adic\u0103 \u00een combina\u021bie cu slujba de \u00eemp\u0103rt\u0103\u0219anie. \u00cen parohia Turku, slujba de \u00eemp\u0103rt\u0103\u0219anie \u0219i slujba de diminea\u021b\u0103 sunt \u021binute ca priveghi \u00een mod regulat s\u00e2mb\u0103ta la ora 5 dup\u0103-amiaza.<\/p>\n\n\n\n<p><strong>Veghe<\/strong><\/p>\n\n\n\n<p>Privegherea este o slujb\u0103 \u021binut\u0103 \u00een ajunul s\u0103rb\u0103torilor \u0219i adesea \u0219i s\u00e2mb\u0103ta, const\u00e2nd \u00eentr-o slujb\u0103 de \u00eemp\u0103rt\u0103\u0219anie, o slujb\u0103 de diminea\u021b\u0103 \u0219i o prim\u0103 or\u0103. \u00cen parohia ortodox\u0103 Turku, privegherea are loc \u00een mod regulat s\u00e2mb\u0103ta \u0219i \u00een ajunul s\u0103rb\u0103torilor legale la ora 17. Privegherea dureaz\u0103 aproximativ dou\u0103 ore.<br><\/p>\n\n\n\n<p><strong>Liturghie<\/strong><\/p>\n\n\n\n<p>Liturghia este slujba de \u00eemp\u0103rt\u0103\u0219anie a Bisericii Ortodoxe. Toat\u0103 lumea este binevenit\u0103 s\u0103 participe la liturghie, dar numai membrii Bisericii Ortodoxe pot lua parte la Sf\u00e2nta \u00cemp\u0103rt\u0103\u0219anie, adic\u0103 trupul \u0219i s\u00e2ngele lui Hristos. Tradi\u021bia ortodox\u0103 cunoa\u0219te mai multe formule de slujire liturgic\u0103. \u00cen Finlanda, liturghia care poart\u0103 numele Sf\u00e2ntului Ioan Gur\u0103 de Aur este cel mai adesea s\u0103v\u00e2r\u0219it\u0103<\/p>\n\n\n\n<p>\u00cen parohia ortodox\u0103 Turku, liturghia se \u021bine \u00een mod regulat duminica \u0219i s\u0103rb\u0103torile la ora 10 diminea\u021ba.<\/p>\n\n\n\n<p><strong>Akathistus<\/strong><\/p>\n\n\n\n<p>Akathistus este o slujb\u0103 de \u00eenchinare permanent\u0103 pentru Maica Domnului, M\u00e2ntuitorului sau unui anumit sf\u00e2nt. \u00cen calendarul de \u00eenchinare al parohiei ortodoxe din Turku, &#8221;akathistus&#8221; f\u0103r\u0103 informa\u021bii suplimentare se refer\u0103 \u00een mod specific la akathisto la Maica Domnului. Akatistos este c\u00e2ntat \u00een parohia Turku aproximativ o dat\u0103 pe lun\u0103, de obicei miercurea la ora 5 dup\u0103-amiaza.<br><br><strong>Rug\u0103ciunea de sear\u0103<\/strong><\/p>\n\n\n\n<p>\u00cen Biserica Ortodox\u0103 din Turku, rug\u0103ciunea de sear\u0103 este oferit\u0103 aproximativ o dat\u0103 pe lun\u0103, miercuri, la ora 17. Pravilo sau regula de rug\u0103ciune este o compila\u021bie de rug\u0103ciuni care include rug\u0103ciuni de deschidere, rug\u0103ciuni de sear\u0103 \u0219i alte rug\u0103ciuni.<br><\/p>\n","protected":false},"excerpt":{"rendered":"<p>Slujba de \u00eemp\u0103rt\u0103\u0219anie Slujba de \u00eemp\u0103rt\u0103\u0219anie, care dureaz\u0103 aproximativ 45 de minute, se \u021bine seara, cu c\u00e2teva excep\u021bii de la ciclul de \u00eenchinare al anului bisericesc \u2013 \u00een parohia ortodox\u0103 Turku, de regul\u0103, miercurea la ora 17. Serviciul de \u00eemp\u0103rt\u0103\u0219anie poate fi combinat \u0219i cu serviciul de diminea\u021b\u0103. Aceast\u0103 combina\u021bie se nume\u0219te veghe. \u00cen serile&hellip; <a class=\"continue\" href=\"https:\/\/ort.fi\/turku\/servicii-de-inchinare\/\">Continue Reading<span> Slujbe<\/span><\/a><\/p>\n","protected":false},"author":13,"featured_media":0,"parent":0,"menu_order":0,"comment_status":"closed","ping_status":"closed","template":"","meta":{"slim_seo":{"title":"Slujbe - Turun ortodoksinen seurakunta","description":"Slujba de \u00eemp\u0103rt\u0103\u0219anie Slujba de \u00eemp\u0103rt\u0103\u0219anie, care dureaz\u0103 aproximativ 45 de minute, se \u021bine seara, cu c\u00e2teva excep\u021bii de la ciclul de \u00eenchinare al anului bise"},"footnotes":""},"class_list":["post-3375","page","type-page","status-publish"],"_links":{"self":[{"href":"https:\/\/ort.fi\/turku\/wp-json\/wp\/v2\/pages\/3375","targetHints":{"allow":["GET"]}}],"collection":[{"href":"https:\/\/ort.fi\/turku\/wp-json\/wp\/v2\/pages"}],"about":[{"href":"https:\/\/ort.fi\/turku\/wp-json\/wp\/v2\/types\/page"}],"author":[{"embeddable":true,"href":"https:\/\/ort.fi\/turku\/wp-json\/wp\/v2\/users\/13"}],"replies":[{"embeddable":true,"href":"https:\/\/ort.fi\/turku\/wp-json\/wp\/v2\/comments?post=3375"}],"version-history":[{"count":0,"href":"https:\/\/ort.fi\/turku\/wp-json\/wp\/v2\/pages\/3375\/revisions"}],"wp:attachment":[{"href":"https:\/\/ort.fi\/turku\/wp-json\/wp\/v2\/media?parent=3375"}],"curies":[{"name":"wp","href":"https:\/\/api.w.org\/{rel}","templated":true}]}}