{"id":3371,"date":"2024-12-07T20:28:50","date_gmt":"2024-12-07T18:28:50","guid":{"rendered":"https:\/\/ort.fi\/ortturkusrk\/?page_id=3371"},"modified":"2025-01-02T10:48:32","modified_gmt":"2025-01-02T08:48:32","slug":"altare-si-facilitati","status":"publish","type":"page","link":"https:\/\/ort.fi\/turku\/altare-si-facilitati\/","title":{"rendered":"Altare \u0219i facilit\u0103\u021bi"},"content":{"rendered":"\n<h5 class=\"wp-block-heading\"><strong>Biserica Sfintei Muceni\u021be Alexandra \u00cemp\u0103r\u0103teasa din Turku<\/strong><\/h5>\n\n\n\n<p>Biserica a fost construit\u0103 dup\u0103 planurile lui C.L. Engel \u00een anii 1839-1845 \u0219i sfin\u021bit\u0103 la 2.9.1846. Biserica poart\u0103 hramul Sfintei Muceni\u021be Alexandra \u00eemp\u0103r\u0103teasa (d. 303). Istoria bisericii este disponibil\u0103 sub form\u0103 de carte.&nbsp;<\/p>\n\n\n\n<p>Praznicul Sfintei Muceni\u021be Alexandra \u00eemp\u0103r\u0103teasa este s\u0103rb\u0103torit\u0103 pe 23.4.<\/p>\n\n\n\n<h5 class=\"wp-block-heading\"><strong>Casa de rug\u0103ciune Sf. Nicolae din Rauma&nbsp;<\/strong><\/h5>\n\n\n\n<p>Casa de rug\u0103ciune din Rauma a fost construit\u0103 \u00eentr-o cas\u0103 din Vechea Rauma, ale c\u0103rei p\u0103r\u021bi cele mai vechi dateaz\u0103 probabil din anii 1600. Cealalt\u0103 arip\u0103 a casei este decorat\u0103 ca o camer\u0103 de rug\u0103ciune. Casa de rug\u0103ciune a fost construit\u0103 \u00een conformitate cu Legea Reconstruc\u021biei \u00een 1955 \u0219i inaugurat\u0103 la 2.11.1956. Este dedicat\u0103 Sf\u00e2ntului Nicolae, arhiepiscop de Myrra \u00een Licia (d. 4. vs.).&nbsp;<\/p>\n\n\n\n<p>Praznicul Sf. Nicolae este s\u0103rb\u0103torit pe 6.12.<\/p>\n\n\n\n<h5 class=\"wp-block-heading\"><strong>Casa de rug\u0103ciune Sfintei Cruci din Salo<\/strong><\/h5>\n\n\n\n<p>Camera de rug\u0103ciune este o cas\u0103 rotund\u0103 din bu\u0219teni \u00een stil carelian construit\u0103 \u00een 1989. A fost sfin\u021bit\u0103 \u00een memoria Sfintei Cruci la 9.9.1990. Baz\u00e2ndu-se pe o veche tradi\u021bie, sala de rug\u0103ciune a fost proiectat\u0103 de Arvo Happo, un enoria\u0219 din Salo, care a realizat \u0219i decora\u021biunile xilogravate. Icoanele au fost pictate de Margit Lintu.<\/p>\n\n\n\n<p>Praznicul Sfintei Cruci este s\u0103rb\u0103torit pe 14.9.&nbsp;<\/p>\n\n\n\n<p>Adres\u0103: Uskelankirkkotie 23, Salo<\/p>\n\n\n\n<h5 class=\"wp-block-heading\"><strong>Capela Cimitirului din Turku<\/strong><\/h5>\n\n\n\n<p>Capela cimitirului a fost finalizat\u0103 \u00een 1881 ca \u0219i capel\u0103 funerar\u0103 a familiei de negustori Kuvschinov. Unii membri ai familiei sunt \u00eengropa\u021bi sub capel\u0103, al\u021bii \u00een morm\u00e2ntul familiei, care se afl\u0103 la aproximativ 50 m de capel\u0103. Proprietatea asupra capelei funerare a fost transferat\u0103 parohiei \u00een vara anului 2012. Capela este mic\u0103, poate g\u0103zdui p\u00e2n\u0103 la 15 persoane odat\u0103.<\/p>\n\n\n\n<p>Adres\u0103: Uudenmaantie 76, Turku<\/p>\n\n\n\n<h5 class=\"wp-block-heading\"><strong>Alte l\u0103ca\u0219uri de cult<\/strong><\/h5>\n\n\n\n<p>Pe l\u00e2ng\u0103 sanctuare, parohia ortodox\u0103 din Turku organizeaz\u0103 \u00een mod regulat slujbe \u0219i \u00een alte loca\u021bii, adesea \u00een incinta Bisericii Evanghelice Luterane locale. Slujbele pot fi g\u0103site \u00een calendarul de slujbe.<\/p>\n\n\n\n<ul class=\"wp-block-list\">\n<li>Loimaa: ev.lut. Biserica Orasului, Turuntie 32<\/li>\n\n\n\n<li>Eura: ev.lut. Sala parohial\u0103, Sorkkistentie 3<\/li>\n\n\n\n<li>Uusikaupunki: Saarnisto ev.lut. Casa parohial\u0103, Pajusuontie 2<\/li>\n\n\n\n<li>Mariehamn: Margaretag\u00e5rden, M\u00e5sv\u00e4gen 4<\/li>\n\n\n\n<li>Huittinen: ev.lut. Centrul parohial, Papintie 1&nbsp;<\/li>\n\n\n\n<li>Paimio: Capela Mikaelintalo, Py\u00f6lintie 3<\/li>\n\n\n\n<li>Sauvo: Biserica Sauvo, Sauvontie 50<\/li>\n\n\n\n<li>S\u00e4kyl\u00e4: ev.lut. Sala parohial\u0103, Tuulimyllyntie 21<\/li>\n\n\n\n<li>Laitila: Biserica Sf. Mihail, Keskuskatu 7<\/li>\n<\/ul>\n\n\n\n<h5 class=\"wp-block-heading\"><strong>Sala Alexandra<\/strong><\/h5>\n\n\n\n<p>Sala principal\u0103 a cl\u0103dirii parohiale a fost numit\u0103 Sala Alexandra \u00een acela\u0219i mod ca \u0219i Biserica Sfintei <strong>Muceni\u021be Alexandra \u00cemp\u0103r\u0103teasa <\/strong>. \u00cent\u00e2lnirile biserice\u0219ti de dup\u0103 slujb\u0103 au loc \u00een mod regulat \u00een sala parohial\u0103 duminica dup\u0103 sf\u00e2nta liturghie. \u00cen plus, sala g\u0103zduie\u0219te s\u0103rb\u0103torile anului bisericesc, cum ar fi s\u0103rb\u0103toarea de Pa\u0219ti a parohiei, s\u0103rb\u0103toarea de Cr\u0103ciun \u0219i praznicul Bisericii. Sala parohial\u0103 g\u0103zduie\u0219te, de asemenea, \u00eent\u00e2lniri de cercuri de activit\u0103\u021bi \u0219i cafele, v\u00e2nz\u0103ri parohiale \u0219i alte evenimente. Sala Alexandra poate fi \u00eenchiriat\u0103 \u0219i pentru evenimente private.<\/p>\n\n\n\n<p>Parohia ortodox\u0103 din Turku \u00eenchiriaz\u0103 urm\u0103toarele spa\u021bii la Yliopistonkatu 19 B, Turku:<\/p>\n\n\n\n<p>Sala Aleksandra (sal\u0103 parohial\u0103, capacitate 120 de persoane, 100 de persoane la cin\u0103)<br>Sal\u0103 de club (pentru p\u00e2n\u0103 la 15 persoane)<br>Buc\u0103t\u0103rie<\/p>\n\n\n\n<p>Contact pentru rezerv\u0103ri: tel. 044 751 4423 sau e-mail&nbsp;<a href=\"mailto:turku@ort.fi\">turku@ort.fi<\/a><\/p>\n","protected":false},"excerpt":{"rendered":"<p>Biserica Sfintei Muceni\u021be Alexandra \u00cemp\u0103r\u0103teasa din Turku Biserica a fost construit\u0103 dup\u0103 planurile lui C.L. Engel \u00een anii 1839-1845 \u0219i sfin\u021bit\u0103 la 2.9.1846. Biserica poart\u0103 hramul Sfintei Muceni\u021be Alexandra \u00eemp\u0103r\u0103teasa (d. 303). Istoria bisericii este disponibil\u0103 sub form\u0103 de carte.&nbsp; Praznicul Sfintei Muceni\u021be Alexandra \u00eemp\u0103r\u0103teasa este s\u0103rb\u0103torit\u0103 pe 23.4. Casa de rug\u0103ciune Sf. Nicolae din&hellip; <a class=\"continue\" href=\"https:\/\/ort.fi\/turku\/altare-si-facilitati\/\">Continue Reading<span> Altare \u0219i facilit\u0103\u021bi<\/span><\/a><\/p>\n","protected":false},"author":13,"featured_media":0,"parent":0,"menu_order":0,"comment_status":"closed","ping_status":"closed","template":"","meta":{"slim_seo":{"title":"Altare \u0219i facilit\u0103\u021bi - Turun ortodoksinen seurakunta","description":"Biserica Sfintei Muceni\u021be Alexandra \u00cemp\u0103r\u0103teasa din Turku Biserica a fost construit\u0103 dup\u0103 planurile lui C.L. Engel \u00een anii 1839-1845 \u0219i sfin\u021bit\u0103 la 2.9.1846. Bi"},"footnotes":""},"class_list":["post-3371","page","type-page","status-publish"],"_links":{"self":[{"href":"https:\/\/ort.fi\/turku\/wp-json\/wp\/v2\/pages\/3371","targetHints":{"allow":["GET"]}}],"collection":[{"href":"https:\/\/ort.fi\/turku\/wp-json\/wp\/v2\/pages"}],"about":[{"href":"https:\/\/ort.fi\/turku\/wp-json\/wp\/v2\/types\/page"}],"author":[{"embeddable":true,"href":"https:\/\/ort.fi\/turku\/wp-json\/wp\/v2\/users\/13"}],"replies":[{"embeddable":true,"href":"https:\/\/ort.fi\/turku\/wp-json\/wp\/v2\/comments?post=3371"}],"version-history":[{"count":0,"href":"https:\/\/ort.fi\/turku\/wp-json\/wp\/v2\/pages\/3371\/revisions"}],"wp:attachment":[{"href":"https:\/\/ort.fi\/turku\/wp-json\/wp\/v2\/media?parent=3371"}],"curies":[{"name":"wp","href":"https:\/\/api.w.org\/{rel}","templated":true}]}}