{"id":3367,"date":"2024-12-07T20:25:20","date_gmt":"2024-12-07T18:25:20","guid":{"rendered":"https:\/\/ort.fi\/ortturkusrk\/?page_id=3367"},"modified":"2025-02-02T17:01:11","modified_gmt":"2025-02-02T15:01:11","slug":"alaturati-va-bisericii","status":"publish","type":"page","link":"https:\/\/ort.fi\/turku\/alaturati-va-bisericii\/","title":{"rendered":"Al\u0103tura\u021bi-v\u0103 Bisericii"},"content":{"rendered":"\n<p>Slujbele de \u00eenchinare sunt activit\u0103\u021bile de baz\u0103 ale Ortodoxiei \u0219i ale bisericii. \u00cen special, liturghia este centrul vie\u021bii ortodoxe. \u00cen \u00eenchinare, congrega\u021bia caut\u0103 \u00een mod colectiv \u0219i individual p\u0103rt\u0103\u0219ia cu Dumnezeu prin rug\u0103ciune. Participarea \u0219i cunoa\u0219terea serviciilor de preasl\u0103vire este foarte important\u0103 pentru oricine se g\u00e2nde\u0219te s\u0103 se al\u0103ture Bisericii.<\/p>\n\n\n\n<p>Dac\u0103 ave\u021bi \u00eentreb\u0103ri despre aderarea la Biseric\u0103, v\u0103 rug\u0103m s\u0103 nu ezita\u021bi s\u0103 contacta\u021bi clerul nostru <a href=\"https:\/\/ort.fi\/turku\/contact-information\/\">parohial<\/a>. Pute\u021bi discuta mai detaliat despre procesul personal de aderare la Biseric\u0103 cu preotul dumneavoastr\u0103. Parohia organizeaz\u0103 \u0219i \u00eenv\u0103\u021b\u0103m\u00e2ntul <a href=\"https:\/\/ort.fi\/turku\/katekumeeniopetus\/\">catehumenic<\/a>.<\/p>\n","protected":false},"excerpt":{"rendered":"<p>Slujbele de \u00eenchinare sunt activit\u0103\u021bile de baz\u0103 ale Ortodoxiei \u0219i ale bisericii. \u00cen special, liturghia este centrul vie\u021bii ortodoxe. \u00cen \u00eenchinare, congrega\u021bia caut\u0103 \u00een mod colectiv \u0219i individual p\u0103rt\u0103\u0219ia cu Dumnezeu prin rug\u0103ciune. Participarea \u0219i cunoa\u0219terea serviciilor de preasl\u0103vire este foarte important\u0103 pentru oricine se g\u00e2nde\u0219te s\u0103 se al\u0103ture Bisericii. Dac\u0103 ave\u021bi \u00eentreb\u0103ri despre aderarea&hellip; <a class=\"continue\" href=\"https:\/\/ort.fi\/turku\/alaturati-va-bisericii\/\">Continue Reading<span> Al\u0103tura\u021bi-v\u0103 Bisericii<\/span><\/a><\/p>\n","protected":false},"author":13,"featured_media":0,"parent":0,"menu_order":0,"comment_status":"closed","ping_status":"closed","template":"","meta":{"slim_seo":{"title":"Al\u0103tura\u021bi-v\u0103 Bisericii - Turun ortodoksinen seurakunta","description":"Slujbele de \u00eenchinare sunt activit\u0103\u021bile de baz\u0103 ale Ortodoxiei \u0219i ale bisericii. \u00cen special, liturghia este centrul vie\u021bii ortodoxe. \u00cen \u00eenchinare, congrega\u021bia c"},"footnotes":""},"class_list":["post-3367","page","type-page","status-publish"],"_links":{"self":[{"href":"https:\/\/ort.fi\/turku\/wp-json\/wp\/v2\/pages\/3367","targetHints":{"allow":["GET"]}}],"collection":[{"href":"https:\/\/ort.fi\/turku\/wp-json\/wp\/v2\/pages"}],"about":[{"href":"https:\/\/ort.fi\/turku\/wp-json\/wp\/v2\/types\/page"}],"author":[{"embeddable":true,"href":"https:\/\/ort.fi\/turku\/wp-json\/wp\/v2\/users\/13"}],"replies":[{"embeddable":true,"href":"https:\/\/ort.fi\/turku\/wp-json\/wp\/v2\/comments?post=3367"}],"version-history":[{"count":0,"href":"https:\/\/ort.fi\/turku\/wp-json\/wp\/v2\/pages\/3367\/revisions"}],"wp:attachment":[{"href":"https:\/\/ort.fi\/turku\/wp-json\/wp\/v2\/media?parent=3367"}],"curies":[{"name":"wp","href":"https:\/\/api.w.org\/{rel}","templated":true}]}}