{"id":3211,"date":"2024-12-03T11:17:59","date_gmt":"2024-12-03T09:17:59","guid":{"rendered":"https:\/\/ort.fi\/ortturkusrk\/?page_id=3211"},"modified":"2025-02-02T16:40:43","modified_gmt":"2025-02-02T14:40:43","slug":"stod-och-hjalp","status":"publish","type":"page","link":"https:\/\/ort.fi\/turku\/stod-och-hjalp\/","title":{"rendered":"St\u00f6d och hj\u00e4lp"},"content":{"rendered":"\n<p><strong>Samtalsst\u00f6d<br><\/strong>Pr\u00e4sten finns alltid tillg\u00e4nglig f\u00f6r samtal om livets utmaningar och fr\u00e5gor, och samtalen \u00e4r konfidentiella. Vid behov kan pr\u00e4sten v\u00e4gleda till andra instanser som erbjuder st\u00f6d. <\/p>\n\n\n\n<p><strong>Vid sjukdom<\/strong><strong><br><\/strong>Om sjukdom hindrar n\u00e5gon fr\u00e5n att delta i nattvarden i kyrkan, kan pr\u00e4sten bes\u00f6ka hemmet. De sjukas sm\u00f6rjelse kan ocks\u00e5 utf\u00f6ras f\u00f6r den som \u00e4r allvarligt sjuk.<\/p>\n\n\n\n<p><strong>Vid f\u00f6rlust av en n\u00e4rst\u00e5ende<\/strong><strong><br><\/strong>F\u00f6rsamlingen erbjuder st\u00f6d till dem som f\u00f6rlorat en n\u00e4ra person. Att dela sorgen med andra kan ge tr\u00f6st och st\u00f6d i sorgeprocessen.<\/p>\n\n\n\n<p><strong>Vid ekonomiska sv\u00e5righeter<br><\/strong>F\u00f6rsamlingen erbjuder hj\u00e4lp till dem som har ekonomiska sv\u00e5righeter, exempelvis genom matkorgar till jul.<\/p>\n\n\n\n<p><a href=\"https:\/\/ort.fi\/turku\/kontakt\/\" data-type=\"link\" data-id=\"https:\/\/ort.fi\/ortturkusrk\/kontakt\/\">Kontaktuppgifterna till f\u00f6rsamlingens personal hittar du h\u00e4r.<\/a><\/p>\n\n\n\n<p><\/p>\n","protected":false},"excerpt":{"rendered":"<p>Samtalsst\u00f6dPr\u00e4sten finns alltid tillg\u00e4nglig f\u00f6r samtal om livets utmaningar och fr\u00e5gor, och samtalen \u00e4r konfidentiella. Vid behov kan pr\u00e4sten v\u00e4gleda till andra instanser som erbjuder st\u00f6d. Vid sjukdomOm sjukdom hindrar n\u00e5gon fr\u00e5n att delta i nattvarden i kyrkan, kan pr\u00e4sten bes\u00f6ka hemmet. De sjukas sm\u00f6rjelse kan ocks\u00e5 utf\u00f6ras f\u00f6r den som \u00e4r allvarligt sjuk. Vid&hellip; <a class=\"continue\" href=\"https:\/\/ort.fi\/turku\/stod-och-hjalp\/\">Continue Reading<span> St\u00f6d och hj\u00e4lp<\/span><\/a><\/p>\n","protected":false},"author":13,"featured_media":0,"parent":0,"menu_order":0,"comment_status":"closed","ping_status":"closed","template":"","meta":{"slim_seo":{"title":"St\u00f6d och hj\u00e4lp - Turun ortodoksinen seurakunta","description":"Samtalsst\u00f6d Pr\u00e4sten finns alltid tillg\u00e4nglig f\u00f6r samtal om livets utmaningar och fr\u00e5gor, och samtalen \u00e4r konfidentiella. Vid behov kan pr\u00e4sten v\u00e4gleda till andr"},"footnotes":""},"class_list":["post-3211","page","type-page","status-publish"],"_links":{"self":[{"href":"https:\/\/ort.fi\/turku\/wp-json\/wp\/v2\/pages\/3211","targetHints":{"allow":["GET"]}}],"collection":[{"href":"https:\/\/ort.fi\/turku\/wp-json\/wp\/v2\/pages"}],"about":[{"href":"https:\/\/ort.fi\/turku\/wp-json\/wp\/v2\/types\/page"}],"author":[{"embeddable":true,"href":"https:\/\/ort.fi\/turku\/wp-json\/wp\/v2\/users\/13"}],"replies":[{"embeddable":true,"href":"https:\/\/ort.fi\/turku\/wp-json\/wp\/v2\/comments?post=3211"}],"version-history":[{"count":0,"href":"https:\/\/ort.fi\/turku\/wp-json\/wp\/v2\/pages\/3211\/revisions"}],"wp:attachment":[{"href":"https:\/\/ort.fi\/turku\/wp-json\/wp\/v2\/media?parent=3211"}],"curies":[{"name":"wp","href":"https:\/\/api.w.org\/{rel}","templated":true}]}}