{"id":3101,"date":"2024-12-01T15:10:22","date_gmt":"2024-12-01T13:10:22","guid":{"rendered":"https:\/\/ort.fi\/ortturkusrk\/?page_id=3101"},"modified":"2024-12-01T15:10:22","modified_gmt":"2024-12-01T13:10:22","slug":"stiri-si-retele-sociale","status":"publish","type":"page","link":"https:\/\/ort.fi\/turku\/stiri-si-retele-sociale\/","title":{"rendered":"\u0218tiri \u0219i re\u021bele sociale"},"content":{"rendered":"<ul class=\"wp-block-latest-posts__list has-dates wp-block-latest-posts\"><li><div class=\"wp-block-latest-posts__featured-image alignleft\"><img loading=\"lazy\" decoding=\"async\" width=\"150\" height=\"150\" src=\"https:\/\/ort.fi\/turku\/wp-content\/uploads\/2025\/11\/IMG_3212-150x150.jpg\" class=\"attachment-thumbnail size-thumbnail wp-post-image\" alt=\"Img 3212\" style=\"\" \/><\/div><a class=\"wp-block-latest-posts__post-title\" href=\"https:\/\/ort.fi\/turku\/2026\/04\/08\/comunicat-de-presa\/\">Comunicat de pres\u0103<\/a><time datetime=\"2026-04-08T16:11:03+03:00\" class=\"wp-block-latest-posts__post-date\">8.4.2026<\/time><div class=\"wp-block-latest-posts__post-excerpt\">Dragi surori \u0219i fra\u021bi, Hristos a \u00eenviat! \u00cen timpul preg\u0103tirii Postului Mare, mul\u021bi dintre noi am sim\u021bit \u00eengrijorare \u0219i incertitudine cu privire la ceea ce s-a \u00eent\u00e2mplat \u00een comunitatea rom\u00e2neasc\u0103 \u00een ultimul timp. Este de \u00een\u021beles c\u0103 situa\u021biile \u0219i deciziile pot ridica \u00eentreb\u0103ri. Dorim s\u0103 subliniem faptul c\u0103 \u00eentreaga parohie \u2013 to\u021bi membrii ei \u0219i&hellip; <a class=\"continue\" href=\"https:\/\/ort.fi\/turku\/stiri-si-retele-sociale\/\">Continue Reading<span> \u0218tiri \u0219i re\u021bele sociale<\/span><\/a><\/div><\/li>\n<li><div class=\"wp-block-latest-posts__featured-image alignleft\"><img loading=\"lazy\" decoding=\"async\" width=\"150\" height=\"150\" src=\"https:\/\/ort.fi\/turku\/wp-content\/uploads\/2026\/04\/1000051820-150x150.jpg\" class=\"attachment-thumbnail size-thumbnail wp-post-image\" alt=\"1000051820\" style=\"\" \/><\/div><a class=\"wp-block-latest-posts__post-title\" href=\"https:\/\/ort.fi\/turku\/2026\/04\/03\/live-youtube-lahetys-suuren-perjantain-ehtoopalvelus-klo-14\/\">Live Youtube-l\u00e4hetys;  Suuren perjantain ehtoopalvelus klo 14<\/a><time datetime=\"2026-04-03T13:08:52+03:00\" class=\"wp-block-latest-posts__post-date\">3.4.2026<\/time><div class=\"wp-block-latest-posts__post-excerpt\"><\/div><\/li>\n<li><div class=\"wp-block-latest-posts__featured-image alignleft\"><img loading=\"lazy\" decoding=\"async\" width=\"150\" height=\"150\" src=\"https:\/\/ort.fi\/turku\/wp-content\/uploads\/2026\/04\/1000051819-150x150.jpg\" class=\"attachment-thumbnail size-thumbnail wp-post-image\" alt=\"1000051819\" style=\"\" \/><\/div><a class=\"wp-block-latest-posts__post-title\" href=\"https:\/\/ort.fi\/turku\/2026\/04\/03\/live-kristuksen-hautauspalvelus-klo-17\/\">Live Youtube-l\u00e4hetys; Kristuksen hautauspalvelus, klo 17<\/a><time datetime=\"2026-04-03T12:44:53+03:00\" class=\"wp-block-latest-posts__post-date\">3.4.2026<\/time><div class=\"wp-block-latest-posts__post-excerpt\"><\/div><\/li>\n<li><div class=\"wp-block-latest-posts__featured-image alignleft\"><img loading=\"lazy\" decoding=\"async\" width=\"150\" height=\"150\" src=\"https:\/\/ort.fi\/turku\/wp-content\/uploads\/2026\/03\/20250419_214746-150x150.jpg\" class=\"attachment-thumbnail size-thumbnail wp-post-image\" alt=\"Turun pyh\u00e4n Aleksandran kirkko p\u00e4\u00e4si\u00e4isy\u00f6n\u00e4 2025.\" style=\"\" \/><\/div><a class=\"wp-block-latest-posts__post-title\" href=\"https:\/\/ort.fi\/turku\/2026\/03\/27\/instructiuni-pentru-slujbele-din-noaptea-de-pasti-la-biserica-ortodoxa-din-turku\/\">Instruc\u021biuni pentru slujbele din Noaptea de Pa\u0219ti la Biserica Ortodox\u0103 din Turku<\/a><time datetime=\"2026-03-27T20:06:44+02:00\" class=\"wp-block-latest-posts__post-date\">27.3.2026<\/time><div class=\"wp-block-latest-posts__post-excerpt\">Anul acesta, slujbele din noaptea de Pa\u0219ti ale Parohiei Ortodoxe din Turku vor fi deosebit de solemne, deoarece vor fi conduse de Preafericitul Ilia, Arhiepiscopul Helsinkiului \u0219i al \u00eentregii Finlande. Procesiunea, utrenia \u0219i liturghia vor fi transmise \u0219i la televizor. Slujbele \u00eencep cu slujba de la miezul nop\u021bii la ora 23:15, iar transmisiunea TV la&hellip; <a class=\"continue\" href=\"https:\/\/ort.fi\/turku\/stiri-si-retele-sociale\/\">Continue Reading<span> \u0218tiri \u0219i re\u021bele sociale<\/span><\/a><\/div><\/li>\n<li><div class=\"wp-block-latest-posts__featured-image alignleft\"><img loading=\"lazy\" decoding=\"async\" width=\"150\" height=\"150\" src=\"https:\/\/ort.fi\/turku\/wp-content\/uploads\/2025\/12\/pyha_paraskeva-150x150.jpg\" class=\"attachment-thumbnail size-thumbnail wp-post-image\" alt=\"Pyh\u00e4n Paraskevan ikoni\" style=\"\" \/><\/div><a class=\"wp-block-latest-posts__post-title\" href=\"https:\/\/ort.fi\/turku\/2026\/01\/13\/participati-la-sondaj-osallistu-kyselyyn\/\">Chestionar pentru vorbitorii de rom\u00e2n\u0103\u00a0&#8211; kysely romaniankielisille<\/a><time datetime=\"2026-01-13T14:45:30+02:00\" class=\"wp-block-latest-posts__post-date\">13.1.2026<\/time><div class=\"wp-block-latest-posts__post-excerpt\">Kyselylomake on auki 31.1.2026 saakka (kyselyn alussa olevassa tiedotteessa annettua p\u00e4\u00e4ttymisajankohtaa 11.1.2026 on siis pidennetty tammikuun 2026 loppuun asti).\u00a0 Oletko romaniankielinen ortodoksi? Asutko Turun alueella? Osallistu kyselyyn ja kerro mit\u00e4 mielt\u00e4 olet Suomen ortodoksisesta kirkosta, Turun ortodoksisen seurakunnan jumalanpalveluksista ja muusta toiminnasta. Tutkimusaineistoa k\u00e4ytet\u00e4\u00e4n Janne Ohenojan pro gradu -tutkielmassa. Kyselyss\u00e4 ei ker\u00e4t\u00e4 tunnistettavia henkil\u00f6tietoja.&nbsp; T\u00e4ss\u00e4&hellip; <a class=\"continue\" href=\"https:\/\/ort.fi\/turku\/stiri-si-retele-sociale\/\">Continue Reading<span> \u0218tiri \u0219i re\u021bele sociale<\/span><\/a><\/div><\/li>\n<\/ul>","protected":false},"excerpt":{"rendered":"","protected":false},"author":5,"featured_media":0,"parent":0,"menu_order":0,"comment_status":"closed","ping_status":"closed","template":"","meta":{"slim_seo":{"title":"\u0218tiri \u0219i re\u021bele sociale - Turun ortodoksinen seurakunta","description":""},"footnotes":""},"class_list":["post-3101","page","type-page","status-publish"],"_links":{"self":[{"href":"https:\/\/ort.fi\/turku\/wp-json\/wp\/v2\/pages\/3101","targetHints":{"allow":["GET"]}}],"collection":[{"href":"https:\/\/ort.fi\/turku\/wp-json\/wp\/v2\/pages"}],"about":[{"href":"https:\/\/ort.fi\/turku\/wp-json\/wp\/v2\/types\/page"}],"author":[{"embeddable":true,"href":"https:\/\/ort.fi\/turku\/wp-json\/wp\/v2\/users\/5"}],"replies":[{"embeddable":true,"href":"https:\/\/ort.fi\/turku\/wp-json\/wp\/v2\/comments?post=3101"}],"version-history":[{"count":0,"href":"https:\/\/ort.fi\/turku\/wp-json\/wp\/v2\/pages\/3101\/revisions"}],"wp:attachment":[{"href":"https:\/\/ort.fi\/turku\/wp-json\/wp\/v2\/media?parent=3101"}],"curies":[{"name":"wp","href":"https:\/\/api.w.org\/{rel}","templated":true}]}}