{"id":2805,"date":"2024-11-21T13:06:52","date_gmt":"2024-11-21T11:06:52","guid":{"rendered":"https:\/\/ort.fi\/ortturkusrk\/?page_id=2805"},"modified":"2025-01-24T14:25:02","modified_gmt":"2025-01-24T12:25:02","slug":"frivilligarbete","status":"publish","type":"page","link":"https:\/\/ort.fi\/turku\/frivilligarbete\/","title":{"rendered":"Frivilligarbete"},"content":{"rendered":"\n<h6 class=\"wp-block-heading\">I den ortodoxa traditionen uppfattas medlemskap i kyrkan mycket konkret som medlemskap i Kristi kropp. Varje medlem av kyrkan inbjuds d\u00e4rf\u00f6r att delta i arbetet med att utveckla, utforma, genomf\u00f6ra och uppr\u00e4tth\u00e5lla verksamheten i sin f\u00f6rsamling och i kyrkan som helhet. <\/h6>\n\n\n\n<p>Vi uppskattar frivilliga som hj\u00e4lper till, exempelvis med arrangemang av kyrkkaffe och andra evenemang. Det finns m\u00e5nga olika uppgifter och f\u00f6rsamlingen v\u00e4lkomnar b\u00e5de experter och extra hj\u00e4lpande h\u00e4nder.<\/p>\n\n\n\n<p>Kontaktperson: <\/p>\n\n\n\n<p><strong>Fader Ioannis Lampropoulos<\/strong><br>050 357 3675<br>ioannis.lampropoulos@ort.fi<\/p>\n\n\n\n<p><\/p>\n","protected":false},"excerpt":{"rendered":"<p>I den ortodoxa traditionen uppfattas medlemskap i kyrkan mycket konkret som medlemskap i Kristi kropp. Varje medlem av kyrkan inbjuds d\u00e4rf\u00f6r att delta i arbetet med att utveckla, utforma, genomf\u00f6ra och uppr\u00e4tth\u00e5lla verksamheten i sin f\u00f6rsamling och i kyrkan som helhet. Vi uppskattar frivilliga som hj\u00e4lper till, exempelvis med arrangemang av kyrkkaffe och andra evenemang.&hellip; <a class=\"continue\" href=\"https:\/\/ort.fi\/turku\/frivilligarbete\/\">Continue Reading<span> Frivilligarbete<\/span><\/a><\/p>\n","protected":false},"author":13,"featured_media":0,"parent":0,"menu_order":0,"comment_status":"closed","ping_status":"closed","template":"","meta":{"slim_seo":{"title":"Frivilligarbete - Turun ortodoksinen seurakunta","description":"I den ortodoxa traditionen uppfattas medlemskap i kyrkan mycket konkret som medlemskap i Kristi kropp. Varje medlem av kyrkan inbjuds d\u00e4rf\u00f6r att delta i arbetet"},"footnotes":""},"class_list":["post-2805","page","type-page","status-publish"],"_links":{"self":[{"href":"https:\/\/ort.fi\/turku\/wp-json\/wp\/v2\/pages\/2805","targetHints":{"allow":["GET"]}}],"collection":[{"href":"https:\/\/ort.fi\/turku\/wp-json\/wp\/v2\/pages"}],"about":[{"href":"https:\/\/ort.fi\/turku\/wp-json\/wp\/v2\/types\/page"}],"author":[{"embeddable":true,"href":"https:\/\/ort.fi\/turku\/wp-json\/wp\/v2\/users\/13"}],"replies":[{"embeddable":true,"href":"https:\/\/ort.fi\/turku\/wp-json\/wp\/v2\/comments?post=2805"}],"version-history":[{"count":0,"href":"https:\/\/ort.fi\/turku\/wp-json\/wp\/v2\/pages\/2805\/revisions"}],"wp:attachment":[{"href":"https:\/\/ort.fi\/turku\/wp-json\/wp\/v2\/media?parent=2805"}],"curies":[{"name":"wp","href":"https:\/\/api.w.org\/{rel}","templated":true}]}}