{"id":2797,"date":"2024-11-21T13:00:04","date_gmt":"2024-11-21T11:00:04","guid":{"rendered":"https:\/\/ort.fi\/ortturkusrk\/?page_id=2797"},"modified":"2025-02-02T16:39:42","modified_gmt":"2025-02-02T14:39:42","slug":"religionsundervisning-i-skolan","status":"publish","type":"page","link":"https:\/\/ort.fi\/turku\/religionsundervisning-i-skolan\/","title":{"rendered":"Religionsundervisning i skolan"},"content":{"rendered":"\n<p>Ortodox religionsundervisning ges i kommuner d\u00e4r det finns minst tre ortodoxa elever. Undervisningen st\u00e4rker den ortodoxa identiteten och bidrar till elevens etiska utveckling. F\u00f6rsamlingen hj\u00e4lper vid behov med undervisningsarrangemang.<\/p>\n\n\n\n<p>Ta kontakt med <a href=\"https:\/\/ort.fi\/turku\/kontakt\/\" data-type=\"link\" data-id=\"https:\/\/ort.fi\/ortturkusrk\/kontakt\/\">f\u00f6rsamlingssekreterare Leena Haapala-Lindholm<\/a> f\u00f6r mer information.<\/p>\n\n\n\n<p><\/p>\n\n\n\n<p><\/p>\n","protected":false},"excerpt":{"rendered":"<p>Ortodox religionsundervisning ges i kommuner d\u00e4r det finns minst tre ortodoxa elever. Undervisningen st\u00e4rker den ortodoxa identiteten och bidrar till elevens etiska utveckling. F\u00f6rsamlingen hj\u00e4lper vid behov med undervisningsarrangemang. Ta kontakt med f\u00f6rsamlingssekreterare Leena Haapala-Lindholm f\u00f6r mer information.<\/p>\n","protected":false},"author":13,"featured_media":0,"parent":0,"menu_order":0,"comment_status":"closed","ping_status":"closed","template":"","meta":{"slim_seo":{"title":"Religionsundervisning i skolan - Turun ortodoksinen seurakunta","description":"Ortodox religionsundervisning ges i kommuner d\u00e4r det finns minst tre ortodoxa elever. Undervisningen st\u00e4rker den ortodoxa identiteten och bidrar till elevens et"},"footnotes":""},"class_list":["post-2797","page","type-page","status-publish"],"_links":{"self":[{"href":"https:\/\/ort.fi\/turku\/wp-json\/wp\/v2\/pages\/2797","targetHints":{"allow":["GET"]}}],"collection":[{"href":"https:\/\/ort.fi\/turku\/wp-json\/wp\/v2\/pages"}],"about":[{"href":"https:\/\/ort.fi\/turku\/wp-json\/wp\/v2\/types\/page"}],"author":[{"embeddable":true,"href":"https:\/\/ort.fi\/turku\/wp-json\/wp\/v2\/users\/13"}],"replies":[{"embeddable":true,"href":"https:\/\/ort.fi\/turku\/wp-json\/wp\/v2\/comments?post=2797"}],"version-history":[{"count":0,"href":"https:\/\/ort.fi\/turku\/wp-json\/wp\/v2\/pages\/2797\/revisions"}],"wp:attachment":[{"href":"https:\/\/ort.fi\/turku\/wp-json\/wp\/v2\/media?parent=2797"}],"curies":[{"name":"wp","href":"https:\/\/api.w.org\/{rel}","templated":true}]}}