{"id":2793,"date":"2024-11-21T12:56:50","date_gmt":"2024-11-21T10:56:50","guid":{"rendered":"https:\/\/ort.fi\/ortturkusrk\/?page_id=2793"},"modified":"2025-01-24T14:18:06","modified_gmt":"2025-01-24T12:18:06","slug":"sakrament-och-tjanster","status":"publish","type":"page","link":"https:\/\/ort.fi\/turku\/sakrament-och-tjanster\/","title":{"rendered":"Sakrament och traditioner"},"content":{"rendered":"\n<p><strong>Dop och myrrasm\u00f6rjelse<\/strong><strong><br><\/strong>Dop och myrrasm\u00f6rjelse inneb\u00e4r b\u00f6rjan p\u00e5 medlemskap i den ortodoxa kyrkan. Vid dopet f\u00e5r barnet eller den vuxna b\u00e5de dopets och myrrasm\u00f6rjelsens sakrament. F\u00f6r den som g\u00e5r med i den ortodoxa kyrkan och redan \u00e4r d\u00f6pt i en kristen kyrka, r\u00e4cker enbart myrrasm\u00f6rjelsen.<\/p>\n\n\n\n<p><strong>De sjukas sm\u00f6rjelse<br><\/strong>De sjukas sm\u00f6rjelse ger andligt st\u00f6d och hj\u00e4lper till att hela sj\u00e4len. Detta sakrament kan f\u00f6rr\u00e4ttas i kyrkan, hemma eller p\u00e5 ett sjukhus. De sjukas sm\u00f6rjelse f\u00f6rr\u00e4ttas under Stora fastan och efter individuellt behov. <\/p>\n\n\n\n<p><strong>Nattvard<\/strong><strong><br><\/strong>Nattvarden \u00e4r kyrkans viktigaste sakrament, och symboliserar f\u00f6reningen med Kristus och kyrkan. Endast medlemmar i den ortodoxa kyrkan kan ta del av nattvarden, d\u00e4r br\u00f6d och vin enligt kyrkans tro f\u00f6rvandlas till Kristi kropp och blod.<\/p>\n\n\n\n<p><strong>F\u00f6rlovning och vigsel<br><\/strong>\u00c4ktenskapets sakrament inneb\u00e4r en v\u00e4lsignelse av en f\u00f6rening mellan tv\u00e5 personer. F\u00f6r att vigseln ska ske i den ortodoxa kyrkan kr\u00e4vs att minst en av parterna \u00e4r medlem i den ortodoxa kyrkan och den andra \u00e4r medlem i en kristen f\u00f6rsamling.<\/p>\n\n\n\n<p><strong><strong>V\u00e4lsignelse av hem<br><\/strong><\/strong>Vid hemv\u00e4lsignelsen st\u00e4nker pr\u00e4sten helgat vatten i hemmet som en del av b\u00f6nen och v\u00e4lsignelsen. Detta \u00e4r vanligt vid flytt till ett nytt hem men kan ske n\u00e4r som helst.<\/p>\n\n\n\n<p><strong>Begravning och panihida<\/strong><strong><br><\/strong>Vid begravningen ber kyrkan f\u00f6r den avlidnas sj\u00e4l. De anh\u00f6riga kan \u00e4ven be pr\u00e4sten om en minnesgudstj\u00e4nst (panihida) f\u00f6r den avlidne.<\/p>\n","protected":false},"excerpt":{"rendered":"<p>Dop och myrrasm\u00f6rjelseDop och myrrasm\u00f6rjelse inneb\u00e4r b\u00f6rjan p\u00e5 medlemskap i den ortodoxa kyrkan. Vid dopet f\u00e5r barnet eller den vuxna b\u00e5de dopets och myrrasm\u00f6rjelsens sakrament. F\u00f6r den som g\u00e5r med i den ortodoxa kyrkan och redan \u00e4r d\u00f6pt i en kristen kyrka, r\u00e4cker enbart myrrasm\u00f6rjelsen. De sjukas sm\u00f6rjelseDe sjukas sm\u00f6rjelse ger andligt st\u00f6d och hj\u00e4lper&hellip; <a class=\"continue\" href=\"https:\/\/ort.fi\/turku\/sakrament-och-tjanster\/\">Continue Reading<span> Sakrament och traditioner<\/span><\/a><\/p>\n","protected":false},"author":13,"featured_media":0,"parent":0,"menu_order":0,"comment_status":"closed","ping_status":"closed","template":"","meta":{"slim_seo":{"title":"Sakrament och traditioner - Turun ortodoksinen seurakunta","description":"Dop och myrrasm\u00f6rjelse Dop och myrrasm\u00f6rjelse inneb\u00e4r b\u00f6rjan p\u00e5 medlemskap i den ortodoxa kyrkan. Vid dopet f\u00e5r barnet eller den vuxna b\u00e5de dopets och myrrasm\u00f6r"},"footnotes":""},"class_list":["post-2793","page","type-page","status-publish"],"_links":{"self":[{"href":"https:\/\/ort.fi\/turku\/wp-json\/wp\/v2\/pages\/2793","targetHints":{"allow":["GET"]}}],"collection":[{"href":"https:\/\/ort.fi\/turku\/wp-json\/wp\/v2\/pages"}],"about":[{"href":"https:\/\/ort.fi\/turku\/wp-json\/wp\/v2\/types\/page"}],"author":[{"embeddable":true,"href":"https:\/\/ort.fi\/turku\/wp-json\/wp\/v2\/users\/13"}],"replies":[{"embeddable":true,"href":"https:\/\/ort.fi\/turku\/wp-json\/wp\/v2\/comments?post=2793"}],"version-history":[{"count":0,"href":"https:\/\/ort.fi\/turku\/wp-json\/wp\/v2\/pages\/2793\/revisions"}],"wp:attachment":[{"href":"https:\/\/ort.fi\/turku\/wp-json\/wp\/v2\/media?parent=2793"}],"curies":[{"name":"wp","href":"https:\/\/api.w.org\/{rel}","templated":true}]}}