{"id":2773,"date":"2024-11-19T12:39:13","date_gmt":"2024-11-19T10:39:13","guid":{"rendered":"https:\/\/ort.fi\/ortturkusrk\/?page_id=2773"},"modified":"2025-02-02T16:37:17","modified_gmt":"2025-02-02T14:37:17","slug":"utbildningskretsar-grupper-och-lager","status":"publish","type":"page","link":"https:\/\/ort.fi\/turku\/utbildningskretsar-grupper-och-lager\/","title":{"rendered":"Utbildningskretsar, grupper och l\u00e4ger"},"content":{"rendered":"\n<h5 class=\"wp-block-heading\"><strong>Tisdagss\u00e4llskapet<\/strong><\/h5>\n\n\n\n<p>P\u00e5 tisdagss\u00e4llskapets kv\u00e4llar diskuteras olika teman som ber\u00f6r ortodoxi och andra \u00e4mnen genom f\u00f6redrag fr\u00e5n f\u00f6rsamlingsmedlemmar. Det ordnas ocks\u00e5 gemensamma aktiviteter och resor.<br><\/p>\n\n\n\n<p>Mer information om kv\u00e4llarna (p\u00e5 finska):<\/p>\n\n\n\n<ul class=\"wp-block-list\">\n<li><a href=\"https:\/\/ort.fi\/turku\/turun-tiistaiseura\/\">\u00c5bo<\/a><\/li>\n\n\n\n<li><a href=\"https:\/\/ort.fi\/turku\/salon-tiistaiseura\/\">Salo<\/a><\/li>\n\n\n\n<li><a href=\"https:\/\/ort.fi\/turku\/rauman-tiistaiseura\/\">Raumo<\/a><\/li>\n<\/ul>\n\n\n\n<p><strong>Jag? Ortodox!?<\/strong><\/p>\n\n\n\n<p>En \u00f6ppen f\u00f6rel\u00e4sningsserie om den ortodoxa kyrkans gudstj\u00e4nst- och sakramentala liv samt kyrkans l\u00e4ra. F\u00f6rel\u00e4sningsserien \u00e4r s\u00e4rskilt f\u00f6r katekumener, dvs. de som \u00f6verv\u00e4ger medlemskap i den ortodoxa kyrkan, men alla \u00e4r v\u00e4lkomna.<\/p>\n\n\n\n<p><a href=\"https:\/\/ort.fi\/turku\/minustako-ortodoksi\/\">Mer information om tidpunkter<\/a> (p\u00e5 finska)<\/p>\n\n\n\n<p><strong>Ortodoxicirkeln<\/strong><\/p>\n\n\n\n<p>I ortodoxicirkeln diskuterar vi fr\u00e5gor som r\u00f6r den ortodoxa kyrkan: kyrkans l\u00e4ra, traditioner och att leva som kristen.<\/p>\n\n\n\n<p><a href=\"https:\/\/ort.fi\/turku\/ortodoksiapiiri\/\">Mer information om tidpunkter<\/a> (p\u00e5 finska)<\/p>\n\n\n\n<p><strong>Bibelcirkeln<\/strong><\/p>\n\n\n\n<p>Vi utforskar Bibeln tillsammans genom diskussion.<\/p>\n\n\n\n<p><a href=\"https:\/\/ort.fi\/turku\/raamattupiiri\/\">Mer information om tidpunkter<\/a> (p\u00e5 finska)<\/p>\n\n\n\n<p><strong>Ikonm\u00e5lning<\/strong><\/p>\n\n\n\n<p>Ikonm\u00e5lning \u00e4r en k\u00e4r hobby f\u00f6r m\u00e5nga f\u00f6rsamlingsmedlemmar som ocks\u00e5 st\u00e4rker b\u00f6nelivet. F\u00f6r m\u00e5nga har det \u00e4ven varit ett viktigt inslag p\u00e5 v\u00e4gen till kyrkans medlemskap. Ikonm\u00e5lningsgrupperna samlas i f\u00f6rsamlingssalen.<\/p>\n\n\n\n<p><a href=\"https:\/\/ort.fi\/turku\/ikonimaalaus\/\">Mer information om tidpunkter<\/a> (p\u00e5 finska)<\/p>\n\n\n\n<p><strong>Svenska diskussionsgruppen<\/strong><\/p>\n\n\n\n<p>Den svenskspr\u00e5kiga cirkeln behandlas grundl\u00e4ggande teman inom den ortodoxa kyrkan p\u00e5 svenska.<\/p>\n\n\n\n<p><a href=\"https:\/\/ort.fi\/turku\/svenska-diskussiongruppen\/\">Mer information om tidpunkter<\/a><\/p>\n\n\n\n<p><strong>Studiecirkel p\u00e5 ryska<\/strong><\/p>\n\n\n\n<p>Den ryskspr\u00e5kiga cirkeln behandlar grundl\u00e4ggande teman inom den ortodoxa kyrkan p\u00e5 ryska.<\/p>\n\n\n\n<p><a href=\"https:\/\/ort.fi\/turku\/%D1%80%D1%83%D1%81%D1%81%D0%BA%D0%BE%D1%8F%D0%B7%D1%8B%D1%87%D0%BD%D1%8B%D0%B9-%D0%BF%D1%80%D0%B0%D0%B2%D0%BE%D1%81%D0%BB%D0%B0%D0%B2%D0%BD%D1%8B%D0%B9-%D0%BA%D1%80%D1%83%D0%B6%D0%BE%D0%BA\/\">Mer information om tidpunkter<\/a> (p\u00e5 ryska)<\/p>\n\n\n\n<p><strong>Alexandra-klubben<\/strong> <\/p>\n\n\n\n<p>Kvinnoklubbens medlemmar planerar verksamheten sj\u00e4lva. Tidigare har klubben organiserat utflykter till n\u00e4rliggande platser som museer och botaniska tr\u00e4dg\u00e5rdar, samlats f\u00f6r kaffe eller picknick, f\u00f6rberett sig f\u00f6r jul och p\u00e5sk samt sjungit tillsammans.<\/p>\n\n\n\n<p><a href=\"https:\/\/ort.fi\/turku\/aleksandra-club\/\">Mer information om tidpunkter<\/a> (p\u00e5 finska)<\/p>\n\n\n\n<p><strong>K\u00f6ren vid \u00c5bo ortodoxa kyrka<\/strong><\/p>\n\n\n\n<p>K\u00f6rens huvuduppgift \u00e4r att delta i f\u00f6rsamlingens gudstj\u00e4nster och kyrkliga verksamhet. K\u00f6ren producerar \u00e4ven inspelningar och h\u00e5ller konserter i Finland och utomlands. F\u00f6r att bli medlem ska du vara 15\u201350 \u00e5r och intresserad av ortodox musik, samt godk\u00e4nt avl\u00e4gga ett s\u00e5ngprov.<\/p>\n\n\n\n<p><a href=\"https:\/\/ort.fi\/turku\/turun-ortodoksisen-kirkon-kuoro\/\">Mer information<\/a> (p\u00e5 finska)<\/p>\n\n\n\n<p><strong>Kyrkos\u00e5ng i Salo och Raumo<\/strong><\/p>\n\n\n\n<p>Kantorn Riikka h\u00e5ller s\u00e5ng\u00f6vningar en g\u00e5ng i m\u00e5naden p\u00e5 tisdagar i Salo och Raumo. \u00d6vningarna sker samma vecka som gudstj\u00e4nster h\u00e5lls i de lokala helgedomarna.<\/p>\n\n\n\n<p><a href=\"https:\/\/ort.fi\/turku\/kirkkokuorotoiminta-raumalla-ja-salossa\/\">Mer information<\/a> (p\u00e5 finska)<\/p>\n\n\n\n<p><strong>Barnk\u00f6ren<\/strong><\/p>\n\n\n\n<p>Barnk\u00f6ren riktar sig till barn i \u00e5ldrarna 7\u201312 som \u00e4r intresserade av k\u00f6rs\u00e5ng. K\u00f6ren deltar i n\u00e5gra av f\u00f6rsamlingens liturgier och h\u00f6gtider.<\/p>\n\n\n\n<p><a href=\"https:\/\/ort.fi\/turku\/lapsikuoro\/\">Mer information<\/a> (p\u00e5 finska)<\/p>\n\n\n\n<p><strong>Kyrkos\u00e5ngscirkeln<\/strong><\/p>\n\n\n\n<p>Syftet med cirkeln \u00e4r att l\u00e4ra sig att sjunga unisont under gudstj\u00e4nsternas gemensamma s\u00e5nger, att \u00f6va p\u00e5 recitativt l\u00e4sande och att bekanta sig teoretiskt och praktiskt med den ortodoxa kyrkans \u00e5ttatonssystem. Verksamheten \u00e4r \u00f6ppen f\u00f6r alla intresserade, och tidigare s\u00e5ngvana beh\u00f6vs inte.<\/p>\n\n\n\n<p><a href=\"https:\/\/ort.fi\/turku\/2024\/09\/28\/kirkkolaulupiiri-kokoontuu-taas-ma-28-10-klo-18\/\">Mer information<\/a> (p\u00e5 finska)<\/p>\n\n\n\n<p><strong>Egen klubb 70+<\/strong><\/p>\n\n\n\n<p>F\u00f6rsamlingen har en Egen klubb f\u00f6r dem som \u00e4r 70+. Klubben samlas i f\u00f6rsamlingslokalerna f\u00f6r att dricka kaffe\/t\u00e9 och prata om aktuella saker. Tider och datum annonseras i Kupoli-tidningen, p\u00e5 f\u00f6rsamlingens webbplats och i sociala medier.<\/p>\n\n\n\n<p><a href=\"https:\/\/ort.fi\/turku\/oma-kerho-70-vuotiaille\/\">Mer information <\/a>(p\u00e5 finska)<\/p>\n\n\n\n<p><strong>Alexandras br\u00f6der<\/strong><\/p>\n\n\n\n<p>En verksamhetsgrupp f\u00f6r m\u00e4n i alla \u00e5ldrar! Syftet \u00e4r att samlas f\u00f6r b\u00f6n och gemenskap samt andra aktiviteter som st\u00e4rker f\u00f6rsamlingslivet.<\/p>\n\n\n\n<p><a href=\"https:\/\/ort.fi\/turku\/aleksandran-veljet\/\">Mer information<\/a> (p\u00e5 finska)<\/p>\n\n\n\n<p><strong>Familjeklubben<\/strong><\/p>\n\n\n\n<p>V\u00e4lkommen till familjeklubben som \u00e4r f\u00f6r hela familjen eller en f\u00f6r\u00e4lder med sina barn. I familjeklubben tr\u00e4ffas familjer f\u00f6r att diskutera och g\u00f6ra roliga saker tillsammans, s\u00e5som pyssel, matlagning och utomhusaktiviteter.<\/p>\n\n\n\n<p><a href=\"https:\/\/ort.fi\/turku\/perhekerho\/\">Mer information<\/a> (p\u00e5 finska)<\/p>\n\n\n\n<p><strong>S\u00f6ndagsskola<\/strong><\/p>\n\n\n\n<p>S\u00f6ndagsskolan riktar sig till barn \u00f6ver 5 \u00e5r. \u00c4ven yngre barn \u00e4r v\u00e4lkomna tillsammans med en f\u00f6r\u00e4lder eller annan vuxen. F\u00f6r\u00e4ldrar kan l\u00e4mna sina barn i s\u00f6ndagsskolan och sj\u00e4lva delta i gudstj\u00e4nsten, eller delta i s\u00f6ndagsskolan tillsammans med barnen. Ledarna tar barnen till kyrkan ungef\u00e4r kl. 10:30, varefter barnen deltar i stora int\u00e5get och nattvarden. Inneh\u00e5llet i s\u00f6ndagsskolan f\u00f6ljer kyrko\u00e5ret.<\/p>\n\n\n\n<p><a href=\"https:\/\/ort.fi\/turku\/pyhakoulu\/\">Mer information<\/a> (p\u00e5 finska)<\/p>\n\n\n\n<p><strong>\u00c5bos ortodoxa ungdomar &#8211; TNO<\/strong><\/p>\n\n\n\n<p>TNO \u00e4r en l\u00e5gtr\u00f6skelklubb f\u00f6r ungdomar i \u00e5ldern ca 15\u201325 \u00e5r. Klubbens syfte \u00e4r att st\u00e4rka kontakten mellan ortodoxa ungdomar i f\u00f6rsamlingen och hitta p\u00e5 roliga aktiviteter tillsammans. Tr\u00e4ffarna \u00e4r avslappnade och kan till exempel best\u00e5 av bakning, spelkv\u00e4llar, filmkv\u00e4llar och picknick. Man kan delta n\u00e4r det passar.<\/p>\n\n\n\n<p><a href=\"https:\/\/ort.fi\/turku\/tno\/\">Mer information<\/a> (p\u00e5 finska)<\/p>\n\n\n\n<p><\/p>\n","protected":false},"excerpt":{"rendered":"<p>Tisdagss\u00e4llskapet P\u00e5 tisdagss\u00e4llskapets kv\u00e4llar diskuteras olika teman som ber\u00f6r ortodoxi och andra \u00e4mnen genom f\u00f6redrag fr\u00e5n f\u00f6rsamlingsmedlemmar. Det ordnas ocks\u00e5 gemensamma aktiviteter och resor. Mer information om kv\u00e4llarna (p\u00e5 finska): Jag? Ortodox!? En \u00f6ppen f\u00f6rel\u00e4sningsserie om den ortodoxa kyrkans gudstj\u00e4nst- och sakramentala liv samt kyrkans l\u00e4ra. F\u00f6rel\u00e4sningsserien \u00e4r s\u00e4rskilt f\u00f6r katekumener, dvs. de som \u00f6verv\u00e4ger&hellip; <a class=\"continue\" href=\"https:\/\/ort.fi\/turku\/utbildningskretsar-grupper-och-lager\/\">Continue Reading<span> Utbildningskretsar, grupper och l\u00e4ger<\/span><\/a><\/p>\n","protected":false},"author":13,"featured_media":0,"parent":0,"menu_order":0,"comment_status":"closed","ping_status":"closed","template":"","meta":{"slim_seo":{"title":"Utbildningskretsar, grupper och l\u00e4ger - Turun ortodoksinen seurakunta","description":"Tisdagss\u00e4llskapet P\u00e5 tisdagss\u00e4llskapets kv\u00e4llar diskuteras olika teman som ber\u00f6r ortodoxi och andra \u00e4mnen genom f\u00f6redrag fr\u00e5n f\u00f6rsamlingsmedlemmar. Det ordnas o"},"footnotes":""},"class_list":["post-2773","page","type-page","status-publish"],"_links":{"self":[{"href":"https:\/\/ort.fi\/turku\/wp-json\/wp\/v2\/pages\/2773","targetHints":{"allow":["GET"]}}],"collection":[{"href":"https:\/\/ort.fi\/turku\/wp-json\/wp\/v2\/pages"}],"about":[{"href":"https:\/\/ort.fi\/turku\/wp-json\/wp\/v2\/types\/page"}],"author":[{"embeddable":true,"href":"https:\/\/ort.fi\/turku\/wp-json\/wp\/v2\/users\/13"}],"replies":[{"embeddable":true,"href":"https:\/\/ort.fi\/turku\/wp-json\/wp\/v2\/comments?post=2773"}],"version-history":[{"count":0,"href":"https:\/\/ort.fi\/turku\/wp-json\/wp\/v2\/pages\/2773\/revisions"}],"wp:attachment":[{"href":"https:\/\/ort.fi\/turku\/wp-json\/wp\/v2\/media?parent=2773"}],"curies":[{"name":"wp","href":"https:\/\/api.w.org\/{rel}","templated":true}]}}