{"id":2769,"date":"2024-11-19T12:23:36","date_gmt":"2024-11-19T10:23:36","guid":{"rendered":"https:\/\/ort.fi\/ortturkusrk\/?page_id=2769"},"modified":"2025-01-29T13:11:04","modified_gmt":"2025-01-29T11:11:04","slug":"nyheter-och-sociala-medier","status":"publish","type":"page","link":"https:\/\/ort.fi\/turku\/nyheter-och-sociala-medier\/","title":{"rendered":"Nyheter och sociala medier"},"content":{"rendered":"\n<h5 class=\"wp-block-heading\"><strong><em>Sociala medier<\/em><\/strong><\/h5>\n\n\n\n<p>\u00c5bo ortodoxa f\u00f6rsamling finns p\u00e5 <a href=\"https:\/\/www.facebook.com\/turunortodoksinen\" data-type=\"link\" data-id=\"https:\/\/www.facebook.com\/turunortodoksinen\" target=\"_blank\" rel=\"noreferrer noopener\">Facebook<\/a>. I en n\u00e4r framtid blir det ocks\u00e5 m\u00f6jligt att se f\u00f6rsamlingens Facebook-inl\u00e4gg direkt p\u00e5 den h\u00e4r webbsidan (utvecklingen av sidan p\u00e5g\u00e5r). Vi kommer ocks\u00e5 att publicera nyheter om aktuella h\u00e4ndelser p\u00e5 den h\u00e4r sidan. Tack f\u00f6r ditt t\u00e5lamod!<\/p>\n\n\n\n<hr class=\"wp-block-separator has-alpha-channel-opacity\"\/>\n\n\n\n<h5 class=\"wp-block-heading\"><strong><em>Nyheter<\/em><\/strong><\/h5>\n\n\n<ul class=\"wp-block-latest-posts__list has-dates wp-block-latest-posts\"><li><div class=\"wp-block-latest-posts__featured-image alignleft\"><img loading=\"lazy\" decoding=\"async\" width=\"300\" height=\"202\" src=\"https:\/\/ort.fi\/turku\/wp-content\/uploads\/2026\/04\/1000051820-300x202.jpg\" class=\"attachment-medium size-medium wp-post-image\" alt=\"1000051820\" style=\"\" srcset=\"https:\/\/ort.fi\/turku\/wp-content\/uploads\/2026\/04\/1000051820-300x202.jpg 300w, https:\/\/ort.fi\/turku\/wp-content\/uploads\/2026\/04\/1000051820-1024x690.jpg 1024w, https:\/\/ort.fi\/turku\/wp-content\/uploads\/2026\/04\/1000051820-768x517.jpg 768w, https:\/\/ort.fi\/turku\/wp-content\/uploads\/2026\/04\/1000051820-1536x1034.jpg 1536w, https:\/\/ort.fi\/turku\/wp-content\/uploads\/2026\/04\/1000051820.jpg 2027w\" sizes=\"auto, (max-width: 300px) 100vw, 300px\" \/><\/div><a class=\"wp-block-latest-posts__post-title\" href=\"https:\/\/ort.fi\/turku\/2026\/04\/03\/live-youtube-lahetys-suuren-perjantain-ehtoopalvelus-klo-14\/\">Live Youtube-l\u00e4hetys;  Suuren perjantain ehtoopalvelus klo 14<\/a><time datetime=\"2026-04-03T13:08:52+03:00\" class=\"wp-block-latest-posts__post-date\">3.4.2026<\/time><div class=\"wp-block-latest-posts__post-excerpt\"><\/div><\/li>\n<li><div class=\"wp-block-latest-posts__featured-image alignleft\"><img loading=\"lazy\" decoding=\"async\" width=\"300\" height=\"202\" src=\"https:\/\/ort.fi\/turku\/wp-content\/uploads\/2026\/04\/1000051819-300x202.jpg\" class=\"attachment-medium size-medium wp-post-image\" alt=\"1000051819\" style=\"\" srcset=\"https:\/\/ort.fi\/turku\/wp-content\/uploads\/2026\/04\/1000051819-300x202.jpg 300w, https:\/\/ort.fi\/turku\/wp-content\/uploads\/2026\/04\/1000051819-1024x688.jpg 1024w, https:\/\/ort.fi\/turku\/wp-content\/uploads\/2026\/04\/1000051819-768x516.jpg 768w, https:\/\/ort.fi\/turku\/wp-content\/uploads\/2026\/04\/1000051819-1536x1033.jpg 1536w, https:\/\/ort.fi\/turku\/wp-content\/uploads\/2026\/04\/1000051819-2048x1377.jpg 2048w\" sizes=\"auto, (max-width: 300px) 100vw, 300px\" \/><\/div><a class=\"wp-block-latest-posts__post-title\" href=\"https:\/\/ort.fi\/turku\/2026\/04\/03\/live-kristuksen-hautauspalvelus-klo-17\/\">Live Youtube-l\u00e4hetys; Kristuksen hautauspalvelus, klo 17<\/a><time datetime=\"2026-04-03T12:44:53+03:00\" class=\"wp-block-latest-posts__post-date\">3.4.2026<\/time><div class=\"wp-block-latest-posts__post-excerpt\"><\/div><\/li>\n<li><div class=\"wp-block-latest-posts__featured-image alignleft\"><img loading=\"lazy\" decoding=\"async\" width=\"225\" height=\"300\" src=\"https:\/\/ort.fi\/turku\/wp-content\/uploads\/2026\/03\/20250419_214746-225x300.jpg\" class=\"attachment-medium size-medium wp-post-image\" alt=\"Turun pyh\u00e4n Aleksandran kirkko p\u00e4\u00e4si\u00e4isy\u00f6n\u00e4 2025.\" style=\"\" srcset=\"https:\/\/ort.fi\/turku\/wp-content\/uploads\/2026\/03\/20250419_214746-225x300.jpg 225w, https:\/\/ort.fi\/turku\/wp-content\/uploads\/2026\/03\/20250419_214746-768x1024.jpg 768w, https:\/\/ort.fi\/turku\/wp-content\/uploads\/2026\/03\/20250419_214746-1152x1536.jpg 1152w, https:\/\/ort.fi\/turku\/wp-content\/uploads\/2026\/03\/20250419_214746-1536x2048.jpg 1536w, https:\/\/ort.fi\/turku\/wp-content\/uploads\/2026\/03\/20250419_214746-scaled.jpg 1920w\" sizes=\"auto, (max-width: 225px) 100vw, 225px\" \/><\/div><a class=\"wp-block-latest-posts__post-title\" href=\"https:\/\/ort.fi\/turku\/2026\/03\/27\/anvisningar-for-pasknattens-gudstjanster-i-den-ortodoxa-kyrkan-i-abo\/\">Anvisningar f\u00f6r p\u00e5sknattens gudstj\u00e4nster i den ortodoxa kyrkan i \u00c5bo<\/a><time datetime=\"2026-03-27T20:05:46+02:00\" class=\"wp-block-latest-posts__post-date\">27.3.2026<\/time><div class=\"wp-block-latest-posts__post-excerpt\">I \u00e5r blir p\u00e5sknattens gudstj\u00e4nster i den ortodoxa f\u00f6rsamlingen i \u00c5bo s\u00e4rskilt h\u00f6gtidliga, eftersom de leds av Hans Helighet Elia, \u00e4rkebiskop av Helsingfors och hela Finland. Processionen, morgongudstj\u00e4nsten och liturgin s\u00e4nds \u00e4ven p\u00e5 tv. Gudstj\u00e4nsterna b\u00f6rjar med midnattsgudstj\u00e4nsten kl. 23.15 och tv-s\u00e4ndningen kl. 23.55. P\u00e5sknatten \u00e4r \u00e5rets st\u00f6rsta och viktigaste h\u00f6gtid, hundratals deltagare f\u00f6rv\u00e4ntas \u00e5terigen&hellip; <a class=\"continue\" href=\"https:\/\/ort.fi\/turku\/nyheter-och-sociala-medier\/\">Continue Reading<span> Nyheter och sociala medier<\/span><\/a><\/div><\/li>\n<li><div class=\"wp-block-latest-posts__featured-image alignleft\"><img loading=\"lazy\" decoding=\"async\" width=\"300\" height=\"225\" src=\"https:\/\/ort.fi\/turku\/wp-content\/uploads\/2025\/05\/20230612_085517-300x225.jpg\" class=\"attachment-medium size-medium wp-post-image\" alt=\"20230612\" style=\"\" srcset=\"https:\/\/ort.fi\/turku\/wp-content\/uploads\/2025\/05\/20230612_085517-300x225.jpg 300w, https:\/\/ort.fi\/turku\/wp-content\/uploads\/2025\/05\/20230612_085517-1024x768.jpg 1024w, https:\/\/ort.fi\/turku\/wp-content\/uploads\/2025\/05\/20230612_085517-768x576.jpg 768w, https:\/\/ort.fi\/turku\/wp-content\/uploads\/2025\/05\/20230612_085517-1536x1152.jpg 1536w, https:\/\/ort.fi\/turku\/wp-content\/uploads\/2025\/05\/20230612_085517-2048x1536.jpg 2048w\" sizes=\"auto, (max-width: 300px) 100vw, 300px\" \/><\/div><a class=\"wp-block-latest-posts__post-title\" href=\"https:\/\/ort.fi\/turku\/2025\/11\/18\/till-kristendomslager\/\">Till kristendomsl\u00e4ger?<\/a><time datetime=\"2025-11-18T18:01:28+02:00\" class=\"wp-block-latest-posts__post-date\">18.11.2025<\/time><div class=\"wp-block-latest-posts__post-excerpt\">Hej, ung f\u00f6rsamlingsmedlem \u2013 om du fyller 15 n\u00e4sta \u00e5r \u00e4r det din tur att delta i skribal\u00e4gret! \u00c5r 2026 deltar de f\u00f6rsamlingsungdomar som \u00e4r f\u00f6dda 2011 i kristendomsundervisningsl\u00e4gret. P\u00e5 skribal\u00e4gret f\u00e5r du bekanta dig med kyrkans liv, traditioner och grundl\u00e4ggande undervisning. Under l\u00e4gret f\u00e5r du l\u00e4ra dig mer om gudstj\u00e4nstlivet och kyrkans sakrament. Framf\u00f6r&hellip; <a class=\"continue\" href=\"https:\/\/ort.fi\/turku\/nyheter-och-sociala-medier\/\">Continue Reading<span> Nyheter och sociala medier<\/span><\/a><\/div><\/li>\n<li><div class=\"wp-block-latest-posts__featured-image alignleft\"><img loading=\"lazy\" decoding=\"async\" width=\"225\" height=\"300\" src=\"https:\/\/ort.fi\/turku\/wp-content\/uploads\/2025\/08\/IMG_3278-1-225x300.jpg\" class=\"attachment-medium size-medium wp-post-image\" alt=\"Img 3278\" style=\"\" srcset=\"https:\/\/ort.fi\/turku\/wp-content\/uploads\/2025\/08\/IMG_3278-1-225x300.jpg 225w, https:\/\/ort.fi\/turku\/wp-content\/uploads\/2025\/08\/IMG_3278-1-768x1024.jpg 768w, https:\/\/ort.fi\/turku\/wp-content\/uploads\/2025\/08\/IMG_3278-1-1152x1536.jpg 1152w, https:\/\/ort.fi\/turku\/wp-content\/uploads\/2025\/08\/IMG_3278-1-1536x2048.jpg 1536w, https:\/\/ort.fi\/turku\/wp-content\/uploads\/2025\/08\/IMG_3278-1-scaled-e1763800805850.jpg 400w\" sizes=\"auto, (max-width: 225px) 100vw, 225px\" \/><\/div><a class=\"wp-block-latest-posts__post-title\" href=\"https:\/\/ort.fi\/turku\/2025\/08\/19\/forandring-i-forsamlingens-personalstyrka\/\">F\u00f6r\u00e4ndring i f\u00f6rsamlingens personalstyrka<\/a><time datetime=\"2025-08-19T17:17:55+03:00\" class=\"wp-block-latest-posts__post-date\">19.8.2025<\/time><div class=\"wp-block-latest-posts__post-excerpt\">F\u00f6rsamlingens andra pr\u00e4st, pr\u00e4stmunken Vladimiros Rusanen har den 18.8. 2025 sagt upp sig och \u00e4r fr\u00e5n och&nbsp;med den 19. 8. befriad fr\u00e5n sina arbetsuppgifter. &nbsp; F\u00f6rsamlingen vill framf\u00f6ra ett hj\u00e4rtligt tack till fader Vladimiros f\u00f6r hans v\u00e4rdefulla bidrag, och nedkallar&nbsp;Guds n\u00e5d och v\u00e4lsignelse \u00f6ver hans frantida v\u00e4g! F\u00f6rberedelserna f\u00f6r att hitta en eftertr\u00e4dare till fader&hellip; <a class=\"continue\" href=\"https:\/\/ort.fi\/turku\/nyheter-och-sociala-medier\/\">Continue Reading<span> Nyheter och sociala medier<\/span><\/a><\/div><\/li>\n<\/ul>","protected":false},"excerpt":{"rendered":"<p>Sociala medier \u00c5bo ortodoxa f\u00f6rsamling finns p\u00e5 Facebook. I en n\u00e4r framtid blir det ocks\u00e5 m\u00f6jligt att se f\u00f6rsamlingens Facebook-inl\u00e4gg direkt p\u00e5 den h\u00e4r webbsidan (utvecklingen av sidan p\u00e5g\u00e5r). Vi kommer ocks\u00e5 att publicera nyheter om aktuella h\u00e4ndelser p\u00e5 den h\u00e4r sidan. Tack f\u00f6r ditt t\u00e5lamod! Nyheter<\/p>\n","protected":false},"author":13,"featured_media":0,"parent":0,"menu_order":0,"comment_status":"closed","ping_status":"closed","template":"","meta":{"slim_seo":{"title":"Nyheter och sociala medier - Turun ortodoksinen seurakunta","description":"Sociala medier \u00c5bo ortodoxa f\u00f6rsamling finns p\u00e5 Facebook . I en n\u00e4r framtid blir det ocks\u00e5 m\u00f6jligt att se f\u00f6rsamlingens Facebook-inl\u00e4gg direkt p\u00e5 den h\u00e4r webbsi"},"footnotes":""},"class_list":["post-2769","page","type-page","status-publish"],"_links":{"self":[{"href":"https:\/\/ort.fi\/turku\/wp-json\/wp\/v2\/pages\/2769","targetHints":{"allow":["GET"]}}],"collection":[{"href":"https:\/\/ort.fi\/turku\/wp-json\/wp\/v2\/pages"}],"about":[{"href":"https:\/\/ort.fi\/turku\/wp-json\/wp\/v2\/types\/page"}],"author":[{"embeddable":true,"href":"https:\/\/ort.fi\/turku\/wp-json\/wp\/v2\/users\/13"}],"replies":[{"embeddable":true,"href":"https:\/\/ort.fi\/turku\/wp-json\/wp\/v2\/comments?post=2769"}],"version-history":[{"count":0,"href":"https:\/\/ort.fi\/turku\/wp-json\/wp\/v2\/pages\/2769\/revisions"}],"wp:attachment":[{"href":"https:\/\/ort.fi\/turku\/wp-json\/wp\/v2\/media?parent=2769"}],"curies":[{"name":"wp","href":"https:\/\/api.w.org\/{rel}","templated":true}]}}