{"id":2759,"date":"2024-11-19T11:58:44","date_gmt":"2024-11-19T09:58:44","guid":{"rendered":"https:\/\/ort.fi\/ortturkusrk\/?page_id=2759"},"modified":"2025-08-20T14:14:23","modified_gmt":"2025-08-20T11:14:23","slug":"kontakt","status":"publish","type":"page","link":"https:\/\/ort.fi\/turku\/kontakt\/","title":{"rendered":"Kontaktuppgifter"},"content":{"rendered":"\n<h4 class=\"wp-block-heading\">F\u00f6rsamlingens<strong> <\/strong>personal<\/h4>\n\n\n\n<p>Ioannis Lampropoulos<br>Kyrkoherde (FI, ENG, GR)<br>tel. 050 357 3675<br>e-post: ioannis.lampropoulos@ort.fi<\/p>\n\n\n\n<p>Pasi Torhamo<br>Kantor (FI)<br>tel. 040 835 8360<br>e-post: pasi.torhamo@ort.fi<\/p>\n\n\n\n<p>Riikka Patrikainen<br>Andra kantor (FI, SV, ENG, DE, GR)<br>tel. 044 90 123 44<br>e-post: riikka.patrikainen@ort.fi<\/p>\n\n\n\n<p>Leena Haapala-Lindholm<br>F\u00f6rsamlingssekreterare (FI, SV, ENG, GR)<br>tel. 044 751 4423<br>e-post: leena.haapala-lindholm@ort.fi<\/p>\n\n\n\n<h4 class=\"wp-block-heading\">Bitr\u00e4dande pr\u00e4ster:<\/h4>\n\n\n\n<p>Ion Durac (RO, FI, EN)<br>Prost<br>tel. 040 5166 741<br>e-post: ion.durac@ort.fi<\/p>\n\n\n\n<p>Mikko Leistola (FI, SV, EN)<br>Prost<br>e-post: mikko.leistola@gmail.com<\/p>\n\n\n\n<p>Mikko Ylinen (FI, EN, SV)<br>Prost<br>tel. 044 294 3050<br>e-post: ylinen.mikko@outlook.com<br><\/p>\n","protected":false},"excerpt":{"rendered":"<p>F\u00f6rsamlingens personal Ioannis LampropoulosKyrkoherde (FI, ENG, GR)tel. 050 357 3675e-post: ioannis.lampropoulos@ort.fi Pasi TorhamoKantor (FI)tel. 040 835 8360e-post: pasi.torhamo@ort.fi Riikka PatrikainenAndra kantor (FI, SV, ENG, DE, GR)tel. 044 90 123 44e-post: riikka.patrikainen@ort.fi Leena Haapala-LindholmF\u00f6rsamlingssekreterare (FI, SV, ENG, GR)tel. 044 751 4423e-post: leena.haapala-lindholm@ort.fi Bitr\u00e4dande pr\u00e4ster: Ion Durac (RO, FI, EN)Prosttel. 040 5166 741e-post: ion.durac@ort.fi Mikko Leistola (FI,&hellip; <a class=\"continue\" href=\"https:\/\/ort.fi\/turku\/kontakt\/\">Continue Reading<span> Kontaktuppgifter<\/span><\/a><\/p>\n","protected":false},"author":13,"featured_media":0,"parent":0,"menu_order":0,"comment_status":"closed","ping_status":"closed","template":"","meta":{"slim_seo":{"title":"Kontaktuppgifter - Turun ortodoksinen seurakunta","description":"F\u00f6rsamlingens personal Ioannis Lampropoulos Kyrkoherde (FI, ENG, GR) tel. 050 357 3675 e-post: ioannis.lampropoulos@ort.fi Pasi Torhamo Kantor (FI) tel. 040 835"},"footnotes":""},"class_list":["post-2759","page","type-page","status-publish"],"_links":{"self":[{"href":"https:\/\/ort.fi\/turku\/wp-json\/wp\/v2\/pages\/2759","targetHints":{"allow":["GET"]}}],"collection":[{"href":"https:\/\/ort.fi\/turku\/wp-json\/wp\/v2\/pages"}],"about":[{"href":"https:\/\/ort.fi\/turku\/wp-json\/wp\/v2\/types\/page"}],"author":[{"embeddable":true,"href":"https:\/\/ort.fi\/turku\/wp-json\/wp\/v2\/users\/13"}],"replies":[{"embeddable":true,"href":"https:\/\/ort.fi\/turku\/wp-json\/wp\/v2\/comments?post=2759"}],"version-history":[{"count":1,"href":"https:\/\/ort.fi\/turku\/wp-json\/wp\/v2\/pages\/2759\/revisions"}],"predecessor-version":[{"id":7655,"href":"https:\/\/ort.fi\/turku\/wp-json\/wp\/v2\/pages\/2759\/revisions\/7655"}],"wp:attachment":[{"href":"https:\/\/ort.fi\/turku\/wp-json\/wp\/v2\/media?parent=2759"}],"curies":[{"name":"wp","href":"https:\/\/api.w.org\/{rel}","templated":true}]}}