{"id":2751,"date":"2024-11-19T11:51:49","date_gmt":"2024-11-19T09:51:49","guid":{"rendered":"https:\/\/ort.fi\/ortturkusrk\/?page_id=2751"},"modified":"2025-02-02T16:30:56","modified_gmt":"2025-02-02T14:30:56","slug":"administration-2","status":"publish","type":"page","link":"https:\/\/ort.fi\/turku\/administration-2\/","title":{"rendered":"Administration"},"content":{"rendered":"\n<p>I <a href=\"https:\/\/ort.fi\/sv\/ortodoxa-kyrkan-i-finland\/\" data-type=\"link\" data-id=\"https:\/\/ort.fi\/sv\/ortodoxa-kyrkan-i-finland\/\" target=\"_blank\" rel=\"noreferrer noopener\">ortodoxa kyrkan i Finland<\/a> \u00e4r f\u00f6rsamlingarnas h\u00f6gsta beslutsfattande organet f\u00f6rsamlingsfullm\u00e4ktige som v\u00e4ljs genom val f\u00f6r en fyra\u00e5rsperiod. Fullm\u00e4ktigem\u00f6tena \u00e4r offentliga. F\u00f6rsamlingsfullm\u00e4ktige v\u00e4ljer under sin mandatperiod ett f\u00f6rsamlingsr\u00e5d, som ansvarar f\u00f6r att fr\u00e4mja f\u00f6rsamlingens andliga liv, f\u00f6rvalta f\u00f6rsamlingens administration och ekonomi samt f\u00f6rbereda, \u00f6vervaka lagligheten av och genomf\u00f6ra f\u00f6rsamlingsfullm\u00e4ktiges beslut. F\u00f6rsamlingsr\u00e5det bevakar f\u00f6rsamlingens intressen, representerar f\u00f6rsamlingen och har dess taler\u00e4tt, s\u00e5vida annat inte f\u00f6reskrivs i lag eller kyrkoordning.<\/p>\n\n\n\n<p>F\u00f6rsamlingsfullm\u00e4ktige v\u00e4ljer ocks\u00e5 ledam\u00f6ter till f\u00f6rsamlingens kommitt\u00e9er \u2013 d\u00e4r lagstadgade \u00e4r fastighets- och valkommitt\u00e9n \u2013 f\u00f6r hela fyra\u00e5rsperioden.<\/p>\n\n\n\n<p><a href=\"https:\/\/ort.fi\/turku\/tietosuojaseloste\/\">Dataskyddsbeskrivning<\/a> (p\u00e5 finska)<\/p>\n\n\n\n<p><a href=\"https:\/\/ort.fi\/turku\/saavutettavuus\/\">Tillg\u00e4nglighet<\/a> (p\u00e5 finska)<\/p>\n\n\n\n<p><\/p>\n","protected":false},"excerpt":{"rendered":"<p>I ortodoxa kyrkan i Finland \u00e4r f\u00f6rsamlingarnas h\u00f6gsta beslutsfattande organet f\u00f6rsamlingsfullm\u00e4ktige som v\u00e4ljs genom val f\u00f6r en fyra\u00e5rsperiod. Fullm\u00e4ktigem\u00f6tena \u00e4r offentliga. F\u00f6rsamlingsfullm\u00e4ktige v\u00e4ljer under sin mandatperiod ett f\u00f6rsamlingsr\u00e5d, som ansvarar f\u00f6r att fr\u00e4mja f\u00f6rsamlingens andliga liv, f\u00f6rvalta f\u00f6rsamlingens administration och ekonomi samt f\u00f6rbereda, \u00f6vervaka lagligheten av och genomf\u00f6ra f\u00f6rsamlingsfullm\u00e4ktiges beslut. F\u00f6rsamlingsr\u00e5det bevakar f\u00f6rsamlingens intressen, representerar&hellip; <a class=\"continue\" href=\"https:\/\/ort.fi\/turku\/administration-2\/\">Continue Reading<span> Administration<\/span><\/a><\/p>\n","protected":false},"author":13,"featured_media":0,"parent":0,"menu_order":0,"comment_status":"closed","ping_status":"closed","template":"","meta":{"slim_seo":{"title":"Administration - Turun ortodoksinen seurakunta","description":"I ortodoxa kyrkan i Finland \u00e4r f\u00f6rsamlingarnas h\u00f6gsta beslutsfattande organet f\u00f6rsamlingsfullm\u00e4ktige som v\u00e4ljs genom val f\u00f6r en fyra\u00e5rsperiod. Fullm\u00e4ktigem\u00f6tena"},"footnotes":""},"class_list":["post-2751","page","type-page","status-publish"],"_links":{"self":[{"href":"https:\/\/ort.fi\/turku\/wp-json\/wp\/v2\/pages\/2751","targetHints":{"allow":["GET"]}}],"collection":[{"href":"https:\/\/ort.fi\/turku\/wp-json\/wp\/v2\/pages"}],"about":[{"href":"https:\/\/ort.fi\/turku\/wp-json\/wp\/v2\/types\/page"}],"author":[{"embeddable":true,"href":"https:\/\/ort.fi\/turku\/wp-json\/wp\/v2\/users\/13"}],"replies":[{"embeddable":true,"href":"https:\/\/ort.fi\/turku\/wp-json\/wp\/v2\/comments?post=2751"}],"version-history":[{"count":0,"href":"https:\/\/ort.fi\/turku\/wp-json\/wp\/v2\/pages\/2751\/revisions"}],"wp:attachment":[{"href":"https:\/\/ort.fi\/turku\/wp-json\/wp\/v2\/media?parent=2751"}],"curies":[{"name":"wp","href":"https:\/\/api.w.org\/{rel}","templated":true}]}}