{"id":2747,"date":"2024-11-19T11:49:11","date_gmt":"2024-11-19T09:49:11","guid":{"rendered":"https:\/\/ort.fi\/ortturkusrk\/?page_id=2747"},"modified":"2024-12-09T14:47:12","modified_gmt":"2024-12-09T12:47:12","slug":"gudstjanster","status":"publish","type":"page","link":"https:\/\/ort.fi\/turku\/gudstjanster\/","title":{"rendered":"Gudstj\u00e4nster"},"content":{"rendered":"\n<h4 class=\"wp-block-heading\">Aftongudstj\u00e4nst<\/h4>\n\n\n\n<p>Den cirka 45 minuter l\u00e5nga aftongudstj\u00e4nsten firas p\u00e5 kv\u00e4llarna, med n\u00e5gra f\u00e5 undantag under kyrko\u00e5ret \u2013 i \u00c5bo ortodoxa f\u00f6rsamling huvudsakligen p\u00e5 onsdagar kl. 17. En kombination av aftongudstj\u00e4nst och morgongudstj\u00e4nst kallas f\u00f6r vigil. I \u00c5bo f\u00f6rsamling firas vigil huvudsakligen p\u00e5 l\u00f6rdagskv\u00e4llar och helgdagsaftnar kl. 17. Aftongudstj\u00e4nstens tema ber\u00f6r gamla testamentet.<\/p>\n\n\n\n<h4 class=\"wp-block-heading\">Morgongudstj\u00e4nst<\/h4>\n\n\n\n<p>Morgongudstj\u00e4nstens tematiska inneh\u00e5ll ber\u00e4ttar om h\u00e4ndelserna i Nya Testamentet och Kristi uppst\u00e5ndelse. Morgongudstj\u00e4nsten kan firas p\u00e5 morgonen eller som en del av vigilen p\u00e5 kv\u00e4llen, tillsammans med aftongudstj\u00e4nsten. I \u00c5bo f\u00f6rsamling firas vigil regelbundet p\u00e5 l\u00f6rdagar och helgdagsaftnar kl. 17.<\/p>\n\n\n\n<h4 class=\"wp-block-heading\">Vigil<\/h4>\n\n\n\n<p>Vigil \u00e4r en gudstj\u00e4nst som h\u00e5lls p\u00e5 helgaftnar och ofta p\u00e5 l\u00f6rdagskv\u00e4llar. Den best\u00e5r av tre sammanfogade gudstj\u00e4nster: aftongudstj\u00e4nsten, morgongudstj\u00e4nsten och den f\u00f6rsta timmen. I \u00c5bo ortodoxa f\u00f6rsamling firas vigil regelbundet p\u00e5 l\u00f6rdagar och p\u00e5 helgaftnar kl. 17. Vigilen tar cirka tv\u00e5 timmar.<\/p>\n\n\n\n<h4 class=\"wp-block-heading\">Liturgi<\/h4>\n\n\n\n<p>Liturgin \u00e4r den ortodoxa kyrkans nattvardsm\u00e4ssa. Alla \u00e4r v\u00e4lkomna att delta i liturgin, men endast medlemmar av den ortodoxa kyrkan kan ta del av nattvarden, Kristi kropp och blod. Det finns flera liturgiska former i den ortodoxa traditionen. I Finland firas oftast liturgin som b\u00e4r den helige Johannes Chrysostomos namn. I \u00c5bo ortodoxa f\u00f6rsamling firas liturgin regelbundet p\u00e5 s\u00f6ndagar och helgdagar kl. 10.<\/p>\n\n\n\n<h4 class=\"wp-block-heading\">Akatistos<\/h4>\n\n\n\n<p>Akatistos kan \u00f6vers\u00e4ttas som \u2018en st\u00e5ende hyllningsgudstj\u00e4nst\u2019. Den \u00e4r oftast riktad till Gudsmoderns, Fr\u00e4lsarens eller ett s\u00e4rskilt helgons minne. I gudstj\u00e4nstkalendern f\u00f6r \u00c5bo ortodoxa f\u00f6rsamling betyder \u2018akatistos\u2019 utan vidare f\u00f6rklaring oftast akatistos till Gudsmoder. Akatistos firas i \u00c5bo f\u00f6rsamling cirka en g\u00e5ng i m\u00e5naden, vanligtvis p\u00e5 onsdagar kl. 17.<\/p>\n\n\n\n<h4 class=\"wp-block-heading\">Kv\u00e4llsb\u00f6n<\/h4>\n\n\n\n<p>Kv\u00e4llsb\u00f6n h\u00e5lls i \u00c5bo ortodoxa kyrka cirka en g\u00e5ng i m\u00e5naden p\u00e5 onsdagar kl. 17. Pravilo, eller b\u00f6neordning, \u00e4r en sammanst\u00e4llning av b\u00f6ner som inneh\u00e5ller inledande b\u00f6ner, kv\u00e4llsb\u00f6ner samt andra b\u00f6ner.<\/p>\n","protected":false},"excerpt":{"rendered":"<p>Aftongudstj\u00e4nst Den cirka 45 minuter l\u00e5nga aftongudstj\u00e4nsten firas p\u00e5 kv\u00e4llarna, med n\u00e5gra f\u00e5 undantag under kyrko\u00e5ret \u2013 i \u00c5bo ortodoxa f\u00f6rsamling huvudsakligen p\u00e5 onsdagar kl. 17. En kombination av aftongudstj\u00e4nst och morgongudstj\u00e4nst kallas f\u00f6r vigil. I \u00c5bo f\u00f6rsamling firas vigil huvudsakligen p\u00e5 l\u00f6rdagskv\u00e4llar och helgdagsaftnar kl. 17. Aftongudstj\u00e4nstens tema ber\u00f6r gamla testamentet. Morgongudstj\u00e4nst Morgongudstj\u00e4nstens tematiska&hellip; <a class=\"continue\" href=\"https:\/\/ort.fi\/turku\/gudstjanster\/\">Continue Reading<span> Gudstj\u00e4nster<\/span><\/a><\/p>\n","protected":false},"author":13,"featured_media":0,"parent":0,"menu_order":0,"comment_status":"closed","ping_status":"closed","template":"","meta":{"slim_seo":{"title":"Gudstj\u00e4nster - Turun ortodoksinen seurakunta","description":"Aftongudstj\u00e4nst Den cirka 45 minuter l\u00e5nga aftongudstj\u00e4nsten firas p\u00e5 kv\u00e4llarna, med n\u00e5gra f\u00e5 undantag under kyrko\u00e5ret \u2013 i \u00c5bo ortodoxa f\u00f6rsamling huvudsakligen"},"footnotes":""},"class_list":["post-2747","page","type-page","status-publish"],"_links":{"self":[{"href":"https:\/\/ort.fi\/turku\/wp-json\/wp\/v2\/pages\/2747","targetHints":{"allow":["GET"]}}],"collection":[{"href":"https:\/\/ort.fi\/turku\/wp-json\/wp\/v2\/pages"}],"about":[{"href":"https:\/\/ort.fi\/turku\/wp-json\/wp\/v2\/types\/page"}],"author":[{"embeddable":true,"href":"https:\/\/ort.fi\/turku\/wp-json\/wp\/v2\/users\/13"}],"replies":[{"embeddable":true,"href":"https:\/\/ort.fi\/turku\/wp-json\/wp\/v2\/comments?post=2747"}],"version-history":[{"count":0,"href":"https:\/\/ort.fi\/turku\/wp-json\/wp\/v2\/pages\/2747\/revisions"}],"wp:attachment":[{"href":"https:\/\/ort.fi\/turku\/wp-json\/wp\/v2\/media?parent=2747"}],"curies":[{"name":"wp","href":"https:\/\/api.w.org\/{rel}","templated":true}]}}