{"id":2737,"date":"2024-11-19T11:03:16","date_gmt":"2024-11-19T09:03:16","guid":{"rendered":"https:\/\/ort.fi\/ortturkusrk\/?page_id=2737"},"modified":"2025-01-24T13:58:41","modified_gmt":"2025-01-24T11:58:41","slug":"kyrkor-och-lokaler","status":"publish","type":"page","link":"https:\/\/ort.fi\/turku\/kyrkor-och-lokaler\/","title":{"rendered":"Kyrkor och lokaler"},"content":{"rendered":"\n<h5 class=\"wp-block-heading\"><strong>Den heliga martyrkejsarinnan Alexandras kyrka i \u00c5bo<\/strong><\/h5>\n\n\n\n<p>Kyrkan byggdes enligt ritningar av C.L. Engel \u00e5ren 1839\u20131845 och invigdes den 2 september 1846. Kyrkan \u00e4r vigd till minnet av den heliga martyrkejsarinnan Alexandra (d. 303).<\/p>\n\n\n\n<p>Kejsarinnan Alexandras festdag firas den 23 april.<\/p>\n\n\n\n<p>Adress: Universitetsgatan 19, \u00c5bo<\/p>\n\n\n\n<p><\/p>\n\n\n\n<h5 class=\"wp-block-heading\"><strong>Den helige Nikolaus b\u00f6nehus i Raumo<\/strong><\/h5>\n\n\n\n<p>B\u00f6nehuset i Raumo \u00e4r inrymt i ett hus i Gamla Raumo, d\u00e4r de \u00e4ldsta delarna tros vara fr\u00e5n 1600-talet. Den andra delen av huset har inretts som ett b\u00f6nehus. Det byggdes enligt \u00e5teruppbyggnadslagen 1955 och invigdes den 2 november 1956. B\u00f6nehuset \u00e4r vigt till helige Nikolaus, \u00e4rkebiskop av Myra i Lykien (d. 300-talet).<\/p>\n\n\n\n<p>Nikolaus festdag firas den 6 december.<\/p>\n\n\n\n<p>Address: L\u00e4nsikatu 10, Raumo<\/p>\n\n\n\n<p><\/p>\n\n\n\n<h5 class=\"wp-block-heading\"><strong>Heliga Korsets b\u00f6nehus i Salo<\/strong><\/h5>\n\n\n\n<p>B\u00f6nehuset \u00e4r byggt i timmer \u00e5r 1989 i karelsk stil och vigdes till minnet av det Heliga Korset den 9 september 1990. Byggnaden ritades av f\u00f6rsamlingsmedlemmen Arvo Happo fr\u00e5n Salo, som \u00e4ven skapade tr\u00e4ornamenten. Ikonerna m\u00e5lades av Margit Lintu.<\/p>\n\n\n\n<p>Heliga Korsets festdag firas den 14 september.<\/p>\n\n\n\n<p>Adress: Uskelankirkkotie 23, Salo<\/p>\n\n\n\n<p><\/p>\n\n\n\n<h5 class=\"wp-block-heading\"><strong>Kapellet p\u00e5 \u00c5bo begravningsplats<\/strong><\/h5>\n\n\n\n<p>Kapellet p\u00e5 begravningsplatsen byggdes 1881 som gravkapell f\u00f6r k\u00f6pmannafamiljen Kuvschinov. En del av familjemedlemmarna \u00e4r begravda under kapellet och andra i en familjegrav cirka 50 meter d\u00e4rifr\u00e5n. Kapellet blev f\u00f6rsamlingens egendom sommaren 2012. Kapellet \u00e4r litet och rymmer h\u00f6gst 15 personer, men under sommarperioden f\u00f6rr\u00e4ttas liturgier i kapellet med g\u00e5rden som &#8221;kyrkosal&#8221;. <\/p>\n\n\n\n<p>Adress: Nylandsv\u00e4gen 76, \u00c5bo<\/p>\n\n\n\n<p><\/p>\n\n\n\n<h5 class=\"wp-block-heading\"><strong>Andra gudstj\u00e4nstst\u00e4llen<\/strong><\/h5>\n\n\n\n<p>Den ortodoxa f\u00f6rsamlingen i \u00c5bo ordnar regelbundna gudstj\u00e4nster p\u00e5 andra orter, ofta i lokala lutherska kyrkors utrymmen. Gudstj\u00e4nsternas tidtabeller uppdateras i gudstj\u00e4nstkalendern.<\/p>\n\n\n\n<ul class=\"wp-block-list\">\n<li>Loimaa: evangelisk-lutherska stadskyrkan, Turuntie 32<\/li>\n\n\n\n<li>Eura: evangelisk-lutherska f\u00f6rsamlingshemmet, Sorkkistentie 3<\/li>\n\n\n\n<li>Nystad: Saarnistos evangelisk-lutherska f\u00f6rsamlingshem, Pajusuontie 2<\/li>\n\n\n\n<li>Mariehamn: Margaretag\u00e5rden, M\u00e5sv\u00e4gen 4<\/li>\n\n\n\n<li>Vittis: evangelisk-lutherska f\u00f6rsamlingscentrumet, Papintie 1<\/li>\n\n\n\n<li>Pemar: Mikaelintalons kapell, Py\u00f6lintie 3<\/li>\n\n\n\n<li>Sagu: Sagu kyrka, Sauvontie 50<\/li>\n\n\n\n<li>S\u00e4kyl\u00e4: evangelisk-lutherska f\u00f6rsamlingshemmet, Tuulimyllyntie 21<\/li>\n\n\n\n<li>Letala: Mikaelskyrkan, Keskuskatu 7<\/li>\n<\/ul>\n\n\n\n<p><\/p>\n\n\n\n<h5 class=\"wp-block-heading\"><strong>Aleksandrasalen<\/strong><\/h5>\n\n\n\n<p>\u00c5bo ortodoxa f\u00f6rsamlings huvudsamlingssal i \u00c5bo k\u00e4rncentrum kallas f\u00f6r Aleksandrasalen, efter den heliga martyrkejsarinnan Alexandras kyrka. I salen h\u00e5lls regelbundet kyrkkaffe efter s\u00f6ndagens liturgi. Salen anv\u00e4nds ocks\u00e5 f\u00f6r kyrko\u00e5rets h\u00f6gtider, s\u00e5som p\u00e5skfirande, julfirande och kyrkans festdag, samt f\u00f6r olika m\u00f6ten, kaffesammankomster, f\u00f6rsamlingens f\u00f6rs\u00e4ljningsevenemang och andra aktiviteter. Aleksandrasalen kan \u00e4ven hyras f\u00f6r privata tillst\u00e4llningar.<\/p>\n\n\n\n<p>Adress: Universitetsgatan 19 B 3, \u00c5bo<\/p>\n\n\n\n<p><\/p>\n","protected":false},"excerpt":{"rendered":"<p>Den heliga martyrkejsarinnan Alexandras kyrka i \u00c5bo Kyrkan byggdes enligt ritningar av C.L. Engel \u00e5ren 1839\u20131845 och invigdes den 2 september 1846. Kyrkan \u00e4r vigd till minnet av den heliga martyrkejsarinnan Alexandra (d. 303). Kejsarinnan Alexandras festdag firas den 23 april. Adress: Universitetsgatan 19, \u00c5bo Den helige Nikolaus b\u00f6nehus i Raumo B\u00f6nehuset i Raumo \u00e4r&hellip; <a class=\"continue\" href=\"https:\/\/ort.fi\/turku\/kyrkor-och-lokaler\/\">Continue Reading<span> Kyrkor och lokaler<\/span><\/a><\/p>\n","protected":false},"author":13,"featured_media":0,"parent":0,"menu_order":0,"comment_status":"closed","ping_status":"closed","template":"","meta":{"slim_seo":{"title":"Kyrkor och lokaler - Turun ortodoksinen seurakunta","description":"Den heliga martyrkejsarinnan Alexandras kyrka i \u00c5bo Kyrkan byggdes enligt ritningar av C.L. Engel \u00e5ren 1839\u20131845 och invigdes den 2 september 1846. Kyrkan \u00e4r vi"},"footnotes":""},"class_list":["post-2737","page","type-page","status-publish"],"_links":{"self":[{"href":"https:\/\/ort.fi\/turku\/wp-json\/wp\/v2\/pages\/2737","targetHints":{"allow":["GET"]}}],"collection":[{"href":"https:\/\/ort.fi\/turku\/wp-json\/wp\/v2\/pages"}],"about":[{"href":"https:\/\/ort.fi\/turku\/wp-json\/wp\/v2\/types\/page"}],"author":[{"embeddable":true,"href":"https:\/\/ort.fi\/turku\/wp-json\/wp\/v2\/users\/13"}],"replies":[{"embeddable":true,"href":"https:\/\/ort.fi\/turku\/wp-json\/wp\/v2\/comments?post=2737"}],"version-history":[{"count":0,"href":"https:\/\/ort.fi\/turku\/wp-json\/wp\/v2\/pages\/2737\/revisions"}],"wp:attachment":[{"href":"https:\/\/ort.fi\/turku\/wp-json\/wp\/v2\/media?parent=2737"}],"curies":[{"name":"wp","href":"https:\/\/api.w.org\/{rel}","templated":true}]}}