{"id":2731,"date":"2024-11-19T11:01:40","date_gmt":"2024-11-19T09:01:40","guid":{"rendered":"https:\/\/ort.fi\/ortturkusrk\/?page_id=2731"},"modified":"2025-02-02T16:28:39","modified_gmt":"2025-02-02T14:28:39","slug":"bli-medlem-i-kyrkan","status":"publish","type":"page","link":"https:\/\/ort.fi\/turku\/bli-medlem-i-kyrkan\/","title":{"rendered":"Bli medlem i kyrkan"},"content":{"rendered":"\n<p>Gudstj\u00e4nsterna \u00e4r k\u00e4rnan i den ortodoxa tron och f\u00f6rsamlingens verksamhet. S\u00e4rskilt liturgin \u00e4r central f\u00f6r det ortodoxa livet (k\u00e4nd under namnet m\u00e4ssa i andra kristna samfund). Under gudstj\u00e4nsten s\u00f6ker f\u00f6rsamlingen, b\u00e5de som gemenskap och individer, n\u00e4rhet till Gud genom b\u00f6n. Att delta i gudstj\u00e4nster och l\u00e4ra k\u00e4nna dem \u00e4r mycket viktigt f\u00f6r den som funderar p\u00e5 att bli medlem i kyrkan.<\/p>\n\n\n\n<p>Om du har fr\u00e5gor om att bli medlem i kyrkan, tveka inte att kontakta pr\u00e4sterna i v\u00e5r <a href=\"https:\/\/ort.fi\/turku\/kontakt\/\" data-type=\"link\" data-id=\"https:\/\/ort.fi\/ortturkusrk\/kontakt\/\">f\u00f6rsamling<\/a>. Du kan diskutera din personliga process tillsammans med en pr\u00e4st. F\u00f6rsamlingen erbjuder \u00e4ven katekumenundervisning (<a href=\"https:\/\/ort.fi\/turku\/katekumeeniopetus\/\" data-type=\"page\" data-id=\"1343\">information p\u00e5 finska<\/a>).<\/p>\n\n\n\n<p><\/p>\n","protected":false},"excerpt":{"rendered":"<p>Gudstj\u00e4nsterna \u00e4r k\u00e4rnan i den ortodoxa tron och f\u00f6rsamlingens verksamhet. S\u00e4rskilt liturgin \u00e4r central f\u00f6r det ortodoxa livet (k\u00e4nd under namnet m\u00e4ssa i andra kristna samfund). Under gudstj\u00e4nsten s\u00f6ker f\u00f6rsamlingen, b\u00e5de som gemenskap och individer, n\u00e4rhet till Gud genom b\u00f6n. Att delta i gudstj\u00e4nster och l\u00e4ra k\u00e4nna dem \u00e4r mycket viktigt f\u00f6r den som funderar&hellip; <a class=\"continue\" href=\"https:\/\/ort.fi\/turku\/bli-medlem-i-kyrkan\/\">Continue Reading<span> Bli medlem i kyrkan<\/span><\/a><\/p>\n","protected":false},"author":13,"featured_media":0,"parent":0,"menu_order":0,"comment_status":"closed","ping_status":"closed","template":"","meta":{"slim_seo":{"title":"Bli medlem i kyrkan - Turun ortodoksinen seurakunta","description":"Gudstj\u00e4nsterna \u00e4r k\u00e4rnan i den ortodoxa tron och f\u00f6rsamlingens verksamhet. S\u00e4rskilt liturgin \u00e4r central f\u00f6r det ortodoxa livet (k\u00e4nd under namnet m\u00e4ssa i andra"},"footnotes":""},"class_list":["post-2731","page","type-page","status-publish"],"_links":{"self":[{"href":"https:\/\/ort.fi\/turku\/wp-json\/wp\/v2\/pages\/2731","targetHints":{"allow":["GET"]}}],"collection":[{"href":"https:\/\/ort.fi\/turku\/wp-json\/wp\/v2\/pages"}],"about":[{"href":"https:\/\/ort.fi\/turku\/wp-json\/wp\/v2\/types\/page"}],"author":[{"embeddable":true,"href":"https:\/\/ort.fi\/turku\/wp-json\/wp\/v2\/users\/13"}],"replies":[{"embeddable":true,"href":"https:\/\/ort.fi\/turku\/wp-json\/wp\/v2\/comments?post=2731"}],"version-history":[{"count":0,"href":"https:\/\/ort.fi\/turku\/wp-json\/wp\/v2\/pages\/2731\/revisions"}],"wp:attachment":[{"href":"https:\/\/ort.fi\/turku\/wp-json\/wp\/v2\/media?parent=2731"}],"curies":[{"name":"wp","href":"https:\/\/api.w.org\/{rel}","templated":true}]}}