{"id":2725,"date":"2024-11-19T10:56:29","date_gmt":"2024-11-19T08:56:29","guid":{"rendered":"https:\/\/ort.fi\/ortturkusrk\/?page_id=2725"},"modified":"2025-01-03T10:29:50","modified_gmt":"2025-01-03T08:29:50","slug":"abo-ortodoxa-forsamling","status":"publish","type":"page","link":"https:\/\/ort.fi\/turku\/abo-ortodoxa-forsamling\/","title":{"rendered":"\u00c5bo ortodoxa f\u00f6rsamling"},"content":{"rendered":"\n<p>V\u00e4lkommen till den m\u00e5ngkulturella ortodoxa f\u00f6rsamlingen i \u00c5bo! <a href=\"https:\/\/ort.fi\/sv\/ortodoxa-kyrkan-i-finland\/\" data-type=\"link\" data-id=\"https:\/\/ort.fi\/sv\/ortodoxa-kyrkan-i-finland\/\" target=\"_blank\" rel=\"noreferrer noopener\">Ortodoxa kyrkan i Finland<\/a> betj\u00e4nar alla ortodoxa som bor i Finland, oavsett modersm\u00e5l, kulturell bakgrund eller medborgarskap. Sedan 1923 har ortodoxa kyrkan i Finland st\u00e5tt under <a href=\"https:\/\/ec-patr.org\/\" data-type=\"link\" data-id=\"https:\/\/ec-patr.org\/\" target=\"_blank\" rel=\"noreferrer noopener\">Konstantinopels patriarkat<\/a>. \u00c5bo ortodoxa f\u00f6rsamling \u00e4r en av tio ortodoxa f\u00f6rsamlingar i Finland.<\/p>\n\n\n\n<p>F\u00f6rsamlingen verkar i sydv\u00e4stra Finland, Satakunda och \u00c5land.<\/p>\n\n\n\n<p>Du bor inom f\u00f6rsamlingens omr\u00e5de om din hemkommun \u00e4r n\u00e5gon av f\u00f6ljande: Aura, Br\u00e4nd\u00f6, Ecker\u00f6, Eura, Finstr\u00f6m, F\u00f6gl\u00f6, Geta, Gustavs, Hammarland, Harjavalta, Jomala, Kimito\u00f6n, Koskis, Kumo, Kumlinge, K\u00f6kar, Lemland, Letala, Lundo, Loimaa, Lumparland, Mariehamn, Masku, N\u00e5dendal, Nousis, Orip\u00e4\u00e4, Pemar, Pargas, Punkalaidun, Pyh\u00e4ranta, P\u00f6ytis, Raumo, Reso, Rusko, Sagu, Salo, Saltvik, Sottunga, S:t Karins, S:t M\u00e5rtens, Sund, S\u00e4kyl\u00e4, T\u00f6vsala, \u00c5bo, Nystad, Vemo, Virmo, Vittis eller V\u00e5rd\u00f6.<\/p>\n","protected":false},"excerpt":{"rendered":"<p>V\u00e4lkommen till den m\u00e5ngkulturella ortodoxa f\u00f6rsamlingen i \u00c5bo! Ortodoxa kyrkan i Finland betj\u00e4nar alla ortodoxa som bor i Finland, oavsett modersm\u00e5l, kulturell bakgrund eller medborgarskap. Sedan 1923 har ortodoxa kyrkan i Finland st\u00e5tt under Konstantinopels patriarkat. \u00c5bo ortodoxa f\u00f6rsamling \u00e4r en av tio ortodoxa f\u00f6rsamlingar i Finland. F\u00f6rsamlingen verkar i sydv\u00e4stra Finland, Satakunda och \u00c5land.&hellip; <a class=\"continue\" href=\"https:\/\/ort.fi\/turku\/abo-ortodoxa-forsamling\/\">Continue Reading<span> \u00c5bo ortodoxa f\u00f6rsamling<\/span><\/a><\/p>\n","protected":false},"author":13,"featured_media":0,"parent":0,"menu_order":0,"comment_status":"closed","ping_status":"closed","template":"","meta":{"slim_seo":{"title":"\u00c5bo ortodoxa f\u00f6rsamling - Turun ortodoksinen seurakunta","description":"V\u00e4lkommen till den m\u00e5ngkulturella ortodoxa f\u00f6rsamlingen i \u00c5bo! Ortodoxa kyrkan i Finland betj\u00e4nar alla ortodoxa som bor i Finland, oavsett modersm\u00e5l, kulturell"},"footnotes":""},"class_list":["post-2725","page","type-page","status-publish"],"_links":{"self":[{"href":"https:\/\/ort.fi\/turku\/wp-json\/wp\/v2\/pages\/2725","targetHints":{"allow":["GET"]}}],"collection":[{"href":"https:\/\/ort.fi\/turku\/wp-json\/wp\/v2\/pages"}],"about":[{"href":"https:\/\/ort.fi\/turku\/wp-json\/wp\/v2\/types\/page"}],"author":[{"embeddable":true,"href":"https:\/\/ort.fi\/turku\/wp-json\/wp\/v2\/users\/13"}],"replies":[{"embeddable":true,"href":"https:\/\/ort.fi\/turku\/wp-json\/wp\/v2\/comments?post=2725"}],"version-history":[{"count":0,"href":"https:\/\/ort.fi\/turku\/wp-json\/wp\/v2\/pages\/2725\/revisions"}],"wp:attachment":[{"href":"https:\/\/ort.fi\/turku\/wp-json\/wp\/v2\/media?parent=2725"}],"curies":[{"name":"wp","href":"https:\/\/api.w.org\/{rel}","templated":true}]}}