{"id":2647,"date":"2024-11-17T19:14:36","date_gmt":"2024-11-17T17:14:36","guid":{"rendered":"https:\/\/ort.fi\/ortturkusrk\/?page_id=2647"},"modified":"2025-01-29T13:42:42","modified_gmt":"2025-01-29T11:42:42","slug":"%ce%b5%ce%b9%ce%b4%ce%ae%cf%83%ce%b5%ce%b9%cf%82-%ce%ba%ce%b1%ce%b9-%ce%bc%ce%ad%cf%83%ce%b1-%ce%ba%ce%bf%ce%b9%ce%bd%cf%89%ce%bd%ce%b9%ce%ba%ce%ae%cf%82-%ce%b4%ce%b9%ce%ba%cf%84%cf%8d%cf%89%cf%83","status":"publish","type":"page","link":"https:\/\/ort.fi\/turku\/%ce%b5%ce%b9%ce%b4%ce%ae%cf%83%ce%b5%ce%b9%cf%82-%ce%ba%ce%b1%ce%b9-%ce%bc%ce%ad%cf%83%ce%b1-%ce%ba%ce%bf%ce%b9%ce%bd%cf%89%ce%bd%ce%b9%ce%ba%ce%ae%cf%82-%ce%b4%ce%b9%ce%ba%cf%84%cf%8d%cf%89%cf%83\/","title":{"rendered":"\u0395\u03b9\u03b4\u03ae\u03c3\u03b5\u03b9\u03c2 \u03ba\u03b1\u03b9 \u03bc\u03ad\u03c3\u03b1 \u03ba\u03bf\u03b9\u03bd\u03c9\u03bd\u03b9\u03ba\u03ae\u03c2 \u03b4\u03b9\u03ba\u03c4\u03cd\u03c9\u03c3\u03b7\u03c2"},"content":{"rendered":"\n<h5 class=\"wp-block-heading\"><strong><em>\u039c\u03ad\u03c3\u03b1 \u039a\u03bf\u03b9\u03bd\u03c9\u03bd\u03b9\u03ba\u03ae\u03c2 \u0394\u03b9\u03ba\u03c4\u03cd\u03c9\u03c3\u03b7\u03c2<\/em><\/strong><\/h5>\n\n\n\n<p>\u0397 \u039f\u03c1\u03b8\u03cc\u03b4\u03bf\u03be\u03b7 \u0395\u03bd\u03bf\u03c1\u03af\u03b1 \u03c4\u03bf\u03c5 Turku \u03b5\u03af\u03bd\u03b1\u03b9 \u03c3\u03c4\u03bf <a href=\"https:\/\/www.facebook.com\/turunortodoksinen\">Facebook<\/a>. \u03a3\u03c4\u03bf \u03b5\u03b3\u03b3\u03cd\u03c2 \u03bc\u03ad\u03bb\u03bb\u03bf\u03bd, \u03b8\u03b1 \u03b5\u03af\u03bd\u03b1\u03b9 \u03b5\u03c0\u03af\u03c3\u03b7\u03c2 \u03b4\u03c5\u03bd\u03b1\u03c4\u03cc \u03bd\u03b1 \u03b2\u03bb\u03ad\u03c0\u03b5\u03c4\u03b5 \u03c4\u03b9\u03c2 \u03b1\u03bd\u03b1\u03c1\u03c4\u03ae\u03c3\u03b5\u03b9\u03c2 \u03c4\u03b7\u03c2 \u03b5\u03bd\u03bf\u03c1\u03af\u03b1\u03c2 \u03c3\u03c4\u03bf Facebook \u03b1\u03c0\u03b5\u03c5\u03b8\u03b5\u03af\u03b1\u03c2 \u03c3\u03b5 \u03b1\u03c5\u03c4\u03cc\u03bd \u03c4\u03bf\u03bd \u03b9\u03c3\u03c4\u03cc\u03c4\u03bf\u03c0\u03bf (\u03b7 \u03b1\u03bd\u03ac\u03c0\u03c4\u03c5\u03be\u03b7 \u03c4\u03b7\u03c2 \u03c3\u03b5\u03bb\u03af\u03b4\u03b1\u03c2 \u03b2\u03c1\u03af\u03c3\u03ba\u03b5\u03c4\u03b1\u03b9 \u03c3\u03b5 \u03b5\u03be\u03ad\u03bb\u03b9\u03be\u03b7). \u03a3\u03b1\u03c2 \u03b5\u03c5\u03c7\u03b1\u03c1\u03b9\u03c3\u03c4\u03bf\u03cd\u03bc\u03b5 \u03b3\u03b9\u03b1 \u03c4\u03b7\u03bd \u03c5\u03c0\u03bf\u03bc\u03bf\u03bd\u03ae \u03c3\u03b1\u03c2!<\/p>\n\n\n\n<hr class=\"wp-block-separator has-alpha-channel-opacity\"\/>\n\n\n\n<h5 class=\"wp-block-heading\"><strong><em>\u0395\u03b9\u03b4\u03ae\u03c3\u03b5\u03b9\u03c2<\/em><\/strong><\/h5>\n\n\n<ul class=\"wp-block-latest-posts__list has-dates wp-block-latest-posts\"><li><div class=\"wp-block-latest-posts__featured-image alignleft\"><img loading=\"lazy\" decoding=\"async\" width=\"150\" height=\"150\" src=\"https:\/\/ort.fi\/turku\/wp-content\/uploads\/2026\/04\/1000051820-150x150.jpg\" class=\"attachment-thumbnail size-thumbnail wp-post-image\" alt=\"1000051820\" style=\"\" \/><\/div><a class=\"wp-block-latest-posts__post-title\" href=\"https:\/\/ort.fi\/turku\/2026\/04\/03\/live-youtube-lahetys-suuren-perjantain-ehtoopalvelus-klo-14\/\">Live Youtube-l\u00e4hetys;  Suuren perjantain ehtoopalvelus klo 14<\/a><time datetime=\"2026-04-03T13:08:52+03:00\" class=\"wp-block-latest-posts__post-date\">3.4.2026<\/time><div class=\"wp-block-latest-posts__post-excerpt\"><\/div><\/li>\n<li><div class=\"wp-block-latest-posts__featured-image alignleft\"><img loading=\"lazy\" decoding=\"async\" width=\"150\" height=\"150\" src=\"https:\/\/ort.fi\/turku\/wp-content\/uploads\/2026\/04\/1000051819-150x150.jpg\" class=\"attachment-thumbnail size-thumbnail wp-post-image\" alt=\"1000051819\" style=\"\" \/><\/div><a class=\"wp-block-latest-posts__post-title\" href=\"https:\/\/ort.fi\/turku\/2026\/04\/03\/live-kristuksen-hautauspalvelus-klo-17\/\">Live Youtube-l\u00e4hetys; Kristuksen hautauspalvelus, klo 17<\/a><time datetime=\"2026-04-03T12:44:53+03:00\" class=\"wp-block-latest-posts__post-date\">3.4.2026<\/time><div class=\"wp-block-latest-posts__post-excerpt\"><\/div><\/li>\n<li><div class=\"wp-block-latest-posts__featured-image alignleft\"><img loading=\"lazy\" decoding=\"async\" width=\"150\" height=\"150\" src=\"https:\/\/ort.fi\/turku\/wp-content\/uploads\/2026\/03\/IMG-20260330-WA0000-150x150.jpg\" class=\"attachment-thumbnail size-thumbnail wp-post-image\" alt=\"Suuren viikon ja p\u00e4\u00e4si\u00e4isen Jumalanpalvelukset\" style=\"\" \/><\/div><a class=\"wp-block-latest-posts__post-title\" href=\"https:\/\/ort.fi\/turku\/2026\/03\/30\/%cf%80%cf%81%cf%8c%ce%b3%cf%81%ce%b1%ce%bc%ce%bc%ce%b1-%ce%b9%ce%b5%cf%81%cf%8e%ce%bd-%ce%b1%ce%ba%ce%bf%ce%bb%ce%bf%cf%85%ce%b8%ce%b9%cf%8e%ce%bd-%cf%84%ce%b7%cf%82-%ce%bc%ce%b5%ce%b3%ce%ac%ce%bb\/\">\u03a0\u03c1\u03cc\u03b3\u03c1\u03b1\u03bc\u03bc\u03b1 \u0399\u03b5\u03c1\u03ce\u03bd \u0391\u03ba\u03bf\u03bb\u03bf\u03c5\u03b8\u03b9\u03ce\u03bd \u03c4\u03b7\u03c2 \u039c\u03b5\u03b3\u03ac\u03bb\u03b7\u03c2 \u0395\u03b2\u03b4\u03bf\u03bc\u03ac\u03b4\u03b1\u03c2<\/a><time datetime=\"2026-03-30T14:15:37+03:00\" class=\"wp-block-latest-posts__post-date\">30.3.2026<\/time><div class=\"wp-block-latest-posts__post-excerpt\">\u0395\u03c5\u03bb\u03bf\u03b3\u03b7\u03bc\u03ad\u03bd\u03bf \u03a0\u03ac\u03c3\u03c7\u03b1 \u0399\u03b5\u03c1\u03cc\u03c2 \u039d\u03b1\u03cc\u03c2 \u0391\u03b3\u03af\u03b1\u03c2 \u0391\u03bb\u03b5\u03be\u03ac\u03bd\u03b4\u03c1\u03b1\u03c2 (Yliopistonkatu 19, Turku) 30.03 \u03ce\u03c1\u03b1 17:00 \u0391\u03ba\u03bf\u03bb\u03bf\u03c5\u03b8\u03af\u03b1 \u03c4\u03bf\u03c5 \u039d\u03c5\u03bc\u03c6\u03af\u03bf\u03c5 (\u038c\u03c1\u03b8\u03c1\u03bf\u03c2 \u039c. \u03a4\u03c1\u03af\u03c4\u03b7\u03c2) 31.03 \u03ce\u03c1\u03b1 17:00 \u0391\u03ba\u03bf\u03bb\u03bf\u03c5\u03b8\u03af\u03b1\u03c2 \u03c4\u03bf\u03c5 \u039d\u03c5\u03bc\u03c6\u03af\u03bf\u03c5 (\u038c\u03c1\u03b8\u03c1\u03bf\u03c2 \u039c. \u03a4\u03b5\u03c4\u03ac\u03c1\u03c4\u03b7\u03c2) 01.04 \u03ce\u03c1\u03b1 09:00 \u03a0\u03c1\u03bf\u03b7\u03b3\u03b9\u03b1\u03c3\u03bc\u03ad\u03bd\u03b7 \u0398. \u039b\u03b5\u03b9\u03c4\u03bf\u03c5\u03c1\u03b3\u03af\u03b1 01.04 \u03ce\u03c1\u03b1 17:00 \u0391\u03ba\u03bf\u03bb\u03bf\u03c5\u03b8\u03af\u03b1 \u0399\u03b5\u03c1\u03bf\u03cd \u0395\u03c5\u03c7\u03b5\u03bb\u03b1\u03af\u03bf\u03c5 02.04 \u03ce\u03c1\u03b1 10:00 \u0398\u03b5\u03af\u03b1 \u039b\u03b5\u03b9\u03c4\u03bf\u03c5\u03c1\u03b3\u03af\u03b1 \u03c4\u03bf\u03c5 \u039c. \u0392\u03b1\u03c3\u03b9\u03bb\u03b5\u03af\u03bf\u03c5 02.04 \u03ce\u03c1\u03b1 17:00 \u0391\u03ba\u03bf\u03bb\u03bf\u03c5\u03b8\u03af\u03b1 \u03c4\u03c9\u03bd \u03a0\u03b1\u03b8\u03ce\u03bd (\u038c\u03c1\u03b8\u03c1\u03bf\u03c2 \u039c.&hellip; <a class=\"continue\" href=\"https:\/\/ort.fi\/turku\/%ce%b5%ce%b9%ce%b4%ce%ae%cf%83%ce%b5%ce%b9%cf%82-%ce%ba%ce%b1%ce%b9-%ce%bc%ce%ad%cf%83%ce%b1-%ce%ba%ce%bf%ce%b9%ce%bd%cf%89%ce%bd%ce%b9%ce%ba%ce%ae%cf%82-%ce%b4%ce%b9%ce%ba%cf%84%cf%8d%cf%89%cf%83\/\">Continue Reading<span> \u0395\u03b9\u03b4\u03ae\u03c3\u03b5\u03b9\u03c2 \u03ba\u03b1\u03b9 \u03bc\u03ad\u03c3\u03b1 \u03ba\u03bf\u03b9\u03bd\u03c9\u03bd\u03b9\u03ba\u03ae\u03c2 \u03b4\u03b9\u03ba\u03c4\u03cd\u03c9\u03c3\u03b7\u03c2<\/span><\/a><\/div><\/li>\n<li><div class=\"wp-block-latest-posts__featured-image alignleft\"><img loading=\"lazy\" decoding=\"async\" width=\"150\" height=\"150\" src=\"https:\/\/ort.fi\/turku\/wp-content\/uploads\/2026\/03\/20250419_214746-150x150.jpg\" class=\"attachment-thumbnail size-thumbnail wp-post-image\" alt=\"Turun pyh\u00e4n Aleksandran kirkko p\u00e4\u00e4si\u00e4isy\u00f6n\u00e4 2025.\" style=\"\" \/><\/div><a class=\"wp-block-latest-posts__post-title\" href=\"https:\/\/ort.fi\/turku\/2026\/03\/27\/%ce%bf%ce%b4%ce%b7%ce%b3%ce%af%ce%b5%cf%82-%ce%b3%ce%b9%ce%b1-%cf%84%ce%b9%cf%82-%ce%bd%cf%85%cf%87%cf%84%ce%b5%cf%81%ce%b9%ce%bd%ce%ad%cf%82-%ce%bb%ce%b5%ce%b9%cf%84%ce%bf%cf%85%cf%81%ce%b3%ce%af\/\">\u039f\u03b4\u03b7\u03b3\u03af\u03b5\u03c2 \u03b3\u03b9\u03b1 \u03c4\u03b9\u03c2 \u03bd\u03c5\u03c7\u03c4\u03b5\u03c1\u03b9\u03bd\u03ad\u03c2 \u03bb\u03b5\u03b9\u03c4\u03bf\u03c5\u03c1\u03b3\u03af\u03b5\u03c2 \u03c4\u03bf\u03c5 \u03a0\u03ac\u03c3\u03c7\u03b1 \u03c3\u03c4\u03b7\u03bd \u039f\u03c1\u03b8\u03cc\u03b4\u03bf\u03be\u03b7 \u0395\u03ba\u03ba\u03bb\u03b7\u03c3\u03af\u03b1 \u03c4\u03bf\u03c5 \u03a4\u03bf\u03cd\u03c1\u03ba\u03bf\u03c5<\/a><time datetime=\"2026-03-27T20:11:41+02:00\" class=\"wp-block-latest-posts__post-date\">27.3.2026<\/time><div class=\"wp-block-latest-posts__post-excerpt\">\u03a6\u03ad\u03c4\u03bf\u03c2, \u03bf\u03b9 \u03bd\u03c5\u03c7\u03c4\u03b5\u03c1\u03b9\u03bd\u03ad\u03c2 \u03bb\u03b5\u03b9\u03c4\u03bf\u03c5\u03c1\u03b3\u03af\u03b5\u03c2 \u03c4\u03bf\u03c5 \u03a0\u03ac\u03c3\u03c7\u03b1 \u03c4\u03b7\u03c2 \u039f\u03c1\u03b8\u03cc\u03b4\u03bf\u03be\u03b7\u03c2 \u0395\u03bd\u03bf\u03c1\u03af\u03b1\u03c2 \u03c4\u03bf\u03c5 \u03a4\u03bf\u03cd\u03c1\u03ba\u03bf\u03c5 \u03b8\u03b1 \u03b5\u03af\u03bd\u03b1\u03b9 \u03b5\u03be\u03b1\u03b9\u03c1\u03b5\u03c4\u03b9\u03ba\u03ac \u03b5\u03bf\u03c1\u03c4\u03b1\u03c3\u03c4\u03b9\u03ba\u03ad\u03c2, \u03ba\u03b1\u03b8\u03ce\u03c2 \u03c3\u03c4\u03b9\u03c2 \u03bb\u03b5\u03b9\u03c4\u03bf\u03c5\u03c1\u03b3\u03af\u03b5\u03c2 \u03b8\u03b1 \u03c3\u03c5\u03bc\u03bc\u03b5\u03c4\u03ad\u03c7\u03b5\u03b9 \u03bf \u0391\u03c1\u03c7\u03b9\u03b5\u03c0\u03af\u03c3\u03ba\u03bf\u03c0\u03bf\u03c2 \u0395\u03bb\u03c3\u03af\u03bd\u03ba\u03b9 \u03ba\u03b1\u03b9 \u03c0\u03ac\u03c3\u03b7\u03c2 \u03a6\u03b9\u03bd\u03bb\u03b1\u03bd\u03b4\u03af\u03b1\u03c2 \u0397\u03bb\u03af\u03b1\u03c2. \u0395\u03c0\u03af\u03c3\u03b7\u03c2 \u03b7 \u03bb\u03b9\u03c4\u03b1\u03bd\u03b5\u03af\u03b1, \u03bf \u038c\u03c1\u03b8\u03c1\u03bf\u03c2 \u03ba\u03b1\u03b9 \u03b7 \u0398. \u039b\u03b5\u03b9\u03c4\u03bf\u03c5\u03c1\u03b3\u03af\u03b1 \u03b8\u03b1 \u03bc\u03b5\u03c4\u03b1\u03b4\u03bf\u03b8\u03bf\u03cd\u03bd \u03c4\u03b7\u03bb\u03b5\u03bf\u03c0\u03c4\u03b9\u03ba\u03ac. \u0397 \u03a0\u03b1\u03c3\u03c7\u03b1\u03bb\u03b9\u03bd\u03ae \u03b1\u03ba\u03bf\u03bb\u03bf\u03c5\u03b8\u03af\u03b1 \u03be\u03b5\u03ba\u03b9\u03bd\u03ac \u03bc\u03b5 \u03bc\u03b5\u03c4\u03b1\u03bc\u03b5\u03c3\u03bf\u03bd\u03cd\u03ba\u03c4\u03b9\u03b1 \u03bb\u03b5\u03b9\u03c4\u03bf\u03c5\u03c1\u03b3\u03af\u03b1 \u03c3\u03c4\u03b9\u03c2 11:15 \u03bc.\u03bc. \u03ba\u03b1\u03b9 \u03c4\u03b7\u03bb\u03b5\u03bf\u03c0\u03c4\u03b9\u03ba\u03ae \u03bc\u03b5\u03c4\u03ac\u03b4\u03bf\u03c3\u03b7 \u03c3\u03c4\u03b9\u03c2 23:55. \u0397&hellip; <a class=\"continue\" href=\"https:\/\/ort.fi\/turku\/%ce%b5%ce%b9%ce%b4%ce%ae%cf%83%ce%b5%ce%b9%cf%82-%ce%ba%ce%b1%ce%b9-%ce%bc%ce%ad%cf%83%ce%b1-%ce%ba%ce%bf%ce%b9%ce%bd%cf%89%ce%bd%ce%b9%ce%ba%ce%ae%cf%82-%ce%b4%ce%b9%ce%ba%cf%84%cf%8d%cf%89%cf%83\/\">Continue Reading<span> \u0395\u03b9\u03b4\u03ae\u03c3\u03b5\u03b9\u03c2 \u03ba\u03b1\u03b9 \u03bc\u03ad\u03c3\u03b1 \u03ba\u03bf\u03b9\u03bd\u03c9\u03bd\u03b9\u03ba\u03ae\u03c2 \u03b4\u03b9\u03ba\u03c4\u03cd\u03c9\u03c3\u03b7\u03c2<\/span><\/a><\/div><\/li>\n<li><a class=\"wp-block-latest-posts__post-title\" href=\"https:\/\/ort.fi\/turku\/2026\/03\/12\/kanslia-suljettu\/\">Kanslia suljettu<\/a><time datetime=\"2026-03-12T14:05:17+02:00\" class=\"wp-block-latest-posts__post-date\">12.3.2026<\/time><div class=\"wp-block-latest-posts__post-excerpt\">Seurakunnan kanslian asiakaspalvelu on suljettu ma 16.3.2026. Kiireellisiss\u00e4 tapauksissa yhteydenotot kirkkoherra Ioannis Lampropoulos, ioannis.lampropoulos(att)ort.fi tai puh. 0503573675. The parish office will be closed on Monday, March 16. In urgent cases, please contact the parish priest Ioannis Lampropoulus directly, ioannis.lampropoulos(att)ort.fi or phone +358503573675<\/div><\/li>\n<\/ul>\n\n\n<p><\/p>\n","protected":false},"excerpt":{"rendered":"<p>\u039c\u03ad\u03c3\u03b1 \u039a\u03bf\u03b9\u03bd\u03c9\u03bd\u03b9\u03ba\u03ae\u03c2 \u0394\u03b9\u03ba\u03c4\u03cd\u03c9\u03c3\u03b7\u03c2 \u0397 \u039f\u03c1\u03b8\u03cc\u03b4\u03bf\u03be\u03b7 \u0395\u03bd\u03bf\u03c1\u03af\u03b1 \u03c4\u03bf\u03c5 Turku \u03b5\u03af\u03bd\u03b1\u03b9 \u03c3\u03c4\u03bf Facebook. \u03a3\u03c4\u03bf \u03b5\u03b3\u03b3\u03cd\u03c2 \u03bc\u03ad\u03bb\u03bb\u03bf\u03bd, \u03b8\u03b1 \u03b5\u03af\u03bd\u03b1\u03b9 \u03b5\u03c0\u03af\u03c3\u03b7\u03c2 \u03b4\u03c5\u03bd\u03b1\u03c4\u03cc \u03bd\u03b1 \u03b2\u03bb\u03ad\u03c0\u03b5\u03c4\u03b5 \u03c4\u03b9\u03c2 \u03b1\u03bd\u03b1\u03c1\u03c4\u03ae\u03c3\u03b5\u03b9\u03c2 \u03c4\u03b7\u03c2 \u03b5\u03bd\u03bf\u03c1\u03af\u03b1\u03c2 \u03c3\u03c4\u03bf Facebook \u03b1\u03c0\u03b5\u03c5\u03b8\u03b5\u03af\u03b1\u03c2 \u03c3\u03b5 \u03b1\u03c5\u03c4\u03cc\u03bd \u03c4\u03bf\u03bd \u03b9\u03c3\u03c4\u03cc\u03c4\u03bf\u03c0\u03bf (\u03b7 \u03b1\u03bd\u03ac\u03c0\u03c4\u03c5\u03be\u03b7 \u03c4\u03b7\u03c2 \u03c3\u03b5\u03bb\u03af\u03b4\u03b1\u03c2 \u03b2\u03c1\u03af\u03c3\u03ba\u03b5\u03c4\u03b1\u03b9 \u03c3\u03b5 \u03b5\u03be\u03ad\u03bb\u03b9\u03be\u03b7). \u03a3\u03b1\u03c2 \u03b5\u03c5\u03c7\u03b1\u03c1\u03b9\u03c3\u03c4\u03bf\u03cd\u03bc\u03b5 \u03b3\u03b9\u03b1 \u03c4\u03b7\u03bd \u03c5\u03c0\u03bf\u03bc\u03bf\u03bd\u03ae \u03c3\u03b1\u03c2! \u0395\u03b9\u03b4\u03ae\u03c3\u03b5\u03b9\u03c2<\/p>\n","protected":false},"author":3,"featured_media":0,"parent":0,"menu_order":0,"comment_status":"closed","ping_status":"closed","template":"","meta":{"slim_seo":{"title":"\u0395\u03b9\u03b4\u03ae\u03c3\u03b5\u03b9\u03c2 \u03ba\u03b1\u03b9 \u03bc\u03ad\u03c3\u03b1 \u03ba\u03bf\u03b9\u03bd\u03c9\u03bd\u03b9\u03ba\u03ae\u03c2 \u03b4\u03b9\u03ba\u03c4\u03cd\u03c9\u03c3\u03b7\u03c2 - Turun ortodoksinen seurakunta","description":"\u039c\u03ad\u03c3\u03b1 \u039a\u03bf\u03b9\u03bd\u03c9\u03bd\u03b9\u03ba\u03ae\u03c2 \u0394\u03b9\u03ba\u03c4\u03cd\u03c9\u03c3\u03b7\u03c2 \u0397 \u039f\u03c1\u03b8\u03cc\u03b4\u03bf\u03be\u03b7 \u0395\u03bd\u03bf\u03c1\u03af\u03b1 \u03c4\u03bf\u03c5 Turku \u03b5\u03af\u03bd\u03b1\u03b9 \u03c3\u03c4\u03bf Facebook . \u03a3\u03c4\u03bf \u03b5\u03b3\u03b3\u03cd\u03c2 \u03bc\u03ad\u03bb\u03bb\u03bf\u03bd, \u03b8\u03b1 \u03b5\u03af\u03bd\u03b1\u03b9 \u03b5\u03c0\u03af\u03c3\u03b7\u03c2 \u03b4\u03c5\u03bd\u03b1\u03c4\u03cc \u03bd\u03b1 \u03b2\u03bb\u03ad\u03c0\u03b5\u03c4\u03b5 \u03c4\u03b9\u03c2 \u03b1\u03bd\u03b1\u03c1\u03c4\u03ae\u03c3\u03b5\u03b9\u03c2 \u03c4\u03b7\u03c2 \u03b5\u03bd\u03bf\u03c1\u03af\u03b1\u03c2 \u03c3\u03c4\u03bf Fa"},"footnotes":""},"class_list":["post-2647","page","type-page","status-publish"],"_links":{"self":[{"href":"https:\/\/ort.fi\/turku\/wp-json\/wp\/v2\/pages\/2647","targetHints":{"allow":["GET"]}}],"collection":[{"href":"https:\/\/ort.fi\/turku\/wp-json\/wp\/v2\/pages"}],"about":[{"href":"https:\/\/ort.fi\/turku\/wp-json\/wp\/v2\/types\/page"}],"author":[{"embeddable":true,"href":"https:\/\/ort.fi\/turku\/wp-json\/wp\/v2\/users\/3"}],"replies":[{"embeddable":true,"href":"https:\/\/ort.fi\/turku\/wp-json\/wp\/v2\/comments?post=2647"}],"version-history":[{"count":0,"href":"https:\/\/ort.fi\/turku\/wp-json\/wp\/v2\/pages\/2647\/revisions"}],"wp:attachment":[{"href":"https:\/\/ort.fi\/turku\/wp-json\/wp\/v2\/media?parent=2647"}],"curies":[{"name":"wp","href":"https:\/\/api.w.org\/{rel}","templated":true}]}}