{"id":2501,"date":"2024-11-16T18:55:22","date_gmt":"2024-11-16T16:55:22","guid":{"rendered":"https:\/\/ort.fi\/ortturkusrk\/?page_id=2501"},"modified":"2024-12-31T09:29:32","modified_gmt":"2024-12-31T07:29:32","slug":"%ce%b5%ce%b3%ce%ba%ce%b1%cf%84%ce%b1%cf%83%cf%84%ce%ac%cf%83%ce%b5%ce%b9%cf%82-%cf%84%ce%b7%cf%82-%ce%b5%ce%bd%ce%bf%cf%81%ce%af%ce%b1%cf%82","status":"publish","type":"page","link":"https:\/\/ort.fi\/turku\/%ce%b5%ce%b3%ce%ba%ce%b1%cf%84%ce%b1%cf%83%cf%84%ce%ac%cf%83%ce%b5%ce%b9%cf%82-%cf%84%ce%b7%cf%82-%ce%b5%ce%bd%ce%bf%cf%81%ce%af%ce%b1%cf%82\/","title":{"rendered":"\u0399\u03b5\u03c1\u03bf\u03af \u039d\u03b1\u03bf\u03af, \u03c7\u03ce\u03c1\u03bf\u03b9 \u03c0\u03c1\u03bf\u03c3\u03b5\u03c5\u03c7\u03ae\u03c2 \u03ba\u03b1\u03b9 \u03b5\u03bd\u03bf\u03c1\u03b9\u03b1\u03ba\u03ad\u03c2 \u03b1\u03af\u03b8\u03bf\u03c5\u03c3\u03b5\u03c2"},"content":{"rendered":"\n<p class=\"has-medium-font-size\"><strong>\u0395\u03ba\u03ba\u03bb\u03b7\u03c3\u03af\u03b1 \u03c4\u03b7\u03c2 \u0391\u03b3\u03af\u03b1\u03c2 \u039c\u03ac\u03c1\u03c4\u03c5\u03c1o\u03c2 \u0391\u03c5\u03c4\u03bf\u03ba\u03c1\u03ac\u03c4\u03b5\u03b9\u03c1\u03b1\u03c2 \u0391\u03bb\u03b5\u03be\u03ac\u03bd\u03b4\u03c1\u03b1\u03c2 \u03c4\u03bf\u03c5 \u03a4\u03bf\u03cd\u03c1\u03ba\u03bf\u03c5<\/strong><\/p>\n\n\n\n<p class=\"has-medium-font-size\">\u0397 \u03b5\u03ba\u03ba\u03bb\u03b7\u03c3\u03af\u03b1 \u03c7\u03c4\u03af\u03c3\u03c4\u03b7\u03ba\u03b5 \u03c3\u03cd\u03bc\u03c6\u03c9\u03bd\u03b1 \u03bc\u03b5 \u03c4\u03b1 \u03c3\u03c7\u03ad\u03b4\u03b9\u03b1 \u03c4\u03bf\u03c5 CL Engel \u03c4\u03bf 1839-1845 \u03ba\u03b1\u03b9 \u03b5\u03b3\u03ba\u03b1\u03b9\u03bd\u03b9\u03ac\u03c3\u03c4\u03b7\u03ba\u03b5 \u03c3\u03c4\u03b9\u03c2 2 \u03a3\u03b5\u03c0\u03c4\u03b5\u03bc\u03b2\u03c1\u03af\u03bf\u03c5 1846. \u039f \u03bd\u03b1\u03cc\u03c2 \u03b5\u03af\u03bd\u03b1\u03b9 \u03b1\u03c6\u03b9\u03b5\u03c1\u03c9\u03bc\u03ad\u03bd\u03bf\u03c2 \u03c3\u03c4\u03b7 \u03bc\u03bd\u03ae\u03bc\u03b7 \u03c4\u03b7\u03c2 \u0391\u03b3\u03af\u03b1\u03c2 \u039c\u03ac\u03c1\u03c4\u03c5\u03c1\u03bf\u03c2 \u0391\u03c5\u03c4\u03bf\u03ba\u03c1\u03ac\u03c4\u03b5\u03b9\u03c1\u03b1\u03c2 \u0391\u03bb\u03b5\u03be\u03ac\u03bd\u03b4\u03c1\u03b1\u03c2 (303 \u03bc.\u03a7.) \u03ba\u03b1\u03b9 \u03b5\u03bf\u03c1\u03c4\u03ac\u03b6\u03b5\u03c4\u03b1\u03b9 \u03c3\u03c4\u03b9\u03c2 23 \u0391\u03c0\u03c1\u03b9\u03bb\u03af\u03bf\u03c5. <\/p>\n\n\n\n<p class=\"has-medium-font-size\">\u0397 \u03b9\u03c3\u03c4\u03bf\u03c1\u03af\u03b1 \u03c4\u03b7\u03c2 \u03b5\u03ba\u03ba\u03bb\u03b7\u03c3\u03af\u03b1\u03c2 \u03b5\u03af\u03bd\u03b1\u03b9 \u03b4\u03b9\u03b1\u03b8\u03ad\u03c3\u03b9\u03bc\u03b7 \u03c9\u03c2 \u03b2\u03b9\u03b2\u03bb\u03af\u03bf.<\/p>\n\n\n\n<p class=\"has-medium-font-size\"><strong>\u03a4\u03bf \u03c0\u03b1\u03c1\u03b5\u03ba\u03ba\u03bb\u03ae\u03c3\u03b9\u03bf \u03c4\u03bf\u03c5 \u0391\u03b3\u03af\u03bf\u03c5 \u039d\u03b9\u03ba\u03bf\u03bb\u03ac\u03bf\u03c5 \u03c4\u03b7\u03c2 Rauma<\/strong><\/p>\n\n\n\n<p class=\"has-medium-font-size\">\u03a4\u03bf \u03c0\u03b1\u03c1\u03b5\u03ba\u03ba\u03bb\u03ae\u03c3\u03b9\u03bf \u03c4\u03bf\u03c5 \u0391\u03b3\u03af\u03bf\u03c5 \u039d\u03b9\u03ba\u03bf\u03bb\u03ac\u03bf\u03c5<strong> <\/strong>\u03c4\u03b7\u03c2 Rauma, \u03c4\u03b1 \u03c0\u03b1\u03bb\u03b1\u03b9\u03cc\u03c4\u03b5\u03c1\u03b1 \u03bc\u03ad\u03c1\u03b7 \u03c4\u03bf\u03c5 \u03bf\u03c0\u03bf\u03af\u03bf\u03c5 \u03c7\u03c1\u03bf\u03bd\u03bf\u03bb\u03bf\u03b3\u03bf\u03cd\u03bd\u03c4\u03b1\u03b9 \u03c0\u03b9\u03b8\u03b1\u03bd\u03ce\u03c2 \u03b1\u03c0\u03cc \u03c4\u03bf\u03bd 17\u03bf \u03b1\u03b9\u03ce\u03bd\u03b1, \u03b5\u03af\u03bd\u03b1\u03b9 \u03c7\u03c4\u03b9\u03c3\u03bc\u03ad\u03bd\u03bf \u03c3\u03b5 \u03ad\u03bd\u03b1 \u03c3\u03c0\u03af\u03c4\u03b9 \u03c0\u03bf\u03c5 \u03b2\u03c1\u03af\u03c3\u03ba\u03b5\u03c4\u03b1\u03b9 \u03c3\u03c4\u03b7\u03bd \u03c0\u03b5\u03c1\u03b9\u03bf\u03c7\u03ae Vanha Rauma. \u0397 \u03b4\u03b5\u03cd\u03c4\u03b5\u03c1\u03b7 \u03c0\u03c4\u03ad\u03c1\u03c5\u03b3\u03b1 \u03c4\u03bf\u03c5 \u03c3\u03c0\u03b9\u03c4\u03b9\u03bf\u03cd \u03b5\u03af\u03bd\u03b1\u03b9 \u03b4\u03b9\u03b1\u03ba\u03bf\u03c3\u03bc\u03b7\u03bc\u03ad\u03bd\u03b7 \u03c9\u03c2 \u03b1\u03af\u03b8\u03bf\u03c5\u03c3\u03b1 \u03c0\u03c1\u03bf\u03c3\u03b5\u03c5\u03c7\u03ae\u03c2. \u0397 \u03b1\u03af\u03b8\u03bf\u03c5\u03c3\u03b1 \u03c0\u03c1\u03bf\u03c3\u03b5\u03c5\u03c7\u03ae\u03c2 \u03c7\u03c4\u03af\u03c3\u03c4\u03b7\u03ba\u03b5 \u03c3\u03cd\u03bc\u03c6\u03c9\u03bd\u03b1 \u03bc\u03b5 \u03c4\u03bf\u03bd \u03bd\u03cc\u03bc\u03bf \u03c0\u03b5\u03c1\u03af \u03b1\u03bd\u03b1\u03c3\u03c5\u03b3\u03ba\u03c1\u03cc\u03c4\u03b7\u03c3\u03b7\u03c2 \u03c4\u03bf 1955 \u03ba\u03b1\u03b9 \u03b5\u03b3\u03ba\u03b1\u03b9\u03bd\u03b9\u03ac\u03c3\u03c4\u03b7\u03ba\u03b5 \u03c3\u03c4\u03b9\u03c2 2 \u039d\u03bf\u03b5\u03bc\u03b2\u03c1\u03af\u03bf\u03c5 1956. \u0395\u03af\u03bd\u03b1\u03b9 \u03b1\u03c6\u03b9\u03b5\u03c1\u03c9\u03bc\u03ad\u03bd\u03bf\u03c2 \u03c3\u03c4\u03bf\u03bd \u0386\u03b3\u03b9\u03bf \u039d\u03b9\u03ba\u03cc\u03bb\u03b1\u03bf, \u03c4\u03bf\u03bd \u0391\u03c1\u03c7\u03b9\u03b5\u03c0\u03af\u03c3\u03ba\u03bf\u03c0\u03bf \u039c\u03cd\u03c1\u03c9\u03bd \u03c4\u03b7\u03c2 \u039b\u03c5\u03ba\u03af\u03b1\u03c2 (4\u03bf\u03c2 \u03b1\u03b9\u03ce\u03bd\u03b1\u03c2).<\/p>\n\n\n\n<p class=\"has-medium-font-size\">\u039f \u0386\u03b3\u03b9\u03bf\u03c2 \u039d\u03b9\u03ba\u03cc\u03bb\u03b1\u03bf\u03c2 \u03b5\u03bf\u03c1\u03c4\u03ac\u03b6\u03b5\u03c4\u03b1\u03b9 \u03c3\u03c4\u03b9\u03c2 6 \u0394\u03b5\u03ba\u03b5\u03bc\u03b2\u03c1\u03af\u03bf\u03c5.<\/p>\n\n\n\n<p class=\"has-medium-font-size\"><strong><strong>\u03a4\u03bf \u03c0\u03b1\u03c1\u03b5\u03ba\u03ba\u03bb\u03ae\u03c3\u03b9\u03bf \u03c4\u03bf\u03c5 \u03a4\u03b9\u03bc\u03af\u03bf\u03c5 \u03a3\u03c4\u03b1\u03c5\u03c1\u03bf\u03cd \u03c3\u03c4\u03bf <\/strong><\/strong><strong>Salo<\/strong><\/p>\n\n\n\n<p class=\"has-medium-font-size\">\u03a4\u03bf \u03c0\u03b1\u03c1\u03b5\u03ba\u03ba\u03bb\u03ae\u03c3\u03b9 \u03c4\u03bf\u03c5 \u03a4\u03b9\u03bc\u03af\u03bf\u03c5 \u03a3\u03c4\u03b1\u03c5\u03c1\u03bf\u03cd \u03c7\u03c4\u03af\u03c3\u03c4\u03b7\u03ba\u03b5 \u03c3\u03b5 \u03ba\u03b1\u03c1\u03b5\u03bb\u03b9\u03b1\u03bd\u03cc \u03c3\u03c4\u03cd\u03bb \u03c4\u03bf 1989 \u03ba\u03b1\u03b9 \u03b5\u03b3\u03ba\u03b1\u03b9\u03bd\u03b9\u03ac\u03c3\u03c4\u03b7\u03ba\u03b5 \u03c3\u03c4\u03b9\u03c2 9 \u03a3\u03b5\u03c0\u03c4\u03b5\u03bc\u03b2\u03c1\u03af\u03bf\u03c5 1990. \u03a4\u03bf \u03c0\u03b1\u03c1\u03b5\u03ba\u03ba\u03bb\u03ae\u03c3\u03b9 \u03c3\u03c7\u03b5\u03b4\u03b9\u03ac\u03c3\u03c4\u03b7\u03ba\u03b5 \u03b1\u03c0\u03cc \u03c4\u03bf\u03bd Arvo Happo, \u03ad\u03bd\u03b1\u03bd \u03b5\u03bd\u03bf\u03c1\u03af\u03c4\u03b7 \u03b1\u03c0\u03cc \u03c4\u03bf Salo, \u03bf \u03bf\u03c0\u03bf\u03af\u03bf\u03c2 \u03ad\u03c6\u03c4\u03b9\u03b1\u03be\u03b5 \u03ba\u03b1\u03b9 \u03c4\u03b1 \u03be\u03c5\u03bb\u03cc\u03b3\u03bb\u03c5\u03c0\u03c4\u03b1 \u03b4\u03b9\u03b1\u03ba\u03bf\u03c3\u03bc\u03b7\u03c4\u03b9\u03ba\u03ac. \u03a4\u03b9\u03c2 \u03b5\u03b9\u03ba\u03cc\u03bd\u03b5\u03c2 \u03c4\u03b9\u03c2 \u03b1\u03b3\u03b9\u03bf\u03b3\u03c1\u03ac\u03c6\u03b7\u03c3\u03b5 \u03b7 Margit Lintu.<\/p>\n\n\n\n<p class=\"has-medium-font-size\">\u03a4\u03bf \u03c0\u03b1\u03c1\u03b5\u03ba\u03ba\u03bb\u03ae\u03c3\u03b9 \u03b5\u03bf\u03c1\u03c4\u03ac\u03b6\u03b5\u03b9 \u03c3\u03c4\u03b9\u03c2 14 \u03a3\u03b5\u03c0\u03c4\u03b5\u03bc\u03b2\u03c1\u03af\u03bf\u03c5.<\/p>\n\n\n\n<p class=\"has-medium-font-size\">\u0394\u03b9\u03b5\u03cd\u03b8\u03c5\u03bd\u03c3\u03b7: Uskelankirkkotie 23, Salo<\/p>\n\n\n\n<p class=\"has-medium-font-size\"><strong>\u03a4\u03bf \u03b5\u03ba\u03ba\u03bb\u03b7\u03c3\u03ac\u03ba\u03b9 \u03c3\u03c4\u03bf \u03ba\u03bf\u03b9\u03bc\u03b7\u03c4\u03ae\u03c1\u03b9\u03bf \u03c4\u03bf\u03c5 Turku<\/strong><\/p>\n\n\n\n<p class=\"has-medium-font-size\">\u03a4\u03bf \u03b5\u03ba\u03ba\u03bb\u03b7\u03c3\u03ac\u03ba\u03b9 \u03c4\u03bf\u03c5 \u03ba\u03bf\u03b9\u03bc\u03b7\u03c4\u03b7\u03c1\u03af\u03bf\u03c5 \u03bf\u03bb\u03bf\u03ba\u03bb\u03b7\u03c1\u03ce\u03b8\u03b7\u03ba\u03b5 \u03c4\u03bf 1881 \u03c9\u03c2 \u03c4\u03b1\u03c6\u03b9\u03ba\u03cc \u03bc\u03bd\u03b7\u03bc\u03b5\u03af\u03bf \u03c4\u03b7\u03c2 \u03bf\u03b9\u03ba\u03bf\u03b3\u03ad\u03bd\u03b5\u03b9\u03b1\u03c2 \u03c4\u03c9\u03bd \u03b5\u03bc\u03c0\u03cc\u03c1\u03c9\u03bd Kuvschinov. \u039c\u03b5\u03c1\u03b9\u03ba\u03ac \u03b1\u03c0\u03cc \u03c4\u03b1 \u03bc\u03ad\u03bb\u03b7 \u03c4\u03b7\u03c2 \u03bf\u03b9\u03ba\u03bf\u03b3\u03ad\u03bd\u03b5\u03b9\u03b1\u03c2 \u03b5\u03af\u03bd\u03b1\u03b9 \u03b8\u03b1\u03bc\u03bc\u03ad\u03bd\u03b1 \u03ba\u03ac\u03c4\u03c9 \u03b1\u03c0\u03cc \u03c4\u03bf \u03c0\u03b1\u03c1\u03b5\u03ba\u03ba\u03bb\u03ae\u03c3\u03b9, \u03ba\u03b1\u03b9 \u03ac\u03bb\u03bb\u03b1 \u03c3\u03c4\u03bf\u03bd \u03bf\u03b9\u03ba\u03bf\u03b3\u03b5\u03bd\u03b5\u03b9\u03b1\u03ba\u03cc \u03c4\u03ac\u03c6\u03bf, \u03c0\u03bf\u03c5 \u03b1\u03c0\u03ad\u03c7\u03b5\u03b9 \u03c0\u03b5\u03c1\u03af\u03c0\u03bf\u03c5 50 \u03bc\u03ad\u03c4\u03c1\u03b1 \u03b1\u03c0\u03cc \u03c4\u03bf \u03c0\u03b1\u03c1\u03b5\u03ba\u03ba\u03bb\u03ae\u03c3\u03b9. \u0397 \u03b9\u03b4\u03b9\u03bf\u03ba\u03c4\u03b7\u03c3\u03af\u03b1 \u03c4\u03bf\u03c5 \u03c4\u03b1\u03c6\u03b9\u03ba\u03bf\u03cd \u03bc\u03bd\u03b7\u03bc\u03b5\u03af\u03bf\u03c5 \u03bc\u03b5\u03c4\u03b1\u03b2\u03b9\u03b2\u03ac\u03c3\u03c4\u03b7\u03ba\u03b5 \u03c3\u03c4\u03b7\u03bd \u03b5\u03ba\u03ba\u03bb\u03b7\u03c3\u03af\u03b1 \u03c4\u03bf \u03ba\u03b1\u03bb\u03bf\u03ba\u03b1\u03af\u03c1\u03b9 \u03c4\u03bf\u03c5 2012. \u03a4\u03bf \u03c0\u03b1\u03c1\u03b5\u03ba\u03ba\u03bb\u03ae\u03c3\u03b9 \u03b5\u03af\u03bd\u03b1\u03b9 \u03bc\u03b9\u03ba\u03c1\u03cc, \u03bc\u03c0\u03bf\u03c1\u03b5\u03af \u03bd\u03b1 \u03c6\u03b9\u03bb\u03bf\u03be\u03b5\u03bd\u03ae\u03c3\u03b5\u03b9 \u03c4\u03bf \u03c0\u03bf\u03bb\u03cd 15 \u03ac\u03c4\u03bf\u03bc\u03b1 \u03c4\u03b7 \u03c6\u03bf\u03c1\u03ac.<\/p>\n\n\n\n<p class=\"has-medium-font-size\">\u0394\u03b9\u03b5\u03cd\u03b8\u03c5\u03bd\u03c3\u03b7: Uusdenmaantie 76, Turku<\/p>\n\n\n\n<p class=\"has-medium-font-size\"><strong>\u0386\u03bb\u03bb\u03bf\u03b9 \u03c4\u03cc\u03c0\u03bf\u03b9 \u03bb\u03b1\u03c4\u03c1\u03b5\u03af\u03b1\u03c2<\/strong><\/p>\n\n\n\n<p class=\"has-medium-font-size\">\u0397 \u039f\u03c1\u03b8\u03cc\u03b4\u03bf\u03be\u03b7 \u03b5\u03ba\u03ba\u03bb\u03b7\u03c3\u03af\u03b1 \u03c4\u03bf\u03c5 \u03a4\u03bf\u03cd\u03c1\u03ba\u03bf\u03c5 \u03bf\u03c1\u03b3\u03b1\u03bd\u03ce\u03bd\u03b5\u03b9 \u03b5\u03c0\u03af\u03c3\u03b7\u03c2 \u0399\u03b5\u03c1\u03ad\u03c2 \u0391\u03ba\u03bf\u03bb\u03bf\u03c5\u03b8\u03af\u03b5\u03c2 \u03c3\u03b5 \u03ac\u03bb\u03bb\u03b5\u03c2 \u03c4\u03bf\u03c0\u03bf\u03b8\u03b5\u03c3\u03af\u03b5\u03c2, \u03c3\u03c5\u03c7\u03bd\u03ac \u03c3\u03c4\u03b9\u03c2 \u03b5\u03b3\u03ba\u03b1\u03c4\u03b1\u03c3\u03c4\u03ac\u03c3\u03b5\u03b9\u03c2 \u03c4\u03c9\u03bd \u03c4\u03bf\u03c0\u03b9\u03ba\u03ce\u03bd \u039b\u03bf\u03c5\u03b8\u03b7\u03c1\u03b1\u03bd\u03b9\u03ba\u03ce\u03bd \u03b5\u03bd\u03bf\u03c1\u03b9\u03ce\u03bd. \u039f\u03b9 \u0391\u03ba\u03bf\u03bb\u03bf\u03c5\u03b8\u03af\u03b5\u03c2 \u03b1\u03c5\u03c4\u03ad\u03c2 \u03c0\u03b5\u03c1\u03b9\u03bb\u03b1\u03bc\u03b2\u03ac\u03bd\u03bf\u03bd\u03c4\u03b1\u03b9 \u03c3\u03c4\u03bf \u03b7\u03bc\u03b5\u03c1\u03bf\u03bb\u03cc\u03b3\u03b9\u03bf \u03c4\u03b7\u03c2 \u03b5\u03bd\u03bf\u03c1\u03af\u03b1\u03c2.<\/p>\n\n\n\n<p class=\"has-medium-font-size\">Loimaa: ev.lut. kaupunginkirkko, Turuntie 32<\/p>\n\n\n\n<p class=\"has-medium-font-size\">Eura: ev.lut. seurakuntatalo, Sorkkistentie 3<\/p>\n\n\n\n<p class=\"has-medium-font-size\">Uusikaupunki: Saarniston ev.lut. seurakuntakoti, Pajusuontie 2<\/p>\n\n\n\n<p class=\"has-medium-font-size\">Maarianhamina: Margaretag\u00e5rden, M\u00e5sv\u00e4gen 4<\/p>\n\n\n\n<p class=\"has-medium-font-size\">Huittinen: ev.lut. seurakuntakeskus, Papintie 1<\/p>\n\n\n\n<p class=\"has-medium-font-size\">Paimio: Mikaelintalon kappelissa, Py\u00f6lintie 3<\/p>\n\n\n\n<p class=\"has-medium-font-size\">Sauvo: Sauvon kirkko, Sauvontie 50<\/p>\n\n\n\n<p class=\"has-medium-font-size\">S\u00e4kyl\u00e4: ev.lut. seurakuntatalo, Tuulimyllyntie 21<\/p>\n\n\n\n<p class=\"has-medium-font-size\">Laitila: Pyh\u00e4n Mikaelin kirkko, Keskuskatu 7<\/p>\n\n\n\n<p class=\"has-medium-font-size\"><strong>\u0391\u03af\u03b8\u03bf\u03c5\u03c3\u03b1 &#8221;\u0391\u03bb\u03b5\u03be\u03ac\u03bd\u03b4\u03c1\u03b1&#8221;<\/strong><\/p>\n\n\n\n<p class=\"has-medium-font-size\">\u03a3\u03c4\u03b7\u03bd \u03b5\u03bd\u03bf\u03c1\u03af\u03b1 \u03c4\u03bf\u03c5 \u03a4\u03bf\u03cd\u03c1\u03ba\u03bf\u03c5, \u03b7 \u03ba\u03cd\u03c1\u03b9\u03b1 \u03b5\u03bd\u03bf\u03c1\u03b9\u03b1\u03ba\u03ae \u03c4\u03b7\u03c2 \u03b1\u03af\u03b8\u03bf\u03c5\u03c3\u03b1 \u03ad\u03c7\u03b5\u03b9 \u03bf\u03bd\u03bf\u03bc\u03b1\u03c3\u03c4\u03b5\u03af \u00abAleksandra\u00bb, \u03c3\u03cd\u03bc\u03c6\u03c9\u03bd\u03b1 \u03bc\u03b5 \u03c4\u03b7\u03bd \u0391\u03b3\u03af\u03b1 \u039c\u03ac\u03c1\u03c4\u03c5\u03c1\u03b1 \u0391\u03c5\u03c4\u03bf\u03ba\u03c1\u03ac\u03c4\u03b5\u03b9\u03c1\u03b1 \u0391\u03bb\u03b5\u03be\u03ac\u03bd\u03b4\u03c1\u03b1, \u03c4\u03b7\u03bd \u03c0\u03bf\u03bb\u03b9\u03bf\u03cd\u03c7\u03bf \u0391\u03b3\u03af\u03b1 \u03c4\u03b7\u03c2 \u039f\u03c1\u03b8\u03cc\u03b4\u03bf\u03be\u03b7\u03c2 \u0395\u03ba\u03ba\u03bb\u03b7\u03c3\u03af\u03b1\u03c2 \u03c4\u03bf\u03c5 \u03a4\u03bf\u03cd\u03c1\u03ba\u03bf\u03c5. \u03a3\u03c4\u03b7\u03bd \u03b1\u03af\u03b8\u03bf\u03c5\u03c3\u03b1 \u03c0\u03c1\u03bf\u03c3\u03c6\u03ad\u03c1\u03b5\u03c4\u03b1\u03b9 \u03c4\u03b1\u03ba\u03c4\u03b9\u03ba\u03ac \u03ba\u03b1\u03c6\u03ad\u03c2, \u03c4\u03b9\u03c2 \u039a\u03c5\u03c1\u03b9\u03b1\u03ba\u03ad\u03c2 \u03bc\u03b5\u03c4\u03ac \u03c4\u03b7 \u0398\u03b5\u03af\u03b1 \u039b\u03b5\u03b9\u03c4\u03bf\u03c5\u03c1\u03b3\u03af\u03b1. \u0395\u03c0\u03b9\u03c0\u03bb\u03ad\u03bf\u03bd, \u03c3\u03c4\u03b7\u03bd \u03b1\u03af\u03b8\u03bf\u03c5\u03c3\u03b1 \u03c0\u03c1\u03b1\u03b3\u03bc\u03b1\u03c4\u03bf\u03c0\u03bf\u03b9\u03bf\u03cd\u03bd\u03c4\u03b1\u03b9 \u03cc\u03bb\u03bf\u03b9 \u03bf\u03b9 \u03b5\u03bf\u03c1\u03c4\u03b1\u03c3\u03bc\u03bf\u03af \u03c4\u03bf\u03c5 \u03b5\u03ba\u03ba\u03bb\u03b7\u03c3\u03b9\u03b1\u03c3\u03c4\u03b9\u03ba\u03bf\u03cd \u03ad\u03c4\u03bf\u03c5\u03c2, \u03cc\u03c0\u03c9\u03c2 \u03bf\u03b9 \u03c0\u03b1\u03c3\u03c7\u03b1\u03bb\u03b9\u03bd\u03ad\u03c2 \u03ba\u03b1\u03b9 \u03c7\u03c1\u03b9\u03c3\u03c4\u03bf\u03c5\u03b3\u03b5\u03bd\u03bd\u03b9\u03ac\u03c4\u03b9\u03ba\u03b5\u03c2 \u03b5\u03bf\u03c1\u03c4\u03ad\u03c2 \u03ba\u03b1\u03b9 \u03c4\u03bf \u03c0\u03b1\u03bd\u03b7\u03b3\u03cd\u03c1\u03b9 \u03c4\u03b7\u03c2 \u03b5\u03bd\u03bf\u03c1\u03af\u03b1\u03c2. \u03a3\u03c4\u03b7\u03bd \u03b1\u03af\u03b8\u03bf\u03c5\u03c3\u03b1 \u03c4\u03b7\u03c2 \u03b5\u03bd\u03bf\u03c1\u03af\u03b1\u03c2 \u03c0\u03c1\u03b1\u03b3\u03bc\u03b1\u03c4\u03bf\u03c0\u03bf\u03b9\u03bf\u03cd\u03bd\u03c4\u03b1\u03b9 \u03b5\u03c0\u03af\u03c3\u03b7\u03c2 \u03ba\u03cd\u03ba\u03bb\u03bf\u03b9 \u03b4\u03b9\u03ac\u03c6\u03bf\u03c1\u03c9\u03bd \u03b4\u03c1\u03b1\u03c3\u03c4\u03b7\u03c1\u03b9\u03bf\u03c4\u03ae\u03c4\u03c9\u03bd. \u0397 \u03b1\u03af\u03b8\u03bf\u03c5\u03c3\u03b1 Aleksandra \u03b4\u03b9\u03b1\u03c4\u03af\u03b8\u03b5\u03c4\u03b1\u03b9 \u03b5\u03c0\u03af\u03c3\u03b7\u03c2 \u03c0\u03c1\u03bf\u03c2 \u03b5\u03bd\u03bf\u03b9\u03ba\u03af\u03b1\u03c3\u03b7 \u03b3\u03b9\u03b1 \u03b9\u03b4\u03b9\u03c9\u03c4\u03b9\u03ba\u03ad\u03c2 \u03b5\u03ba\u03b4\u03b7\u03bb\u03ce\u03c3\u03b5\u03b9\u03c2.<\/p>\n\n\n\n<p class=\"has-medium-font-size\">\u0394\u03b9\u03b5\u03cd\u03b8\u03c5\u03bd\u03c3\u03b7: Yliopistonkatu 19 B 3, Turku<\/p>\n","protected":false},"excerpt":{"rendered":"<p>\u0395\u03ba\u03ba\u03bb\u03b7\u03c3\u03af\u03b1 \u03c4\u03b7\u03c2 \u0391\u03b3\u03af\u03b1\u03c2 \u039c\u03ac\u03c1\u03c4\u03c5\u03c1o\u03c2 \u0391\u03c5\u03c4\u03bf\u03ba\u03c1\u03ac\u03c4\u03b5\u03b9\u03c1\u03b1\u03c2 \u0391\u03bb\u03b5\u03be\u03ac\u03bd\u03b4\u03c1\u03b1\u03c2 \u03c4\u03bf\u03c5 \u03a4\u03bf\u03cd\u03c1\u03ba\u03bf\u03c5 \u0397 \u03b5\u03ba\u03ba\u03bb\u03b7\u03c3\u03af\u03b1 \u03c7\u03c4\u03af\u03c3\u03c4\u03b7\u03ba\u03b5 \u03c3\u03cd\u03bc\u03c6\u03c9\u03bd\u03b1 \u03bc\u03b5 \u03c4\u03b1 \u03c3\u03c7\u03ad\u03b4\u03b9\u03b1 \u03c4\u03bf\u03c5 CL Engel \u03c4\u03bf 1839-1845 \u03ba\u03b1\u03b9 \u03b5\u03b3\u03ba\u03b1\u03b9\u03bd\u03b9\u03ac\u03c3\u03c4\u03b7\u03ba\u03b5 \u03c3\u03c4\u03b9\u03c2 2 \u03a3\u03b5\u03c0\u03c4\u03b5\u03bc\u03b2\u03c1\u03af\u03bf\u03c5 1846. \u039f \u03bd\u03b1\u03cc\u03c2 \u03b5\u03af\u03bd\u03b1\u03b9 \u03b1\u03c6\u03b9\u03b5\u03c1\u03c9\u03bc\u03ad\u03bd\u03bf\u03c2 \u03c3\u03c4\u03b7 \u03bc\u03bd\u03ae\u03bc\u03b7 \u03c4\u03b7\u03c2 \u0391\u03b3\u03af\u03b1\u03c2 \u039c\u03ac\u03c1\u03c4\u03c5\u03c1\u03bf\u03c2 \u0391\u03c5\u03c4\u03bf\u03ba\u03c1\u03ac\u03c4\u03b5\u03b9\u03c1\u03b1\u03c2 \u0391\u03bb\u03b5\u03be\u03ac\u03bd\u03b4\u03c1\u03b1\u03c2 (303 \u03bc.\u03a7.) \u03ba\u03b1\u03b9 \u03b5\u03bf\u03c1\u03c4\u03ac\u03b6\u03b5\u03c4\u03b1\u03b9 \u03c3\u03c4\u03b9\u03c2 23 \u0391\u03c0\u03c1\u03b9\u03bb\u03af\u03bf\u03c5. \u0397 \u03b9\u03c3\u03c4\u03bf\u03c1\u03af\u03b1 \u03c4\u03b7\u03c2 \u03b5\u03ba\u03ba\u03bb\u03b7\u03c3\u03af\u03b1\u03c2 \u03b5\u03af\u03bd\u03b1\u03b9 \u03b4\u03b9\u03b1\u03b8\u03ad\u03c3\u03b9\u03bc\u03b7 \u03c9\u03c2 \u03b2\u03b9\u03b2\u03bb\u03af\u03bf. \u03a4\u03bf \u03c0\u03b1\u03c1\u03b5\u03ba\u03ba\u03bb\u03ae\u03c3\u03b9\u03bf \u03c4\u03bf\u03c5&hellip; <a class=\"continue\" href=\"https:\/\/ort.fi\/turku\/%ce%b5%ce%b3%ce%ba%ce%b1%cf%84%ce%b1%cf%83%cf%84%ce%ac%cf%83%ce%b5%ce%b9%cf%82-%cf%84%ce%b7%cf%82-%ce%b5%ce%bd%ce%bf%cf%81%ce%af%ce%b1%cf%82\/\">Continue Reading<span> \u0399\u03b5\u03c1\u03bf\u03af \u039d\u03b1\u03bf\u03af, \u03c7\u03ce\u03c1\u03bf\u03b9 \u03c0\u03c1\u03bf\u03c3\u03b5\u03c5\u03c7\u03ae\u03c2 \u03ba\u03b1\u03b9 \u03b5\u03bd\u03bf\u03c1\u03b9\u03b1\u03ba\u03ad\u03c2 \u03b1\u03af\u03b8\u03bf\u03c5\u03c3\u03b5\u03c2<\/span><\/a><\/p>\n","protected":false},"author":3,"featured_media":0,"parent":0,"menu_order":0,"comment_status":"closed","ping_status":"closed","template":"","meta":{"slim_seo":{"title":"\u0399\u03b5\u03c1\u03bf\u03af \u039d\u03b1\u03bf\u03af, \u03c7\u03ce\u03c1\u03bf\u03b9 \u03c0\u03c1\u03bf\u03c3\u03b5\u03c5\u03c7\u03ae\u03c2 \u03ba\u03b1\u03b9 \u03b5\u03bd\u03bf\u03c1\u03b9\u03b1\u03ba\u03ad\u03c2 \u03b1\u03af\u03b8\u03bf\u03c5\u03c3\u03b5\u03c2 - Turun ortodoksinen seurakunta","description":"\u0395\u03ba\u03ba\u03bb\u03b7\u03c3\u03af\u03b1 \u03c4\u03b7\u03c2 \u0391\u03b3\u03af\u03b1\u03c2 \u039c\u03ac\u03c1\u03c4\u03c5\u03c1o\u03c2 \u0391\u03c5\u03c4\u03bf\u03ba\u03c1\u03ac\u03c4\u03b5\u03b9\u03c1\u03b1\u03c2 \u0391\u03bb\u03b5\u03be\u03ac\u03bd\u03b4\u03c1\u03b1\u03c2 \u03c4\u03bf\u03c5 \u03a4\u03bf\u03cd\u03c1\u03ba\u03bf\u03c5 \u0397 \u03b5\u03ba\u03ba\u03bb\u03b7\u03c3\u03af\u03b1 \u03c7\u03c4\u03af\u03c3\u03c4\u03b7\u03ba\u03b5 \u03c3\u03cd\u03bc\u03c6\u03c9\u03bd\u03b1 \u03bc\u03b5 \u03c4\u03b1 \u03c3\u03c7\u03ad\u03b4\u03b9\u03b1 \u03c4\u03bf\u03c5 CL Engel \u03c4\u03bf 1839-1845 \u03ba\u03b1\u03b9 \u03b5\u03b3\u03ba\u03b1\u03b9\u03bd\u03b9\u03ac\u03c3\u03c4\u03b7\u03ba\u03b5 \u03c3\u03c4\u03b9\u03c2 2 \u03a3\u03b5\u03c0"},"footnotes":""},"class_list":["post-2501","page","type-page","status-publish"],"_links":{"self":[{"href":"https:\/\/ort.fi\/turku\/wp-json\/wp\/v2\/pages\/2501","targetHints":{"allow":["GET"]}}],"collection":[{"href":"https:\/\/ort.fi\/turku\/wp-json\/wp\/v2\/pages"}],"about":[{"href":"https:\/\/ort.fi\/turku\/wp-json\/wp\/v2\/types\/page"}],"author":[{"embeddable":true,"href":"https:\/\/ort.fi\/turku\/wp-json\/wp\/v2\/users\/3"}],"replies":[{"embeddable":true,"href":"https:\/\/ort.fi\/turku\/wp-json\/wp\/v2\/comments?post=2501"}],"version-history":[{"count":0,"href":"https:\/\/ort.fi\/turku\/wp-json\/wp\/v2\/pages\/2501\/revisions"}],"wp:attachment":[{"href":"https:\/\/ort.fi\/turku\/wp-json\/wp\/v2\/media?parent=2501"}],"curies":[{"name":"wp","href":"https:\/\/api.w.org\/{rel}","templated":true}]}}