{"id":2455,"date":"2024-11-16T17:41:32","date_gmt":"2024-11-16T15:41:32","guid":{"rendered":"https:\/\/ort.fi\/ortturkusrk\/?page_id=2455"},"modified":"2024-12-31T18:11:48","modified_gmt":"2024-12-31T16:11:48","slug":"%d8%b1%d8%b9%d9%8a%d8%a9-%d8%aa%d9%88%d8%b1%d9%83%d9%88-%d8%a7%d9%84%d8%a3%d8%b1%d8%ab%d9%88%d8%b0%d9%83%d8%b3%d9%8a%d8%a9","status":"publish","type":"page","link":"https:\/\/ort.fi\/turku\/%d8%b1%d8%b9%d9%8a%d8%a9-%d8%aa%d9%88%d8%b1%d9%83%d9%88-%d8%a7%d9%84%d8%a3%d8%b1%d8%ab%d9%88%d8%b0%d9%83%d8%b3%d9%8a%d8%a9\/","title":{"rendered":"\u0631\u0639\u064a\u0629 \u062a\u0648\u0631\u0643\u0648 \u0627\u0644\u0623\u0631\u062b\u0648\u0630\u0643\u0633\u064a\u0629"},"content":{"rendered":"\n<p class=\"has-text-align-right has-medium-font-size\"><p class=\"has-text-align-right has-medium-font-size\" style=\"direction : rtl\">\u0631\u0639\u064a\u0629 \u062a\u0648\u0631\u0643\u0648 \u0627\u0644\u0623\u0631\u062b\u0648\u0630\u0643\u0633\u064a\u0629<\/p><\/p>\n\n\n\n<p class=\"has-text-align-right has-medium-font-size\"><p class=\"has-text-align-right has-medium-font-size\" style=\"direction : rtl\">\u0645\u0631\u062d\u0628\u064b\u0627 \u0628\u0643\u0645 \u0641\u064a \u0631\u0639\u064a\u0629 \u062a\u0648\u0631\u0643\u0648 \u0627\u0644\u0623\u0631\u062b\u0648\u0630\u0643\u0633\u064a\u0629 \u0645\u062a\u0639\u062f\u062f\u0629 \u0627\u0644\u062b\u0642\u0627\u0641\u0627\u062a.\u062a\u062e\u062f\u0645 \u0627\u0644\u0643\u0646\u064a\u0633\u0629 \u0627\u0644\u0623\u0631\u062b\u0648\u0630\u0643\u0633\u064a\u0629 \u0627\u0644\u0641\u0646\u0644\u0646\u062f\u064a\u0629 \u062c\u0645\u064a\u0639 \u0623\u0639\u0636\u0627\u0621 \u0627\u0644\u0643\u0646\u064a\u0633\u0629 \u0627\u0644\u0623\u0631\u062b\u0648\u0630\u0643\u0633\u064a\u0629 \u0627\u0644\u0630\u064a\u0646 \u064a\u0639\u064a\u0634\u0648\u0646 \u0641\u064a \u0641\u0646\u0644\u0646\u062f\u0627\u060c \u0628\u063a\u0636 \u0627\u0644\u0646\u0638\u0631 \u0639\u0646 \u0644\u063a\u062a\u0647\u0645 \u0627\u0644\u0623\u0645 \u0648\u062c\u0646\u0633\u064a\u062a\u0647\u0645. \u062a\u0639\u0645\u0644 \u0627\u0644\u0643\u0646\u064a\u0633\u0629 \u0627\u0644\u0623\u0631\u062b\u0648\u0630\u0643\u0633\u064a\u0629 \u0627\u0644\u0641\u0646\u0644\u0646\u062f\u064a\u0629 \u0645\u0646\u0630 \u0639\u0627\u0645 1923 \u0641\u064a\u0645\u0627 \u064a\u062a\u0639\u0644\u0642 \u0628\u0628\u0637\u0631\u064a\u0631\u0643\u064a\u0629 \u0627\u0644\u0642\u0633\u0637\u0646\u0637\u064a\u0646\u064a\u0629 \u0627\u0644\u0645\u0633\u0643\u0648\u0646\u064a\u0629. \u0631\u0639\u064a\u0629 \u062a\u0648\u0631\u0643\u0648 \u0647\u064a \u0648\u0627\u062d\u062f\u0629 \u0645\u0646 \u0639\u0634\u0631 \u0631\u0639\u0627\u064a\u0627 \u0623\u0631\u062b\u0648\u0630\u0643\u0633\u064a\u0629 \u0641\u064a \u0641\u0646\u0644\u0646\u062f\u0627.<\/p><\/p>\n\n\n\n<p class=\"has-text-align-right has-medium-font-size\"><p class=\"has-text-align-right has-medium-font-size\" style=\"direction : rtl\">\u062a\u062e\u062f\u0645 \u0627\u0644\u0631\u0639\u064a\u0629 \u062c\u0646\u0648\u0628 \u063a\u0631\u0628 \u0641\u0646\u0644\u0646\u062f\u0627\u060c \u0645\u0646\u0637\u0642\u0629 \u0633\u0627\u062a\u0627\u0643\u0648\u0646\u062a\u0627\u060c  \u062c\u0632\u0631 \u0623\u0648\u0644\u0627\u0646\u062f.<\/p><\/p>\n\n\n\n<p class=\"has-text-align-right has-medium-font-size\"><p class=\"has-text-align-right has-medium-font-size\" style=\"direction : rtl\">\u062a\u064f\u0639\u062a\u0628\u0631 \u0636\u0645\u0646 \u0645\u0646\u0637\u0642\u0629 \u0627\u0644\u0631\u0639\u064a\u0629 \u0625\u0630\u0627 \u0643\u0627\u0646\u062a \u0628\u0644\u062f\u064a\u0629 \u0625\u0642\u0627\u0645\u062a\u0643 \u062a\u0646\u062a\u0645\u064a \u0625\u0644\u0649 \u0625\u062d\u062f\u0649 \u0627\u0644\u0628\u0644\u062f\u064a\u0627\u062a \u0627\u0644\u062a\u0627\u0644\u064a\u0629:<\/p><\/p>\n\n\n\n<p>Aura, Br\u00e4nd\u00f6, Ecker\u00f6, Eura, Finstr\u00f6m, F\u00f6gl\u00f6, Geta, Hammarland, Harjavalta, Huittinen, Jomala, Kaarina, Kemi\u00f6nsaari, Kokem\u00e4ki, Koski, Kumlinge, Kustavi, K\u00f6kar, Laitila, Lemland, Lieto, Loimaa, Lumparland, Maarianhamina, Marttila, Masku, Myn\u00e4m\u00e4ki, Naantali, Nousiainen, Orip\u00e4\u00e4, Paimio, Parainen, Punkalaidun, Pyh\u00e4ranta, P\u00f6yty\u00e4, Raisio, Rauma, Rusko, Salo, Saltvik, Sauvo, Sottunga, Sund, S\u00e4kyl\u00e4, Taivassalo, Turku, Uusikaupunki, V\u00e5rd\u00f6, \u0623\u0648 Vehmaa.<\/p>\n\n\n\n<p><\/p>\n","protected":false},"excerpt":{"rendered":"<p>\u0631\u0639\u064a\u0629 \u062a\u0648\u0631\u0643\u0648 \u0627\u0644\u0623\u0631\u062b\u0648\u0630\u0643\u0633\u064a\u0629 \u0645\u0631\u062d\u0628\u064b\u0627 \u0628\u0643\u0645 \u0641\u064a \u0631\u0639\u064a\u0629 \u062a\u0648\u0631\u0643\u0648 \u0627\u0644\u0623\u0631\u062b\u0648\u0630\u0643\u0633\u064a\u0629 \u0645\u062a\u0639\u062f\u062f\u0629 \u0627\u0644\u062b\u0642\u0627\u0641\u0627\u062a.\u062a\u062e\u062f\u0645 \u0627\u0644\u0643\u0646\u064a\u0633\u0629 \u0627\u0644\u0623\u0631\u062b\u0648\u0630\u0643\u0633\u064a\u0629 \u0627\u0644\u0641\u0646\u0644\u0646\u062f\u064a\u0629 \u062c\u0645\u064a\u0639 \u0623\u0639\u0636\u0627\u0621 \u0627\u0644\u0643\u0646\u064a\u0633\u0629 \u0627\u0644\u0623\u0631\u062b\u0648\u0630\u0643\u0633\u064a\u0629 \u0627\u0644\u0630\u064a\u0646 \u064a\u0639\u064a\u0634\u0648\u0646 \u0641\u064a \u0641\u0646\u0644\u0646\u062f\u0627\u060c \u0628\u063a\u0636 \u0627\u0644\u0646\u0638\u0631 \u0639\u0646 \u0644\u063a\u062a\u0647\u0645 \u0627\u0644\u0623\u0645 \u0648\u062c\u0646\u0633\u064a\u062a\u0647\u0645. \u062a\u0639\u0645\u0644 \u0627\u0644\u0643\u0646\u064a\u0633\u0629 \u0627\u0644\u0623\u0631\u062b\u0648\u0630\u0643\u0633\u064a\u0629 \u0627\u0644\u0641\u0646\u0644\u0646\u062f\u064a\u0629 \u0645\u0646\u0630 \u0639\u0627\u0645 1923 \u0641\u064a\u0645\u0627 \u064a\u062a\u0639\u0644\u0642 \u0628\u0628\u0637\u0631\u064a\u0631\u0643\u064a\u0629 \u0627\u0644\u0642\u0633\u0637\u0646\u0637\u064a\u0646\u064a\u0629 \u0627\u0644\u0645\u0633\u0643\u0648\u0646\u064a\u0629. \u0631\u0639\u064a\u0629 \u062a\u0648\u0631\u0643\u0648 \u0647\u064a \u0648\u0627\u062d\u062f\u0629 \u0645\u0646 \u0639\u0634\u0631 \u0631\u0639\u0627\u064a\u0627 \u0623\u0631\u062b\u0648\u0630\u0643\u0633\u064a\u0629 \u0641\u064a \u0641\u0646\u0644\u0646\u062f\u0627. \u062a\u062e\u062f\u0645 \u0627\u0644\u0631\u0639\u064a\u0629 \u062c\u0646\u0648\u0628 \u063a\u0631\u0628 \u0641\u0646\u0644\u0646\u062f\u0627\u060c&hellip; <a class=\"continue\" href=\"https:\/\/ort.fi\/turku\/%d8%b1%d8%b9%d9%8a%d8%a9-%d8%aa%d9%88%d8%b1%d9%83%d9%88-%d8%a7%d9%84%d8%a3%d8%b1%d8%ab%d9%88%d8%b0%d9%83%d8%b3%d9%8a%d8%a9\/\">Continue Reading<span> \u0631\u0639\u064a\u0629 \u062a\u0648\u0631\u0643\u0648 \u0627\u0644\u0623\u0631\u062b\u0648\u0630\u0643\u0633\u064a\u0629<\/span><\/a><\/p>\n","protected":false},"author":3,"featured_media":0,"parent":0,"menu_order":0,"comment_status":"closed","ping_status":"closed","template":"","meta":{"slim_seo":{"title":"\u0631\u0639\u064a\u0629 \u062a\u0648\u0631\u0643\u0648 \u0627\u0644\u0623\u0631\u062b\u0648\u0630\u0643\u0633\u064a\u0629 - Turun ortodoksinen seurakunta","description":"\u0631\u0639\u064a\u0629 \u062a\u0648\u0631\u0643\u0648 \u0627\u0644\u0623\u0631\u062b\u0648\u0630\u0643\u0633\u064a\u0629 \u0645\u0631\u062d\u0628\u064b\u0627 \u0628\u0643\u0645 \u0641\u064a \u0631\u0639\u064a\u0629 \u062a\u0648\u0631\u0643\u0648 \u0627\u0644\u0623\u0631\u062b\u0648\u0630\u0643\u0633\u064a\u0629 \u0645\u062a\u0639\u062f\u062f\u0629 \u0627\u0644\u062b\u0642\u0627\u0641\u0627\u062a.\u062a\u062e\u062f\u0645 \u0627\u0644\u0643\u0646\u064a\u0633\u0629 \u0627\u0644\u0623\u0631\u062b\u0648\u0630\u0643\u0633\u064a\u0629 \u0627\u0644\u0641\u0646\u0644\u0646\u062f\u064a\u0629 \u062c\u0645\u064a\u0639 \u0623\u0639\u0636\u0627\u0621 \u0627\u0644\u0643\u0646\u064a\u0633\u0629 \u0627\u0644\u0623\u0631\u062b\u0648\u0630\u0643\u0633\u064a\u0629 \u0627\u0644\u0630\u064a\u0646 \u064a\u0639\u064a\u0634\u0648\u0646 \u0641\u064a \u0641\u0646"},"footnotes":""},"class_list":["post-2455","page","type-page","status-publish"],"_links":{"self":[{"href":"https:\/\/ort.fi\/turku\/wp-json\/wp\/v2\/pages\/2455","targetHints":{"allow":["GET"]}}],"collection":[{"href":"https:\/\/ort.fi\/turku\/wp-json\/wp\/v2\/pages"}],"about":[{"href":"https:\/\/ort.fi\/turku\/wp-json\/wp\/v2\/types\/page"}],"author":[{"embeddable":true,"href":"https:\/\/ort.fi\/turku\/wp-json\/wp\/v2\/users\/3"}],"replies":[{"embeddable":true,"href":"https:\/\/ort.fi\/turku\/wp-json\/wp\/v2\/comments?post=2455"}],"version-history":[{"count":0,"href":"https:\/\/ort.fi\/turku\/wp-json\/wp\/v2\/pages\/2455\/revisions"}],"wp:attachment":[{"href":"https:\/\/ort.fi\/turku\/wp-json\/wp\/v2\/media?parent=2455"}],"curies":[{"name":"wp","href":"https:\/\/api.w.org\/{rel}","templated":true}]}}