{"id":2431,"date":"2024-11-12T15:44:11","date_gmt":"2024-11-12T13:44:11","guid":{"rendered":"https:\/\/ort.fi\/ortturkusrk\/?page_id=2431"},"modified":"2026-03-03T18:03:01","modified_gmt":"2026-03-03T16:03:01","slug":"%d1%83%d0%ba%d1%80%d0%b0%d1%97%d0%bd%d0%be%d0%bc%d0%be%d0%b2%d0%bd%d0%b8%d0%b9-%d0%b3%d1%83%d1%80%d1%82%d0%be%d0%ba","status":"publish","type":"page","link":"https:\/\/ort.fi\/turku\/%d1%83%d0%ba%d1%80%d0%b0%d1%97%d0%bd%d0%be%d0%bc%d0%be%d0%b2%d0%bd%d0%b8%d0%b9-%d0%b3%d1%83%d1%80%d1%82%d0%be%d0%ba\/","title":{"rendered":"\u0423\u043a\u0440\u0430\u0457\u043d\u043e\u043c\u043e\u0432\u043d\u0438\u0439 \u0433\u0443\u0440\u0442\u043e\u043a"},"content":{"rendered":"\n<p>Ukrainankielinen keskustelupiiri j\u00e4rjestet\u00e4\u00e4n jokaisen kuukauden toisena lauantaina klo 15.00 kerhohuoneessa. Piiriss\u00e4 k\u00e4sitell\u00e4\u00e4n eri ortodoksisuuteen liittyvi\u00e4 aiheita, kysyt\u00e4\u00e4n kysymyksi\u00e4 ja tutustutaan toisiin osallistujiin. Opettajana toimii arkkipiispan teologinen sihteeri Jelisei Heikkil\u00e4.\u00a0 Keskustelupiiri j\u00e4rjestet\u00e4\u00e4n ohjelman mukaan: <strong>14.3. ja 9.5.<\/strong><\/p>\n\n\n\n<p><\/p>\n\n\n\n<p>\u0423\u043a\u0440\u0430\u0457\u043d\u043e\u043c\u043e\u0432\u043d\u0438\u0439 \u0440\u043e\u0437\u043c\u043e\u0432\u043d\u0438\u0439 \u0433\u0443\u0440\u0442\u043e\u043a \u043f\u0440\u043e\u0432\u043e\u0434\u0438\u0442\u044c\u0441\u044f \u0443\u00a0\u0434\u0440\u0443\u0433\u0443 \u0441\u0443\u0431\u043e\u0442\u0443 \u043a\u043e\u0436\u043d\u043e\u0433\u043e \u043c\u0456\u0441\u044f\u0446\u044f, \u043e 15:00 \u0443 \u043a\u0456\u043c\u043d\u0430\u0442\u0456 \u0434\u043b\u044f \u0433\u0443\u0440\u0442\u043a\u0456\u0432 . \u041f\u0456\u0434 \u0447\u0430\u0441 \u0437\u0443\u0441\u0442\u0440\u0456\u0447\u0435\u0439 \u043e\u0431\u0433\u043e\u0432\u043e\u0440\u044e\u044e\u0442\u044c\u0441\u044f \u0440\u0456\u0437\u043d\u0456 \u0442\u0435\u043c\u0438, \u043f\u043e\u0432\u2019\u044f\u0437\u0430\u043d\u0456 \u0437 \u043f\u0440\u0430\u0432\u043e\u0441\u043b\u0430\u0432\u043d\u043e\u044e \u0432\u0456\u0440\u043e\u044e, \u0454 \u043c\u043e\u0436\u043b\u0438\u0432\u0456\u0441\u0442\u044c \u0441\u0442\u0430\u0432\u0438\u0442\u0438 \u0437\u0430\u043f\u0438\u0442\u0430\u043d\u043d\u044f \u0442\u0430 \u0431\u043b\u0438\u0436\u0447\u0435 \u043f\u043e\u0437\u043d\u0430\u0439\u043e\u043c\u0438\u0442\u0438\u0441\u044f \u0437 \u0456\u043d\u0448\u0438\u043c\u0438 \u0443\u0447\u0430\u0441\u043d\u0438\u043a\u0430\u043c\u0438 . \u0413\u0443\u0440\u0442\u043e\u043a \u043f\u0440\u043e\u0432\u043e\u0434\u0438\u0442\u044c \u0431\u043e\u0433\u043e\u0441\u043b\u043e\u0432\u0441\u044c\u043a\u0438\u0439 \u0441\u0435\u043a\u0440\u0435\u0442\u0430\u0440 \u0430\u0440\u0445\u0456\u0454\u043f\u0438\u0441\u043a\u043e\u043f\u0430 \u0404\u043b\u0456\u0441\u0435\u0439 \u0413\u0435\u0439\u043a\u043a\u0456\u043b\u044f. \u0411\u0435\u0441\u0456\u0434\u0438\u00a0\u043f\u0440\u043e\u0432\u043e\u0434\u044f\u0442\u044c\u0441\u044f \u0437\u0433\u0456\u0434\u043d\u043e \u0437 \u0440\u043e\u0437\u043a\u043b\u0430\u0434\u043e\u043c:<strong>14.3. ja 9.5.<\/strong><\/p>\n\n\n\n<p><\/p>\n\n\n\n<p><\/p>\n","protected":false},"excerpt":{"rendered":"<p>Ukrainankielinen keskustelupiiri j\u00e4rjestet\u00e4\u00e4n jokaisen kuukauden toisena lauantaina klo 15.00 kerhohuoneessa. Piiriss\u00e4 k\u00e4sitell\u00e4\u00e4n eri ortodoksisuuteen liittyvi\u00e4 aiheita, kysyt\u00e4\u00e4n kysymyksi\u00e4 ja tutustutaan toisiin osallistujiin. Opettajana toimii arkkipiispan teologinen sihteeri Jelisei Heikkil\u00e4.\u00a0 Keskustelupiiri j\u00e4rjestet\u00e4\u00e4n ohjelman mukaan: 14.3. ja 9.5. \u0423\u043a\u0440\u0430\u0457\u043d\u043e\u043c\u043e\u0432\u043d\u0438\u0439 \u0440\u043e\u0437\u043c\u043e\u0432\u043d\u0438\u0439 \u0433\u0443\u0440\u0442\u043e\u043a \u043f\u0440\u043e\u0432\u043e\u0434\u0438\u0442\u044c\u0441\u044f \u0443\u00a0\u0434\u0440\u0443\u0433\u0443 \u0441\u0443\u0431\u043e\u0442\u0443 \u043a\u043e\u0436\u043d\u043e\u0433\u043e \u043c\u0456\u0441\u044f\u0446\u044f, \u043e 15:00 \u0443 \u043a\u0456\u043c\u043d\u0430\u0442\u0456 \u0434\u043b\u044f \u0433\u0443\u0440\u0442\u043a\u0456\u0432 . \u041f\u0456\u0434 \u0447\u0430\u0441 \u0437\u0443\u0441\u0442\u0440\u0456\u0447\u0435\u0439 \u043e\u0431\u0433\u043e\u0432\u043e\u0440\u044e\u044e\u0442\u044c\u0441\u044f&hellip; <a class=\"continue\" href=\"https:\/\/ort.fi\/turku\/%d1%83%d0%ba%d1%80%d0%b0%d1%97%d0%bd%d0%be%d0%bc%d0%be%d0%b2%d0%bd%d0%b8%d0%b9-%d0%b3%d1%83%d1%80%d1%82%d0%be%d0%ba\/\">Continue Reading<span> \u0423\u043a\u0440\u0430\u0457\u043d\u043e\u043c\u043e\u0432\u043d\u0438\u0439 \u0433\u0443\u0440\u0442\u043e\u043a<\/span><\/a><\/p>\n","protected":false},"author":13,"featured_media":0,"parent":0,"menu_order":0,"comment_status":"closed","ping_status":"closed","template":"","meta":{"slim_seo":{"title":"\u0423\u043a\u0440\u0430\u0457\u043d\u043e\u043c\u043e\u0432\u043d\u0438\u0439 \u0433\u0443\u0440\u0442\u043e\u043a - Turun ortodoksinen seurakunta","description":"Ukrainankielinen keskustelupiiri j\u00e4rjestet\u00e4\u00e4n jokaisen kuukauden toisena lauantaina klo 15.00 kerhohuoneessa. Piiriss\u00e4 k\u00e4sitell\u00e4\u00e4n eri ortodoksisuuteen liittyvi"},"footnotes":""},"class_list":["post-2431","page","type-page","status-publish"],"_links":{"self":[{"href":"https:\/\/ort.fi\/turku\/wp-json\/wp\/v2\/pages\/2431","targetHints":{"allow":["GET"]}}],"collection":[{"href":"https:\/\/ort.fi\/turku\/wp-json\/wp\/v2\/pages"}],"about":[{"href":"https:\/\/ort.fi\/turku\/wp-json\/wp\/v2\/types\/page"}],"author":[{"embeddable":true,"href":"https:\/\/ort.fi\/turku\/wp-json\/wp\/v2\/users\/13"}],"replies":[{"embeddable":true,"href":"https:\/\/ort.fi\/turku\/wp-json\/wp\/v2\/comments?post=2431"}],"version-history":[{"count":10,"href":"https:\/\/ort.fi\/turku\/wp-json\/wp\/v2\/pages\/2431\/revisions"}],"predecessor-version":[{"id":10095,"href":"https:\/\/ort.fi\/turku\/wp-json\/wp\/v2\/pages\/2431\/revisions\/10095"}],"wp:attachment":[{"href":"https:\/\/ort.fi\/turku\/wp-json\/wp\/v2\/media?parent=2431"}],"curies":[{"name":"wp","href":"https:\/\/api.w.org\/{rel}","templated":true}]}}