{"id":2185,"date":"2024-11-12T10:17:11","date_gmt":"2024-11-12T08:17:11","guid":{"rendered":"https:\/\/ort.fi\/ortturkusrk\/?page_id=2185"},"modified":"2025-01-29T13:10:05","modified_gmt":"2025-01-29T11:10:05","slug":"news-and-social-media","status":"publish","type":"page","link":"https:\/\/ort.fi\/turku\/news-and-social-media\/","title":{"rendered":"News and Social Media"},"content":{"rendered":"\n<h5 class=\"wp-block-heading\"><strong><em>News<\/em><\/strong><\/h5>\n\n\n<ul class=\"wp-block-latest-posts__list has-dates wp-block-latest-posts\"><li><div class=\"wp-block-latest-posts__featured-image alignleft\"><img loading=\"lazy\" decoding=\"async\" width=\"300\" height=\"202\" src=\"https:\/\/ort.fi\/turku\/wp-content\/uploads\/2026\/04\/1000051820-300x202.jpg\" class=\"attachment-medium size-medium wp-post-image\" alt=\"1000051820\" style=\"\" srcset=\"https:\/\/ort.fi\/turku\/wp-content\/uploads\/2026\/04\/1000051820-300x202.jpg 300w, https:\/\/ort.fi\/turku\/wp-content\/uploads\/2026\/04\/1000051820-1024x690.jpg 1024w, https:\/\/ort.fi\/turku\/wp-content\/uploads\/2026\/04\/1000051820-768x517.jpg 768w, https:\/\/ort.fi\/turku\/wp-content\/uploads\/2026\/04\/1000051820-1536x1034.jpg 1536w, https:\/\/ort.fi\/turku\/wp-content\/uploads\/2026\/04\/1000051820.jpg 2027w\" sizes=\"auto, (max-width: 300px) 100vw, 300px\" \/><\/div><a class=\"wp-block-latest-posts__post-title\" href=\"https:\/\/ort.fi\/turku\/2026\/04\/03\/live-youtube-lahetys-suuren-perjantain-ehtoopalvelus-klo-14\/\">Live Youtube-l\u00e4hetys;  Suuren perjantain ehtoopalvelus klo 14<\/a><time datetime=\"2026-04-03T13:08:52+03:00\" class=\"wp-block-latest-posts__post-date\">3.4.2026<\/time><div class=\"wp-block-latest-posts__post-excerpt\"><\/div><\/li>\n<li><div class=\"wp-block-latest-posts__featured-image alignleft\"><img loading=\"lazy\" decoding=\"async\" width=\"300\" height=\"202\" src=\"https:\/\/ort.fi\/turku\/wp-content\/uploads\/2026\/04\/1000051819-300x202.jpg\" class=\"attachment-medium size-medium wp-post-image\" alt=\"1000051819\" style=\"\" srcset=\"https:\/\/ort.fi\/turku\/wp-content\/uploads\/2026\/04\/1000051819-300x202.jpg 300w, https:\/\/ort.fi\/turku\/wp-content\/uploads\/2026\/04\/1000051819-1024x688.jpg 1024w, https:\/\/ort.fi\/turku\/wp-content\/uploads\/2026\/04\/1000051819-768x516.jpg 768w, https:\/\/ort.fi\/turku\/wp-content\/uploads\/2026\/04\/1000051819-1536x1033.jpg 1536w, https:\/\/ort.fi\/turku\/wp-content\/uploads\/2026\/04\/1000051819-2048x1377.jpg 2048w\" sizes=\"auto, (max-width: 300px) 100vw, 300px\" \/><\/div><a class=\"wp-block-latest-posts__post-title\" href=\"https:\/\/ort.fi\/turku\/2026\/04\/03\/live-kristuksen-hautauspalvelus-klo-17\/\">Live Youtube-l\u00e4hetys; Kristuksen hautauspalvelus, klo 17<\/a><time datetime=\"2026-04-03T12:44:53+03:00\" class=\"wp-block-latest-posts__post-date\">3.4.2026<\/time><div class=\"wp-block-latest-posts__post-excerpt\"><\/div><\/li>\n<li><div class=\"wp-block-latest-posts__featured-image alignleft\"><img loading=\"lazy\" decoding=\"async\" width=\"225\" height=\"300\" src=\"https:\/\/ort.fi\/turku\/wp-content\/uploads\/2026\/03\/20250419_214746-225x300.jpg\" class=\"attachment-medium size-medium wp-post-image\" alt=\"Turun pyh\u00e4n Aleksandran kirkko p\u00e4\u00e4si\u00e4isy\u00f6n\u00e4 2025.\" style=\"\" srcset=\"https:\/\/ort.fi\/turku\/wp-content\/uploads\/2026\/03\/20250419_214746-225x300.jpg 225w, https:\/\/ort.fi\/turku\/wp-content\/uploads\/2026\/03\/20250419_214746-768x1024.jpg 768w, https:\/\/ort.fi\/turku\/wp-content\/uploads\/2026\/03\/20250419_214746-1152x1536.jpg 1152w, https:\/\/ort.fi\/turku\/wp-content\/uploads\/2026\/03\/20250419_214746-1536x2048.jpg 1536w, https:\/\/ort.fi\/turku\/wp-content\/uploads\/2026\/03\/20250419_214746-scaled.jpg 1920w\" sizes=\"auto, (max-width: 225px) 100vw, 225px\" \/><\/div><a class=\"wp-block-latest-posts__post-title\" href=\"https:\/\/ort.fi\/turku\/2026\/03\/27\/instructions-for-the-easter-night-services-at-the-orthodox-church-of-turku\/\">Instructions for the Easter Night Services at the Orthodox Church of Turku<\/a><time datetime=\"2026-03-27T20:11:03+02:00\" class=\"wp-block-latest-posts__post-date\">27.3.2026<\/time><div class=\"wp-block-latest-posts__post-excerpt\">This year, the Easter Eve services of the Orthodox Parish of Turku will be exceptionally festive, as the services will be led by none other than His Beatitude Elia, Archbishop of Helsinki and All Finland. The procession, Matins, and Divine Liturgy will also be broadcast on television. The services will begin with the Midnight Office&hellip; <a class=\"continue\" href=\"https:\/\/ort.fi\/turku\/news-and-social-media\/\">Continue Reading<span> News and Social Media<\/span><\/a><\/div><\/li>\n<li><div class=\"wp-block-latest-posts__featured-image alignleft\"><img loading=\"lazy\" decoding=\"async\" width=\"240\" height=\"300\" src=\"https:\/\/ort.fi\/turku\/wp-content\/uploads\/2026\/01\/Hakuilmoitus-240x300.jpg\" class=\"attachment-medium size-medium wp-post-image\" alt=\"Hakuilmoitus\" style=\"\" srcset=\"https:\/\/ort.fi\/turku\/wp-content\/uploads\/2026\/01\/Hakuilmoitus-240x300.jpg 240w, https:\/\/ort.fi\/turku\/wp-content\/uploads\/2026\/01\/Hakuilmoitus-819x1024.jpg 819w, https:\/\/ort.fi\/turku\/wp-content\/uploads\/2026\/01\/Hakuilmoitus-768x960.jpg 768w, https:\/\/ort.fi\/turku\/wp-content\/uploads\/2026\/01\/Hakuilmoitus.jpg 1080w\" sizes=\"auto, (max-width: 240px) 100vw, 240px\" \/><\/div><a class=\"wp-block-latest-posts__post-title\" href=\"https:\/\/ort.fi\/turku\/2026\/01\/23\/come-along-in-developing-the-volunteer-work-of-the-turku-orthodox-parish\/\">Come along in developing the volunteer work of the Turku Orthodox Parish<\/a><time datetime=\"2026-01-23T14:00:00+02:00\" class=\"wp-block-latest-posts__post-date\">23.1.2026<\/time><div class=\"wp-block-latest-posts__post-excerpt\">The Turku Orthodox Parish will establish a volunteer coordination group for 2026. The purpose of the group is to plan, evaluate, and coordinate the volunteer work of the parish, and to seek solutions and new ideas for the needs of the growing parish&#8217;s volunteer work. Members of different ages and widely from different geographical areas&hellip; <a class=\"continue\" href=\"https:\/\/ort.fi\/turku\/news-and-social-media\/\">Continue Reading<span> News and Social Media<\/span><\/a><\/div><\/li>\n<li><div class=\"wp-block-latest-posts__featured-image alignleft\"><img loading=\"lazy\" decoding=\"async\" width=\"240\" height=\"300\" src=\"https:\/\/ort.fi\/turku\/wp-content\/uploads\/2026\/01\/Lectures-in-English-12-1-240x300.png\" class=\"attachment-medium size-medium wp-post-image\" alt=\"Lectures in English (12)\" style=\"\" srcset=\"https:\/\/ort.fi\/turku\/wp-content\/uploads\/2026\/01\/Lectures-in-English-12-1-240x300.png 240w, https:\/\/ort.fi\/turku\/wp-content\/uploads\/2026\/01\/Lectures-in-English-12-1-819x1024.png 819w, https:\/\/ort.fi\/turku\/wp-content\/uploads\/2026\/01\/Lectures-in-English-12-1-768x960.png 768w, https:\/\/ort.fi\/turku\/wp-content\/uploads\/2026\/01\/Lectures-in-English-12-1-1229x1536.png 1229w, https:\/\/ort.fi\/turku\/wp-content\/uploads\/2026\/01\/Lectures-in-English-12-1-1638x2048.png 1638w, https:\/\/ort.fi\/turku\/wp-content\/uploads\/2026\/01\/Lectures-in-English-12-1-scaled.png 2048w\" sizes=\"auto, (max-width: 240px) 100vw, 240px\" \/><\/div><a class=\"wp-block-latest-posts__post-title\" href=\"https:\/\/ort.fi\/turku\/2026\/01\/06\/lectures-in-english\/\">Lectures in English<\/a><time datetime=\"2026-01-06T16:59:33+02:00\" class=\"wp-block-latest-posts__post-date\">6.1.2026<\/time><div class=\"wp-block-latest-posts__post-excerpt\">Welcome to this year&#8217;s lectures given by Dr. Grant White! Dr. White will lecture in the parish room (kerhohuone) on the following days: 18.1.,1.2., 15.2., 1.3., 15.3., and 29.3.<\/div><\/li>\n<\/ul>\n\n\n<p><\/p>\n","protected":false},"excerpt":{"rendered":"<p>News<\/p>\n","protected":false},"author":13,"featured_media":0,"parent":0,"menu_order":0,"comment_status":"closed","ping_status":"closed","template":"","meta":{"slim_seo":{"title":"News and Social Media - Turun ortodoksinen seurakunta","description":"News"},"footnotes":""},"class_list":["post-2185","page","type-page","status-publish"],"_links":{"self":[{"href":"https:\/\/ort.fi\/turku\/wp-json\/wp\/v2\/pages\/2185","targetHints":{"allow":["GET"]}}],"collection":[{"href":"https:\/\/ort.fi\/turku\/wp-json\/wp\/v2\/pages"}],"about":[{"href":"https:\/\/ort.fi\/turku\/wp-json\/wp\/v2\/types\/page"}],"author":[{"embeddable":true,"href":"https:\/\/ort.fi\/turku\/wp-json\/wp\/v2\/users\/13"}],"replies":[{"embeddable":true,"href":"https:\/\/ort.fi\/turku\/wp-json\/wp\/v2\/comments?post=2185"}],"version-history":[{"count":0,"href":"https:\/\/ort.fi\/turku\/wp-json\/wp\/v2\/pages\/2185\/revisions"}],"wp:attachment":[{"href":"https:\/\/ort.fi\/turku\/wp-json\/wp\/v2\/media?parent=2185"}],"curies":[{"name":"wp","href":"https:\/\/api.w.org\/{rel}","templated":true}]}}