{"id":2057,"date":"2024-11-07T15:28:06","date_gmt":"2024-11-07T13:28:06","guid":{"rendered":"https:\/\/ort.fi\/ortturkusrk\/?page_id=2057"},"modified":"2024-12-19T12:12:14","modified_gmt":"2024-12-19T10:12:14","slug":"aleksandra-sali","status":"publish","type":"page","link":"https:\/\/ort.fi\/turku\/aleksandra-sali\/","title":{"rendered":"Aleksandra-sali"},"content":{"rendered":"\n<div class=\"wp-block-columns is-layout-flex wp-container-core-columns-is-layout-9d6595d7 wp-block-columns-is-layout-flex\">\n<div class=\"wp-block-column is-layout-flow wp-block-column-is-layout-flow\">\n<p>Turun ortodoksisen seurakunnan seurakuntatalon p\u00e4\u00e4sali on nimetty Aleksandra-saliksi Pyh\u00e4n marttyyrikeisarinna Aleksandran kirkon mukaisesti. Salissa j\u00e4rjestet\u00e4\u00e4n s\u00e4\u00e4nn\u00f6llisesti kirkkokahvit sunnuntaisin liturgian j\u00e4lkeen. Lis\u00e4ksi salissa vietet\u00e4\u00e4n kirkkovuoden juhlia, kuten seurakunnan p\u00e4\u00e4si\u00e4isjuhla, joulujuhla ja praasniekka. Seurakuntasalissa j\u00e4rjestet\u00e4\u00e4n my\u00f6s toimintapiirien kokoontumisia ja kahvituksia, seurakunnan myyj\u00e4isi\u00e4 sek\u00e4 muita tapahtumia. Aleksandra-sali on my\u00f6s vuokrattavissa yksityistilaisuuksia varten.<\/p>\n\n\n\n<p>Osoite: Yliopistonkatu 19 B 3, Turku<\/p>\n<\/div>\n\n\n\n<div class=\"wp-block-column is-layout-flow wp-block-column-is-layout-flow\"><div class=\"wp-block-image\">\n<figure class=\"aligncenter size-large is-resized\"><img loading=\"lazy\" decoding=\"async\" width=\"1024\" height=\"768\" src=\"https:\/\/ort.fi\/ortturkusrk\/wp-content\/uploads\/2024\/12\/IMG_2732-1024x768.jpg\" alt=\"\" class=\"wp-image-3635\" style=\"width:527px;height:auto\" srcset=\"https:\/\/ort.fi\/turku\/wp-content\/uploads\/2024\/12\/IMG_2732-1024x768.jpg 1024w, https:\/\/ort.fi\/turku\/wp-content\/uploads\/2024\/12\/IMG_2732-300x225.jpg 300w, https:\/\/ort.fi\/turku\/wp-content\/uploads\/2024\/12\/IMG_2732-768x576.jpg 768w, https:\/\/ort.fi\/turku\/wp-content\/uploads\/2024\/12\/IMG_2732-1536x1152.jpg 1536w, https:\/\/ort.fi\/turku\/wp-content\/uploads\/2024\/12\/IMG_2732-2048x1536.jpg 2048w\" sizes=\"auto, (max-width: 1024px) 100vw, 1024px\" \/><figcaption class=\"wp-element-caption\"><em>Turun ortodoksisen seurakunnan Aleksanda-sali, kuva: VN<\/em><\/figcaption><\/figure>\n<\/div><\/div>\n<\/div>\n\n\n\n<p><\/p>\n","protected":false},"excerpt":{"rendered":"<p>Turun ortodoksisen seurakunnan seurakuntatalon p\u00e4\u00e4sali on nimetty Aleksandra-saliksi Pyh\u00e4n marttyyrikeisarinna Aleksandran kirkon mukaisesti. Salissa j\u00e4rjestet\u00e4\u00e4n s\u00e4\u00e4nn\u00f6llisesti kirkkokahvit sunnuntaisin liturgian j\u00e4lkeen. Lis\u00e4ksi salissa vietet\u00e4\u00e4n kirkkovuoden juhlia, kuten seurakunnan p\u00e4\u00e4si\u00e4isjuhla, joulujuhla ja praasniekka. Seurakuntasalissa j\u00e4rjestet\u00e4\u00e4n my\u00f6s toimintapiirien kokoontumisia ja kahvituksia, seurakunnan myyj\u00e4isi\u00e4 sek\u00e4 muita tapahtumia. Aleksandra-sali on my\u00f6s vuokrattavissa yksityistilaisuuksia varten. Osoite: Yliopistonkatu 19 B 3, Turku<\/p>\n","protected":false},"author":13,"featured_media":0,"parent":0,"menu_order":0,"comment_status":"closed","ping_status":"closed","template":"","meta":{"slim_seo":{"title":"Aleksandra-sali - Turun ortodoksinen seurakunta","description":"Turun ortodoksisen seurakunnan seurakuntatalon p\u00e4\u00e4sali on nimetty Aleksandra-saliksi Pyh\u00e4n marttyyrikeisarinna Aleksandran kirkon mukaisesti. Salissa j\u00e4rjestet\u00e4"},"footnotes":""},"class_list":["post-2057","page","type-page","status-publish"],"_links":{"self":[{"href":"https:\/\/ort.fi\/turku\/wp-json\/wp\/v2\/pages\/2057","targetHints":{"allow":["GET"]}}],"collection":[{"href":"https:\/\/ort.fi\/turku\/wp-json\/wp\/v2\/pages"}],"about":[{"href":"https:\/\/ort.fi\/turku\/wp-json\/wp\/v2\/types\/page"}],"author":[{"embeddable":true,"href":"https:\/\/ort.fi\/turku\/wp-json\/wp\/v2\/users\/13"}],"replies":[{"embeddable":true,"href":"https:\/\/ort.fi\/turku\/wp-json\/wp\/v2\/comments?post=2057"}],"version-history":[{"count":0,"href":"https:\/\/ort.fi\/turku\/wp-json\/wp\/v2\/pages\/2057\/revisions"}],"wp:attachment":[{"href":"https:\/\/ort.fi\/turku\/wp-json\/wp\/v2\/media?parent=2057"}],"curies":[{"name":"wp","href":"https:\/\/api.w.org\/{rel}","templated":true}]}}