{"id":1871,"date":"2024-10-25T14:29:25","date_gmt":"2024-10-25T11:29:25","guid":{"rendered":"https:\/\/ort.fi\/ortturkusrk\/?page_id=1871"},"modified":"2026-02-02T11:41:55","modified_gmt":"2026-02-02T09:41:55","slug":"seurakunnankanslia","status":"publish","type":"page","link":"https:\/\/ort.fi\/turku\/seurakunnankanslia\/","title":{"rendered":"Seurakunnankanslia"},"content":{"rendered":"\n<p>Seurakunnankanslia on avoinna:<br>Ma, to klo 10-13, ke klo 13-16, tiistaisin ja perjantaisin suljettu<br>sek\u00e4 seuraavina ortodoksisen kirkon juhlap\u00e4ivin\u00e4,<br>mik\u00e4li kyseinen p\u00e4iv\u00e4 on arki ma, ke tai to:<br>8.9., 14.9., 21.11, 2.2, 25.3., 6.8., 15.8.,joulu 24.-26.12.,<br>p\u00e4\u00e4si\u00e4inen, helatorstai, Pyh\u00e4n Hengen p\u00e4iv\u00e4<\/p>\n\n\n\n<p>Puhelin: 044 751 4423<br>S\u00e4hk\u00f6posti: turku@ort.fi<\/p>\n\n\n\n<p>Kanslia vastaa seurakunnan yleisest\u00e4 asiakaspalvelusta.&nbsp;<\/p>\n\n\n\n<p><\/p>\n","protected":false},"excerpt":{"rendered":"<p>Seurakunnankanslia on avoinna:Ma, to klo 10-13, ke klo 13-16, tiistaisin ja perjantaisin suljettusek\u00e4 seuraavina ortodoksisen kirkon juhlap\u00e4ivin\u00e4,mik\u00e4li kyseinen p\u00e4iv\u00e4 on arki ma, ke tai to:8.9., 14.9., 21.11, 2.2, 25.3., 6.8., 15.8.,joulu 24.-26.12.,p\u00e4\u00e4si\u00e4inen, helatorstai, Pyh\u00e4n Hengen p\u00e4iv\u00e4 Puhelin: 044 751 4423S\u00e4hk\u00f6posti: turku@ort.fi Kanslia vastaa seurakunnan yleisest\u00e4 asiakaspalvelusta.&nbsp;<\/p>\n","protected":false},"author":3,"featured_media":0,"parent":0,"menu_order":0,"comment_status":"closed","ping_status":"closed","template":"","meta":{"slim_seo":{"title":"Seurakunnankanslia - Turun ortodoksinen seurakunta","description":"Seurakunnankanslia on avoinna: Ma, to klo 10-13, ke klo 13-16, tiistaisin ja perjantaisin suljettu sek\u00e4 seuraavina ortodoksisen kirkon juhlap\u00e4ivin\u00e4, mik\u00e4li kyse"},"footnotes":""},"class_list":["post-1871","page","type-page","status-publish"],"_links":{"self":[{"href":"https:\/\/ort.fi\/turku\/wp-json\/wp\/v2\/pages\/1871","targetHints":{"allow":["GET"]}}],"collection":[{"href":"https:\/\/ort.fi\/turku\/wp-json\/wp\/v2\/pages"}],"about":[{"href":"https:\/\/ort.fi\/turku\/wp-json\/wp\/v2\/types\/page"}],"author":[{"embeddable":true,"href":"https:\/\/ort.fi\/turku\/wp-json\/wp\/v2\/users\/3"}],"replies":[{"embeddable":true,"href":"https:\/\/ort.fi\/turku\/wp-json\/wp\/v2\/comments?post=1871"}],"version-history":[{"count":4,"href":"https:\/\/ort.fi\/turku\/wp-json\/wp\/v2\/pages\/1871\/revisions"}],"predecessor-version":[{"id":9799,"href":"https:\/\/ort.fi\/turku\/wp-json\/wp\/v2\/pages\/1871\/revisions\/9799"}],"wp:attachment":[{"href":"https:\/\/ort.fi\/turku\/wp-json\/wp\/v2\/media?parent=1871"}],"curies":[{"name":"wp","href":"https:\/\/api.w.org\/{rel}","templated":true}]}}