{"id":1683,"date":"2024-10-01T08:30:01","date_gmt":"2024-10-01T05:30:01","guid":{"rendered":"https:\/\/ort.fi\/ortturkusrk\/?page_id=1683"},"modified":"2025-02-02T15:21:21","modified_gmt":"2025-02-02T13:21:21","slug":"vuoden-2024-poytakirjat","status":"publish","type":"page","link":"https:\/\/ort.fi\/turku\/vuoden-2024-poytakirjat\/","title":{"rendered":"Vuoden 2024 seurakunnanneuvoston p\u00f6yt\u00e4kirjat"},"content":{"rendered":"\n<p class=\"has-medium-font-size\"><a href=\"https:\/\/ort.fi\/turku\/wp-content\/uploads\/2024\/12\/Neuvosto_11_2024_pk.pdf\">Seurakunnanneuvoston p\u00f6yt\u00e4kirja 16.12.2024 <\/a><\/p>\n\n\n\n<p class=\"has-medium-font-size\"><a href=\"https:\/\/ort.fi\/turku\/wp-content\/uploads\/2024\/11\/Neuvosto_10_2024_pk.pdf\">Seurakunnanneuvoston p\u00f6yt\u00e4kirja 11.11.2024<\/a><\/p>\n\n\n\n<p class=\"has-medium-font-size\"><a href=\"https:\/\/ort.fi\/turku\/wp-content\/uploads\/2024\/11\/Neuvosto_10_2024_pk.pdf\">Seurakunnanneuvoston p\u00f6yt\u00e4kirja 21.10.2024<\/a><\/p>\n\n\n\n<p class=\"has-medium-font-size\"><a href=\"https:\/\/ort.fi\/turku\/wp-content\/uploads\/2024\/10\/Neuvosto_8_2024_pk.pdf\">Seurakunnanneuvoston p\u00f6yt\u00e4kirja 30.9.2024<\/a><\/p>\n\n\n\n<p class=\"has-medium-font-size\"><a href=\"https:\/\/ort.fi\/turku\/wp-content\/uploads\/2024\/10\/Neuvosto_7_2024_pk_sahkopostikokous.pdf\">Seurakunnanneuvoston p\u00f6yt\u00e4kirja (s\u00e4hk\u00f6postikokous 17.-18.9.2024)<\/a><\/p>\n\n\n\n<p class=\"has-medium-font-size\"><a href=\"https:\/\/ort.fi\/turku\/wp-content\/uploads\/2024\/10\/Liite_1_KommenttiLausunto_14092024.pdf\">Kommenttilausuntonsa arkkitehtikilpailun ehdotuksista<\/a><\/p>\n\n\n\n<p class=\"has-medium-font-size\"><a href=\"https:\/\/ort.fi\/turku\/wp-content\/uploads\/2024\/10\/Neuvosto_6_2024_pk.pdf\">Seurakunnanneuvoston p\u00f6yt\u00e4kirja 28.8.2024<\/a><\/p>\n\n\n\n<p class=\"has-medium-font-size\"><a href=\"https:\/\/ort.fi\/turku\/wp-content\/uploads\/2024\/10\/Neuvosto_5_2024_pk.pdf\">Seurakunnanneuvoston p\u00f6yt\u00e4kirja 3.6.2024<\/a><\/p>\n\n\n\n<p class=\"has-medium-font-size\"><a href=\"https:\/\/ort.fi\/turku\/wp-content\/uploads\/2024\/10\/Neuvosto_4_2024_pk.pdf\">Seurakunnanneuvoston p\u00f6yt\u00e4kirja 20.5.2024<\/a><\/p>\n\n\n\n<p class=\"has-medium-font-size\"><a href=\"https:\/\/ort.fi\/turku\/wp-content\/uploads\/2024\/10\/Neuvosto_3_2024_pk.pdf\">Seurakunnanneuvoston p\u00f6yt\u00e4kirja 23.4.2024<\/a><\/p>\n\n\n\n<p class=\"has-medium-font-size\"><a href=\"https:\/\/ort.fi\/turku\/wp-content\/uploads\/2024\/10\/Neuvosto_2_2024_pk.pdf\">Seurakunnanneuvoston p\u00f6yt\u00e4kirja 19.3.2024<\/a><\/p>\n\n\n\n<p class=\"has-medium-font-size\"><a href=\"https:\/\/ort.fi\/turku\/wp-content\/uploads\/2024\/10\/Neuvosto_1_2024_pk.pdf\">Seurakunnanneuvoston p\u00f6yt\u00e4kirja 19.2.2024<\/a><\/p>\n","protected":false},"excerpt":{"rendered":"<p>Seurakunnanneuvoston p\u00f6yt\u00e4kirja 16.12.2024 Seurakunnanneuvoston p\u00f6yt\u00e4kirja 11.11.2024 Seurakunnanneuvoston p\u00f6yt\u00e4kirja 21.10.2024 Seurakunnanneuvoston p\u00f6yt\u00e4kirja 30.9.2024 Seurakunnanneuvoston p\u00f6yt\u00e4kirja (s\u00e4hk\u00f6postikokous 17.-18.9.2024) Kommenttilausuntonsa arkkitehtikilpailun ehdotuksista Seurakunnanneuvoston p\u00f6yt\u00e4kirja 28.8.2024 Seurakunnanneuvoston p\u00f6yt\u00e4kirja 3.6.2024 Seurakunnanneuvoston p\u00f6yt\u00e4kirja 20.5.2024 Seurakunnanneuvoston p\u00f6yt\u00e4kirja 23.4.2024 Seurakunnanneuvoston p\u00f6yt\u00e4kirja 19.3.2024 Seurakunnanneuvoston p\u00f6yt\u00e4kirja 19.2.2024<\/p>\n","protected":false},"author":3,"featured_media":0,"parent":0,"menu_order":0,"comment_status":"closed","ping_status":"closed","template":"","meta":{"slim_seo":{"title":"Vuoden 2024 seurakunnanneuvoston p\u00f6yt\u00e4kirjat - Turun ortodoksinen seurakunta","description":"Seurakunnanneuvoston p\u00f6yt\u00e4kirja 16.12.2024 Seurakunnanneuvoston p\u00f6yt\u00e4kirja 11.11.2024 Seurakunnanneuvoston p\u00f6yt\u00e4kirja 21.10.2024 Seurakunnanneuvoston p\u00f6yt\u00e4kirja"},"footnotes":""},"class_list":["post-1683","page","type-page","status-publish"],"_links":{"self":[{"href":"https:\/\/ort.fi\/turku\/wp-json\/wp\/v2\/pages\/1683","targetHints":{"allow":["GET"]}}],"collection":[{"href":"https:\/\/ort.fi\/turku\/wp-json\/wp\/v2\/pages"}],"about":[{"href":"https:\/\/ort.fi\/turku\/wp-json\/wp\/v2\/types\/page"}],"author":[{"embeddable":true,"href":"https:\/\/ort.fi\/turku\/wp-json\/wp\/v2\/users\/3"}],"replies":[{"embeddable":true,"href":"https:\/\/ort.fi\/turku\/wp-json\/wp\/v2\/comments?post=1683"}],"version-history":[{"count":0,"href":"https:\/\/ort.fi\/turku\/wp-json\/wp\/v2\/pages\/1683\/revisions"}],"wp:attachment":[{"href":"https:\/\/ort.fi\/turku\/wp-json\/wp\/v2\/media?parent=1683"}],"curies":[{"name":"wp","href":"https:\/\/api.w.org\/{rel}","templated":true}]}}