{"id":1387,"date":"2024-09-09T18:56:08","date_gmt":"2024-09-09T15:56:08","guid":{"rendered":"https:\/\/ort.fi\/ortturkusrk\/?page_id=1387"},"modified":"2024-11-11T10:54:00","modified_gmt":"2024-11-11T08:54:00","slug":"osoite-ja-verkkolaskutustiedot","status":"publish","type":"page","link":"https:\/\/ort.fi\/turku\/osoite-ja-verkkolaskutustiedot\/","title":{"rendered":"Osoite- ja verkkolaskutustiedot"},"content":{"rendered":"\n<p><strong>Seurakunnan k\u00e4ynti- ja toimitusosoite:<\/strong><\/p>\n\n\n\n<p>Turun ortodoksinen seurakunta<br>Yliopistonkatu 19 B 3<br>20100 Turku<\/p>\n\n\n\n<p><strong>Rauman rukoushuone:<\/strong><\/p>\n\n\n\n<p>L\u00e4nsikatu 10<br>206100 Rauma<\/p>\n\n\n\n<p><strong>Salon tsasouna:<\/strong><\/p>\n\n\n\n<p>Uskelankirkkotie 23<br>24100 Salo<\/p>\n\n\n\n<p><strong>Laskutusosoite:<\/strong><\/p>\n\n\n\n<p>Toivomme saavamme laskut ensisijaisesti verkkolaskuina. Laskujen nopean k\u00e4sittelyn varmistamiseksi pyyd\u00e4mme merkitsem\u00e4\u00e4n laskulle tilaajan ilmoittaman toimintapisteen nimen. Puutteelliset laskutiedot voivat aiheuttaa maksusuorituksen viiv\u00e4stymisen.<\/p>\n\n\n\n<p>Verkkolaskutustiedot 1.1.2022 alkaen:<\/p>\n\n\n\n<p>Verkkolaskuoperaattori: CGI<br>V\u00e4litt\u00e4j\u00e4tunnus: 003703575029<br>OVT-tunnus: 003701422926<br>Y-tunnus: 0142292-6 (pyyd\u00e4mme merkitsem\u00e4\u00e4n laskulle ostajan tietoihin)<\/p>\n\n\n\n<p>Turun ortodoksisen seurakunnan tilinumero:<br>Nordea FI13 2049 3800 0372 39 (NDEAFIHH)<\/p>\n\n\n\n<p>Paperilaskun voi l\u00e4hett\u00e4\u00e4 osoitteella:<\/p>\n\n\n\n<p>Turun ortodoksinen seurakunta<br>PL 79<br>70101 Kuopio<\/p>\n","protected":false},"excerpt":{"rendered":"<p>Seurakunnan k\u00e4ynti- ja toimitusosoite: Turun ortodoksinen seurakuntaYliopistonkatu 19 B 320100 Turku Rauman rukoushuone: L\u00e4nsikatu 10206100 Rauma Salon tsasouna: Uskelankirkkotie 2324100 Salo Laskutusosoite: Toivomme saavamme laskut ensisijaisesti verkkolaskuina. Laskujen nopean k\u00e4sittelyn varmistamiseksi pyyd\u00e4mme merkitsem\u00e4\u00e4n laskulle tilaajan ilmoittaman toimintapisteen nimen. Puutteelliset laskutiedot voivat aiheuttaa maksusuorituksen viiv\u00e4stymisen. Verkkolaskutustiedot 1.1.2022 alkaen: Verkkolaskuoperaattori: CGIV\u00e4litt\u00e4j\u00e4tunnus: 003703575029OVT-tunnus: 003701422926Y-tunnus: 0142292-6 (pyyd\u00e4mme merkitsem\u00e4\u00e4n laskulle&hellip; <a class=\"continue\" href=\"https:\/\/ort.fi\/turku\/osoite-ja-verkkolaskutustiedot\/\">Continue Reading<span> Osoite- ja verkkolaskutustiedot<\/span><\/a><\/p>\n","protected":false},"author":5,"featured_media":0,"parent":0,"menu_order":0,"comment_status":"closed","ping_status":"closed","template":"","meta":{"slim_seo":{"title":"Osoite- ja verkkolaskutustiedot - Turun ortodoksinen seurakunta","description":"Seurakunnan k\u00e4ynti- ja toimitusosoite: Turun ortodoksinen seurakunta Yliopistonkatu 19 B 3 20100 Turku Rauman rukoushuone: L\u00e4nsikatu 10 206100 Rauma Salon tsaso"},"footnotes":""},"class_list":["post-1387","page","type-page","status-publish"],"_links":{"self":[{"href":"https:\/\/ort.fi\/turku\/wp-json\/wp\/v2\/pages\/1387","targetHints":{"allow":["GET"]}}],"collection":[{"href":"https:\/\/ort.fi\/turku\/wp-json\/wp\/v2\/pages"}],"about":[{"href":"https:\/\/ort.fi\/turku\/wp-json\/wp\/v2\/types\/page"}],"author":[{"embeddable":true,"href":"https:\/\/ort.fi\/turku\/wp-json\/wp\/v2\/users\/5"}],"replies":[{"embeddable":true,"href":"https:\/\/ort.fi\/turku\/wp-json\/wp\/v2\/comments?post=1387"}],"version-history":[{"count":0,"href":"https:\/\/ort.fi\/turku\/wp-json\/wp\/v2\/pages\/1387\/revisions"}],"wp:attachment":[{"href":"https:\/\/ort.fi\/turku\/wp-json\/wp\/v2\/media?parent=1387"}],"curies":[{"name":"wp","href":"https:\/\/api.w.org\/{rel}","templated":true}]}}