{"id":1379,"date":"2024-09-09T18:55:39","date_gmt":"2024-09-09T15:55:39","guid":{"rendered":"https:\/\/ort.fi\/ortturkusrk\/?page_id=1379"},"modified":"2025-02-02T16:26:19","modified_gmt":"2025-02-02T14:26:19","slug":"hautausmaa","status":"publish","type":"page","link":"https:\/\/ort.fi\/turku\/hautausmaa\/","title":{"rendered":"Hautausmaa"},"content":{"rendered":"\n<p>Hautojen hoitosopimuksiin liittyviss\u00e4 kysymyksiss\u00e4 voit ottaa yhteytt\u00e4 <a href=\"https:\/\/ort.fi\/turku\/seurakunnankanslia\/\" data-type=\"link\" data-id=\"https:\/\/ort.fi\/ortturkusrk\/seurakunnankanslia\/\">seurakunnankansliaan<\/a>.<\/p>\n\n\n\n<p>Hautausmaan ulkoalueiden ja sopimushautojen hoito:<br>PihaFixari Oy<br>Ruissalontie 13 A 8, 20200 Turku<br>puh. 040 057 0532<br>s-posti: pekka@pihafixari.fi<\/p>\n\n\n\n<p>Hautausmaksut ja hautapaikkojen hinnat (<a href=\"https:\/\/ort.fi\/turku\/wp-content\/uploads\/2024\/12\/Hautausmaksut-ja-hautapaikkojen-hinnat.pdf\">pdf<\/a>).<\/p>\n\n\n\n<p><\/p>\n","protected":false},"excerpt":{"rendered":"<p>Hautojen hoitosopimuksiin liittyviss\u00e4 kysymyksiss\u00e4 voit ottaa yhteytt\u00e4 seurakunnankansliaan. Hautausmaan ulkoalueiden ja sopimushautojen hoito:PihaFixari OyRuissalontie 13 A 8, 20200 Turkupuh. 040 057 0532s-posti: pekka@pihafixari.fi Hautausmaksut ja hautapaikkojen hinnat (pdf).<\/p>\n","protected":false},"author":5,"featured_media":0,"parent":0,"menu_order":0,"comment_status":"closed","ping_status":"closed","template":"","meta":{"slim_seo":{"title":"Hautausmaa - Turun ortodoksinen seurakunta","description":"Hautojen hoitosopimuksiin liittyviss\u00e4 kysymyksiss\u00e4 voit ottaa yhteytt\u00e4 seurakunnankansliaan . Hautausmaan ulkoalueiden ja sopimushautojen hoito: PihaFixari Oy R"},"footnotes":""},"class_list":["post-1379","page","type-page","status-publish"],"_links":{"self":[{"href":"https:\/\/ort.fi\/turku\/wp-json\/wp\/v2\/pages\/1379","targetHints":{"allow":["GET"]}}],"collection":[{"href":"https:\/\/ort.fi\/turku\/wp-json\/wp\/v2\/pages"}],"about":[{"href":"https:\/\/ort.fi\/turku\/wp-json\/wp\/v2\/types\/page"}],"author":[{"embeddable":true,"href":"https:\/\/ort.fi\/turku\/wp-json\/wp\/v2\/users\/5"}],"replies":[{"embeddable":true,"href":"https:\/\/ort.fi\/turku\/wp-json\/wp\/v2\/comments?post=1379"}],"version-history":[{"count":0,"href":"https:\/\/ort.fi\/turku\/wp-json\/wp\/v2\/pages\/1379\/revisions"}],"wp:attachment":[{"href":"https:\/\/ort.fi\/turku\/wp-json\/wp\/v2\/media?parent=1379"}],"curies":[{"name":"wp","href":"https:\/\/api.w.org\/{rel}","templated":true}]}}