{"id":1371,"date":"2024-09-09T18:55:07","date_gmt":"2024-09-09T15:55:07","guid":{"rendered":"https:\/\/ort.fi\/ortturkusrk\/?page_id=1371"},"modified":"2025-02-03T13:08:25","modified_gmt":"2025-02-03T11:08:25","slug":"tilojen-vuokraus","status":"publish","type":"page","link":"https:\/\/ort.fi\/turku\/tilojen-vuokraus\/","title":{"rendered":"Tilojen vuokraus"},"content":{"rendered":"\n<p>Turun ortodoksinen seurakunta vuokraa seuraavia tiloja osoitteessa Yliopistonkatu 19 B, Turku:<\/p>\n\n\n\n<ul class=\"wp-block-list\">\n<li>Aleksandra-sali (seurakuntasali, tilaa 120 hengelle, ruokaillessa 100 hengelle)<\/li>\n\n\n\n<li>Kerhohuone (tilaa 15 hengelle)<\/li>\n\n\n\n<li>Keitti\u00f6<\/li>\n<\/ul>\n\n\n<div class=\"wp-block-image\">\n<figure class=\"aligncenter size-large\"><img loading=\"lazy\" decoding=\"async\" width=\"1024\" height=\"412\" src=\"https:\/\/ort.fi\/ortturkusrk\/wp-content\/uploads\/2024\/12\/Seurakuntasali_pieni-1024x412.jpg\" alt=\"\" class=\"wp-image-3771\" srcset=\"https:\/\/ort.fi\/turku\/wp-content\/uploads\/2024\/12\/Seurakuntasali_pieni-1024x412.jpg 1024w, https:\/\/ort.fi\/turku\/wp-content\/uploads\/2024\/12\/Seurakuntasali_pieni-300x121.jpg 300w, https:\/\/ort.fi\/turku\/wp-content\/uploads\/2024\/12\/Seurakuntasali_pieni-768x309.jpg 768w, https:\/\/ort.fi\/turku\/wp-content\/uploads\/2024\/12\/Seurakuntasali_pieni-1536x619.jpg 1536w, https:\/\/ort.fi\/turku\/wp-content\/uploads\/2024\/12\/Seurakuntasali_pieni-2048x825.jpg 2048w\" sizes=\"auto, (max-width: 1024px) 100vw, 1024px\" \/><figcaption class=\"wp-element-caption\"><strong><em>Aleksandra-sali <\/em><\/strong><\/figcaption><\/figure>\n<\/div>\n\n\n<p>Tiloja voi vuokrata seuraaviin k\u00e4ytt\u00f6tarkoituksiin klo 7.30-22.00 v\u00e4lisen\u00e4 aikana:<\/p>\n\n\n\n<ul class=\"wp-block-list\">\n<li>kastejuhla (maksuton seurakunnan j\u00e4senen perheelle, mik\u00e4li kaste on toimitettu Turun ortodoksisessa kirkossa ja ainakin toinen vanhemmista on Turun ortodoksisen seurakunnan j\u00e4sen)<\/li>\n\n\n\n<li>h\u00e4\u00e4t<\/li>\n\n\n\n<li>muistotilaisuus<\/li>\n\n\n\n<li>rippijuhlat<\/li>\n\n\n\n<li>syntym\u00e4p\u00e4iv\u00e4juhlat<\/li>\n\n\n\n<li>yritysten ja yhdistysten kokoukset, juhlatilaisuudet ja koulutukset&nbsp;<\/li>\n\n\n\n<li>muut tilaisuudet sopimuksen mukaan&nbsp;<\/li>\n<\/ul>\n\n\n\n<p>Seurakuntatiloista on poistuttava viimeist\u00e4\u00e4n klo 22.00 ja tilat pit\u00e4\u00e4 olla siistittyn\u00e4 ennen vuokrauksen p\u00e4\u00e4ttymisaikaa.  Seurakunta antaa vuokraajan k\u00e4ytt\u00f6\u00f6n vain tilan. Kattaminen, tarjoilut, tiskaaminen ja muu j\u00e4lkisiivous on tilan varaajan vastuulla. <\/p>\n\n\n\n<p>Seurakunta vuokraa p\u00f6yt\u00e4liinoja (pesulamaksu 5 euroa\/p\u00f6yt\u00e4liina). P\u00f6yt\u00e4liinojen vuokrauksesta ja m\u00e4\u00e4r\u00e4st\u00e4 tulee sopia etuk\u00e4teen seurakunnan kanssa. P\u00f6yt\u00e4liinoja ei saa vied\u00e4 kotiin pest\u00e4v\u00e4ksi.&nbsp;<\/p>\n\n\n\n<p>Mik\u00e4li tilaa ei siistitty vastaavaan kuntoon kuin se oli tilaisuuden alkaessa, seurakunta perii korvauksena v\u00e4hint\u00e4\u00e4n 100 euroa. Mik\u00e4li seurakunnan omaisuutta rikkoutuu tilaisuuden aikana, perit\u00e4\u00e4n lis\u00e4ksi niist\u00e4 erillinen maksu, mik\u00e4li vuokraaja ei ole noudattanut annettuja ohjeita.&nbsp;&nbsp;Tarkemmat vuokrausohjeet ja hinnaston l\u00f6yd\u00e4t alta.<\/p>\n\n\n\n<p>Tilojen vuokraushinnasto (<a href=\"https:\/\/ort.fi\/turku\/wp-content\/uploads\/2025\/02\/Hinnasto-sali-ja-kirkko-1.2.2025.pdf\">pdf<\/a>).<\/p>\n\n\n\n<p>Seurakuntasalin vuokrausohjeet (<a href=\"https:\/\/ort.fi\/turku\/wp-content\/uploads\/2024\/12\/Vuokrausohjeet.pdf\" target=\"_blank\" rel=\"noreferrer noopener\">pdf<\/a>).<\/p>\n\n\n\n<p><\/p>\n","protected":false},"excerpt":{"rendered":"<p>Turun ortodoksinen seurakunta vuokraa seuraavia tiloja osoitteessa Yliopistonkatu 19 B, Turku: Tiloja voi vuokrata seuraaviin k\u00e4ytt\u00f6tarkoituksiin klo 7.30-22.00 v\u00e4lisen\u00e4 aikana: Seurakuntatiloista on poistuttava viimeist\u00e4\u00e4n klo 22.00 ja tilat pit\u00e4\u00e4 olla siistittyn\u00e4 ennen vuokrauksen p\u00e4\u00e4ttymisaikaa. Seurakunta antaa vuokraajan k\u00e4ytt\u00f6\u00f6n vain tilan. Kattaminen, tarjoilut, tiskaaminen ja muu j\u00e4lkisiivous on tilan varaajan vastuulla. Seurakunta vuokraa p\u00f6yt\u00e4liinoja (pesulamaksu 5&hellip; <a class=\"continue\" href=\"https:\/\/ort.fi\/turku\/tilojen-vuokraus\/\">Continue Reading<span> Tilojen vuokraus<\/span><\/a><\/p>\n","protected":false},"author":5,"featured_media":0,"parent":0,"menu_order":0,"comment_status":"closed","ping_status":"closed","template":"","meta":{"slim_seo":{"title":"Tilojen vuokraus - Turun ortodoksinen seurakunta","description":"Turun ortodoksinen seurakunta vuokraa seuraavia tiloja osoitteessa Yliopistonkatu 19 B, Turku: Tiloja voi vuokrata seuraaviin k\u00e4ytt\u00f6tarkoituksiin klo 7.30-22.00"},"footnotes":""},"class_list":["post-1371","page","type-page","status-publish"],"_links":{"self":[{"href":"https:\/\/ort.fi\/turku\/wp-json\/wp\/v2\/pages\/1371","targetHints":{"allow":["GET"]}}],"collection":[{"href":"https:\/\/ort.fi\/turku\/wp-json\/wp\/v2\/pages"}],"about":[{"href":"https:\/\/ort.fi\/turku\/wp-json\/wp\/v2\/types\/page"}],"author":[{"embeddable":true,"href":"https:\/\/ort.fi\/turku\/wp-json\/wp\/v2\/users\/5"}],"replies":[{"embeddable":true,"href":"https:\/\/ort.fi\/turku\/wp-json\/wp\/v2\/comments?post=1371"}],"version-history":[{"count":0,"href":"https:\/\/ort.fi\/turku\/wp-json\/wp\/v2\/pages\/1371\/revisions"}],"wp:attachment":[{"href":"https:\/\/ort.fi\/turku\/wp-json\/wp\/v2\/media?parent=1371"}],"curies":[{"name":"wp","href":"https:\/\/api.w.org\/{rel}","templated":true}]}}