{"id":1347,"date":"2024-09-09T18:48:57","date_gmt":"2024-09-09T15:48:57","guid":{"rendered":"https:\/\/ort.fi\/ortturkusrk\/?page_id=1347"},"modified":"2025-09-05T11:48:43","modified_gmt":"2025-09-05T08:48:43","slug":"kirkkoon-liittaminen","status":"publish","type":"page","link":"https:\/\/ort.fi\/turku\/kirkkoon-liittaminen\/","title":{"rendered":"Kirkkoon liitt\u00e4minen"},"content":{"rendered":"\n<p style=\"font-size:17px\">Jos sinulla on kysytt\u00e4v\u00e4\u00e4 kirkkoon liittymisest\u00e4 ole yhteydess\u00e4 seurakunnan pappeihin<\/p>\n\n\n\n<p style=\"font-size:17px\">is\u00e4 Ioannis puh. 050 357 3675, s-posti: ioannis.lampropoulos@ort.fi<\/p>\n\n\n\n<p style=\"font-size:17px\"><\/p>\n\n\n\n<p style=\"font-size:17px\">Ortodoksiseen kirkkoon liittyy vuosittain noin 1000 ihmist\u00e4. Kirkkoon liittyminen saattaa olla jopa vuosien harkinnan tulos. T\u00e4n\u00e4 aikana on hyv\u00e4 jo tutustua kirkon el\u00e4m\u00e4\u00e4n ja <a href=\"https:\/\/ort.fi\/turku\/jumalanpalveluskalenteri\/\">jumalanpalveluksiin <\/a>(linkki). Jotkut tutustuvat kirkkoon laulamalla kirkkokuorossa, harrastamalla ikonimaalausta tai toimimalla jossain muussa seurakunnan toimintapiiriss\u00e4. Joillekin taas ensimm\u00e4inen kosketus ortodoksisuuteen on vierailu Valamon tai Lintulan luostarissa.<\/p>\n\n\n\n<p style=\"font-size:17px\">Jos harkitset kirkkoon liittymist\u00e4, ota yhteytt\u00e4 seurakunnan kirkkoherraan. Pappi ohjaa liittyj\u00e4\u00e4 vastaten kysymyksiin ja antaen ohjeita kirkon opetukseen ja perinteeseen liittyen. H\u00e4n voi my\u00f6s suositella kirjallisuutta, joka sopii erityisesti kirkkoon liittymist\u00e4 harkitsevalle. T\u00e4lt\u00e4 sivulta l\u00f6ytyy my\u00f6s pieni kirjalistaus.<\/p>\n\n\n\n<p style=\"font-size:17px\">Kirkkoon liittyv\u00e4ll\u00e4 on rippi-is\u00e4 sek\u00e4 kummi, jotka ohjaavat ja auttavat liittyj\u00e4\u00e4 ankkuroitumaan kirkon el\u00e4m\u00e4\u00e4n, ortodoksiseen oppiin ja kirkon traditioon. Rippi-is\u00e4 on pappi, jonka luona k\u00e4yd\u00e4\u00e4n s\u00e4\u00e4nn\u00f6llisesti ortodoksisen tavan mukaan synnintunnustuksella eli osallistutaan katumuksen sakramenttiin. Kummin tulee olla aikuinen ja ortodoksisen kirkon j\u00e4sen. Jos kirkkoon liittyv\u00e4 ei itse tunne kummiksi sopivaa henkil\u00f6\u00e4, pappi auttaa t\u00e4llaisen henkil\u00f6n l\u00f6yt\u00e4misess\u00e4. Pappi opastaa my\u00f6s nimikkopyh\u00e4n eli taivaallisen esirukoilijan valitsemisessa. Liitett\u00e4v\u00e4n nimi ei kuitenkaan vaihdu kirkkoon liitt\u00e4misen yhteydess\u00e4.<\/p>\n\n\n\n<p style=\"font-size:17px\">Ennen kirkkoon liittymist\u00e4 osallistutaan ensimm\u00e4isen kerran katumuksen sakramenttiin. T\u00e4m\u00e4n sakramentin j\u00e4lkeen voidaan toimittaa kaste ja\/tai mirhavoitelun sakramentti, jonka kautta varsinaisesti liitet\u00e4\u00e4n ortodoksiseen kirkkoon. Jos liittyj\u00e4 on aiemmin kastettu jonkin kristillisen kirkon j\u00e4seneksi, ei kastetta uusita, vaan toimitetaan pelkk\u00e4 mirhavoitelu. Sen j\u00e4lkeen liittyj\u00e4 osallistuu ensimm\u00e4ist\u00e4 kertaa ehtoolliseen, ja n\u00e4in h\u00e4nest\u00e4 on tullut ortodoksisen kirkon t\u00e4ysivaltainen j\u00e4sen.<\/p>\n\n\n\n<p style=\"font-size:17px\">My\u00f6s ortodoksisesta kirkosta eronneen paluu kirkon j\u00e4senyyteen tapahtuu aina katumuksen sakramentin kautta. Palaavan on siis otettava henkil\u00f6kohtaisesti yhteytt\u00e4 kotiseurakuntansa papistoon ja sovittava aika sakramenttiin osallistumista varten.<\/p>\n\n\n\n<p style=\"font-size:17px\">Lapsen uskonnollisesta asemasta p\u00e4\u00e4tt\u00e4v\u00e4t uskonnonvapauslain mukaan p\u00e4\u00e4s\u00e4\u00e4nt\u00f6isesti h\u00e4nen huoltajansa yhdess\u00e4. Lasta ei voi kastaa tai liitt\u00e4\u00e4 ortodoksisen seurakunnan j\u00e4seneksi, ellei ainakin toinen vanhemmista ole sen j\u00e4sen. 12 vuotta t\u00e4ytt\u00e4nyt lapsi voidaan liitt\u00e4\u00e4 uskonnolliseen yhdyskuntaan tai ilmoittaa siit\u00e4 eronneeksi vain omalla suostumuksellaan. 15 vuotta t\u00e4ytt\u00e4neet voivat uskonnonvapauslain mukaan huoltajiensa kirjallisella suostumuksella liitty\u00e4 uskonnolliseen yhdyskuntaan ja erota siit\u00e4. Vasta 18 vuotta t\u00e4ytt\u00e4nyt p\u00e4\u00e4tt\u00e4\u00e4 kirkkoon kuulumisesta itsen\u00e4isesti.<\/p>\n\n\n\n<h4 class=\"wp-block-heading\"><strong>KIRJALLISUUTTA<\/strong><\/h4>\n\n\n\n<p><strong>Anthony (Bloom), Suro\u017ein metropoliitta:<\/strong><\/p>\n\n\n\n<p>El\u00e4v\u00e4 rukous<br>Rukouskoulu<br>Tuhlaajapojan paluu<\/p>\n\n\n\n<p><br><strong>Arseni, arkkimandriitta<\/strong>: Ortodoksinen sanasto<\/p>\n\n\n\n<p><strong>Colliander, Tito: <\/strong>Ortodoksinen usko ja el\u00e4m\u00e4nn\u00e4kemys<\/p>\n\n\n\n<p>Jeesuksen rukous. Koonnut Valamon luostarin <strong>igumeni Hariton<\/strong><\/p>\n\n\n\n<p><strong>Johannes, skeemaigumeni<\/strong>: Valamon vanhuksen kirjeit\u00e4<\/p>\n\n\n\n<p><strong>Johannes Damaskolainen<\/strong>, pyh\u00e4: Ortodoksisen uskon tarkka esitys 1-4<\/p>\n\n\n\n<p><strong>Kallistos (Ware), Diokleian metropoliitta:<\/strong><\/p>\n\n\n\n<p>Ortodoksinen tie<br>Pyh\u00e4 Henki kristityn el\u00e4m\u00e4ss\u00e4<br>Sis\u00e4inen valtakunta<\/p>\n\n\n\n<p><strong>Kristoduli, nunna:<\/strong><\/p>\n\n\n\n<p>Hiljaisuuden kosketus<br>Kuinka minusta tuli ortodoksi<br>Rukouksen valaisema tie<br>Rukouksen virta<br>Sielun l\u00e4\u00e4ke<br>Syd\u00e4men kaipuu<\/p>\n\n\n\n<p><strong>K\u00e4rkk\u00e4inen, Tapani: <\/strong>Kirkon historia : ortodoksin k\u00e4sikirja<\/p>\n\n\n\n<p><strong>Merras, Merja: <\/strong>Ortodoksinen el\u00e4m\u00e4ntapa<\/p>\n\n\n\n<p>Ortodoksinen kirkko Suomessa. Toim. is\u00e4 Ambrosius ja Markku Haapio<\/p>\n\n\n\n<p>Ortodoksisuuden mit\u00e4, miksi, miten \u2013 kirkkotiedon k\u00e4sikirja<\/p>\n\n\n\n<p><strong>Paavali, arkkipiispa:<\/strong><\/p>\n\n\n\n<p>Miten uskomme<br>Uskon pidot<br>Schmemann, Alexander:<\/p>\n\n\n\n<p>Maailman el\u00e4m\u00e4n edest\u00e4<br>Suuri paasto<br>Seisokaamme hyvin: ortodoksisen kirkon aikuiskasvatuksen oheismateriaali. Toim. Risto Aikonen &amp; Sirpa Okulov.<\/p>\n\n\n\n<p><strong>Sepp\u00e4l\u00e4, Johannes<\/strong>: Uskon ohjeeksi<\/p>\n\n\n\n<p><strong>Serafim (Sepp\u00e4l\u00e4), munkki:<\/strong> Tie yl\u00f6snousemukseen<\/p>\n\n\n\n<p style=\"font-size:17px\"><strong>Sidoroff Matti<\/strong> ja <strong>arkkipiispa Paavali<\/strong>: Kaste ja katumus<\/p>\n\n\n\n<p><\/p>\n","protected":false},"excerpt":{"rendered":"<p>Jos sinulla on kysytt\u00e4v\u00e4\u00e4 kirkkoon liittymisest\u00e4 ole yhteydess\u00e4 seurakunnan pappeihin is\u00e4 Ioannis puh. 050 357 3675, s-posti: ioannis.lampropoulos@ort.fi Ortodoksiseen kirkkoon liittyy vuosittain noin 1000 ihmist\u00e4. Kirkkoon liittyminen saattaa olla jopa vuosien harkinnan tulos. T\u00e4n\u00e4 aikana on hyv\u00e4 jo tutustua kirkon el\u00e4m\u00e4\u00e4n ja jumalanpalveluksiin (linkki). Jotkut tutustuvat kirkkoon laulamalla kirkkokuorossa, harrastamalla ikonimaalausta tai toimimalla jossain muussa&hellip; <a class=\"continue\" href=\"https:\/\/ort.fi\/turku\/kirkkoon-liittaminen\/\">Continue Reading<span> Kirkkoon liitt\u00e4minen<\/span><\/a><\/p>\n","protected":false},"author":5,"featured_media":0,"parent":0,"menu_order":0,"comment_status":"closed","ping_status":"closed","template":"","meta":{"slim_seo":{"title":"Kirkkoon liitt\u00e4minen - Turun ortodoksinen seurakunta","description":"Jos sinulla on kysytt\u00e4v\u00e4\u00e4 kirkkoon liittymisest\u00e4 ole yhteydess\u00e4 seurakunnan pappeihin is\u00e4 Ioannis puh. 050 357 3675, s-posti: ioannis.lampropoulos@ort.fi Ortodo"},"footnotes":""},"class_list":["post-1347","page","type-page","status-publish"],"_links":{"self":[{"href":"https:\/\/ort.fi\/turku\/wp-json\/wp\/v2\/pages\/1347","targetHints":{"allow":["GET"]}}],"collection":[{"href":"https:\/\/ort.fi\/turku\/wp-json\/wp\/v2\/pages"}],"about":[{"href":"https:\/\/ort.fi\/turku\/wp-json\/wp\/v2\/types\/page"}],"author":[{"embeddable":true,"href":"https:\/\/ort.fi\/turku\/wp-json\/wp\/v2\/users\/5"}],"replies":[{"embeddable":true,"href":"https:\/\/ort.fi\/turku\/wp-json\/wp\/v2\/comments?post=1347"}],"version-history":[{"count":1,"href":"https:\/\/ort.fi\/turku\/wp-json\/wp\/v2\/pages\/1347\/revisions"}],"predecessor-version":[{"id":7785,"href":"https:\/\/ort.fi\/turku\/wp-json\/wp\/v2\/pages\/1347\/revisions\/7785"}],"wp:attachment":[{"href":"https:\/\/ort.fi\/turku\/wp-json\/wp\/v2\/media?parent=1347"}],"curies":[{"name":"wp","href":"https:\/\/api.w.org\/{rel}","templated":true}]}}