{"id":1339,"date":"2024-09-09T18:48:25","date_gmt":"2024-09-09T15:48:25","guid":{"rendered":"https:\/\/ort.fi\/ortturkusrk\/?page_id=1339"},"modified":"2025-02-02T15:06:45","modified_gmt":"2025-02-02T13:06:45","slug":"tervetuloa-tutustumaan","status":"publish","type":"page","link":"https:\/\/ort.fi\/turku\/tervetuloa-tutustumaan\/","title":{"rendered":"Tervetuloa tutustumaan"},"content":{"rendered":"\n<p>Jumalanpalvelukset ovat ortodoksisuuden ja seurakunnan ydintoimintaa. Erityisesti liturgia on ortodoksisen el\u00e4m\u00e4n keskus. Jumalanpalveluksessa seurakunta yhdess\u00e4 ja yksil\u00f6in\u00e4 pyrkii Jumalan yhteyteen rukouksen kautta. Jumalanpalveluksiin osallistuminen ja niihin tutustuminen onkin hyvin t\u00e4rke\u00e4\u00e4 kirkkoon liittymist\u00e4 harkitsevalle.<\/p>\n\n\n\n<p>Palvelukset ovat kaikille avoimia eik\u00e4 niihin osallistumista tarvitse j\u00e4nnitt\u00e4\u00e4: kirkossa ei ole mit\u00e4\u00e4n erityisi\u00e4 s\u00e4\u00e4nt\u00f6j\u00e4, jotka pit\u00e4isi etuk\u00e4teen opetella (sakramentit, kuten pyh\u00e4 ehtoollinen on kuitenkin varattu vain ortodoksisen kirkon j\u00e4senille). Tule siis rohkeasti jumalanpalvelukseen ja tutustu sek\u00e4 kirkon ydintoimintaan, ett\u00e4 seurakuntaan ja seurakuntalaisiin!<\/p>\n\n\n\n<p><a href=\"https:\/\/ort.fi\/turku\/jumalanpalveluskalenteri\/\">Jumalanpalveluskalenteri (linkki)<\/a><\/p>\n\n\n\n<p><\/p>\n","protected":false},"excerpt":{"rendered":"<p>Jumalanpalvelukset ovat ortodoksisuuden ja seurakunnan ydintoimintaa. Erityisesti liturgia on ortodoksisen el\u00e4m\u00e4n keskus. Jumalanpalveluksessa seurakunta yhdess\u00e4 ja yksil\u00f6in\u00e4 pyrkii Jumalan yhteyteen rukouksen kautta. Jumalanpalveluksiin osallistuminen ja niihin tutustuminen onkin hyvin t\u00e4rke\u00e4\u00e4 kirkkoon liittymist\u00e4 harkitsevalle. Palvelukset ovat kaikille avoimia eik\u00e4 niihin osallistumista tarvitse j\u00e4nnitt\u00e4\u00e4: kirkossa ei ole mit\u00e4\u00e4n erityisi\u00e4 s\u00e4\u00e4nt\u00f6j\u00e4, jotka pit\u00e4isi etuk\u00e4teen opetella (sakramentit, kuten pyh\u00e4&hellip; <a class=\"continue\" href=\"https:\/\/ort.fi\/turku\/tervetuloa-tutustumaan\/\">Continue Reading<span> Tervetuloa tutustumaan<\/span><\/a><\/p>\n","protected":false},"author":5,"featured_media":0,"parent":0,"menu_order":0,"comment_status":"closed","ping_status":"closed","template":"","meta":{"slim_seo":{"title":"Tervetuloa tutustumaan - Turun ortodoksinen seurakunta","description":"Jumalanpalvelukset ovat ortodoksisuuden ja seurakunnan ydintoimintaa. Erityisesti liturgia on ortodoksisen el\u00e4m\u00e4n keskus. Jumalanpalveluksessa seurakunta yhdess"},"footnotes":""},"class_list":["post-1339","page","type-page","status-publish"],"_links":{"self":[{"href":"https:\/\/ort.fi\/turku\/wp-json\/wp\/v2\/pages\/1339","targetHints":{"allow":["GET"]}}],"collection":[{"href":"https:\/\/ort.fi\/turku\/wp-json\/wp\/v2\/pages"}],"about":[{"href":"https:\/\/ort.fi\/turku\/wp-json\/wp\/v2\/types\/page"}],"author":[{"embeddable":true,"href":"https:\/\/ort.fi\/turku\/wp-json\/wp\/v2\/users\/5"}],"replies":[{"embeddable":true,"href":"https:\/\/ort.fi\/turku\/wp-json\/wp\/v2\/comments?post=1339"}],"version-history":[{"count":0,"href":"https:\/\/ort.fi\/turku\/wp-json\/wp\/v2\/pages\/1339\/revisions"}],"wp:attachment":[{"href":"https:\/\/ort.fi\/turku\/wp-json\/wp\/v2\/media?parent=1339"}],"curies":[{"name":"wp","href":"https:\/\/api.w.org\/{rel}","templated":true}]}}