{"id":1331,"date":"2024-09-09T18:44:17","date_gmt":"2024-09-09T15:44:17","guid":{"rendered":"https:\/\/ort.fi\/ortturkusrk\/?page_id=1331"},"modified":"2026-03-30T18:22:20","modified_gmt":"2026-03-30T15:22:20","slug":"kupoli-seurakuntalehti","status":"publish","type":"page","link":"https:\/\/ort.fi\/turku\/kupoli-seurakuntalehti\/","title":{"rendered":"Kupoli-seurakuntalehti"},"content":{"rendered":"\n<p>Turun ortodoksisen seurakunnan omaa Kupoli-lehte\u00e4 julkaistaan kolme kertaa vuodessa. Lehti toimitetaan seurakunnan j\u00e4senille postitse.<\/p>\n\n\n\n<p>Kupolissa julkaistaan artikkeleita seurakunnan ajankohtaisista asioista monella kielell\u00e4 sek\u00e4 ilmoitetaan tulevista tapahtumista.<\/p>\n\n\n\n<p class=\"has-medium-font-size\"><a href=\"https:\/\/ort.fi\/turku\/vuoden-2026-kupoli-lehdet\/\">Vuoden 2026 Kupoli-lehdet<\/a><\/p>\n\n\n\n<p class=\"has-medium-font-size\"><a href=\"https:\/\/ort.fi\/turku\/vuoden-2025-kupoli-lehdet\/\">Vuoden 2025 Kupoli-lehdet<\/a><\/p>\n\n\n\n<h3 class=\"wp-block-heading\"><strong><em>Yhteystiedot<\/em><\/strong>:<\/h3>\n\n\n\n<p>Toimituksen s\u00e4hk\u00f6posti: <strong>turku@ort.fi<\/strong><\/p>\n\n\n\n<p>P\u00e4\u00e4toimittaja: kirkkoherra Ioannis Lampropoulos<\/p>\n\n\n\n<p>Muu toimituskunta: Ari Koponen, Riikka Patrikainen ja Maria Hokkinen.<\/p>\n","protected":false},"excerpt":{"rendered":"<p>Turun ortodoksisen seurakunnan omaa Kupoli-lehte\u00e4 julkaistaan kolme kertaa vuodessa. Lehti toimitetaan seurakunnan j\u00e4senille postitse. Kupolissa julkaistaan artikkeleita seurakunnan ajankohtaisista asioista monella kielell\u00e4 sek\u00e4 ilmoitetaan tulevista tapahtumista. Vuoden 2026 Kupoli-lehdet Vuoden 2025 Kupoli-lehdet Yhteystiedot: Toimituksen s\u00e4hk\u00f6posti: turku@ort.fi P\u00e4\u00e4toimittaja: kirkkoherra Ioannis Lampropoulos Muu toimituskunta: Ari Koponen, Riikka Patrikainen ja Maria Hokkinen.<\/p>\n","protected":false},"author":5,"featured_media":0,"parent":0,"menu_order":0,"comment_status":"closed","ping_status":"closed","template":"","meta":{"slim_seo":{"title":"Kupoli-seurakuntalehti - Turun ortodoksinen seurakunta","description":"Turun ortodoksisen seurakunnan omaa Kupoli-lehte\u00e4 julkaistaan kolme kertaa vuodessa. Lehti toimitetaan seurakunnan j\u00e4senille postitse. Kupolissa julkaistaan art"},"footnotes":""},"class_list":["post-1331","page","type-page","status-publish"],"_links":{"self":[{"href":"https:\/\/ort.fi\/turku\/wp-json\/wp\/v2\/pages\/1331","targetHints":{"allow":["GET"]}}],"collection":[{"href":"https:\/\/ort.fi\/turku\/wp-json\/wp\/v2\/pages"}],"about":[{"href":"https:\/\/ort.fi\/turku\/wp-json\/wp\/v2\/types\/page"}],"author":[{"embeddable":true,"href":"https:\/\/ort.fi\/turku\/wp-json\/wp\/v2\/users\/5"}],"replies":[{"embeddable":true,"href":"https:\/\/ort.fi\/turku\/wp-json\/wp\/v2\/comments?post=1331"}],"version-history":[{"count":2,"href":"https:\/\/ort.fi\/turku\/wp-json\/wp\/v2\/pages\/1331\/revisions"}],"predecessor-version":[{"id":10547,"href":"https:\/\/ort.fi\/turku\/wp-json\/wp\/v2\/pages\/1331\/revisions\/10547"}],"wp:attachment":[{"href":"https:\/\/ort.fi\/turku\/wp-json\/wp\/v2\/media?parent=1331"}],"curies":[{"name":"wp","href":"https:\/\/api.w.org\/{rel}","templated":true}]}}