{"id":1327,"date":"2024-09-09T18:43:50","date_gmt":"2024-09-09T15:43:50","guid":{"rendered":"https:\/\/ort.fi\/ortturkusrk\/?page_id=1327"},"modified":"2025-02-02T15:03:57","modified_gmt":"2025-02-02T13:03:57","slug":"opetuspiirit","status":"publish","type":"page","link":"https:\/\/ort.fi\/turku\/opetuspiirit\/","title":{"rendered":"Opetuspiirit"},"content":{"rendered":"\n<p>Ortodoksisen uskon ja opin perusta on jumalanpalvelusel\u00e4m\u00e4ss\u00e4. Seurakunnan opetuspiirit tukevat kirkon opetusta keskustelevissa ja yhteis\u00f6llisiss\u00e4 merkeiss\u00e4.<\/p>\n\n\n\n<p>Tervetuloa mukaan sinulle sopivaan toimintaan!<\/p>\n\n\n\n<p>Seurakunnassa toimivat s\u00e4\u00e4nn\u00f6llisesti seuraavat opetus- ja toimintapiirit:<\/p>\n\n\n\n<p><strong>Opetuspiirit:<\/strong><br><a href=\"https:\/\/ort.fi\/turku\/minustako-ortodoksi\/\" data-type=\"link\" data-id=\"https:\/\/ort.fi\/ortturkusrk\/minustako-ortodoksi\/\">Minustako ortodoksi?<br><\/a><a href=\"https:\/\/ort.fi\/turku\/ortodoksiapiiri\/\" data-type=\"link\" data-id=\"https:\/\/ort.fi\/ortturkusrk\/ortodoksiapiiri\/\">Ortodoksiapiiri<br><\/a><a href=\"https:\/\/ort.fi\/turku\/raamattupiiri\/\" data-type=\"link\" data-id=\"https:\/\/ort.fi\/ortturkusrk\/raamattupiiri\/\">Raamattupiiri<\/a><br><a href=\"https:\/\/ort.fi\/turku\/ikonimaalaus\/\" data-type=\"link\" data-id=\"https:\/\/ort.fi\/ortturkusrk\/ikonimaalaus\/\">Ikonimaalaus<\/a><\/p>\n\n\n\n<p><strong>Kirkkomusiikki:<\/strong><br><a href=\"https:\/\/ort.fi\/turku\/turun-ortodoksisen-kirkon-kuoro\/\" data-type=\"link\" data-id=\"https:\/\/ort.fi\/ortturkusrk\/turun-ortodoksisen-kirkon-kuoro\/\">Turun ortodoksisen kirkon kuoro<br><\/a><a href=\"https:\/\/ort.fi\/turku\/kirkkokuorotoiminta-raumalla-ja-salossa\/\" data-type=\"link\" data-id=\"https:\/\/ort.fi\/ortturkusrk\/kirkkokuorotoiminta-raumalla-ja-salossa\/\">Kirkkokuorotoiminta Raumalla ja Salossa<br><\/a><a href=\"https:\/\/ort.fi\/turku\/lapsikuoro\/\" data-type=\"link\" data-id=\"https:\/\/ort.fi\/ortturkusrk\/lapsikuoro\/\">Lapsikuoro<\/a><br>Kirkkolaulupiiri<\/p>\n\n\n\n<p><strong>Lapset ja nuoret:<\/strong><br><a href=\"https:\/\/ort.fi\/turku\/perhekerho\/\" data-type=\"link\" data-id=\"https:\/\/ort.fi\/ortturkusrk\/perhekerho\/\">Perhekerho<\/a><br><a href=\"https:\/\/ort.fi\/turku\/pyhakoulu\/\" data-type=\"link\" data-id=\"https:\/\/ort.fi\/ortturkusrk\/pyhakoulu\/\">Pyh\u00e4koulu<\/a><br><a href=\"https:\/\/ort.fi\/turku\/tno\/\" data-type=\"link\" data-id=\"https:\/\/ort.fi\/ortturkusrk\/tno\/\">Turun Nuoret Ortodoksit &#8211; TNO<\/a><\/p>\n\n\n\n<p><strong>Monikieliset piirit:<\/strong><br><a href=\"https:\/\/ort.fi\/turku\/svenska-diskussiongruppen\/\" data-type=\"link\" data-id=\"https:\/\/ort.fi\/ortturkusrk\/svenska-diskussiongruppen\/\">Svenska diskussionsgruppen<br><\/a><a href=\"https:\/\/ort.fi\/turku\/%D1%80%D1%83%D1%81%D1%81%D0%BA%D0%BE%D1%8F%D0%B7%D1%8B%D1%87%D0%BD%D1%8B%D0%B9-%D0%BF%D1%80%D0%B0%D0%B2%D0%BE%D1%81%D0%BB%D0%B0%D0%B2%D0%BD%D1%8B%D0%B9-%D0%BA%D1%80%D1%83%D0%B6%D0%BE%D0%BA\/\" data-type=\"link\" data-id=\"https:\/\/ort.fi\/ortturkusrk\/%D1%80%D1%83%D1%81%D1%81%D0%BA%D0%BE%D1%8F%D0%B7%D1%8B%D1%87%D0%BD%D1%8B%D0%B9-%D0%BF%D1%80%D0%B0%D0%B2%D0%BE%D1%81%D0%BB%D0%B0%D0%B2%D0%BD%D1%8B%D0%B9-%D0%BA%D1%80%D1%83%D0%B6%D0%BE%D0%BA\/\">\u0420\u0443\u0441\u0441\u043a\u043e\u044f\u0437\u044b\u0447\u043d\u044b\u0439 \u043f\u0440\u0430\u0432\u043e\u0441\u043b\u0430\u0432\u043d\u044b\u0439 \u043a\u0440\u0443\u0436\u043e\u043a<br><\/a><a href=\"https:\/\/ort.fi\/turku\/aleksandra-club\/\" data-type=\"link\" data-id=\"https:\/\/ort.fi\/ortturkusrk\/aleksandra-club\/\">Alexandra Club<\/a><\/p>\n\n\n\n<p><strong>Yhteis\u00f6lliset toimintapiirit:<\/strong><br><a href=\"https:\/\/ort.fi\/turku\/valamon-ystavat\/\" data-type=\"link\" data-id=\"https:\/\/ort.fi\/ortturkusrk\/valamon-ystavat\/\">Valamon yst\u00e4v\u00e4t<br><\/a><a href=\"https:\/\/ort.fi\/turku\/oma-kerho-70-vuotiaille\/\" data-type=\"link\" data-id=\"https:\/\/ort.fi\/ortturkusrk\/oma-kerho-70-vuotiaille\/\">Oma kerho 70+ -vuotiaille<br><\/a><a href=\"https:\/\/ort.fi\/turku\/aleksandran-veljet\/\" data-type=\"link\" data-id=\"https:\/\/ort.fi\/ortturkusrk\/aleksandran-veljet\/\">Aleksandran veljet<\/a><\/p>\n","protected":false},"excerpt":{"rendered":"<p>Ortodoksisen uskon ja opin perusta on jumalanpalvelusel\u00e4m\u00e4ss\u00e4. Seurakunnan opetuspiirit tukevat kirkon opetusta keskustelevissa ja yhteis\u00f6llisiss\u00e4 merkeiss\u00e4. Tervetuloa mukaan sinulle sopivaan toimintaan! Seurakunnassa toimivat s\u00e4\u00e4nn\u00f6llisesti seuraavat opetus- ja toimintapiirit: Opetuspiirit:Minustako ortodoksi?OrtodoksiapiiriRaamattupiiriIkonimaalaus Kirkkomusiikki:Turun ortodoksisen kirkon kuoroKirkkokuorotoiminta Raumalla ja SalossaLapsikuoroKirkkolaulupiiri Lapset ja nuoret:PerhekerhoPyh\u00e4kouluTurun Nuoret Ortodoksit &#8211; TNO Monikieliset piirit:Svenska diskussionsgruppen\u0420\u0443\u0441\u0441\u043a\u043e\u044f\u0437\u044b\u0447\u043d\u044b\u0439 \u043f\u0440\u0430\u0432\u043e\u0441\u043b\u0430\u0432\u043d\u044b\u0439 \u043a\u0440\u0443\u0436\u043e\u043aAlexandra Club Yhteis\u00f6lliset toimintapiirit:Valamon yst\u00e4v\u00e4tOma kerho 70+&hellip; <a class=\"continue\" href=\"https:\/\/ort.fi\/turku\/opetuspiirit\/\">Continue Reading<span> Opetuspiirit<\/span><\/a><\/p>\n","protected":false},"author":5,"featured_media":0,"parent":0,"menu_order":0,"comment_status":"closed","ping_status":"closed","template":"","meta":{"slim_seo":{"title":"Opetuspiirit - Turun ortodoksinen seurakunta","description":"Ortodoksisen uskon ja opin perusta on jumalanpalvelusel\u00e4m\u00e4ss\u00e4. Seurakunnan opetuspiirit tukevat kirkon opetusta keskustelevissa ja yhteis\u00f6llisiss\u00e4 merkeiss\u00e4. Te"},"footnotes":""},"class_list":["post-1327","page","type-page","status-publish"],"_links":{"self":[{"href":"https:\/\/ort.fi\/turku\/wp-json\/wp\/v2\/pages\/1327","targetHints":{"allow":["GET"]}}],"collection":[{"href":"https:\/\/ort.fi\/turku\/wp-json\/wp\/v2\/pages"}],"about":[{"href":"https:\/\/ort.fi\/turku\/wp-json\/wp\/v2\/types\/page"}],"author":[{"embeddable":true,"href":"https:\/\/ort.fi\/turku\/wp-json\/wp\/v2\/users\/5"}],"replies":[{"embeddable":true,"href":"https:\/\/ort.fi\/turku\/wp-json\/wp\/v2\/comments?post=1327"}],"version-history":[{"count":0,"href":"https:\/\/ort.fi\/turku\/wp-json\/wp\/v2\/pages\/1327\/revisions"}],"wp:attachment":[{"href":"https:\/\/ort.fi\/turku\/wp-json\/wp\/v2\/media?parent=1327"}],"curies":[{"name":"wp","href":"https:\/\/api.w.org\/{rel}","templated":true}]}}