{"id":1323,"date":"2024-09-09T18:43:30","date_gmt":"2024-09-09T15:43:30","guid":{"rendered":"https:\/\/ort.fi\/ortturkusrk\/?page_id=1323"},"modified":"2025-12-02T17:37:00","modified_gmt":"2025-12-02T15:37:00","slug":"katekumeeniopetus","status":"publish","type":"page","link":"https:\/\/ort.fi\/turku\/katekumeeniopetus\/","title":{"rendered":"Katekumeeniopetus"},"content":{"rendered":"\n<p>Turun ortodoksisessa seurakunnassa j\u00e4rjestet\u00e4\u00e4n katekumeeniopetusta syksyisin ja kev\u00e4isin <em>Minustako ortodoksi?<\/em> -luentosarjana.<\/p>\n\n\n\n<p><strong>Lis\u00e4tietoja<\/strong>: is\u00e4 Ioannis (050 357 3675, ioannis.lampropoulos@ort.fi)<\/p>\n\n\n\n<p>+++<\/p>\n\n\n\n<p><strong>Mit\u00e4 on katekumeeniopetus?<\/strong><\/p>\n\n\n\n<p>Katekumeeniopetuksella tarkoitetaan kirkkoon liittymisest\u00e4 kiinnostuneille suunnattua opetusta, josta vastaavat p\u00e4\u00e4osin seurakuntien hengellisen ty\u00f6n tekij\u00e4t. Sen tavoitteena on antaa osallistujille sellaista tietoa ja kokemusta, jonka pohjalta he voivat arvioida, haluavatko liitty\u00e4 kirkkoon. Opetuksessa tutustutaan ortodoksiseen jumalanpalvelusel\u00e4m\u00e4\u00e4n ja perehdyt\u00e4\u00e4n esimerkiksi ortodoksiseen ihmiskuvaan, sakramenttiopetukseen ja dogmatiikkaan. My\u00f6s seurakuntayhteis\u00f6 tulee opetuksessa tutuksi.<\/p>\n\n\n\n<p><em>L\u00e4hde: ort.fi<\/em><\/p>\n\n\n\n<p class=\"has-medium-font-size\"><\/p>\n","protected":false},"excerpt":{"rendered":"<p>Turun ortodoksisessa seurakunnassa j\u00e4rjestet\u00e4\u00e4n katekumeeniopetusta syksyisin ja kev\u00e4isin Minustako ortodoksi? -luentosarjana. Lis\u00e4tietoja: is\u00e4 Ioannis (050 357 3675, ioannis.lampropoulos@ort.fi) +++ Mit\u00e4 on katekumeeniopetus? Katekumeeniopetuksella tarkoitetaan kirkkoon liittymisest\u00e4 kiinnostuneille suunnattua opetusta, josta vastaavat p\u00e4\u00e4osin seurakuntien hengellisen ty\u00f6n tekij\u00e4t. Sen tavoitteena on antaa osallistujille sellaista tietoa ja kokemusta, jonka pohjalta he voivat arvioida, haluavatko liitty\u00e4 kirkkoon. Opetuksessa tutustutaan&hellip; <a class=\"continue\" href=\"https:\/\/ort.fi\/turku\/katekumeeniopetus\/\">Continue Reading<span> Katekumeeniopetus<\/span><\/a><\/p>\n","protected":false},"author":5,"featured_media":0,"parent":0,"menu_order":0,"comment_status":"closed","ping_status":"closed","template":"","meta":{"slim_seo":{"title":"Katekumeeniopetus - Turun ortodoksinen seurakunta","description":"Turun ortodoksisessa seurakunnassa j\u00e4rjestet\u00e4\u00e4n katekumeeniopetusta syksyisin ja kev\u00e4isin Minustako ortodoksi? -luentosarjana. Lis\u00e4tietoja : is\u00e4 Ioannis (050 35"},"footnotes":""},"class_list":["post-1323","page","type-page","status-publish"],"_links":{"self":[{"href":"https:\/\/ort.fi\/turku\/wp-json\/wp\/v2\/pages\/1323","targetHints":{"allow":["GET"]}}],"collection":[{"href":"https:\/\/ort.fi\/turku\/wp-json\/wp\/v2\/pages"}],"about":[{"href":"https:\/\/ort.fi\/turku\/wp-json\/wp\/v2\/types\/page"}],"author":[{"embeddable":true,"href":"https:\/\/ort.fi\/turku\/wp-json\/wp\/v2\/users\/5"}],"replies":[{"embeddable":true,"href":"https:\/\/ort.fi\/turku\/wp-json\/wp\/v2\/comments?post=1323"}],"version-history":[{"count":1,"href":"https:\/\/ort.fi\/turku\/wp-json\/wp\/v2\/pages\/1323\/revisions"}],"predecessor-version":[{"id":8999,"href":"https:\/\/ort.fi\/turku\/wp-json\/wp\/v2\/pages\/1323\/revisions\/8999"}],"wp:attachment":[{"href":"https:\/\/ort.fi\/turku\/wp-json\/wp\/v2\/media?parent=1323"}],"curies":[{"name":"wp","href":"https:\/\/api.w.org\/{rel}","templated":true}]}}