{"id":1319,"date":"2024-09-09T18:43:05","date_gmt":"2024-09-09T15:43:05","guid":{"rendered":"https:\/\/ort.fi\/ortturkusrk\/?page_id=1319"},"modified":"2024-10-27T15:21:42","modified_gmt":"2024-10-27T13:21:42","slug":"kristinoppikoulu","status":"publish","type":"page","link":"https:\/\/ort.fi\/turku\/kristinoppikoulu\/","title":{"rendered":"Kristinoppikoulu"},"content":{"rendered":"\n<p>Turun ortodoksisen seurakunnan kristinoppileiri j\u00e4rjestet\u00e4\u00e4n <strong>kes\u00e4isin<\/strong>. Leirist\u00e4 l\u00e4hetet\u00e4\u00e4n kev\u00e4\u00e4ll\u00e4 kirje kyseisen\u00e4 vuonna <strong>15 vuotta<\/strong> t\u00e4ytt\u00e4ville seurakunnan j\u00e4senille.<\/p>\n\n\n\n<p>Lis\u00e4tietoa <strong>turku@ort.fi<\/strong> tai suoraan seurakunnan ty\u00f6ntekij\u00f6ilt\u00e4.<\/p>\n\n\n\n<p>+++<\/p>\n\n\n\n<p><strong>Mik\u00e4 kristinoppikoulu on?<\/strong><\/p>\n\n\n\n<p>Kristinoppikoulua pidet\u00e4\u00e4n niin t\u00e4rke\u00e4n\u00e4 opetusmuotona, ett\u00e4 kirkkoj\u00e4rjestys velvoittaa seurakunnat j\u00e4rjest\u00e4m\u00e4\u00e4n kaikille nuorille mahdollisuuden osallistua siihen sin\u00e4 vuonna, kun he t\u00e4ytt\u00e4v\u00e4t 15 vuotta.<\/p>\n\n\n\n<p>Osallistuminen kristinoppikouluun on vapaaehtoista, mutta sen suosio on siit\u00e4 huolimatta varsin vankka. Suurin osa ik\u00e4luokasta k\u00e4y kriparin.<\/p>\n\n\n\n<p>Kristinoppikoulu \u2013 joka j\u00e4rjestet\u00e4\u00e4n usein leirimuotoisena \u2013 tarjoaa nuorelle mahdollisuuden perehty\u00e4 papin, kanttorin ja ohjaajien kanssa ortodoksisen kirkon opetukseen ja ortodoksiseen el\u00e4m\u00e4ntapaan. Kriparit ovat my\u00f6s varsin suosittuja \u2013 enemmist\u00f6 ik\u00e4luokasta pit\u00e4\u00e4 sit\u00e4 merkitt\u00e4v\u00e4n\u00e4 ja mieluisena etappina matkalla aikuisuuteen.<\/p>\n\n\n\n<p>Erityisen hy\u00f6dyllinen kristinoppikoulu on niille, jotka eiv\u00e4t ole osallistuneet koulussa oman uskonnon opetukseen. Toisaalta se tarjoaa kaikille osallistujille mahdollisuuden vahvistaa omaa ortodoksista identiteetti\u00e4\u00e4n ja l\u00f6yt\u00e4\u00e4 oma tapa osallistua aktiivisesti kirkon el\u00e4m\u00e4\u00e4n. Se antaa my\u00f6s mahdollisuuden solmia t\u00e4rkeit\u00e4 yst\u00e4vyyssuhteita toisten, mahdollisesti jopa eri puolilla Suomea asuvien ortodoksien kanssa.<\/p>\n\n\n\n<p>Kristinoppileirill\u00e4 eli kriparilla p\u00e4iv\u00e4t koostuvat jumalanpalveluksista, oppitunneista, pihaleikeist\u00e4, ryhm\u00e4t\u00f6ist\u00e4 ja muusta yhdess\u00e4olosta: yhdess\u00e4 tekemisest\u00e4 ja kokemisesta. Kriparien kestossa on seurakuntakohtaisia eroja noin viikosta maksimissaan kymmeneen p\u00e4iv\u00e4\u00e4n. Leiri p\u00e4\u00e4ttyy juhlavaan p\u00e4\u00e4t\u00f6sliturgiaan.<\/p>\n\n\n\n<p><em>L\u00e4hde: ort.fi<\/em><\/p>\n\n\n\n<p><\/p>\n","protected":false},"excerpt":{"rendered":"<p>Turun ortodoksisen seurakunnan kristinoppileiri j\u00e4rjestet\u00e4\u00e4n kes\u00e4isin. Leirist\u00e4 l\u00e4hetet\u00e4\u00e4n kev\u00e4\u00e4ll\u00e4 kirje kyseisen\u00e4 vuonna 15 vuotta t\u00e4ytt\u00e4ville seurakunnan j\u00e4senille. Lis\u00e4tietoa turku@ort.fi tai suoraan seurakunnan ty\u00f6ntekij\u00f6ilt\u00e4. +++ Mik\u00e4 kristinoppikoulu on? Kristinoppikoulua pidet\u00e4\u00e4n niin t\u00e4rke\u00e4n\u00e4 opetusmuotona, ett\u00e4 kirkkoj\u00e4rjestys velvoittaa seurakunnat j\u00e4rjest\u00e4m\u00e4\u00e4n kaikille nuorille mahdollisuuden osallistua siihen sin\u00e4 vuonna, kun he t\u00e4ytt\u00e4v\u00e4t 15 vuotta. Osallistuminen kristinoppikouluun on vapaaehtoista, mutta sen&hellip; <a class=\"continue\" href=\"https:\/\/ort.fi\/turku\/kristinoppikoulu\/\">Continue Reading<span> Kristinoppikoulu<\/span><\/a><\/p>\n","protected":false},"author":5,"featured_media":0,"parent":0,"menu_order":0,"comment_status":"closed","ping_status":"closed","template":"","meta":{"slim_seo":{"title":"Kristinoppikoulu - Turun ortodoksinen seurakunta","description":"Turun ortodoksisen seurakunnan kristinoppileiri j\u00e4rjestet\u00e4\u00e4n kes\u00e4isin . Leirist\u00e4 l\u00e4hetet\u00e4\u00e4n kev\u00e4\u00e4ll\u00e4 kirje kyseisen\u00e4 vuonna 15 vuotta t\u00e4ytt\u00e4ville seurakunnan j\u00e4"},"footnotes":""},"class_list":["post-1319","page","type-page","status-publish"],"_links":{"self":[{"href":"https:\/\/ort.fi\/turku\/wp-json\/wp\/v2\/pages\/1319","targetHints":{"allow":["GET"]}}],"collection":[{"href":"https:\/\/ort.fi\/turku\/wp-json\/wp\/v2\/pages"}],"about":[{"href":"https:\/\/ort.fi\/turku\/wp-json\/wp\/v2\/types\/page"}],"author":[{"embeddable":true,"href":"https:\/\/ort.fi\/turku\/wp-json\/wp\/v2\/users\/5"}],"replies":[{"embeddable":true,"href":"https:\/\/ort.fi\/turku\/wp-json\/wp\/v2\/comments?post=1319"}],"version-history":[{"count":0,"href":"https:\/\/ort.fi\/turku\/wp-json\/wp\/v2\/pages\/1319\/revisions"}],"wp:attachment":[{"href":"https:\/\/ort.fi\/turku\/wp-json\/wp\/v2\/media?parent=1319"}],"curies":[{"name":"wp","href":"https:\/\/api.w.org\/{rel}","templated":true}]}}