{"id":1315,"date":"2024-09-09T18:42:31","date_gmt":"2024-09-09T15:42:31","guid":{"rendered":"https:\/\/ort.fi\/ortturkusrk\/?page_id=1315"},"modified":"2025-01-28T20:02:43","modified_gmt":"2025-01-28T18:02:43","slug":"hautaan-siunaaminen-ja-vainajan-muistopalvelus","status":"publish","type":"page","link":"https:\/\/ort.fi\/turku\/hautaan-siunaaminen-ja-vainajan-muistopalvelus\/","title":{"rendered":"Hautaan siunaaminen ja vainajan muistopalvelus"},"content":{"rendered":"\n<p><strong>Sielunhoitotahto<\/strong><\/p>\n\n\n\n<p>Monet ortodoksisen kirkon j\u00e4senet haluavat valmistautua omaan kuolemaansa, jos sen l\u00e4hestyminen on tiedossa. K\u00e4yt\u00e4nn\u00f6ss\u00e4 valmistautuminen tarkoittaa usein synnintunnustuksen, sairaanvoitelun ja ehtoollisen sakramentteihin osallistumista tai sielunhoidollista keskustelua papin kanssa. Pappi voi vierailla kuolevan luona kotona tai sairaalassa ja tuoda my\u00f6s ehtoollisen mukanaan. Kirkolla on my\u00f6s tietyt kuoleman hetkell\u00e4 luettavat rukoukset, jotka pappi voi lukea viimeisten hetkien koittaessa.<\/p>\n\n\n<div class=\"wp-block-image\">\n<figure class=\"alignright size-large is-resized\"><img loading=\"lazy\" decoding=\"async\" width=\"1024\" height=\"737\" src=\"https:\/\/ort.fi\/ortturkusrk\/wp-content\/uploads\/2024\/11\/IMG_20241107_0007-1024x737.jpg\" alt=\"\" class=\"wp-image-2863\" style=\"width:545px;height:auto\" srcset=\"https:\/\/ort.fi\/turku\/wp-content\/uploads\/2024\/11\/IMG_20241107_0007-1024x737.jpg 1024w, https:\/\/ort.fi\/turku\/wp-content\/uploads\/2024\/11\/IMG_20241107_0007-300x216.jpg 300w, https:\/\/ort.fi\/turku\/wp-content\/uploads\/2024\/11\/IMG_20241107_0007-768x553.jpg 768w, https:\/\/ort.fi\/turku\/wp-content\/uploads\/2024\/11\/IMG_20241107_0007-1536x1105.jpg 1536w, https:\/\/ort.fi\/turku\/wp-content\/uploads\/2024\/11\/IMG_20241107_0007-2048x1474.jpg 2048w\" sizes=\"auto, (max-width: 1024px) 100vw, 1024px\" \/><\/figure>\n<\/div>\n\n\n<p>Omat toiveet voi kirjata yl\u00f6s sielunhoidolliseen hoitotahtoon, joka kannattaa k\u00e4yd\u00e4 l\u00e4pi yhdess\u00e4 l\u00e4heisten ja\/tai hoitohenkil\u00f6st\u00f6n kanssa. Yksinkertaisimmillaan sielunhoitotahto on seurakunnista saatava ja lompakossa pidett\u00e4v\u00e4 kortti, johon merkit\u00e4\u00e4n oman nimen lis\u00e4ksi kotiseurakunnan nimi ja rippi-is\u00e4n tai diakoniaty\u00f6ntekij\u00e4n nimi ja puhelinnumero. Kortissa on lis\u00e4ksi seuraava teksti: \u201d<em>Olen ortodoksi ja pyyd\u00e4n, ett\u00e4 luokseni kutsutaan pappi tai diakoniaty\u00f6ntekij\u00e4, jos olen sairauden tai onnettomuuden vuoksi kyvyt\u00f6n sit\u00e4 itse tekem\u00e4\u00e4n. Toivon, ett\u00e4 luonani vieraillaan ja ett\u00e4 voin saada sairaanvoitelun ja Pyh\u00e4\u00e4 Ehtoollista<\/em>.\u201d N\u00e4m\u00e4 tiedot kannattaa kirjata my\u00f6s Omakanta -palveluun. Tiedot auttavat omaisia ja hoitohenkil\u00f6st\u00f6\u00e4 huolehtimaan siit\u00e4, ett\u00e4 kirkon j\u00e4sen p\u00e4\u00e4see osalliseksi oman kirkkonsa sielunhoidollisista palveluista my\u00f6s tilanteessa, jossa h\u00e4n ei itse kykene ottamaan yhteytt\u00e4 seurakuntaan.<\/p>\n\n\n\n<p><strong>Hautaan siunaaminen<\/strong><\/p>\n\n\n\n<p>Kun ortodoksisen kirkon j\u00e4sen kuolee, omaiset ottavat v\u00e4litt\u00f6m\u00e4sti yhteytt\u00e4 vainajan kotiseurakuntaan. Seurakunnan ja toimittavan papin kanssa sovitaan hautaustoimitukseen liittyvist\u00e4 yksityiskohdista: koska ja miss\u00e4 hautaus toimitetaan ja mihin vainaja haudataan. Jos papin toivotaan olevan paikalla muistotilaisuudessa, my\u00f6s t\u00e4st\u00e4 on hyv\u00e4 sopia etuk\u00e4teen. Itse hautaustoimitus on puolestaan liturginen kokonaisuus, joka ei sis\u00e4ll\u00e4 erikseen suunniteltavia osia.<\/p>\n\n\n\n<p>Ortodoksisen kirkon j\u00e4sen pyrit\u00e4\u00e4n siunaamaan hautaan mahdollisimman nopeasti. Hautaamista varten vainajalle hankitaan arkku ja kuolinvaatteet. Jotkut varaavat ne itselleen vanhan tavan mukaisesti jo elinaikanaan. Vainaja puetaan arkkuun kauniiseen vaatekertaan, johon sis\u00e4ltyv\u00e4t kaikki asusteet alusvaatteista kenkiin asti. Kaulaan laitetaan risti (ei kultaa eik\u00e4 hopeaa). Puetun vainajan ylle laskostetaan ohut kateliina ja otsalle nauha, johon on kirjottu tai painettu Pyh\u00e4n Kolminaisuuden veisun sanat \u201dPyh\u00e4 Jumala, pyh\u00e4 V\u00e4kev\u00e4, pyh\u00e4 Kuolematon, armahda meit\u00e4\u201d. My\u00f6s kasvoille asetetaan ohut liina.&nbsp; Vainajan rinnalle arkkuun asetetaan pieni ikoni. Arkkuun voi halutessaan laittaa my\u00f6s kukkia.<\/p>\n\n\n\n<p>Ortodoksisen hautauspalveluksen liturginen v\u00e4ri on yl\u00f6snousemuksen v\u00e4ri eli valkoinen. Siksi sek\u00e4 arkun ett\u00e4 vaatteiden v\u00e4riksi suositellaan valkoista. My\u00f6s puinen arkku on yksinkertaisuudessaan kaunis ja toimiva. Arkun valinnassa on lis\u00e4ksi hyv\u00e4 ottaa huomioon, ett\u00e4 perinteen mukaan ortodoksinen hautauspalvelus toimitetaan avoimen arkun kanssa. Siksi kannen tulisi olla kokonaan helposti irrotettavissa. Ortodoksinen kirkko suosii perinteen mukaista arkkuhautausta. Mik\u00e4li vainaja on itse ilmaissut haluavansa polttohautauksen, n\u00e4inkin voidaan toimia.<\/p>\n\n\n<div class=\"wp-block-image\">\n<figure class=\"alignleft size-large is-resized\"><img loading=\"lazy\" decoding=\"async\" width=\"1024\" height=\"678\" src=\"https:\/\/ort.fi\/ortturkusrk\/wp-content\/uploads\/2024\/11\/IMG_20241111_0001-1024x678.jpg\" alt=\"\" class=\"wp-image-2859\" style=\"width:520px;height:auto\" srcset=\"https:\/\/ort.fi\/turku\/wp-content\/uploads\/2024\/11\/IMG_20241111_0001-1024x678.jpg 1024w, https:\/\/ort.fi\/turku\/wp-content\/uploads\/2024\/11\/IMG_20241111_0001-300x199.jpg 300w, https:\/\/ort.fi\/turku\/wp-content\/uploads\/2024\/11\/IMG_20241111_0001-768x509.jpg 768w, https:\/\/ort.fi\/turku\/wp-content\/uploads\/2024\/11\/IMG_20241111_0001-1536x1017.jpg 1536w, https:\/\/ort.fi\/turku\/wp-content\/uploads\/2024\/11\/IMG_20241111_0001-2048x1357.jpg 2048w\" sizes=\"auto, (max-width: 1024px) 100vw, 1024px\" \/><\/figure>\n<\/div>\n\n\n<p>Toimituksen aluksi arkku kannetaan keskelle kirkkoa ja avataan. Mik\u00e4li vainaja on kielt\u00e4nyt arkun avoinna pit\u00e4misen tai sen avaamiselle on muita esteit\u00e4, hautaus toimitetaan arkku suljettuna. Omaisille jaetaan hautaustoimituksen ajaksi k\u00e4teen kirkkokynttil\u00e4t eli tuohukset. Varsinaisen hautauspalveluksen aikana on tapana seist\u00e4.<\/p>\n\n\n\n<p>Ortodoksinen hautaustoimitus on ennen kaikkea rukousta vainajan kuolemattoman sielun puolesta. Sen aikana toistetaan usein lyhytt\u00e4 rukousta: \u201dSaata, Herra, lepoon nukkuneen palvelijasi sielu\u201d. T\u00e4m\u00e4 rukous sopii hyvin my\u00f6s kuolinilmoitukseen tai kukkalaitteeseen liitett\u00e4v\u00e4ksi muistolauseeksi. Paljon k\u00e4ytettyj\u00e4 muistolauseita ovat my\u00f6s \u201dOllos i\u00e4ti muistettu\u201d ja \u201dIankaikkinen muisto\u201d. Tarkoitukseen sopii hyvin my\u00f6s p\u00e4\u00e4si\u00e4istropari \u201dKristus nousi kuolleista, kuolemalla kuoleman voitti ja haudoissa oleville el\u00e4m\u00e4n antoi\u201d.<\/p>\n\n\n\n<p>Hautaustoimituksen loppupuolella tuohukset sammutetaan. Omaiset j\u00e4tt\u00e4v\u00e4t tuonilmaisiin siirtyneelle arkun \u00e4\u00e4rell\u00e4 viimeiset j\u00e4\u00e4hyv\u00e4iset lukemalla hiljaa mieless\u00e4\u00e4n rukouksen h\u00e4nen sielunsa puolesta, pyyt\u00e4m\u00e4ll\u00e4 h\u00e4nelt\u00e4 hiljaisuudessa anteeksi ja siunaamalla h\u00e4nt\u00e4 ristinmerkill\u00e4. Vainajan rinnalla olevaa ikonia suudellaan. Monet haluavat my\u00f6s hyv\u00e4ill\u00e4 viel\u00e4 kerran rakkaan omaisen poskea tai k\u00e4tt\u00e4. Jos n\u00e4m\u00e4 tavat eiv\u00e4t tunnu luontevilta, saattov\u00e4keen kuuluvat voivat hyv\u00e4stell\u00e4 vainajan yksinkertaisesti seisomalla hetken arkun \u00e4\u00e4rell\u00e4.<\/p>\n\n\n\n<p>Hyv\u00e4stien j\u00e4lkeen pappi siunaa vainajan arkkuun ristinmuotoisesti laitettavalla hiekalla. T\u00e4m\u00e4n j\u00e4lkeen arkku suljetaan. Kukat voi laskea arkulle t\u00e4ss\u00e4 vaiheessa tai j\u00e4\u00e4hyv\u00e4isten yhteydess\u00e4. S\u00e4\u00e4n salliessa ne voidaan laskea my\u00f6s haudalle.<\/p>\n\n\n\n<p>Varsinainen hautauspalvelus kest\u00e4\u00e4 noin puoli tuntia. Hyv\u00e4stien j\u00e4tt\u00e4miseen kuluu aikaa saattov\u00e4en koosta riippuen muutamista minuuteista noin puoleen tuntiin. Kirkosta poistutaan niin, ett\u00e4 pappi ja laulajat kulkevat arkun edell\u00e4.<\/p>\n\n\n\n<p>Hautaan laskemisen j\u00e4lkeen toimitetaan lyhyt litaniapalvelus, jonka j\u00e4lkeen hauta peitet\u00e4\u00e4n ja sen \u00e4\u00e4rell\u00e4 lauletaan yhdess\u00e4 joku yhdess\u00e4 sovittu tai kanttorin ehdottama kirkkoveisu. T\u00e4m\u00e4n j\u00e4lkeen siirryt\u00e4\u00e4n vapaamuotoiseen muistotilaisuuteen, jos sellainen on j\u00e4rjestetty. <\/p>\n\n\n\n<p><strong>Vainajan muistopalvelus<\/strong><\/p>\n\n\n\n<p>Omaiset voivat halutessaan pyyt\u00e4\u00e4 pappia toimittamaan my\u00f6s panihidan eli vainajan muistopalveluksen. Perinteisesti panihida toimitetaan kuolinp\u00e4iv\u00e4n\u00e4, kolmantena p\u00e4iv\u00e4n\u00e4 kuolemasta, 40 p\u00e4iv\u00e4\u00e4 kuolemasta ja vuosi kuoleman j\u00e4lkeen sek\u00e4 jatkossa vuosittain vainajan kuolinp\u00e4iv\u00e4n\u00e4. Edesmenneit\u00e4 muistetaan p\u00e4ivitt\u00e4in my\u00f6s yksityisess\u00e4 rukouksessa. Kirkossa vainajien muistelu tapahtuu sytytt\u00e4m\u00e4ll\u00e4 tuohus vainajien muistelup\u00f6yd\u00e4lle. My\u00f6s pappia voi pyyt\u00e4\u00e4 rukoilemaan tuonilmaisiin siirtyneiden rakkaiden puolesta t\u00e4ytt\u00e4m\u00e4ll\u00e4 kirkon eteisess\u00e4 t\u00e4h\u00e4n tarkoitukseen varatun muistelulapun, johon kirjoitetaan muisteltavien etunimet. Lappu j\u00e4tet\u00e4\u00e4n kirkon is\u00e4nn\u00f6itsij\u00e4n p\u00f6yd\u00e4lle, josta se toimitetaan alttariin.<\/p>\n\n\n\n<p><em>Voit lukea lis\u00e4\u00e4 hautaan siunaamisesta <\/em><a href=\"https:\/\/ort.fi\/muut-toimitukset\/hautaan-siunaaminen\/\"><em>Suomen ortodoksisen kirkon sivuilta<\/em><\/a><em>.<\/em><\/p>\n\n\n\n<p><em>Voit lukea lis\u00e4\u00e4 vainajan muistopalveluksesta <\/em><a href=\"https:\/\/ort.fi\/muut-toimitukset\/vainajan-muistopalvelus\/\"><em>Suomen ortodoksisen kirkon sivuilta<\/em><\/a><em>.<\/em><\/p>\n","protected":false},"excerpt":{"rendered":"<p>Sielunhoitotahto Monet ortodoksisen kirkon j\u00e4senet haluavat valmistautua omaan kuolemaansa, jos sen l\u00e4hestyminen on tiedossa. K\u00e4yt\u00e4nn\u00f6ss\u00e4 valmistautuminen tarkoittaa usein synnintunnustuksen, sairaanvoitelun ja ehtoollisen sakramentteihin osallistumista tai sielunhoidollista keskustelua papin kanssa. Pappi voi vierailla kuolevan luona kotona tai sairaalassa ja tuoda my\u00f6s ehtoollisen mukanaan. Kirkolla on my\u00f6s tietyt kuoleman hetkell\u00e4 luettavat rukoukset, jotka pappi voi lukea viimeisten&hellip; <a class=\"continue\" href=\"https:\/\/ort.fi\/turku\/hautaan-siunaaminen-ja-vainajan-muistopalvelus\/\">Continue Reading<span> Hautaan siunaaminen ja vainajan muistopalvelus<\/span><\/a><\/p>\n","protected":false},"author":5,"featured_media":4875,"parent":0,"menu_order":0,"comment_status":"closed","ping_status":"closed","template":"","meta":{"slim_seo":{"title":"Hautaan siunaaminen ja vainajan muistopalvelus - Turun ortodoksinen seurakunta","description":"Sielunhoitotahto Monet ortodoksisen kirkon j\u00e4senet haluavat valmistautua omaan kuolemaansa, jos sen l\u00e4hestyminen on tiedossa. K\u00e4yt\u00e4nn\u00f6ss\u00e4 valmistautuminen tarko"},"footnotes":""},"class_list":["post-1315","page","type-page","status-publish","has-post-thumbnail"],"_links":{"self":[{"href":"https:\/\/ort.fi\/turku\/wp-json\/wp\/v2\/pages\/1315","targetHints":{"allow":["GET"]}}],"collection":[{"href":"https:\/\/ort.fi\/turku\/wp-json\/wp\/v2\/pages"}],"about":[{"href":"https:\/\/ort.fi\/turku\/wp-json\/wp\/v2\/types\/page"}],"author":[{"embeddable":true,"href":"https:\/\/ort.fi\/turku\/wp-json\/wp\/v2\/users\/5"}],"replies":[{"embeddable":true,"href":"https:\/\/ort.fi\/turku\/wp-json\/wp\/v2\/comments?post=1315"}],"version-history":[{"count":0,"href":"https:\/\/ort.fi\/turku\/wp-json\/wp\/v2\/pages\/1315\/revisions"}],"wp:featuredmedia":[{"embeddable":true,"href":"https:\/\/ort.fi\/turku\/wp-json\/wp\/v2\/media\/4875"}],"wp:attachment":[{"href":"https:\/\/ort.fi\/turku\/wp-json\/wp\/v2\/media?parent=1315"}],"curies":[{"name":"wp","href":"https:\/\/api.w.org\/{rel}","templated":true}]}}