{"id":1311,"date":"2024-09-09T18:42:04","date_gmt":"2024-09-09T15:42:04","guid":{"rendered":"https:\/\/ort.fi\/ortturkusrk\/?page_id=1311"},"modified":"2024-11-09T18:19:27","modified_gmt":"2024-11-09T16:19:27","slug":"sairaanvoitelu","status":"publish","type":"page","link":"https:\/\/ort.fi\/turku\/sairaanvoitelu\/","title":{"rendered":"Sairaanvoitelu"},"content":{"rendered":"\n<p>Jeesus Kristus paransi sairaita yhten\u00e4 jumalallisen teht\u00e4v\u00e4ns\u00e4 osoituksena. Sen vuoksi parantamisen voima s\u00e4ilyy edelleen kirkossa, sill\u00e4 Kristus on jatkuvasti l\u00e4sn\u00e4 Pyh\u00e4n Hengen kautta. Sairaanvoitelussa rukoillaan sairaalle parannusta niin ruumiin kuin sielunkin sairauksista. Sairaanvoiteluun kehottaa apostoli Jaakob kirjeess\u00e4\u00e4n (Jaak. 5:14-15). Evankeliumeissa kerrotaan, kuinka Jeesuksen opetuslapset paransivat sairaita \u00f6ljyll\u00e4 (Mark. 6:13).<\/p>\n\n\n\n<p>Sairaanvoitelun tai \u00f6ljypyhityksen sakramentti voidaan toimittaa kenelle tahansa ortodoksisen kirkon j\u00e4senelle kirkossa, kotona tai vaikka sairaalassa. Sairaanvoitelua ei toimiteta ainoastaan kuolevalle tai eritt\u00e4in vakavasti sairaalle, vaan kuka tahansa kirkon j\u00e4sen voi osallistua toimitukseen. Sairaanvoitelu voidaan toimittaa joko yksitt\u00e4iselle ortodoksille tai yleisesti toimitukseen kokoontuneille. Turun seurakunnassa on perinteisesti toimitettu yleinen sairaanvoitelu suuren paaston aikana. Yleiseen sairaanvoiteluun voivat osallistua kaikki ortodoksisen kirkon j\u00e4senet, jotka tuntevat sit\u00e4 tarvitsevansa.<\/p>\n\n\n\n<p>Itse palveluksessa luetaan seitsem\u00e4n eri otetta evankeliumista. Osallistujan otsa, rinta ja k\u00e4det sek\u00e4 l\u00e4hinn\u00e4 yksityisesti toimitettavassa sakramentissa selk\u00e4, kaula ja niska voidellaan pyhitetyll\u00e4 \u00f6ljyll\u00e4. T\u00e4m\u00e4 korostaa ihmisen kokonaisvaltaista paranemista. Sairaanvoitelun avulla ihminen paranee synnin tilasta, joka on sairauksista kaikkein vakavin. Samalla voideltu saa helpotusta fyysiseen tai henkiseen sairauteen ja etenkin voimia kantaa sairauksiaan toiveikkaampana. Paraneminen on aina viime k\u00e4dess\u00e4 Jumalan tahdosta ja H\u00e4nen armostaan kiinni.<\/p>\n\n\n\n<p><em>Voit lukea lis\u00e4\u00e4 sairaanvoitelusta <\/em><a href=\"https:\/\/ort.fi\/sakramentit\/sairaanvoitelu\/\"><em>Suomen ortodoksisen kirkon sivuilta<\/em><\/a><em>.<\/em><\/p>\n","protected":false},"excerpt":{"rendered":"<p>Jeesus Kristus paransi sairaita yhten\u00e4 jumalallisen teht\u00e4v\u00e4ns\u00e4 osoituksena. Sen vuoksi parantamisen voima s\u00e4ilyy edelleen kirkossa, sill\u00e4 Kristus on jatkuvasti l\u00e4sn\u00e4 Pyh\u00e4n Hengen kautta. Sairaanvoitelussa rukoillaan sairaalle parannusta niin ruumiin kuin sielunkin sairauksista. Sairaanvoiteluun kehottaa apostoli Jaakob kirjeess\u00e4\u00e4n (Jaak. 5:14-15). Evankeliumeissa kerrotaan, kuinka Jeesuksen opetuslapset paransivat sairaita \u00f6ljyll\u00e4 (Mark. 6:13). Sairaanvoitelun tai \u00f6ljypyhityksen sakramentti voidaan toimittaa&hellip; <a class=\"continue\" href=\"https:\/\/ort.fi\/turku\/sairaanvoitelu\/\">Continue Reading<span> Sairaanvoitelu<\/span><\/a><\/p>\n","protected":false},"author":5,"featured_media":0,"parent":0,"menu_order":0,"comment_status":"closed","ping_status":"closed","template":"","meta":{"slim_seo":{"title":"Sairaanvoitelu - Turun ortodoksinen seurakunta","description":"Jeesus Kristus paransi sairaita yhten\u00e4 jumalallisen teht\u00e4v\u00e4ns\u00e4 osoituksena. Sen vuoksi parantamisen voima s\u00e4ilyy edelleen kirkossa, sill\u00e4 Kristus on jatkuvasti"},"footnotes":""},"class_list":["post-1311","page","type-page","status-publish"],"_links":{"self":[{"href":"https:\/\/ort.fi\/turku\/wp-json\/wp\/v2\/pages\/1311","targetHints":{"allow":["GET"]}}],"collection":[{"href":"https:\/\/ort.fi\/turku\/wp-json\/wp\/v2\/pages"}],"about":[{"href":"https:\/\/ort.fi\/turku\/wp-json\/wp\/v2\/types\/page"}],"author":[{"embeddable":true,"href":"https:\/\/ort.fi\/turku\/wp-json\/wp\/v2\/users\/5"}],"replies":[{"embeddable":true,"href":"https:\/\/ort.fi\/turku\/wp-json\/wp\/v2\/comments?post=1311"}],"version-history":[{"count":0,"href":"https:\/\/ort.fi\/turku\/wp-json\/wp\/v2\/pages\/1311\/revisions"}],"wp:attachment":[{"href":"https:\/\/ort.fi\/turku\/wp-json\/wp\/v2\/media?parent=1311"}],"curies":[{"name":"wp","href":"https:\/\/api.w.org\/{rel}","templated":true}]}}