{"id":1305,"date":"2024-09-09T18:37:44","date_gmt":"2024-09-09T15:37:44","guid":{"rendered":"https:\/\/ort.fi\/ortturkusrk\/?page_id=1305"},"modified":"2024-11-09T18:19:07","modified_gmt":"2024-11-09T16:19:07","slug":"kodinpyhitys","status":"publish","type":"page","link":"https:\/\/ort.fi\/turku\/kodinpyhitys\/","title":{"rendered":"Kodinpyhitys"},"content":{"rendered":"\n<p>Kodinpyhitys on rukouspalvelus, jossa pyhitetyn veden vihmomisella koti pyhitet\u00e4\u00e4n Is\u00e4n ja Pojan ja Pyh\u00e4n Hengen nimeen. Papilla on useimmiten mukanaan valmiiksi pyhitetty\u00e4 vett\u00e4 toimitusta varten. Jos n\u00e4in ei ole, kodinpyhitys alkaa pienell\u00e4 vedenpyhityksell\u00e4. Papilla on usein mukanaan my\u00f6s kanttori, joka vastaa kirkkolaulusta, ellei kotiv\u00e4ki halua laulaa itse.<\/p>\n\n\n\n<p>Kodinpyhitys toimitetaan yleens\u00e4 uuteen kotiin muutettaessa. Se sopii kuitenkin toimitettavaksi my\u00f6s muulloin. Kodin lis\u00e4ksi toimitus soveltuu esimerkiksi toimitilojen pyhitt\u00e4miseen. Kodinpyhityksess\u00e4 pappi k\u00e4y l\u00e4pi kaikki asunnon tilat ja vihmoo samalla my\u00f6s kodin asukkaat ja lemmikit \u2013 haluttaessa my\u00f6s kulkuv\u00e4lineet.<\/p>\n\n\n\n<p>Kodinpyhitykseen voi halutessaan kutsua vieraita ja sen yhteyteen voi j\u00e4rjest\u00e4\u00e4 tarjoilua, mutta t\u00e4m\u00e4 ei ole mill\u00e4\u00e4n tavalla v\u00e4ltt\u00e4m\u00e4t\u00f6nt\u00e4. P\u00e4\u00e4asia on Itse toimitus \u2013 eiv\u00e4t puitteet, joissa se tapahtuu.<\/p>\n\n\n\n<p><em>T\u00e4ll\u00e4 sivulla on k\u00e4ytetty l\u00e4hteen\u00e4 <\/em><a href=\"https:\/\/ort.fi\/muut-toimitukset\/kodinpyhitys\/\"><em>Suomen ortodoksisen kirkon Kodinpyhitys -sivua<\/em><\/a><em>.<\/em><\/p>\n","protected":false},"excerpt":{"rendered":"<p>Kodinpyhitys on rukouspalvelus, jossa pyhitetyn veden vihmomisella koti pyhitet\u00e4\u00e4n Is\u00e4n ja Pojan ja Pyh\u00e4n Hengen nimeen. Papilla on useimmiten mukanaan valmiiksi pyhitetty\u00e4 vett\u00e4 toimitusta varten. Jos n\u00e4in ei ole, kodinpyhitys alkaa pienell\u00e4 vedenpyhityksell\u00e4. Papilla on usein mukanaan my\u00f6s kanttori, joka vastaa kirkkolaulusta, ellei kotiv\u00e4ki halua laulaa itse. Kodinpyhitys toimitetaan yleens\u00e4 uuteen kotiin muutettaessa. Se sopii&hellip; <a class=\"continue\" href=\"https:\/\/ort.fi\/turku\/kodinpyhitys\/\">Continue Reading<span> Kodinpyhitys<\/span><\/a><\/p>\n","protected":false},"author":5,"featured_media":0,"parent":0,"menu_order":0,"comment_status":"closed","ping_status":"closed","template":"","meta":{"slim_seo":{"title":"Kodinpyhitys - Turun ortodoksinen seurakunta","description":"Kodinpyhitys on rukouspalvelus, jossa pyhitetyn veden vihmomisella koti pyhitet\u00e4\u00e4n Is\u00e4n ja Pojan ja Pyh\u00e4n Hengen nimeen. Papilla on useimmiten mukanaan valmiiks"},"footnotes":""},"class_list":["post-1305","page","type-page","status-publish"],"_links":{"self":[{"href":"https:\/\/ort.fi\/turku\/wp-json\/wp\/v2\/pages\/1305","targetHints":{"allow":["GET"]}}],"collection":[{"href":"https:\/\/ort.fi\/turku\/wp-json\/wp\/v2\/pages"}],"about":[{"href":"https:\/\/ort.fi\/turku\/wp-json\/wp\/v2\/types\/page"}],"author":[{"embeddable":true,"href":"https:\/\/ort.fi\/turku\/wp-json\/wp\/v2\/users\/5"}],"replies":[{"embeddable":true,"href":"https:\/\/ort.fi\/turku\/wp-json\/wp\/v2\/comments?post=1305"}],"version-history":[{"count":0,"href":"https:\/\/ort.fi\/turku\/wp-json\/wp\/v2\/pages\/1305\/revisions"}],"wp:attachment":[{"href":"https:\/\/ort.fi\/turku\/wp-json\/wp\/v2\/media?parent=1305"}],"curies":[{"name":"wp","href":"https:\/\/api.w.org\/{rel}","templated":true}]}}