{"id":1301,"date":"2024-09-09T18:37:33","date_gmt":"2024-09-09T15:37:33","guid":{"rendered":"https:\/\/ort.fi\/ortturkusrk\/?page_id=1301"},"modified":"2024-11-29T13:33:58","modified_gmt":"2024-11-29T11:33:58","slug":"kihlaus-ja-avioliittoon-vihkiminen","status":"publish","type":"page","link":"https:\/\/ort.fi\/turku\/kihlaus-ja-avioliittoon-vihkiminen\/","title":{"rendered":"Kihlaus ja avioliittoon vihkiminen"},"content":{"rendered":"\n<p>Ortodoksisessa kirkossa avioliiton sakramenttiin liittyy vahvasti Jumalan siunauksen hakeminen liitolle sek\u00e4 sen vahvistaminen sakramentin kautta. T\u00e4m\u00e4n vuoksi vihkiminen voidaan ortodoksisessa kirkossa toimittaa vain, jos ainakin toinen vihitt\u00e4vist\u00e4 kuuluu ortodoksiseen kirkkoon ja my\u00f6s toinen kuuluu kristilliseen, esimerkiksi luterilaiseen tai katoliseen kirkkoon. Mik\u00e4li toinen puolisoista ei kuulu kristilliseen kirkkoon, vihkiminen suoritetaan esimerkiksi maistraatissa ja avioliitto voidaan siunata ortodoksikirkossa rukouspalveluksessa.<\/p>\n\n\n<div class=\"wp-block-image\">\n<figure class=\"alignright size-large is-resized\"><img loading=\"lazy\" decoding=\"async\" width=\"1024\" height=\"687\" src=\"https:\/\/ort.fi\/ortturkusrk\/wp-content\/uploads\/2024\/11\/IMG_20241114_0001-1024x687.jpg\" alt=\"\" class=\"wp-image-2855\" style=\"width:591px;height:auto\" srcset=\"https:\/\/ort.fi\/turku\/wp-content\/uploads\/2024\/11\/IMG_20241114_0001-1024x687.jpg 1024w, https:\/\/ort.fi\/turku\/wp-content\/uploads\/2024\/11\/IMG_20241114_0001-300x201.jpg 300w, https:\/\/ort.fi\/turku\/wp-content\/uploads\/2024\/11\/IMG_20241114_0001-768x515.jpg 768w, https:\/\/ort.fi\/turku\/wp-content\/uploads\/2024\/11\/IMG_20241114_0001-1536x1031.jpg 1536w, https:\/\/ort.fi\/turku\/wp-content\/uploads\/2024\/11\/IMG_20241114_0001-2048x1374.jpg 2048w\" sizes=\"auto, (max-width: 1024px) 100vw, 1024px\" \/><\/figure>\n<\/div>\n\n\n<p>H\u00e4it\u00e4 suunnitellessa on hyv\u00e4 muistaa, ett\u00e4 ortodoksisessa kirkossa ei toimiteta vihkimist\u00e4 tiettyjen paasto- ja juhlakausien aikana. N\u00e4m\u00e4 ajat l\u00f6ytyv\u00e4t kirkkokalenterista. Voit olla yhteydess\u00e4 seurakuntaan ja vihkiv\u00e4\u00e4n pappiin paitsi vihkitoimitukseen my\u00f6s avioliiton esteiden tutkintaan liittyviss\u00e4 kysymyksiss\u00e4. Ennen vihkimist\u00e4 teht\u00e4v\u00e4n avioliiton esteiden tutkinnan suorittaa aina maistraatti.&nbsp;<\/p>\n\n\n\n<p>Vihkitoimituksen yhteydess\u00e4 toimitetaan aluksi kirkollinen kihlaus, ellei sit\u00e4 ole aikaisemmin toimitettu erillisen\u00e4 palveluksena. Kirkollisessa kihlauksessa pappi asettaa sormuksen vihitt\u00e4vien oikeaan nimett\u00f6m\u00e4\u00e4n. Ortodoksit pit\u00e4v\u00e4tkin usein vihkisormusta oikeassa k\u00e4dess\u00e4.<\/p>\n\n\n\n<p>Vihkitoimituksessa vihkiparilla on mukanaan todistajat tai vihkikummit, jotka pit\u00e4v\u00e4t toimituksen aikana vihitt\u00e4vien yll\u00e4 vihkikruunuja. Kruunut muistuttavat, ett\u00e4 avioliitossa molempien on teht\u00e4v\u00e4 uhrauksia yhteiseksi hyv\u00e4ksi, kuten marttyyrit ovat uhranneet itsens\u00e4 kirkon puolesta kantaen uskon kruunua korkealla. Varhaiskirkon aikana vihkiminen on sinet\u00f6ity ehtoolliseen osallistumalla. T\u00e4st\u00e4 on muistona vihkiparille tarjottu yhteinen malja. Kruunaamisen j\u00e4lkeen luetaan epistola (Ef. 5: 20 \u2013 33) ja evankeliumi, jossa Kristus tekee ensimm\u00e4isen ihmeens\u00e4 Kaanaan h\u00e4iss\u00e4 (Joh. 2:1 \u2013 12). Is\u00e4 meid\u00e4n -rukouksen j\u00e4lkeen pappi siunaa viinimaljan ja antaa siit\u00e4 molemmille juotavaksi kolme kertaa. Yhteisen maljan nauttimisen j\u00e4lkeen pappi ja vihkipari kiert\u00e4v\u00e4t&nbsp; vihkip\u00f6yd\u00e4n kolme kertaa juhlavassa saatossa. Kiert\u00e4minen ja ympyr\u00e4n muoto symboloivat ikuisuutta ja t\u00e4ydellisyytt\u00e4.<\/p>\n\n\n\n<h5 class=\"wp-block-heading\"><strong><em>Lyhyt selitys sakramentin sis\u00e4ll\u00f6st\u00e4<\/em><\/strong><\/h5>\n\n\n\n<p><strong>Kihlaus<\/strong>: Ortodoksiset kirkkoh\u00e4\u00e4t koostuvat kahdesta osasta; kihlauksesta ja avioliittoon kruunaamisesta. Tilaisuus alkaa kihlauksella, joka toimitetaan kirkon takaosassa oven l\u00e4heisyydess\u00e4.<\/p>\n\n\n\n<p><strong>Kihlasormukset<\/strong>: Pappi asettaa kihlasormukset parin oikeisiin nimett\u00f6min, sill\u00e4 perinteisiss\u00e4 kulttuureissa oikea puoli edustaa puhtautta, voimaa ja siunausta.<\/p>\n\n\n\n<p><strong>Valkoinen kangas<\/strong>: Avioliittoon vihkiminen toimitetaan lattialle levitetyn valkoisen kankaan p\u00e4\u00e4ll\u00e4. Kangas symboloi el\u00e4m\u00e4n taivalta, jota pari t\u00e4st\u00e4 eteenp\u00e4in astelee yhdess\u00e4.<\/p>\n\n\n\n<p><strong>Kynttil\u00e4t<\/strong>: Vihkikynttil\u00e4t eli -tuohukset symboloivat valppautta ja toivoa. Vihkituohukset on tapana s\u00e4ilytt\u00e4\u00e4 kotona n\u00e4kyv\u00e4ll\u00e4 paikalla.<\/p>\n\n\n\n<p><strong>Kysymykset<\/strong>: Ortodoksisessa vihkimisess\u00e4 ei sanota Tahdon. Sen sijaan pappi kysyy, onko kummallakin vapaa tahto ja vakava mieli ottaa toinen aviopuolisokseen.<\/p>\n\n\n\n<p><strong>Kruunut<\/strong>: Avioliittoon vihkimisen keskeinen osa on kruunaaminen. Aviopuolisot kruunataan oman kotinsa kuninkaaksi ja kuningattareksi, ja heid\u00e4n teht\u00e4v\u00e4ns\u00e4 on johtaa kotia viisaasti ja oikeudenmukaisesti. Kruunut symboloivat my\u00f6s marttyyriutta; avioliitossa molempien on joustettava ja uhrauduttava toisen puolesta.<\/p>\n\n\n\n<p><strong>Yhteinen viinimalja<\/strong>: Vihkipari juo yhteisest\u00e4 viinimaljasta. Viini on sek\u00e4 makeaa ett\u00e4 kitker\u00e4\u00e4, kuten el\u00e4m\u00e4kin. Viini\u00e4 juodaan kolme kulausta, mik\u00e4 symboloi Pyh\u00e4\u00e4 Kolminaisuutta.<\/p>\n\n\n\n<p><em>Voit lukea lis\u00e4\u00e4 avioliittoon vihkimisest\u00e4 <a href=\"https:\/\/ort.fi\/sakramentit\/avioliitto\/\">Suomen ortodoksisen kirkon sivuilta<\/a>.<\/em><\/p>\n","protected":false},"excerpt":{"rendered":"<p>Ortodoksisessa kirkossa avioliiton sakramenttiin liittyy vahvasti Jumalan siunauksen hakeminen liitolle sek\u00e4 sen vahvistaminen sakramentin kautta. T\u00e4m\u00e4n vuoksi vihkiminen voidaan ortodoksisessa kirkossa toimittaa vain, jos ainakin toinen vihitt\u00e4vist\u00e4 kuuluu ortodoksiseen kirkkoon ja my\u00f6s toinen kuuluu kristilliseen, esimerkiksi luterilaiseen tai katoliseen kirkkoon. Mik\u00e4li toinen puolisoista ei kuulu kristilliseen kirkkoon, vihkiminen suoritetaan esimerkiksi maistraatissa ja avioliitto voidaan siunata&hellip; <a class=\"continue\" href=\"https:\/\/ort.fi\/turku\/kihlaus-ja-avioliittoon-vihkiminen\/\">Continue Reading<span> Kihlaus ja avioliittoon vihkiminen<\/span><\/a><\/p>\n","protected":false},"author":5,"featured_media":0,"parent":0,"menu_order":0,"comment_status":"closed","ping_status":"closed","template":"","meta":{"slim_seo":{"title":"Kihlaus ja avioliittoon vihkiminen - Turun ortodoksinen seurakunta","description":"Ortodoksisessa kirkossa avioliiton sakramenttiin liittyy vahvasti Jumalan siunauksen hakeminen liitolle sek\u00e4 sen vahvistaminen sakramentin kautta. T\u00e4m\u00e4n vuoksi"},"footnotes":""},"class_list":["post-1301","page","type-page","status-publish"],"_links":{"self":[{"href":"https:\/\/ort.fi\/turku\/wp-json\/wp\/v2\/pages\/1301","targetHints":{"allow":["GET"]}}],"collection":[{"href":"https:\/\/ort.fi\/turku\/wp-json\/wp\/v2\/pages"}],"about":[{"href":"https:\/\/ort.fi\/turku\/wp-json\/wp\/v2\/types\/page"}],"author":[{"embeddable":true,"href":"https:\/\/ort.fi\/turku\/wp-json\/wp\/v2\/users\/5"}],"replies":[{"embeddable":true,"href":"https:\/\/ort.fi\/turku\/wp-json\/wp\/v2\/comments?post=1301"}],"version-history":[{"count":0,"href":"https:\/\/ort.fi\/turku\/wp-json\/wp\/v2\/pages\/1301\/revisions"}],"wp:attachment":[{"href":"https:\/\/ort.fi\/turku\/wp-json\/wp\/v2\/media?parent=1301"}],"curies":[{"name":"wp","href":"https:\/\/api.w.org\/{rel}","templated":true}]}}