{"id":1297,"date":"2024-09-09T18:35:26","date_gmt":"2024-09-09T15:35:26","guid":{"rendered":"https:\/\/ort.fi\/ortturkusrk\/?page_id=1297"},"modified":"2024-11-29T14:15:44","modified_gmt":"2024-11-29T12:15:44","slug":"ehtoollinen","status":"publish","type":"page","link":"https:\/\/ort.fi\/turku\/ehtoollinen\/","title":{"rendered":"Ehtoollinen"},"content":{"rendered":"<div class=\"wp-block-image\">\n<figure class=\"alignleft is-resized\"><img loading=\"lazy\" decoding=\"async\" width=\"1024\" height=\"577\" src=\"https:\/\/ort.fi\/ortturkusrk\/wp-content\/uploads\/2024\/11\/Ehtoollislahjat-1024x577.jpg\" alt=\"\" class=\"wp-image-2913\" style=\"width:427px;height:auto\" srcset=\"https:\/\/ort.fi\/turku\/wp-content\/uploads\/2024\/11\/Ehtoollislahjat-1024x577.jpg 1024w, https:\/\/ort.fi\/turku\/wp-content\/uploads\/2024\/11\/Ehtoollislahjat-300x169.jpg 300w, https:\/\/ort.fi\/turku\/wp-content\/uploads\/2024\/11\/Ehtoollislahjat-768x432.jpg 768w, https:\/\/ort.fi\/turku\/wp-content\/uploads\/2024\/11\/Ehtoollislahjat-1536x865.jpg 1536w, https:\/\/ort.fi\/turku\/wp-content\/uploads\/2024\/11\/Ehtoollislahjat-2048x1153.jpg 2048w\" sizes=\"auto, (max-width: 1024px) 100vw, 1024px\" \/><\/figure>\n<\/div>\n\n\n<p>Kirkon sakramenteista t\u00e4rkein ja keskeisin on pyh\u00e4n ehtoollisen sakramentti. Sakramentti merkitsee yhteytt\u00e4 Kristukseen sek\u00e4 koko h\u00e4nen ruumiiseensa (eli kirkkoon) ja kaikkiin sen j\u00e4seniin (eli seurakuntalaisiin). Ehtoolliseen osallistuminen on siis my\u00f6s osoitus kirkon j\u00e4senyydest\u00e4 ja ykseydest\u00e4. Siksi ortodoksisessa kirkossa ehtoolliseen voivat osallistua vain ortodoksisen kirkon j\u00e4senet, ja siksi ortodoksi ei osallistu ehtoolliseen toisissa kristillisiss\u00e4 yhteis\u00f6iss\u00e4.<\/p>\n\n\n\n<p>Ehtoollinen on osa ehtoollisjumalanpalvelusta eli liturgiaa. Ehtoollisaineina k\u00e4ytet\u00e4\u00e4n leip\u00e4\u00e4 ja viini\u00e4, jotka ortodoksisen kirkon uskon mukaan muuttuvat Kristuksen ruumiiksi ja vereksi. N\u00e4iden lis\u00e4ksi ehtoolliskalkkiin lis\u00e4t\u00e4\u00e4n kuumaa vett\u00e4. Pappi jakaa ehtoollisen yhteisest\u00e4 kalkista yhteisell\u00e4 lusikalla suoraan suuhun. Ehtoolliseen osallistuttuaan kirkkokansa nauttii kirkkosalin puolella palan kirkkoleip\u00e4\u00e4 ja tilkan j\u00e4lkiviini\u00e4.<\/p>\n\n\n\n<p>Ehtoolliseen kuuluvat erottamattomasti my\u00f6s valmistautuminen sek\u00e4 kiitt\u00e4minen. Valmistautumiseen kuuluu t\u00e4yspaasto: v\u00e4hint\u00e4\u00e4n kuusi tuntia ennen ehtoolliseen osallistumista ei tulisi sy\u00f6d\u00e4 eik\u00e4 juoda mit\u00e4\u00e4n. T\u00e4yspaastoa ei kuitenkaan edellytet\u00e4 sairailta, raskaana olevilta tai pienilt\u00e4 lapsilta \u2013 keskustelethan poikkeuksista rippi-is\u00e4si kanssa.&nbsp;<\/p>\n\n\n\n<p>My\u00f6s katumuksen sakramentti on osa ehtoolliseen valmistautumista. Jos osallistut ehtoolliseen s\u00e4\u00e4nn\u00f6llisesti ja olet sopinut asiasta rippi-is\u00e4si kanssa, sinun ei ole tarpeen osallistua katumuksen sakramenttiin joka kerta ehtoolliselle tullessasi. Katumuksen sakramenttiin olisi kuitenkin hyv\u00e4 osallistua ennen ehtoollista, jos sinulla ei ole vakituista rippi-is\u00e4\u00e4 tai ehtoolliseen osallistumisesi ei ole s\u00e4\u00e4nn\u00f6llist\u00e4. Huomaathan, ett\u00e4 liturgian aikana ei toimiteta katumuksen sakramenttia.<\/p>\n\n\n\n<p>Valmistautumiseen ja kiitt\u00e4miseen kuuluvat my\u00f6s rukouskirjasta l\u00f6ytyv\u00e4t rukoukset ehtoollisen edell\u00e4 sek\u00e4 kiitosrukoukset ehtoollisen j\u00e4lkeen.&nbsp;<\/p>\n\n\n\n<p><em>Voit lukea lis\u00e4\u00e4 ehtoollisesta <a href=\"https:\/\/ort.fi\/sakramentit\/ehtoollinen\/\">Suomen ortodoksisen kirkon sivuilta<\/a>.<\/em><\/p>\n","protected":false},"excerpt":{"rendered":"<p>Kirkon sakramenteista t\u00e4rkein ja keskeisin on pyh\u00e4n ehtoollisen sakramentti. Sakramentti merkitsee yhteytt\u00e4 Kristukseen sek\u00e4 koko h\u00e4nen ruumiiseensa (eli kirkkoon) ja kaikkiin sen j\u00e4seniin (eli seurakuntalaisiin). Ehtoolliseen osallistuminen on siis my\u00f6s osoitus kirkon j\u00e4senyydest\u00e4 ja ykseydest\u00e4. Siksi ortodoksisessa kirkossa ehtoolliseen voivat osallistua vain ortodoksisen kirkon j\u00e4senet, ja siksi ortodoksi ei osallistu ehtoolliseen toisissa kristillisiss\u00e4 yhteis\u00f6iss\u00e4. Ehtoollinen&hellip; <a class=\"continue\" href=\"https:\/\/ort.fi\/turku\/ehtoollinen\/\">Continue Reading<span> Ehtoollinen<\/span><\/a><\/p>\n","protected":false},"author":5,"featured_media":0,"parent":0,"menu_order":0,"comment_status":"closed","ping_status":"closed","template":"","meta":{"slim_seo":{"title":"Ehtoollinen - Turun ortodoksinen seurakunta","description":"Kirkon sakramenteista t\u00e4rkein ja keskeisin on pyh\u00e4n ehtoollisen sakramentti. Sakramentti merkitsee yhteytt\u00e4 Kristukseen sek\u00e4 koko h\u00e4nen ruumiiseensa (eli kirkko"},"footnotes":""},"class_list":["post-1297","page","type-page","status-publish"],"_links":{"self":[{"href":"https:\/\/ort.fi\/turku\/wp-json\/wp\/v2\/pages\/1297","targetHints":{"allow":["GET"]}}],"collection":[{"href":"https:\/\/ort.fi\/turku\/wp-json\/wp\/v2\/pages"}],"about":[{"href":"https:\/\/ort.fi\/turku\/wp-json\/wp\/v2\/types\/page"}],"author":[{"embeddable":true,"href":"https:\/\/ort.fi\/turku\/wp-json\/wp\/v2\/users\/5"}],"replies":[{"embeddable":true,"href":"https:\/\/ort.fi\/turku\/wp-json\/wp\/v2\/comments?post=1297"}],"version-history":[{"count":0,"href":"https:\/\/ort.fi\/turku\/wp-json\/wp\/v2\/pages\/1297\/revisions"}],"wp:attachment":[{"href":"https:\/\/ort.fi\/turku\/wp-json\/wp\/v2\/media?parent=1297"}],"curies":[{"name":"wp","href":"https:\/\/api.w.org\/{rel}","templated":true}]}}