{"id":1289,"date":"2024-09-09T18:35:02","date_gmt":"2024-09-09T15:35:02","guid":{"rendered":"https:\/\/ort.fi\/ortturkusrk\/?page_id=1289"},"modified":"2024-11-29T13:28:54","modified_gmt":"2024-11-29T11:28:54","slug":"kaste-ja-mirhavoitelu","status":"publish","type":"page","link":"https:\/\/ort.fi\/turku\/kaste-ja-mirhavoitelu\/","title":{"rendered":"Kaste ja mirhavoitelu"},"content":{"rendered":"\n<p><strong>Kasteen ja mirhavoitelun sakramentit<\/strong><\/p>\n\n\n<div class=\"wp-block-image\">\n<figure class=\"alignright size-large is-resized\"><img loading=\"lazy\" decoding=\"async\" width=\"1024\" height=\"678\" src=\"https:\/\/ort.fi\/ortturkusrk\/wp-content\/uploads\/2024\/11\/IMG_20241107_0008-1024x678.jpg\" alt=\"\" class=\"wp-image-2861\" style=\"width:478px;height:auto\" srcset=\"https:\/\/ort.fi\/turku\/wp-content\/uploads\/2024\/11\/IMG_20241107_0008-1024x678.jpg 1024w, https:\/\/ort.fi\/turku\/wp-content\/uploads\/2024\/11\/IMG_20241107_0008-300x199.jpg 300w, https:\/\/ort.fi\/turku\/wp-content\/uploads\/2024\/11\/IMG_20241107_0008-768x509.jpg 768w, https:\/\/ort.fi\/turku\/wp-content\/uploads\/2024\/11\/IMG_20241107_0008-1536x1018.jpg 1536w, https:\/\/ort.fi\/turku\/wp-content\/uploads\/2024\/11\/IMG_20241107_0008-2048x1357.jpg 2048w\" sizes=\"auto, (max-width: 1024px) 100vw, 1024px\" \/><\/figure>\n<\/div>\n\n\n<p>Kasteen sakramentin perusta l\u00f6ytyy Raamatusta (Matt. 28:19-20; Mark. 16:16) Kristuksen omasta kasteesta Jordanilla. Kaste on kirkon j\u00e4seneksi tulemisen mysteerio. Kaste merkitsee Jumalan yhteyteen tulemista, uudeksi ihmiseksi syntymist\u00e4 ja vanhasta el\u00e4m\u00e4st\u00e4 luopumista.<\/p>\n\n\n\n<p>Kastetoimitus on kaksiosainen. Se sis\u00e4lt\u00e4\u00e4 sek\u00e4 kasteen sakramentin ett\u00e4 mirhavoitelun sakramentin. Ortodoksisen kirkon j\u00e4seneksi voidaan kastaa ortodoksivanhempien lapsi tai lapsi, jonka vanhemmista toinen on ortodoksisen kirkon j\u00e4sen. Kasteeseen tarvitaan molempien vanhempien suostumus.&nbsp;<\/p>\n\n\n\n<p>Jos haluat liitty\u00e4 ortodoksiseen kirkkoon aikuisi\u00e4ll\u00e4 ja sinut on aikaisemmin kastettu kristillisess\u00e4 kirkossa Pyh\u00e4n Kolminaisuuden nimeen, ei kastetta toimiteta uudelleen, vaan liittymisen yhteydess\u00e4 toimitetaan ainoastaan mirhavoitelun sakramentti. Kastamaton kirkon j\u00e4seneksi aikuisi\u00e4ll\u00e4 aikova liitet\u00e4\u00e4n ortodoksiseen kirkkoon toimittamalla sek\u00e4 kasteen ett\u00e4 mirhavoitelun sakramentit.<\/p>\n\n\n\n<p><strong>Kastetoimituksen kulku<\/strong><\/p>\n\n\n\n<p>Kaste toimitetaan yleens\u00e4 lapsen ollessa noin kahden kuukauden ik\u00e4inen, mutta pappiin on hyv\u00e4 ottaa yhteytt\u00e4 mahdollisimman pian lapsen syntym\u00e4n j\u00e4lkeen. Lapsella tulisi olla v\u00e4hint\u00e4\u00e4n yksi kummi, joka on ortodoksisen kirkon j\u00e4sen. Pappi auttaa tarvittaessa kummin etsimisess\u00e4. Mahdolliset muut kummit voivat olla my\u00f6s muista kristillisist\u00e4 kirkoista.&nbsp;<\/p>\n\n\n\n<p>Kaste toimitetaan mieluiten kirkossa, mutta papin kanssa sovittaessa voidaan kaste toimittaa my\u00f6s esimerkiksi kotona. Toimitus alkaa nimenannolla, jos sit\u00e4 ei ole toimitettu ennen kastetta. Lapselle valitaan perinteisesti yksi nimi, joka on lapsen taivaalliseksi esirukoilijaksi valitun pyh\u00e4n nimi. Vaikka lapselle valittaisiin useampia nimi\u00e4, yhden n\u00e4ist\u00e4 tulisi olla pyh\u00e4n nimi, jonka mukaan m\u00e4\u00e4r\u00e4ytyy my\u00f6s lapsen nimip\u00e4iv\u00e4. Toimituksessa kastettava lapsi riisutaan ja kummi tuo lapsen pyyhkeeseen suojattuna kasteen toimittavan papin luokse. Nimenantorukouksen j\u00e4lkeen ortodoksikummi lukee uskontunnustuksen lapsen puolesta uskon vakuudeksi.<\/p>\n\n\n\n<p>Varsinainen kaste alkaa vedenpyhityksell\u00e4. Kastettava upotetaan kolmesti veteen Is\u00e4n ja Pojan ja Pyh\u00e4n Hengen nimeen. Veteen upottaminen kuvaa kastettavan osallistumista Kristuksen kuolemaan ja vedest\u00e4 nouseminen osallistumista H\u00e4nen yl\u00f6snousemiseensa. Kasteen j\u00e4lkeen kastettu puetaan uuden el\u00e4m\u00e4n merkiksi valkoiseen pukuun.&nbsp;<\/p>\n\n\n\n<p><strong>Mirhavoitelu&nbsp;<\/strong><\/p>\n\n\n\n<p>Heti kasteen j\u00e4lkeen (tai aiemmin muuhun kristilliseen kirkkoon kastetun lapsen, nuoren tai aikuisen liittyess\u00e4 Suomen ortodoksiseen kirkkoon) toimitetaan mirhavoitelun sakramentti, jossa pappi voitelee mirhalla ristinmerkin kastetun otsaan, silmiin, sieraimiin, suuhun, molempiin korviin, rintaan, k\u00e4siin ja jalkoihin. Samalla h\u00e4n lausuu jokaista ristinmerkki\u00e4 piirt\u00e4ess\u00e4\u00e4n \u201dPyh\u00e4n Hengen lahjan sinetti\u201d, johon seurakunta vastaa \u201dAamen\u201d.<\/p>\n\n\n\n<p>Mirhavoitelun sakramentti onkin juuri Pyh\u00e4n Hengen vuodattamisen toimitus. Kun kaste n\u00e4hd\u00e4\u00e4n lupaukseksi yhdisty\u00e4 Jumalaan, niin mirhavoitelu on t\u00e4m\u00e4n lupauksen vahvistus eli sinetti. Nykyisin Suomen ortodoksisessa kirkossa k\u00e4ytett\u00e4v\u00e4\u00e4 mirhaa valmistetaan Konstantinopolin patriarkaatin kirkossa p\u00e4\u00e4si\u00e4ist\u00e4 edelt\u00e4v\u00e4ll\u00e4 suurella viikolla aina kymmenen vuoden v\u00e4lein. Sen valmistuksessa ja siunaamisessa k\u00e4ytet\u00e4\u00e4n 700-luvulta per\u00e4isin olevaa kaavaa.<\/p>\n\n\n\n<p><em>Voit lukea lis\u00e4\u00e4 kasteesta ja mirhavoitelusta <\/em><a href=\"https:\/\/ort.fi\/sakramentit\/kaste-ja-mirhavoitelu\/\"><em>Suomen ortodoksisen kirkon sivuilta<\/em><\/a><em>.<\/em><\/p>\n","protected":false},"excerpt":{"rendered":"<p>Kasteen ja mirhavoitelun sakramentit Kasteen sakramentin perusta l\u00f6ytyy Raamatusta (Matt. 28:19-20; Mark. 16:16) Kristuksen omasta kasteesta Jordanilla. Kaste on kirkon j\u00e4seneksi tulemisen mysteerio. Kaste merkitsee Jumalan yhteyteen tulemista, uudeksi ihmiseksi syntymist\u00e4 ja vanhasta el\u00e4m\u00e4st\u00e4 luopumista. Kastetoimitus on kaksiosainen. Se sis\u00e4lt\u00e4\u00e4 sek\u00e4 kasteen sakramentin ett\u00e4 mirhavoitelun sakramentin. Ortodoksisen kirkon j\u00e4seneksi voidaan kastaa ortodoksivanhempien lapsi tai lapsi,&hellip; <a class=\"continue\" href=\"https:\/\/ort.fi\/turku\/kaste-ja-mirhavoitelu\/\">Continue Reading<span> Kaste ja mirhavoitelu<\/span><\/a><\/p>\n","protected":false},"author":5,"featured_media":0,"parent":0,"menu_order":0,"comment_status":"closed","ping_status":"closed","template":"","meta":{"slim_seo":{"title":"Kaste ja mirhavoitelu - Turun ortodoksinen seurakunta","description":"Kasteen ja mirhavoitelun sakramentit Kasteen sakramentin perusta l\u00f6ytyy Raamatusta (Matt. 28:19-20; Mark. 16:16) Kristuksen omasta kasteesta Jordanilla. Kaste o"},"footnotes":""},"class_list":["post-1289","page","type-page","status-publish"],"_links":{"self":[{"href":"https:\/\/ort.fi\/turku\/wp-json\/wp\/v2\/pages\/1289","targetHints":{"allow":["GET"]}}],"collection":[{"href":"https:\/\/ort.fi\/turku\/wp-json\/wp\/v2\/pages"}],"about":[{"href":"https:\/\/ort.fi\/turku\/wp-json\/wp\/v2\/types\/page"}],"author":[{"embeddable":true,"href":"https:\/\/ort.fi\/turku\/wp-json\/wp\/v2\/users\/5"}],"replies":[{"embeddable":true,"href":"https:\/\/ort.fi\/turku\/wp-json\/wp\/v2\/comments?post=1289"}],"version-history":[{"count":0,"href":"https:\/\/ort.fi\/turku\/wp-json\/wp\/v2\/pages\/1289\/revisions"}],"wp:attachment":[{"href":"https:\/\/ort.fi\/turku\/wp-json\/wp\/v2\/media?parent=1289"}],"curies":[{"name":"wp","href":"https:\/\/api.w.org\/{rel}","templated":true}]}}