{"id":1283,"date":"2024-09-09T18:34:27","date_gmt":"2024-09-09T15:34:27","guid":{"rendered":"https:\/\/ort.fi\/ortturkusrk\/?page_id=1283"},"modified":"2025-02-02T14:51:49","modified_gmt":"2025-02-02T12:51:49","slug":"kun-haluat-keskustella","status":"publish","type":"page","link":"https:\/\/ort.fi\/turku\/kun-haluat-keskustella\/","title":{"rendered":"Kun haluat keskustella"},"content":{"rendered":"\n<p>Kirkko on l\u00e4sn\u00e4 arjessa ja juhlassa, ilossa ja surussa. Kun eteesi tulee tilanne, jossa omat voimat eiv\u00e4t tahdo riitt\u00e4\u00e4, voit aina k\u00e4\u00e4nty\u00e4 seurakunnan puoleen. Jumalanpalveluksiin osallistuminen usein helpottaa mielt\u00e4, mutta toisinaan tarvitaan luottamuksellista kuuntelijaa ja keskustelijaa. T\u00e4lt\u00e4 sivulta l\u00f6yd\u00e4t esimerkkej\u00e4 tavoista, joilla seurakunta voi tukea sinua ja perhett\u00e4si el\u00e4m\u00e4n vaikeina hetkin\u00e4.<\/p>\n\n\n\n<p><a href=\"https:\/\/ort.fi\/turku\/seurakunnan-henkilosto\/\">Ota yhteytt\u00e4 <\/a><\/p>\n\n\n\n<p><strong>Esirukouspyynt\u00f6<\/strong><\/p>\n\n\n\n<p>Joskus voi tuntua silt\u00e4, ett\u00e4 oma rukous ei kanna tai sopivia sanoja ei l\u00f6ydy. T\u00e4ll\u00f6in voit aina pyyt\u00e4\u00e4 \u201drukoilisitko minun puolestani\u201d tai \u201dsytytt\u00e4isitk\u00f6 tuohuksen minun puolestani\u201d. Nykyisin ihmiset saattavat pyyt\u00e4\u00e4 l\u00e4hipiirilt\u00e4\u00e4n esirukouksia my\u00f6s sosiaalisessa mediassa, varsinkin yll\u00e4tt\u00e4viss\u00e4 kriisitilanteissa. T\u00e4m\u00e4kin on yksi yhteis\u00f6llisen rukouksen muoto, eik\u00e4 sit\u00e4 sovi v\u00e4h\u00e4tell\u00e4. Yleisin tapa esitt\u00e4\u00e4 esirukouspyynt\u00f6 oman seurakunnan papistolle on k\u00e4yd\u00e4 l\u00e4himm\u00e4ss\u00e4 kirkossa t\u00e4ytt\u00e4m\u00e4ss\u00e4 esirukouslappu, jonka saa tuohuksenmyyj\u00e4lt\u00e4. Esirukouspyynn\u00f6n voi esitt\u00e4\u00e4 my\u00f6s papin kanssa keskustellessa tai vaikka tekstiviestill\u00e4 tai s\u00e4hk\u00f6postilla. My\u00f6s luostareissa otetaan vastaan esirukouspyynt\u00f6j\u00e4. Esimerkiksi <a href=\"https:\/\/www.lintulanluostari.fi\/tuote\/keltainen-tuohus-3kpl\/\">Lintulan luostarin verkkokaupasta<\/a> voi ostaa kolme tuohusta luostarissa sytytett\u00e4viksi ja j\u00e4tt\u00e4\u00e4 tuohusten yhteyteen esirukouspyynn\u00f6n.<\/p>\n\n\n\n<p><strong>Keskustelun tarpeessa<\/strong><\/p>\n\n\n\n<p>Papin kanssa voit aina keskustella luottamuksellisesti sek\u00e4 hengellisen ett\u00e4 maallisen el\u00e4m\u00e4n haasteista esimerkiksi jaksamiseen, hyvinvointiin, ty\u00f6tt\u00f6myyteen, p\u00e4ihteisiin, perhe-el\u00e4m\u00e4\u00e4n tai yksin\u00e4isyyteen liittyen. Keskustelutuki on maksutonta ja ohjaa sinut tarvittaessa muunlaisen ammattiavun piiriin.<\/p>\n\n\n\n<p><strong>Sairauden kohdatessa<\/strong><\/p>\n\n\n\n<p>Mik\u00e4li sairaus est\u00e4\u00e4 sinulta p\u00e4\u00e4syn ehtoolliselle, voit tiedustella seurakunnalta mahdollisuutta osallistua katumuksen sakramenttiin ja eukaristiaan kotona. Vakavasti sairastunut voi pyyt\u00e4\u00e4 pappia toimittamaan my\u00f6s sairaanvoitelun sakramentin joko kirkossa, kotona, sairaalassa tai hoitolaitoksessa. My\u00f6s l\u00e4heiset voivat olla yhteydess\u00e4 seurakuntaan sairastavan puolesta.<\/p>\n\n\n\n<p><strong>L\u00e4heisen kuollessa<\/strong><\/p>\n\n\n\n<p>L\u00e4heisen kuolonuneen nukkuminen koskettaa syv\u00e4sti. Jokainen kohtaa ja k\u00e4sittelee surun omalla tavallaan ja omassa tahdissaan, mutta matkaa ei tarvitse tehd\u00e4 yksin. Surun jakaminen toisen ihmisen kanssa voi auttaa eteenp\u00e4in.<\/p>\n\n\n\n<p><strong>Taloudellisissa vaikeuksissa<\/strong><\/p>\n\n\n\n<p>Seurakunta jakaa taloudellisen tilanteensa puitteissa esimerkiksi jouluruokakoreja alueen v\u00e4h\u00e4varaisille seurakuntalaisille. Lis\u00e4ksi aika-ajoin j\u00e4rjestet\u00e4\u00e4n aamiais- ja ruokailutilaisuuksia seurakuntatalolla. Olet my\u00f6s aina tervetullut kirkkokahville. Mik\u00e4li olet avun tarpeessa, kerrothan tilanteestasi seurakunnalle. Mik\u00e4li avun tarpeesi on toistuvaa, seurakunta voi tukea sinua kokonaistilanteen selvitt\u00e4misess\u00e4 ja pidempiaikaisten ratkaisujen l\u00f6yt\u00e4misess\u00e4 taloudellisen tilanteesi parantamiseksi.<\/p>\n\n\n\n<p><em>T\u00e4ll\u00e4 sivulla on k\u00e4ytetty l\u00e4hteen\u00e4 <\/em><a href=\"https:\/\/ort.fi\/avun-tarpeessa\/\"><em>Suomen ortodoksisen kirkon Avun tarpeessa -sivustoa<\/em><\/a><em> sek\u00e4 <\/em><a href=\"https:\/\/www.turunseurakunnat.fi\/apua-ja-tukea\"><em>Turun ja Kaarinan seurakuntayhtym\u00e4n Apua ja tukea -sivustoa<\/em><\/a><em>.&nbsp;<\/em><\/p>\n","protected":false},"excerpt":{"rendered":"<p>Kirkko on l\u00e4sn\u00e4 arjessa ja juhlassa, ilossa ja surussa. Kun eteesi tulee tilanne, jossa omat voimat eiv\u00e4t tahdo riitt\u00e4\u00e4, voit aina k\u00e4\u00e4nty\u00e4 seurakunnan puoleen. Jumalanpalveluksiin osallistuminen usein helpottaa mielt\u00e4, mutta toisinaan tarvitaan luottamuksellista kuuntelijaa ja keskustelijaa. T\u00e4lt\u00e4 sivulta l\u00f6yd\u00e4t esimerkkej\u00e4 tavoista, joilla seurakunta voi tukea sinua ja perhett\u00e4si el\u00e4m\u00e4n vaikeina hetkin\u00e4. Ota yhteytt\u00e4 Esirukouspyynt\u00f6 Joskus&hellip; <a class=\"continue\" href=\"https:\/\/ort.fi\/turku\/kun-haluat-keskustella\/\">Continue Reading<span> Kun haluat keskustella<\/span><\/a><\/p>\n","protected":false},"author":5,"featured_media":0,"parent":0,"menu_order":0,"comment_status":"closed","ping_status":"closed","template":"","meta":{"slim_seo":{"title":"Kun haluat keskustella - Turun ortodoksinen seurakunta","description":"Kirkko on l\u00e4sn\u00e4 arjessa ja juhlassa, ilossa ja surussa. Kun eteesi tulee tilanne, jossa omat voimat eiv\u00e4t tahdo riitt\u00e4\u00e4, voit aina k\u00e4\u00e4nty\u00e4 seurakunnan puoleen."},"footnotes":""},"class_list":["post-1283","page","type-page","status-publish"],"_links":{"self":[{"href":"https:\/\/ort.fi\/turku\/wp-json\/wp\/v2\/pages\/1283","targetHints":{"allow":["GET"]}}],"collection":[{"href":"https:\/\/ort.fi\/turku\/wp-json\/wp\/v2\/pages"}],"about":[{"href":"https:\/\/ort.fi\/turku\/wp-json\/wp\/v2\/types\/page"}],"author":[{"embeddable":true,"href":"https:\/\/ort.fi\/turku\/wp-json\/wp\/v2\/users\/5"}],"replies":[{"embeddable":true,"href":"https:\/\/ort.fi\/turku\/wp-json\/wp\/v2\/comments?post=1283"}],"version-history":[{"count":0,"href":"https:\/\/ort.fi\/turku\/wp-json\/wp\/v2\/pages\/1283\/revisions"}],"wp:attachment":[{"href":"https:\/\/ort.fi\/turku\/wp-json\/wp\/v2\/media?parent=1283"}],"curies":[{"name":"wp","href":"https:\/\/api.w.org\/{rel}","templated":true}]}}