{"id":1271,"date":"2024-09-09T18:33:21","date_gmt":"2024-09-09T15:33:21","guid":{"rendered":"https:\/\/ort.fi\/ortturkusrk\/?page_id=1271"},"modified":"2025-12-21T15:56:59","modified_gmt":"2025-12-21T13:56:59","slug":"diakoniatyo","status":"publish","type":"page","link":"https:\/\/ort.fi\/turku\/diakoniatyo\/","title":{"rendered":"Diakoniaty\u00f6"},"content":{"rendered":"\n<p>Diakonia on yksi kirkon ty\u00f6n kulmakivist\u00e4. Se on rakkauden kaksoisk\u00e4skyn pohjalta jokaista kirkon j\u00e4sent\u00e4 koskettava l\u00e4himm\u00e4isen huomioimisen muoto, joka voi toteutua monin eri tavoin. Turun ortodoksisessa seurakunnassa diakoniaty\u00f6n organisoinnista vastaavat hengellisen ty\u00f6n tekij\u00e4t eli papit ja kanttorit. K\u00e4yt\u00e4nn\u00f6n ty\u00f6 tehd\u00e4\u00e4n kuitenkin valtaosin vapaaehtoisvoimin.<\/p>\n\n\n\n<p>Diakoniaty\u00f6n kentt\u00e4 on hyvin laaja: se ulottuu arkisesta ja jopa kertaluontoisesta l\u00e4himm\u00e4isen auttamisesta pitk\u00e4j\u00e4nteiseen rinnalla kulkemiseen. Sill\u00e4 on selke\u00e4sti yhteiskunnan muita auttamisj\u00e4rjestelmi\u00e4 t\u00e4ydent\u00e4v\u00e4 rooli: se kurottaa usein sinne, mihin muu apu ei syyst\u00e4 tai toisesta ulotu.<\/p>\n\n\n\n<p>My\u00f6s arkiset kohtaamiset seurakunnan toiminnassa voivat sis\u00e4lt\u00e4\u00e4 diakonisen ulottuvuuden. Jo yst\u00e4v\u00e4llinen tervehdys tai hymy voi merkit\u00e4 toiselle paljon, uusi keskustelukumppani kirkkokahveilla viel\u00e4 enemm\u00e4n. Turun ortodoksisessa seurakunnassa j\u00e4rjestet\u00e4\u00e4n lis\u00e4ksi noin kerran kuussa Aleksandran aamiainen, maksuton diakonia-aamiainen.\u00a0<\/p>\n\n\n\n<p><strong>Taloudellisissa vaikeuksissa<\/strong><\/p>\n\n\n\n<p>Seurakunta jakaa taloudellisen tilanteensa puitteissa esimerkiksi jouluavustuksia alueen v\u00e4h\u00e4varaisille seurakuntalaisille. Lis\u00e4ksi aika-ajoin j\u00e4rjestet\u00e4\u00e4n aamiais- ja ruokailutilaisuuksia seurakuntatalolla. Olet my\u00f6s aina tervetullut kirkkokahville. Mik\u00e4li olet avun tarpeessa, kerrothan tilanteestasi seurakunnalle. Mik\u00e4li avun tarpeesi on toistuvaa, seurakunta voi tukea sinua kokonaistilanteen selvitt\u00e4misess\u00e4 ja pidempiaikaisten ratkaisujen l\u00f6yt\u00e4misess\u00e4 taloudellisen tilanteesi parantamiseksi.<\/p>\n\n\n\n<p><em>T\u00e4ll\u00e4 sivulla on k\u00e4ytetty l\u00e4hteen\u00e4 <\/em><a href=\"https:\/\/ort.fi\/seurakuntaelama\/diakonia\/\"><em>Suomen ortodoksisen kirkon diakonia-sivua<\/em><\/a><em>.<\/em><\/p>\n","protected":false},"excerpt":{"rendered":"<p>Diakonia on yksi kirkon ty\u00f6n kulmakivist\u00e4. Se on rakkauden kaksoisk\u00e4skyn pohjalta jokaista kirkon j\u00e4sent\u00e4 koskettava l\u00e4himm\u00e4isen huomioimisen muoto, joka voi toteutua monin eri tavoin. Turun ortodoksisessa seurakunnassa diakoniaty\u00f6n organisoinnista vastaavat hengellisen ty\u00f6n tekij\u00e4t eli papit ja kanttorit. K\u00e4yt\u00e4nn\u00f6n ty\u00f6 tehd\u00e4\u00e4n kuitenkin valtaosin vapaaehtoisvoimin. Diakoniaty\u00f6n kentt\u00e4 on hyvin laaja: se ulottuu arkisesta ja jopa kertaluontoisesta l\u00e4himm\u00e4isen&hellip; <a class=\"continue\" href=\"https:\/\/ort.fi\/turku\/diakoniatyo\/\">Continue Reading<span> Diakoniaty\u00f6<\/span><\/a><\/p>\n","protected":false},"author":5,"featured_media":0,"parent":0,"menu_order":0,"comment_status":"closed","ping_status":"closed","template":"","meta":{"slim_seo":{"title":"Diakoniaty\u00f6 - Turun ortodoksinen seurakunta","description":"Diakonia on yksi kirkon ty\u00f6n kulmakivist\u00e4. Se on rakkauden kaksoisk\u00e4skyn pohjalta jokaista kirkon j\u00e4sent\u00e4 koskettava l\u00e4himm\u00e4isen huomioimisen muoto, joka voi to"},"footnotes":""},"class_list":["post-1271","page","type-page","status-publish"],"_links":{"self":[{"href":"https:\/\/ort.fi\/turku\/wp-json\/wp\/v2\/pages\/1271","targetHints":{"allow":["GET"]}}],"collection":[{"href":"https:\/\/ort.fi\/turku\/wp-json\/wp\/v2\/pages"}],"about":[{"href":"https:\/\/ort.fi\/turku\/wp-json\/wp\/v2\/types\/page"}],"author":[{"embeddable":true,"href":"https:\/\/ort.fi\/turku\/wp-json\/wp\/v2\/users\/5"}],"replies":[{"embeddable":true,"href":"https:\/\/ort.fi\/turku\/wp-json\/wp\/v2\/comments?post=1271"}],"version-history":[{"count":1,"href":"https:\/\/ort.fi\/turku\/wp-json\/wp\/v2\/pages\/1271\/revisions"}],"predecessor-version":[{"id":9371,"href":"https:\/\/ort.fi\/turku\/wp-json\/wp\/v2\/pages\/1271\/revisions\/9371"}],"wp:attachment":[{"href":"https:\/\/ort.fi\/turku\/wp-json\/wp\/v2\/media?parent=1271"}],"curies":[{"name":"wp","href":"https:\/\/api.w.org\/{rel}","templated":true}]}}