{"id":1267,"date":"2024-09-09T18:30:55","date_gmt":"2024-09-09T15:30:55","guid":{"rendered":"https:\/\/ort.fi\/ortturkusrk\/?page_id=1267"},"modified":"2024-10-17T19:12:54","modified_gmt":"2024-10-17T16:12:54","slug":"muu-kirkkomusiikkitoiminta","status":"publish","type":"page","link":"https:\/\/ort.fi\/turku\/muu-kirkkomusiikkitoiminta\/","title":{"rendered":"Muu kirkkomusiikkitoiminta"},"content":{"rendered":"\n<h3 class=\"wp-block-heading\"><strong>Kirkkolaulupiiri<\/strong><\/h3>\n\n\n\n<p>Piirin ty\u00f6skentelyn tavoitteena on oppia laulamaan yksi\u00e4\u00e4nisesti jumalanpalveluksien yhteislauluosuuksia, opetella lukemaan laulavaa lukutapaa noudattaen (resitatiivinen lukeminen) sek\u00e4 tutustua ortodoksisen kirkon kahdeksans\u00e4velmist\u00f6\u00f6n teoriassa ja k\u00e4yt\u00e4nn\u00f6ss\u00e4. Piirin toiminta on suunnattu kaikille aiheesta kiinnostuneille, aiempaa kokemusta laulamisesta ei tarvita.<\/p>\n\n\n\n<p>Kirkkolaulupiiri kokoontuu noin kerran kuukaudessa maanantaisin. Tarkempi aikataulu seurakunnan kalenterissa.<\/p>\n\n\n\n<p>Yhteystiedot: Riikka Patrikainen (044 9012344)<\/p>\n","protected":false},"excerpt":{"rendered":"<p>Kirkkolaulupiiri Piirin ty\u00f6skentelyn tavoitteena on oppia laulamaan yksi\u00e4\u00e4nisesti jumalanpalveluksien yhteislauluosuuksia, opetella lukemaan laulavaa lukutapaa noudattaen (resitatiivinen lukeminen) sek\u00e4 tutustua ortodoksisen kirkon kahdeksans\u00e4velmist\u00f6\u00f6n teoriassa ja k\u00e4yt\u00e4nn\u00f6ss\u00e4. Piirin toiminta on suunnattu kaikille aiheesta kiinnostuneille, aiempaa kokemusta laulamisesta ei tarvita. Kirkkolaulupiiri kokoontuu noin kerran kuukaudessa maanantaisin. Tarkempi aikataulu seurakunnan kalenterissa. Yhteystiedot: Riikka Patrikainen (044 9012344)<\/p>\n","protected":false},"author":5,"featured_media":0,"parent":0,"menu_order":0,"comment_status":"closed","ping_status":"closed","template":"","meta":{"slim_seo":{"title":"Muu kirkkomusiikkitoiminta - Turun ortodoksinen seurakunta","description":"Kirkkolaulupiiri Piirin ty\u00f6skentelyn tavoitteena on oppia laulamaan yksi\u00e4\u00e4nisesti jumalanpalveluksien yhteislauluosuuksia, opetella lukemaan laulavaa lukutapaa"},"footnotes":""},"class_list":["post-1267","page","type-page","status-publish"],"_links":{"self":[{"href":"https:\/\/ort.fi\/turku\/wp-json\/wp\/v2\/pages\/1267","targetHints":{"allow":["GET"]}}],"collection":[{"href":"https:\/\/ort.fi\/turku\/wp-json\/wp\/v2\/pages"}],"about":[{"href":"https:\/\/ort.fi\/turku\/wp-json\/wp\/v2\/types\/page"}],"author":[{"embeddable":true,"href":"https:\/\/ort.fi\/turku\/wp-json\/wp\/v2\/users\/5"}],"replies":[{"embeddable":true,"href":"https:\/\/ort.fi\/turku\/wp-json\/wp\/v2\/comments?post=1267"}],"version-history":[{"count":0,"href":"https:\/\/ort.fi\/turku\/wp-json\/wp\/v2\/pages\/1267\/revisions"}],"wp:attachment":[{"href":"https:\/\/ort.fi\/turku\/wp-json\/wp\/v2\/media?parent=1267"}],"curies":[{"name":"wp","href":"https:\/\/api.w.org\/{rel}","templated":true}]}}