{"id":1263,"date":"2024-09-09T18:30:15","date_gmt":"2024-09-09T15:30:15","guid":{"rendered":"https:\/\/ort.fi\/ortturkusrk\/?page_id=1263"},"modified":"2025-08-12T09:41:02","modified_gmt":"2025-08-12T06:41:02","slug":"ikonimaalaus","status":"publish","type":"page","link":"https:\/\/ort.fi\/turku\/ikonimaalaus\/","title":{"rendered":"Ikonimaalaus"},"content":{"rendered":"\n<p>Ortodoksille ikoni ei ole niink\u00e4\u00e4n taideteos, vaan uskonnon harjoittamiseen k\u00e4ytett\u00e4v\u00e4 esine. Ikonit v\u00e4litt\u00e4v\u00e4t ortodoksista uskon oppia ja sanomaa siin\u00e4 miss\u00e4 kirjoitettu sanakin. Ne ovat maalattua teologiaa ja dogmatiikkaa \u2013 kuvia, jotka kertovat kirkon uskosta.<\/p>\n\n\n\n<p>Ikonimaalaus on monille kirkon j\u00e4senille rakas ja rukousel\u00e4m\u00e4\u00e4 ravitseva harrastus. Monille se on ollut my\u00f6s t\u00e4rke\u00e4 elementti matkalla kirkon j\u00e4senyyteen.<\/p>\n\n\n\n<p>Ryhm\u00e4t kokoontuvat seurakuntasalissa (Yliopistonkatu 19 B 3) seuraavasti:<\/p>\n\n\n\n<p>maanantaisin klo 13\u201316 v\u00e4hint\u00e4\u00e4n alkeiskurssin k\u00e4yneille <br>tiistaisin klo 13\u201316 v\u00e4hint\u00e4\u00e4n alkeiskurssin k\u00e4yneille<br>keskiviikkoisin klo 17-20 alkeiden jatko<\/p>\n\n\n\n<p>Syksyn ensimm\u00e4iset kokoontumiskerrat ovat maanantaina 15.9. tiistaina 16.9. ja keskiviikkona 17.9. Voit tiedustella vapaita paikkoja: turku@ort.fi tai p. 0447514423. Ryhm\u00e4t kokoontuvat maanantaisin ja tiistaisin klo 13\u201316. Keskiviikon iltaryhm\u00e4n kokoontumisaika on klo 17-20.&nbsp;<\/p>\n\n\n\n<p>Kurssit j\u00e4rjestet\u00e4\u00e4n yhteisty\u00f6ss\u00e4 Step-opintokeskuksen kanssa ja kuuluu PSHV:n alaosastoon. PSHV:lle oppilaat maksavat 10,00 euron j\u00e4senmaksun\/pv. <\/p>\n\n\n\n<p><strong>Ilmoittaudu mukaan t\u00e4ytt\u00e4m\u00e4ll\u00e4 lomake <\/strong>ja palauttamalla se fyysisen\u00e4 kansliaan tai l\u00e4hett\u00e4m\u00e4ll\u00e4 osoitteeseen <strong>turku@ort.fi<\/strong>:<\/p>\n\n\n\n<div class=\"wp-block-file\"><a id=\"wp-block-file--media-32e38787-f96a-430b-b499-7d3066d527ca\" href=\"https:\/\/ort.fi\/turku\/wp-content\/uploads\/2025\/08\/ILMOITTAUTUMISLOMAKE-Ikonimaalaus-syksy-2025.docx\">ILMOITTAUTUMISLOMAKE Ikonimaalaus syksy 2025 Docx<\/a><a href=\"https:\/\/ort.fi\/turku\/wp-content\/uploads\/2025\/08\/ILMOITTAUTUMISLOMAKE-Ikonimaalaus-syksy-2025.docx\" class=\"wp-block-file__button wp-element-button\" download aria-describedby=\"wp-block-file--media-32e38787-f96a-430b-b499-7d3066d527ca\">Lataa<\/a><\/div>\n\n\n\n<div data-wp-interactive=\"core\/file\" class=\"wp-block-file\"><object data-wp-bind--hidden=\"!state.hasPdfPreview\" hidden class=\"wp-block-file__embed\" data=\"https:\/\/ort.fi\/turku\/wp-content\/uploads\/2025\/08\/ILMOITTAUTUMISLOMAKE-Ikonimaalaus-syksy-2025_-PDF.pdf\" type=\"application\/pdf\" style=\"width:100%;height:600px\" aria-label=\"Tiedoston ILMOITTAUTUMISLOMAKE Ikonimaalaus syksy 2025_ PDF upotus.\"><\/object><a id=\"wp-block-file--media-2d1e4f49-0bb2-4824-be1c-1b6c2fa6a8fb\" href=\"https:\/\/ort.fi\/turku\/wp-content\/uploads\/2025\/08\/ILMOITTAUTUMISLOMAKE-Ikonimaalaus-syksy-2025_-PDF.pdf\">ILMOITTAUTUMISLOMAKE Ikonimaalaus syksy 2025_ PDF<\/a><a href=\"https:\/\/ort.fi\/turku\/wp-content\/uploads\/2025\/08\/ILMOITTAUTUMISLOMAKE-Ikonimaalaus-syksy-2025_-PDF.pdf\" class=\"wp-block-file__button wp-element-button\" download aria-describedby=\"wp-block-file--media-2d1e4f49-0bb2-4824-be1c-1b6c2fa6a8fb\">Lataa<\/a><\/div>\n\n\n\n<h2 class=\"wp-block-heading\">Yhteystiedot:<\/h2>\n\n\n\n<p>Ulla Tschurbanoff (+358 40 705 0307)<\/p>\n\n\n\n<p><\/p>\n","protected":false},"excerpt":{"rendered":"<p>Ortodoksille ikoni ei ole niink\u00e4\u00e4n taideteos, vaan uskonnon harjoittamiseen k\u00e4ytett\u00e4v\u00e4 esine. Ikonit v\u00e4litt\u00e4v\u00e4t ortodoksista uskon oppia ja sanomaa siin\u00e4 miss\u00e4 kirjoitettu sanakin. Ne ovat maalattua teologiaa ja dogmatiikkaa \u2013 kuvia, jotka kertovat kirkon uskosta. Ikonimaalaus on monille kirkon j\u00e4senille rakas ja rukousel\u00e4m\u00e4\u00e4 ravitseva harrastus. Monille se on ollut my\u00f6s t\u00e4rke\u00e4 elementti matkalla kirkon j\u00e4senyyteen. Ryhm\u00e4t&hellip; <a class=\"continue\" href=\"https:\/\/ort.fi\/turku\/ikonimaalaus\/\">Continue Reading<span> Ikonimaalaus<\/span><\/a><\/p>\n","protected":false},"author":5,"featured_media":7511,"parent":0,"menu_order":0,"comment_status":"closed","ping_status":"closed","template":"","meta":{"slim_seo":{"title":"Ikonimaalaus - Turun ortodoksinen seurakunta","description":"Ortodoksille ikoni ei ole niink\u00e4\u00e4n taideteos, vaan uskonnon harjoittamiseen k\u00e4ytett\u00e4v\u00e4 esine. Ikonit v\u00e4litt\u00e4v\u00e4t ortodoksista uskon oppia ja sanomaa siin\u00e4 miss\u00e4"},"footnotes":""},"class_list":["post-1263","page","type-page","status-publish","has-post-thumbnail"],"_links":{"self":[{"href":"https:\/\/ort.fi\/turku\/wp-json\/wp\/v2\/pages\/1263","targetHints":{"allow":["GET"]}}],"collection":[{"href":"https:\/\/ort.fi\/turku\/wp-json\/wp\/v2\/pages"}],"about":[{"href":"https:\/\/ort.fi\/turku\/wp-json\/wp\/v2\/types\/page"}],"author":[{"embeddable":true,"href":"https:\/\/ort.fi\/turku\/wp-json\/wp\/v2\/users\/5"}],"replies":[{"embeddable":true,"href":"https:\/\/ort.fi\/turku\/wp-json\/wp\/v2\/comments?post=1263"}],"version-history":[{"count":6,"href":"https:\/\/ort.fi\/turku\/wp-json\/wp\/v2\/pages\/1263\/revisions"}],"predecessor-version":[{"id":7533,"href":"https:\/\/ort.fi\/turku\/wp-json\/wp\/v2\/pages\/1263\/revisions\/7533"}],"wp:featuredmedia":[{"embeddable":true,"href":"https:\/\/ort.fi\/turku\/wp-json\/wp\/v2\/media\/7511"}],"wp:attachment":[{"href":"https:\/\/ort.fi\/turku\/wp-json\/wp\/v2\/media?parent=1263"}],"curies":[{"name":"wp","href":"https:\/\/api.w.org\/{rel}","templated":true}]}}