{"id":1243,"date":"2024-09-09T18:21:27","date_gmt":"2024-09-09T15:21:27","guid":{"rendered":"https:\/\/ort.fi\/ortturkusrk\/?page_id=1243"},"modified":"2024-12-16T18:49:32","modified_gmt":"2024-12-16T16:49:32","slug":"iltarukous","status":"publish","type":"page","link":"https:\/\/ort.fi\/turku\/iltarukous\/","title":{"rendered":"Iltarukous"},"content":{"rendered":"\n<div class=\"wp-block-columns is-layout-flex wp-container-core-columns-is-layout-9d6595d7 wp-block-columns-is-layout-flex\">\n<div class=\"wp-block-column is-layout-flow wp-block-column-is-layout-flow\">\n<p>Turun ortodoksisessa kirkossa toimitetaan iltarukous noin kerran kuukaudessa keskiviikkoisin klo 17. Pravilo eli rukouss\u00e4\u00e4nt\u00f6 on rukousten kooste, johon sis\u00e4ltyy alkurukoukset, iltarukoukset sek\u00e4 muita rukouksia.<\/p>\n<\/div>\n\n\n\n<div class=\"wp-block-column is-layout-flow wp-block-column-is-layout-flow\">\n<figure class=\"wp-block-image size-large\"><img loading=\"lazy\" decoding=\"async\" width=\"1024\" height=\"678\" src=\"https:\/\/ort.fi\/ortturkusrk\/wp-content\/uploads\/2024\/12\/DSC_4482-1024x678.jpg\" alt=\"\" class=\"wp-image-3677\" srcset=\"https:\/\/ort.fi\/turku\/wp-content\/uploads\/2024\/12\/DSC_4482-1024x678.jpg 1024w, https:\/\/ort.fi\/turku\/wp-content\/uploads\/2024\/12\/DSC_4482-300x199.jpg 300w, https:\/\/ort.fi\/turku\/wp-content\/uploads\/2024\/12\/DSC_4482-768x509.jpg 768w, https:\/\/ort.fi\/turku\/wp-content\/uploads\/2024\/12\/DSC_4482-1536x1017.jpg 1536w, https:\/\/ort.fi\/turku\/wp-content\/uploads\/2024\/12\/DSC_4482-2048x1356.jpg 2048w\" sizes=\"auto, (max-width: 1024px) 100vw, 1024px\" \/><figcaption class=\"wp-element-caption\"><em>Lampukoita, kuva: Jonathan Guillaume<\/em><\/figcaption><\/figure>\n<\/div>\n<\/div>\n\n\n\n<div class=\"wp-block-columns is-layout-flex wp-container-core-columns-is-layout-9d6595d7 wp-block-columns-is-layout-flex\">\n<div class=\"wp-block-column is-layout-flow wp-block-column-is-layout-flow\"><\/div>\n\n\n\n<div class=\"wp-block-column is-layout-flow wp-block-column-is-layout-flow\"><\/div>\n<\/div>\n","protected":false},"excerpt":{"rendered":"<p>Turun ortodoksisessa kirkossa toimitetaan iltarukous noin kerran kuukaudessa keskiviikkoisin klo 17. Pravilo eli rukouss\u00e4\u00e4nt\u00f6 on rukousten kooste, johon sis\u00e4ltyy alkurukoukset, iltarukoukset sek\u00e4 muita rukouksia.<\/p>\n","protected":false},"author":5,"featured_media":0,"parent":0,"menu_order":0,"comment_status":"closed","ping_status":"closed","template":"","meta":{"slim_seo":{"title":"Iltarukous - Turun ortodoksinen seurakunta","description":"Turun ortodoksisessa kirkossa toimitetaan iltarukous noin kerran kuukaudessa keskiviikkoisin klo 17. Pravilo eli rukouss\u00e4\u00e4nt\u00f6 on rukousten kooste, johon sis\u00e4lty"},"footnotes":""},"class_list":["post-1243","page","type-page","status-publish"],"_links":{"self":[{"href":"https:\/\/ort.fi\/turku\/wp-json\/wp\/v2\/pages\/1243","targetHints":{"allow":["GET"]}}],"collection":[{"href":"https:\/\/ort.fi\/turku\/wp-json\/wp\/v2\/pages"}],"about":[{"href":"https:\/\/ort.fi\/turku\/wp-json\/wp\/v2\/types\/page"}],"author":[{"embeddable":true,"href":"https:\/\/ort.fi\/turku\/wp-json\/wp\/v2\/users\/5"}],"replies":[{"embeddable":true,"href":"https:\/\/ort.fi\/turku\/wp-json\/wp\/v2\/comments?post=1243"}],"version-history":[{"count":0,"href":"https:\/\/ort.fi\/turku\/wp-json\/wp\/v2\/pages\/1243\/revisions"}],"wp:attachment":[{"href":"https:\/\/ort.fi\/turku\/wp-json\/wp\/v2\/media?parent=1243"}],"curies":[{"name":"wp","href":"https:\/\/api.w.org\/{rel}","templated":true}]}}